{"id":453,"date":"2023-10-12T19:36:03","date_gmt":"2023-10-12T19:36:03","guid":{"rendered":"https:\/\/staging.conciergemedicine.czhomepage\/?page_id=453"},"modified":"2026-04-18T20:11:01","modified_gmt":"2026-04-18T18:11:01","slug":"cardiology","status":"publish","type":"page","link":"https:\/\/conciergemedicine.cz\/en\/cardiology\/","title":{"rendered":"Cardiology"},"content":{"rendered":"\t\t<div data-elementor-type=\"wp-page\" data-elementor-id=\"453\" class=\"elementor elementor-453\" data-elementor-post-type=\"page\">\n\t\t\t\t<div class=\"elementor-element elementor-element-7b7c93a e-flex e-con-boxed e-con e-parent\" data-id=\"7b7c93a\" data-element_type=\"container\" data-e-type=\"container\" data-settings=\"{&quot;background_background&quot;:&quot;classic&quot;}\">\n\t\t\t\t\t<div class=\"e-con-inner\">\n\t\t\t\t<div class=\"elementor-element elementor-element-119e226 elementor-widget elementor-widget-heading\" data-id=\"119e226\" data-element_type=\"widget\" data-e-type=\"widget\" data-widget_type=\"heading.default\">\n\t\t\t\t<div class=\"elementor-widget-container\">\n\t\t\t\t\t<h1 class=\"elementor-heading-title elementor-size-default\">Cardiology<\/h1>\t\t\t\t<\/div>\n\t\t\t\t<\/div>\n\t\t\t\t<div class=\"elementor-element elementor-element-eb0d4ae elementor-widget elementor-widget-text-editor\" data-id=\"eb0d4ae\" data-element_type=\"widget\" data-e-type=\"widget\" data-widget_type=\"text-editor.default\">\n\t\t\t\t<div class=\"elementor-widget-container\">\n\t\t\t\t\t\t\t\t\t<p style=\"text-align: center;\">Your Heart&#8217;s Best Friend in Prague<\/p>\t\t\t\t\t\t\t\t<\/div>\n\t\t\t\t<\/div>\n\t\t\t\t\t<\/div>\n\t\t\t\t<\/div>\n\t\t<div class=\"elementor-element elementor-element-29253fc e-flex e-con-boxed e-con e-parent\" data-id=\"29253fc\" data-element_type=\"container\" data-e-type=\"container\">\n\t\t\t\t\t<div class=\"e-con-inner\">\n\t\t\t\t<div class=\"elementor-element elementor-element-95091e3 elementor-widget elementor-widget-image\" data-id=\"95091e3\" data-element_type=\"widget\" data-e-type=\"widget\" data-widget_type=\"image.default\">\n\t\t\t\t<div class=\"elementor-widget-container\">\n\t\t\t\t\t\t\t\t\t\t\t\t\t\t\t<img fetchpriority=\"high\" decoding=\"async\" width=\"1999\" height=\"1335\" src=\"https:\/\/conciergemedicine.cz\/wp-content\/uploads\/2023\/10\/image2.jpg\" class=\"attachment-full size-full wp-image-1650\" alt=\"Image2\" srcset=\"https:\/\/conciergemedicine.cz\/wp-content\/uploads\/2023\/10\/image2.jpg 1999w, https:\/\/conciergemedicine.cz\/wp-content\/uploads\/2023\/10\/image2-300x200.jpg 300w, https:\/\/conciergemedicine.cz\/wp-content\/uploads\/2023\/10\/image2-1024x684.jpg 1024w, https:\/\/conciergemedicine.cz\/wp-content\/uploads\/2023\/10\/image2-768x513.jpg 768w, https:\/\/conciergemedicine.cz\/wp-content\/uploads\/2023\/10\/image2-1536x1026.jpg 1536w, https:\/\/conciergemedicine.cz\/wp-content\/uploads\/2023\/10\/image2-18x12.jpg 18w, https:\/\/conciergemedicine.cz\/wp-content\/uploads\/2023\/10\/image2-24x16.jpg 24w, https:\/\/conciergemedicine.cz\/wp-content\/uploads\/2023\/10\/image2-36x24.jpg 36w, https:\/\/conciergemedicine.cz\/wp-content\/uploads\/2023\/10\/image2-48x32.jpg 48w\" sizes=\"(max-width: 1999px) 100vw, 1999px\" \/>\t\t\t\t\t\t\t\t\t\t\t\t\t\t\t<\/div>\n\t\t\t\t<\/div>\n\t\t\t\t\t<\/div>\n\t\t\t\t<\/div>\n\t\t<div class=\"elementor-element elementor-element-054d582 e-flex e-con-boxed e-con e-parent\" data-id=\"054d582\" data-element_type=\"container\" data-e-type=\"container\">\n\t\t\t\t\t<div class=\"e-con-inner\">\n\t\t<div class=\"elementor-element elementor-element-d627d50 e-con-full e-flex e-con e-child\" data-id=\"d627d50\" data-element_type=\"container\" data-e-type=\"container\">\n\t\t\t\t<div class=\"elementor-element elementor-element-35d61f2 elementor-widget elementor-widget-text-editor\" data-id=\"35d61f2\" data-element_type=\"widget\" data-e-type=\"widget\" data-widget_type=\"text-editor.default\">\n\t\t\t\t<div class=\"elementor-widget-container\">\n\t\t\t\t\t\t\t\t\t<p>At Concierge Medicine Europe, we believe that a healthy heart is the key to a healthy life. As a premier cardiology clinic in the heart of Prague, our focus is on providing world-class cardiovascular care with an emphasis on prevention. <br \/><br \/>Our dedicated team of expert cardiologists and healthcare professionals is committed to ensuring that your heart stays in top shape, so you can lead a fulfilling life without missing a beat.<\/p>\t\t\t\t\t\t\t\t<\/div>\n\t\t\t\t<\/div>\n\t\t\t\t<\/div>\n\t\t<div class=\"elementor-element elementor-element-480bdad e-con-full e-flex e-con e-child\" data-id=\"480bdad\" data-element_type=\"container\" data-e-type=\"container\">\n\t\t\t\t<div class=\"elementor-element elementor-element-f4d522d elementor-align-right elementor-mobile-align-left elementor-widget elementor-widget-button\" data-id=\"f4d522d\" data-element_type=\"widget\" data-e-type=\"widget\" data-widget_type=\"button.default\">\n\t\t\t\t<div class=\"elementor-widget-container\">\n\t\t\t\t\t\t\t\t\t<div class=\"elementor-button-wrapper\">\n\t\t\t\t\t<a class=\"elementor-button elementor-button-link elementor-size-sm\" href=\"https:\/\/conciergemedicine.cz\/en\/contact\/\">\n\t\t\t\t\t\t<span class=\"elementor-button-content-wrapper\">\n\t\t\t\t\t\t\t\t\t<span class=\"elementor-button-text\">Contact Us<\/span>\n\t\t\t\t\t<\/span>\n\t\t\t\t\t<\/a>\n\t\t\t\t<\/div>\n\t\t\t\t\t\t\t\t<\/div>\n\t\t\t\t<\/div>\n\t\t\t\t<\/div>\n\t\t\t\t\t<\/div>\n\t\t\t\t<\/div>\n\t\t<div class=\"elementor-element elementor-element-8e046ad e-flex e-con-boxed e-con e-parent\" data-id=\"8e046ad\" data-element_type=\"container\" data-e-type=\"container\" data-settings=\"{&quot;background_background&quot;:&quot;classic&quot;}\">\n\t\t\t\t\t<div class=\"e-con-inner\">\n\t\t\t\t<div class=\"elementor-element elementor-element-0878119 elementor-widget elementor-widget-text-editor\" data-id=\"0878119\" data-element_type=\"widget\" data-e-type=\"widget\" data-widget_type=\"text-editor.default\">\n\t\t\t\t<div class=\"elementor-widget-container\">\n\t\t\t\t\t\t\t\t\t<p style=\"text-align: center;\">What is Cardiology?<\/p>\t\t\t\t\t\t\t\t<\/div>\n\t\t\t\t<\/div>\n\t\t\t\t<div class=\"elementor-element elementor-element-ac515ab elementor-widget elementor-widget-text-editor\" data-id=\"ac515ab\" data-element_type=\"widget\" data-e-type=\"widget\" data-widget_type=\"text-editor.default\">\n\t\t\t\t<div class=\"elementor-widget-container\">\n\t\t\t\t\t\t\t\t\t<p>Cardiology is a medical specialty focused on the diagnosis, treatment, and prevention of diseases related to the heart and blood vessels. Our cardiologists are experts in dealing with a wide range of cardiovascular conditions, including coronary artery disease, heart failure, arrhythmias, and congenital heart defects.<\/p>\t\t\t\t\t\t\t\t<\/div>\n\t\t\t\t<\/div>\n\t\t\t\t\t<\/div>\n\t\t\t\t<\/div>\n\t\t<div class=\"elementor-element elementor-element-4ca614b e-flex e-con-boxed e-con e-parent\" data-id=\"4ca614b\" data-element_type=\"container\" data-e-type=\"container\">\n\t\t\t\t\t<div class=\"e-con-inner\">\n\t\t<div class=\"elementor-element elementor-element-ecb565a e-con-full e-flex e-con e-child\" data-id=\"ecb565a\" data-element_type=\"container\" data-e-type=\"container\">\n\t\t\t\t<div class=\"elementor-element elementor-element-3e86922 elementor-widget elementor-widget-image\" data-id=\"3e86922\" data-element_type=\"widget\" data-e-type=\"widget\" data-widget_type=\"image.default\">\n\t\t\t\t<div class=\"elementor-widget-container\">\n\t\t\t\t\t\t\t\t\t\t\t\t\t\t\t<img decoding=\"async\" width=\"1150\" height=\"768\" src=\"https:\/\/conciergemedicine.cz\/wp-content\/uploads\/2023\/10\/rXHEC6wQ_1150.jpeg\" class=\"attachment-full size-full wp-image-259\" alt=\"RXHEC6wQ\" srcset=\"https:\/\/conciergemedicine.cz\/wp-content\/uploads\/2023\/10\/rXHEC6wQ_1150.jpeg 1150w, https:\/\/conciergemedicine.cz\/wp-content\/uploads\/2023\/10\/rXHEC6wQ_1150-300x200.jpeg 300w, https:\/\/conciergemedicine.cz\/wp-content\/uploads\/2023\/10\/rXHEC6wQ_1150-1024x684.jpeg 1024w, https:\/\/conciergemedicine.cz\/wp-content\/uploads\/2023\/10\/rXHEC6wQ_1150-768x513.jpeg 768w\" sizes=\"(max-width: 1150px) 100vw, 1150px\" \/>\t\t\t\t\t\t\t\t\t\t\t\t\t\t\t<\/div>\n\t\t\t\t<\/div>\n\t\t\t\t<\/div>\n\t\t<div class=\"elementor-element elementor-element-84c57be e-con-full e-flex e-con e-child\" data-id=\"84c57be\" data-element_type=\"container\" data-e-type=\"container\">\n\t\t\t\t<div class=\"elementor-element elementor-element-7aac0e4 elementor-widget elementor-widget-text-editor\" data-id=\"7aac0e4\" data-element_type=\"widget\" data-e-type=\"widget\" data-widget_type=\"text-editor.default\">\n\t\t\t\t<div class=\"elementor-widget-container\">\n\t\t\t\t\t\t\t\t\t<p><span style=\"color: #009b9f; font-weight: bold;\">Preventive Cardiology &#8211;<\/span><br \/>The Heart of Our Practice<\/p>\t\t\t\t\t\t\t\t<\/div>\n\t\t\t\t<\/div>\n\t\t\t\t<div class=\"elementor-element elementor-element-dfa7fd4 elementor-widget elementor-widget-text-editor\" data-id=\"dfa7fd4\" data-element_type=\"widget\" data-e-type=\"widget\" data-widget_type=\"text-editor.default\">\n\t\t\t\t<div class=\"elementor-widget-container\">\n\t\t\t\t\t\t\t\t\t<p>At Concierge Medicine Europe, we understand that the best way to treat heart disease is to prevent it from happening in the first place. Our preventive cardiology program is designed to identify and address potential risk factors early on, helping you maintain a healthy heart and avoid future complications.<\/p>\t\t\t\t\t\t\t\t<\/div>\n\t\t\t\t<\/div>\n\t\t\t\t<\/div>\n\t\t\t\t\t<\/div>\n\t\t\t\t<\/div>\n\t\t<div class=\"elementor-element elementor-element-02985f9 e-flex e-con-boxed e-con e-parent\" data-id=\"02985f9\" data-element_type=\"container\" data-e-type=\"container\">\n\t\t\t\t\t<div class=\"e-con-inner\">\n\t\t\t\t<div class=\"elementor-element elementor-element-39ebb36 elementor-widget elementor-widget-text-editor\" data-id=\"39ebb36\" data-element_type=\"widget\" data-e-type=\"widget\" data-widget_type=\"text-editor.default\">\n\t\t\t\t<div class=\"elementor-widget-container\">\n\t\t\t\t\t\t\t\t\t<p><span style=\"color: #009b9f;\">Our offerings<\/span><br \/>include:<\/p>\t\t\t\t\t\t\t\t<\/div>\n\t\t\t\t<\/div>\n\t\t\t\t<div class=\"elementor-element elementor-element-565619d elementor-widget elementor-widget-text-editor\" data-id=\"565619d\" data-element_type=\"widget\" data-e-type=\"widget\" data-widget_type=\"text-editor.default\">\n\t\t\t\t<div class=\"elementor-widget-container\">\n\t\t\t\t\t\t\t\t\t<p>Comprehensive Risk Assessments:<\/p>\t\t\t\t\t\t\t\t<\/div>\n\t\t\t\t<\/div>\n\t\t\t\t<div class=\"elementor-element elementor-element-7c9f1f5 elementor-widget elementor-widget-text-editor\" data-id=\"7c9f1f5\" data-element_type=\"widget\" data-e-type=\"widget\" data-widget_type=\"text-editor.default\">\n\t\t\t\t<div class=\"elementor-widget-container\">\n\t\t\t\t\t\t\t\t\t<p>We conduct detailed evaluations of your heart health, including thorough physical examinations, advanced diagnostic tests, and lifestyle assessments. This allows us to create a personalized action plan for minimizing your risk of heart disease.<\/p>\t\t\t\t\t\t\t\t<\/div>\n\t\t\t\t<\/div>\n\t\t\t\t<div class=\"elementor-element elementor-element-529d64c elementor-widget elementor-widget-text-editor\" data-id=\"529d64c\" data-element_type=\"widget\" data-e-type=\"widget\" data-widget_type=\"text-editor.default\">\n\t\t\t\t<div class=\"elementor-widget-container\">\n\t\t\t\t\t\t\t\t\t<p><span style=\"color: #009b9f;\">Lifestyle Management:<\/span><\/p>\t\t\t\t\t\t\t\t<\/div>\n\t\t\t\t<\/div>\n\t\t\t\t<div class=\"elementor-element elementor-element-8c11e93 elementor-widget elementor-widget-text-editor\" data-id=\"8c11e93\" data-element_type=\"widget\" data-e-type=\"widget\" data-widget_type=\"text-editor.default\">\n\t\t\t\t<div class=\"elementor-widget-container\">\n\t\t\t\t\t\t\t\t\t<p id=\"e020030\" class=\"mb-5\">Our team of healthcare professionals provides tailored guidance on nutrition, exercise, stress reduction, and smoking cessation. We help you make the necessary lifestyle changes to protect your heart for years to come.<\/p>\t\t\t\t\t\t\t\t<\/div>\n\t\t\t\t<\/div>\n\t\t\t\t<div class=\"elementor-element elementor-element-c7dc95f elementor-widget elementor-widget-text-editor\" data-id=\"c7dc95f\" data-element_type=\"widget\" data-e-type=\"widget\" data-widget_type=\"text-editor.default\">\n\t\t\t\t<div class=\"elementor-widget-container\">\n\t\t\t\t\t\t\t\t\t<p>Cutting-Edge Diagnostic Tools:<\/p>\t\t\t\t\t\t\t\t<\/div>\n\t\t\t\t<\/div>\n\t\t\t\t<div class=\"elementor-element elementor-element-a88a3b2 elementor-widget elementor-widget-text-editor\" data-id=\"a88a3b2\" data-element_type=\"widget\" data-e-type=\"widget\" data-widget_type=\"text-editor.default\">\n\t\t\t\t<div class=\"elementor-widget-container\">\n\t\t\t\t\t\t\t\t\t<p>Our clinic is equipped with state-of-the-art technology that enables us to accurately diagnose and monitor your heart health. This includes 3D echocardiography and state of the art CPET tests to determine your heart fitness and VO2MAX.<\/p>\t\t\t\t\t\t\t\t<\/div>\n\t\t\t\t<\/div>\n\t\t\t\t<div class=\"elementor-element elementor-element-7a2d3c0 elementor-widget elementor-widget-text-editor\" data-id=\"7a2d3c0\" data-element_type=\"widget\" data-e-type=\"widget\" data-widget_type=\"text-editor.default\">\n\t\t\t\t<div class=\"elementor-widget-container\">\n\t\t\t\t\t\t\t\t\t<p><span style=\"color: #009b9f;\">Innovative Treatments:<br \/><\/span><\/p>\t\t\t\t\t\t\t\t<\/div>\n\t\t\t\t<\/div>\n\t\t\t\t<div class=\"elementor-element elementor-element-3901b03 elementor-widget elementor-widget-text-editor\" data-id=\"3901b03\" data-element_type=\"widget\" data-e-type=\"widget\" data-widget_type=\"text-editor.default\">\n\t\t\t\t<div class=\"elementor-widget-container\">\n\t\t\t\t\t\t\t\t\t<p>If a heart condition is detected, our cardiologists are skilled in providing the latest evidence-based treatments, ensuring the best possible outcomes for our patients.<\/p>\t\t\t\t\t\t\t\t<\/div>\n\t\t\t\t<\/div>\n\t\t\t\t<div class=\"elementor-element elementor-element-8f34f07 elementor-widget elementor-widget-text-editor\" data-id=\"8f34f07\" data-element_type=\"widget\" data-e-type=\"widget\" data-widget_type=\"text-editor.default\">\n\t\t\t\t<div class=\"elementor-widget-container\">\n\t\t\t\t\t\t\t\t\t<p>Ongoing Support:<\/p>\t\t\t\t\t\t\t\t<\/div>\n\t\t\t\t<\/div>\n\t\t\t\t<div class=\"elementor-element elementor-element-dcb4536 elementor-widget elementor-widget-text-editor\" data-id=\"dcb4536\" data-element_type=\"widget\" data-e-type=\"widget\" data-widget_type=\"text-editor.default\">\n\t\t\t\t<div class=\"elementor-widget-container\">\n\t\t\t\t\t\t\t\t\t<p>We believe in building lasting relationships with our patients. Our team will be there to support you every step of the way, helping you maintain a healthy lifestyle and enjoy long-lasting heart health.<\/p><p><b>Peter Wohlfahrt, MD, Ph.D.<\/b><b><br \/><\/b><b><br \/><\/b>Peter Wohlfahrt, MD, Ph.D., is an experienced specialist in cardiology with almost 20 years of practice (since 2006). He gained his extensive experience primarily at the Department of Preventive Cardiology of the Institute for Clinical and Experimental Medicine (IKEM) and the Center for Cardiovascular Prevention of the 1st Faculty of Medicine, Charles University, and Thomayer Hospital. He is the recipient of several prestigious domestic and international awards for his professional and scientific work.<\/p><p>He graduated from the Faculty of Medicine at Pavol Jozef \u0160af\u00e1rik University in Ko\u0161ice (2006) and subsequently earned his Ph.D. from the 1st Faculty of Medicine at Charles University in Prague (2014). He obtained his specialization certification in cardiology in 2017. He is actively involved in scientific and research activities (recipient of AHA and AZV \u010cR grants), publishes in professional journals, lectures, and participates in teaching medical students at the 2nd and 3rd Faculties of Medicine, Charles University. He is a member of numerous Czech and international professional societies (including ESC and AHA).<\/p><p><b>What Our Patients Say<\/b><b><br \/><\/b><b><br \/><\/b>\u2b50<i>\u00a0&#8220;Doctor Peter W. is a fantastic cardiologist, thanks!&#8221;<\/i><i><br \/><\/i><i><br \/><\/i>\u2b50\u00a0<i>&#8220;They say my heart is fine thanks to your team, so nothing is weighing on it or murmuring.&#8221;<\/i><\/p>\t\t\t\t\t\t\t\t<\/div>\n\t\t\t\t<\/div>\n\t\t\t\t\t<\/div>\n\t\t\t\t<\/div>\n\t\t<div class=\"elementor-element elementor-element-4846e6f e-flex e-con-boxed e-con e-parent\" data-id=\"4846e6f\" data-element_type=\"container\" data-e-type=\"container\">\n\t\t\t\t\t<div class=\"e-con-inner\">\n\t\t<div class=\"elementor-element elementor-element-0a0ed0c e-con-full e-flex e-con e-child\" data-id=\"0a0ed0c\" data-element_type=\"container\" data-e-type=\"container\">\n\t\t\t\t<div class=\"elementor-element elementor-element-1b8c499 elementor-widget elementor-widget-image\" data-id=\"1b8c499\" data-element_type=\"widget\" data-e-type=\"widget\" data-widget_type=\"image.default\">\n\t\t\t\t<div class=\"elementor-widget-container\">\n\t\t\t\t\t\t\t\t\t\t\t\t\t\t\t<img decoding=\"async\" width=\"1024\" height=\"684\" src=\"https:\/\/conciergemedicine.cz\/wp-content\/uploads\/2025\/03\/kardiologie-praha-cardiology-1024x684.webp\" class=\"attachment-large size-large wp-image-10334\" alt=\"Kardiologie praha cardiology\" srcset=\"https:\/\/conciergemedicine.cz\/wp-content\/uploads\/2025\/03\/kardiologie-praha-cardiology-1024x684.webp 1024w, https:\/\/conciergemedicine.cz\/wp-content\/uploads\/2025\/03\/kardiologie-praha-cardiology-300x200.webp 300w, https:\/\/conciergemedicine.cz\/wp-content\/uploads\/2025\/03\/kardiologie-praha-cardiology-768x513.webp 768w, https:\/\/conciergemedicine.cz\/wp-content\/uploads\/2025\/03\/kardiologie-praha-cardiology-18x12.webp 18w, https:\/\/conciergemedicine.cz\/wp-content\/uploads\/2025\/03\/kardiologie-praha-cardiology-24x16.webp 24w, https:\/\/conciergemedicine.cz\/wp-content\/uploads\/2025\/03\/kardiologie-praha-cardiology-36x24.webp 36w, https:\/\/conciergemedicine.cz\/wp-content\/uploads\/2025\/03\/kardiologie-praha-cardiology-48x32.webp 48w, https:\/\/conciergemedicine.cz\/wp-content\/uploads\/2025\/03\/kardiologie-praha-cardiology.webp 1250w\" sizes=\"(max-width: 1024px) 100vw, 1024px\" \/>\t\t\t\t\t\t\t\t\t\t\t\t\t\t\t<\/div>\n\t\t\t\t<\/div>\n\t\t\t\t<\/div>\n\t\t<div class=\"elementor-element elementor-element-4bb3b92 e-con-full e-flex e-con e-child\" data-id=\"4bb3b92\" data-element_type=\"container\" data-e-type=\"container\">\n\t\t\t\t<div class=\"elementor-element elementor-element-b220b2b elementor-widget elementor-widget-text-editor\" data-id=\"b220b2b\" data-element_type=\"widget\" data-e-type=\"widget\" data-widget_type=\"text-editor.default\">\n\t\t\t\t<div class=\"elementor-widget-container\">\n\t\t\t\t\t\t\t\t\t<p><span style=\"color: #009b9f; font-weight: bold;\">Experience the<\/span><br \/>Concierge Medicine Europe <br \/>Difference<\/p>\t\t\t\t\t\t\t\t<\/div>\n\t\t\t\t<\/div>\n\t\t\t\t<div class=\"elementor-element elementor-element-910c9f0 elementor-widget elementor-widget-text-editor\" data-id=\"910c9f0\" data-element_type=\"widget\" data-e-type=\"widget\" data-widget_type=\"text-editor.default\">\n\t\t\t\t<div class=\"elementor-widget-container\">\n\t\t\t\t\t\t\t\t\t<p>Choosing Concierge Medicine Europe means putting your heart in the hands of a dedicated and compassionate team, committed to providing personalized and preventive cardiovascular care. We invite you to discover the difference our cardiology clinic can make in your life. Connect with us today to schedule your appointment and begin your journey to a healthier heart.<\/p>\t\t\t\t\t\t\t\t<\/div>\n\t\t\t\t<\/div>\n\t\t\t\t<div class=\"elementor-element elementor-element-d1888ad elementor-align-left elementor-widget elementor-widget-button\" data-id=\"d1888ad\" data-element_type=\"widget\" data-e-type=\"widget\" data-widget_type=\"button.default\">\n\t\t\t\t<div class=\"elementor-widget-container\">\n\t\t\t\t\t\t\t\t\t<div class=\"elementor-button-wrapper\">\n\t\t\t\t\t<a class=\"elementor-button elementor-button-link elementor-size-sm\" href=\"https:\/\/conciergemedicine.cz\/en\/contact\/\">\n\t\t\t\t\t\t<span class=\"elementor-button-content-wrapper\">\n\t\t\t\t\t\t\t\t\t<span class=\"elementor-button-text\">Contact Us<\/span>\n\t\t\t\t\t<\/span>\n\t\t\t\t\t<\/a>\n\t\t\t\t<\/div>\n\t\t\t\t\t\t\t\t<\/div>\n\t\t\t\t<\/div>\n\t\t\t\t<\/div>\n\t\t\t\t\t<\/div>\n\t\t\t\t<\/div>\n\t\t\t\t<\/div>\n\t\t","protected":false},"excerpt":{"rendered":"<p>Cardiology Your Heart&#8217;s Best Friend in Prague At Concierge Medicine Europe, we believe that a healthy heart is the key to a healthy life. As a premier cardiology clinic in the heart of Prague, our focus is on providing world-class cardiovascular care with an emphasis on prevention. Our dedicated team of expert cardiologists and healthcare [&hellip;]<\/p>\n","protected":false},"author":1,"featured_media":0,"parent":0,"menu_order":0,"comment_status":"closed","ping_status":"closed","template":"","meta":{"inline_featured_image":false,"slim_seo":{"title":"Cardiology - Concierge Medicine Europe","description":"As a leading private cardiology clinic in the heart of Prague, we focus on providing world-class cardiovascular care with an emphasis on prevention."},"footnotes":""},"class_list":["post-453","page","type-page","status-publish","hentry","entry"],"_links":{"self":[{"href":"https:\/\/conciergemedicine.cz\/en\/wp-json\/wp\/v2\/pages\/453","targetHints":{"allow":["GET"]}}],"collection":[{"href":"https:\/\/conciergemedicine.cz\/en\/wp-json\/wp\/v2\/pages"}],"about":[{"href":"https:\/\/conciergemedicine.cz\/en\/wp-json\/wp\/v2\/types\/page"}],"author":[{"embeddable":true,"href":"https:\/\/conciergemedicine.cz\/en\/wp-json\/wp\/v2\/users\/1"}],"replies":[{"embeddable":true,"href":"https:\/\/conciergemedicine.cz\/en\/wp-json\/wp\/v2\/comments?post=453"}],"version-history":[{"count":0,"href":"https:\/\/conciergemedicine.cz\/en\/wp-json\/wp\/v2\/pages\/453\/revisions"}],"wp:attachment":[{"href":"https:\/\/conciergemedicine.cz\/en\/wp-json\/wp\/v2\/media?parent=453"}],"curies":[{"name":"wp","href":"https:\/\/api.w.org\/{rel}","templated":true}]}}