{"id":3461,"date":"2023-11-05T17:07:26","date_gmt":"2023-11-05T17:07:26","guid":{"rendered":"https:\/\/staging.conciergemedicine.cz?page_id=3461"},"modified":"2026-03-10T12:12:02","modified_gmt":"2026-03-10T11:12:02","slug":"petr-holy-md","status":"publish","type":"page","link":"https:\/\/conciergemedicine.cz\/en\/doctors\/petr-holy-md\/","title":{"rendered":"Petr Hol\u00fd, MD"},"content":{"rendered":"\t\t<div data-elementor-type=\"wp-page\" data-elementor-id=\"3461\" class=\"elementor elementor-3461\" data-elementor-post-type=\"page\">\n\t\t\t\t<div class=\"elementor-element elementor-element-37949f1 e-flex e-con-boxed e-con e-parent\" data-id=\"37949f1\" data-element_type=\"container\" data-e-type=\"container\">\n\t\t\t\t\t<div class=\"e-con-inner\">\n\t\t<div class=\"elementor-element elementor-element-4301683 e-con-full e-flex e-con e-child\" data-id=\"4301683\" data-element_type=\"container\" data-e-type=\"container\">\n\t\t\t\t<div class=\"elementor-element elementor-element-b8f7b79 elementor-widget elementor-widget-image\" data-id=\"b8f7b79\" data-element_type=\"widget\" data-e-type=\"widget\" data-widget_type=\"image.default\">\n\t\t\t\t<div class=\"elementor-widget-container\">\n\t\t\t\t\t\t\t\t\t\t\t\t\t\t\t<img fetchpriority=\"high\" decoding=\"async\" width=\"550\" height=\"730\" src=\"https:\/\/conciergemedicine.cz\/wp-content\/uploads\/2023\/10\/MUDr.-Petr-Holy-min_550.jpg\" class=\"attachment-large size-large wp-image-1407\" alt=\"MUDr. Petr Holy min\" srcset=\"https:\/\/conciergemedicine.cz\/wp-content\/uploads\/2023\/10\/MUDr.-Petr-Holy-min_550.jpg 550w, https:\/\/conciergemedicine.cz\/wp-content\/uploads\/2023\/10\/MUDr.-Petr-Holy-min_550-226x300.jpg 226w, https:\/\/conciergemedicine.cz\/wp-content\/uploads\/2023\/10\/MUDr.-Petr-Holy-min_550-9x12.jpg 9w, https:\/\/conciergemedicine.cz\/wp-content\/uploads\/2023\/10\/MUDr.-Petr-Holy-min_550-18x24.jpg 18w, https:\/\/conciergemedicine.cz\/wp-content\/uploads\/2023\/10\/MUDr.-Petr-Holy-min_550-27x36.jpg 27w, https:\/\/conciergemedicine.cz\/wp-content\/uploads\/2023\/10\/MUDr.-Petr-Holy-min_550-36x48.jpg 36w\" sizes=\"(max-width: 550px) 100vw, 550px\" \/>\t\t\t\t\t\t\t\t\t\t\t\t\t\t\t<\/div>\n\t\t\t\t<\/div>\n\t\t\t\t<\/div>\n\t\t<div class=\"elementor-element elementor-element-2c871bb e-con-full e-flex e-con e-child\" data-id=\"2c871bb\" data-element_type=\"container\" data-e-type=\"container\">\n\t\t\t\t<div class=\"elementor-element elementor-element-2fa3479 elementor-widget elementor-widget-heading\" data-id=\"2fa3479\" data-element_type=\"widget\" data-e-type=\"widget\" data-widget_type=\"heading.default\">\n\t\t\t\t<div class=\"elementor-widget-container\">\n\t\t\t\t\t<h1 class=\"elementor-heading-title elementor-size-default\">Petr Hol\u00fd, MD<\/h1>\t\t\t\t<\/div>\n\t\t\t\t<\/div>\n\t\t\t\t<div class=\"elementor-element elementor-element-8a744db elementor-widget elementor-widget-text-editor\" data-id=\"8a744db\" data-element_type=\"widget\" data-e-type=\"widget\" data-widget_type=\"text-editor.default\">\n\t\t\t\t<div class=\"elementor-widget-container\">\n\t\t\t\t\t\t\t\t\t<p>UROLOGY<\/p>\t\t\t\t\t\t\t\t<\/div>\n\t\t\t\t<\/div>\n\t\t\t\t<div class=\"elementor-element elementor-element-0a21d75 elementor-widget-divider--view-line elementor-widget elementor-widget-divider\" data-id=\"0a21d75\" data-element_type=\"widget\" data-e-type=\"widget\" data-widget_type=\"divider.default\">\n\t\t\t\t<div class=\"elementor-widget-container\">\n\t\t\t\t\t\t\t<div class=\"elementor-divider\">\n\t\t\t<span class=\"elementor-divider-separator\">\n\t\t\t\t\t\t<\/span>\n\t\t<\/div>\n\t\t\t\t\t\t<\/div>\n\t\t\t\t<\/div>\n\t\t\t\t<div class=\"elementor-element elementor-element-cd92ee9 elementor-widget elementor-widget-text-editor\" data-id=\"cd92ee9\" data-element_type=\"widget\" data-e-type=\"widget\" data-widget_type=\"text-editor.default\">\n\t\t\t\t<div class=\"elementor-widget-container\">\n\t\t\t\t\t\t\t\t\t<p><span style=\"color: #003a5d;\"><a style=\"color: #003a5d;\" href=\"#petr2\">Learn more <strong>\u2193<\/strong><\/a><\/span><\/p>\t\t\t\t\t\t\t\t<\/div>\n\t\t\t\t<\/div>\n\t\t\t\t<\/div>\n\t\t\t\t\t<\/div>\n\t\t\t\t<\/div>\n\t\t<div class=\"elementor-element elementor-element-d0d11f1 e-flex e-con-boxed e-con e-parent\" data-id=\"d0d11f1\" data-element_type=\"container\" data-e-type=\"container\" id=\"petr2\">\n\t\t\t\t\t<div class=\"e-con-inner\">\n\t\t<div class=\"elementor-element elementor-element-508ca49 e-con-full e-flex e-con e-child\" data-id=\"508ca49\" data-element_type=\"container\" data-e-type=\"container\">\n\t\t\t\t<div class=\"elementor-element elementor-element-dbaa80b elementor-widget elementor-widget-heading\" data-id=\"dbaa80b\" data-element_type=\"widget\" data-e-type=\"widget\" data-widget_type=\"heading.default\">\n\t\t\t\t<div class=\"elementor-widget-container\">\n\t\t\t\t\t<h2 class=\"elementor-heading-title elementor-size-default\">Personal Information<\/h2>\t\t\t\t<\/div>\n\t\t\t\t<\/div>\n\t\t\t\t<div class=\"elementor-element elementor-element-45c0027 elementor-widget elementor-widget-text-editor\" data-id=\"45c0027\" data-element_type=\"widget\" data-e-type=\"widget\" data-widget_type=\"text-editor.default\">\n\t\t\t\t<div class=\"elementor-widget-container\">\n\t\t\t\t\t\t\t\t\t<p>Date of birth<\/p>\t\t\t\t\t\t\t\t<\/div>\n\t\t\t\t<\/div>\n\t\t\t\t<\/div>\n\t\t\t\t\t<\/div>\n\t\t\t\t<\/div>\n\t\t<div class=\"elementor-element elementor-element-0b15e5c e-flex e-con-boxed e-con e-parent\" data-id=\"0b15e5c\" data-element_type=\"container\" data-e-type=\"container\">\n\t\t\t\t\t<div class=\"e-con-inner\">\n\t\t<div class=\"elementor-element elementor-element-f6d40dd e-con-full e-flex e-con e-child\" data-id=\"f6d40dd\" data-element_type=\"container\" data-e-type=\"container\">\n\t\t\t\t<div class=\"elementor-element elementor-element-c4cfa8a elementor-widget elementor-widget-heading\" data-id=\"c4cfa8a\" data-element_type=\"widget\" data-e-type=\"widget\" data-widget_type=\"heading.default\">\n\t\t\t\t<div class=\"elementor-widget-container\">\n\t\t\t\t\t<h2 class=\"elementor-heading-title elementor-size-default\">Medical Employment<\/h2>\t\t\t\t<\/div>\n\t\t\t\t<\/div>\n\t\t\t\t<\/div>\n\t\t\t\t\t<\/div>\n\t\t\t\t<\/div>\n\t\t<div class=\"elementor-element elementor-element-9651057 e-flex e-con-boxed e-con e-parent\" data-id=\"9651057\" data-element_type=\"container\" data-e-type=\"container\">\n\t\t\t\t\t<div class=\"e-con-inner\">\n\t\t<div class=\"elementor-element elementor-element-12d5fd8 e-con-full e-flex e-con e-child\" data-id=\"12d5fd8\" data-element_type=\"container\" data-e-type=\"container\">\n\t\t\t\t<div class=\"elementor-element elementor-element-030df33 elementor-widget elementor-widget-text-editor\" data-id=\"030df33\" data-element_type=\"widget\" data-e-type=\"widget\" data-widget_type=\"text-editor.default\">\n\t\t\t\t<div class=\"elementor-widget-container\">\n\t\t\t\t\t\t\t\t\t<p>2021 &#8211; PRESENT<\/p>\t\t\t\t\t\t\t\t<\/div>\n\t\t\t\t<\/div>\n\t\t\t\t<\/div>\n\t\t<div class=\"elementor-element elementor-element-d1ec7ac e-con-full e-flex e-con e-child\" data-id=\"d1ec7ac\" data-element_type=\"container\" data-e-type=\"container\">\n\t\t\t\t<div class=\"elementor-element elementor-element-a7e873b elementor-widget elementor-widget-text-editor\" data-id=\"a7e873b\" data-element_type=\"widget\" data-e-type=\"widget\" data-widget_type=\"text-editor.default\">\n\t\t\t\t<div class=\"elementor-widget-container\">\n\t\t\t\t\t\t\t\t\t<div class=\"col-12 col-md-8 col-lg-9\"><div class=\"col-12 col-md-8 col-lg-9\">Concierge Medicine Europe<\/div><div class=\"col-12 col-md-4 col-lg-3 color-light-green\">\u00a0<\/div><div class=\"col-12 col-md-8 col-lg-9\">Urologick\u00e9 odd\u011blen\u00ed, IVF Centrum Gennet, Praha<\/div><div class=\"col-12 col-md-4 col-lg-3 color-light-green\">\u00a0<\/div><div class=\"col-12 col-md-8 col-lg-9\">Soukrom\u00e9 zdravotnick\u00e9 za\u0159\u00edzen\u00ed UROSANT\u00c9, Praha<\/div><div class=\"col-12 col-md-4 col-lg-3 color-light-green\">\u00a0<\/div><div class=\"col-12 col-md-8 col-lg-9\">Urologick\u00fd t\u00fdm, Odd\u011blen\u00ed transplanta\u010dn\u00ed chirurgie, Institut Klinick\u00e9 a Experiment\u00e1ln\u00ed Mediciny (IKEM)<\/div><div class=\"col-12 col-md-4 col-lg-3 color-light-green\">\u00a0<\/div><div class=\"col-12 col-md-8 col-lg-9\">Konzultant, urolog a urologick\u00fd chirurg \u2013 Kingston Hospital NHS Trust, Velk\u00e1 Brit\u00e1nie<\/div><div class=\"col-12 col-md-4 col-lg-3 color-light-green\">\u00a0<\/div><div class=\"col-12 col-md-8 col-lg-9\">P\u0159edatestasta\u010dn\u00ed p\u0159\u00edprava na Urologick\u00e9m odd\u011blen\u00ed, Fakultn\u00ed Thomayerova nemocnice v Praze<\/div><\/div>\t\t\t\t\t\t\t\t<\/div>\n\t\t\t\t<\/div>\n\t\t\t\t<\/div>\n\t\t\t\t\t<\/div>\n\t\t\t\t<\/div>\n\t\t<div class=\"elementor-element elementor-element-2f4259c e-flex e-con-boxed e-con e-parent\" data-id=\"2f4259c\" data-element_type=\"container\" data-e-type=\"container\">\n\t\t\t\t\t<div class=\"e-con-inner\">\n\t\t<div class=\"elementor-element elementor-element-8984f43 e-con-full e-flex e-con e-child\" data-id=\"8984f43\" data-element_type=\"container\" data-e-type=\"container\">\n\t\t\t\t<div class=\"elementor-element elementor-element-35961e5 elementor-widget elementor-widget-heading\" data-id=\"35961e5\" data-element_type=\"widget\" data-e-type=\"widget\" data-widget_type=\"heading.default\">\n\t\t\t\t<div class=\"elementor-widget-container\">\n\t\t\t\t\t<h2 class=\"elementor-heading-title elementor-size-default\">Education And Qualifications\n<\/h2>\t\t\t\t<\/div>\n\t\t\t\t<\/div>\n\t\t\t\t<\/div>\n\t\t\t\t\t<\/div>\n\t\t\t\t<\/div>\n\t\t<div class=\"elementor-element elementor-element-e508b9a e-flex e-con-boxed e-con e-parent\" data-id=\"e508b9a\" data-element_type=\"container\" data-e-type=\"container\">\n\t\t\t\t\t<div class=\"e-con-inner\">\n\t\t<div class=\"elementor-element elementor-element-dd70de2 e-con-full e-flex e-con e-child\" data-id=\"dd70de2\" data-element_type=\"container\" data-e-type=\"container\">\n\t\t\t\t<div class=\"elementor-element elementor-element-742146f elementor-widget elementor-widget-text-editor\" data-id=\"742146f\" data-element_type=\"widget\" data-e-type=\"widget\" data-widget_type=\"text-editor.default\">\n\t\t\t\t<div class=\"elementor-widget-container\">\n\t\t\t\t\t\t\t\t\t<p>2014<\/p>\t\t\t\t\t\t\t\t<\/div>\n\t\t\t\t<\/div>\n\t\t\t\t<\/div>\n\t\t<div class=\"elementor-element elementor-element-f0bc978 e-con-full e-flex e-con e-child\" data-id=\"f0bc978\" data-element_type=\"container\" data-e-type=\"container\">\n\t\t\t\t<div class=\"elementor-element elementor-element-7b067bf elementor-widget elementor-widget-text-editor\" data-id=\"7b067bf\" data-element_type=\"widget\" data-e-type=\"widget\" data-widget_type=\"text-editor.default\">\n\t\t\t\t<div class=\"elementor-widget-container\">\n\t\t\t\t\t\t\t\t\t<div class=\"col-12 col-md-8 col-lg-9\">Disertace \u2013 obor chirurgie, titul Ph.D.<\/div>\t\t\t\t\t\t\t\t<\/div>\n\t\t\t\t<\/div>\n\t\t\t\t<\/div>\n\t\t\t\t\t<\/div>\n\t\t\t\t<\/div>\n\t\t<div class=\"elementor-element elementor-element-8e9aac0 e-flex e-con-boxed e-con e-parent\" data-id=\"8e9aac0\" data-element_type=\"container\" data-e-type=\"container\">\n\t\t\t\t\t<div class=\"e-con-inner\">\n\t\t<div class=\"elementor-element elementor-element-c99d405 e-con-full e-flex e-con e-child\" data-id=\"c99d405\" data-element_type=\"container\" data-e-type=\"container\">\n\t\t\t\t<div class=\"elementor-element elementor-element-20b5b81 elementor-widget elementor-widget-text-editor\" data-id=\"20b5b81\" data-element_type=\"widget\" data-e-type=\"widget\" data-widget_type=\"text-editor.default\">\n\t\t\t\t<div class=\"elementor-widget-container\">\n\t\t\t\t\t\t\t\t\t<p>2013<\/p>\t\t\t\t\t\t\t\t<\/div>\n\t\t\t\t<\/div>\n\t\t\t\t<\/div>\n\t\t<div class=\"elementor-element elementor-element-4a19f01 e-con-full e-flex e-con e-child\" data-id=\"4a19f01\" data-element_type=\"container\" data-e-type=\"container\">\n\t\t\t\t<div class=\"elementor-element elementor-element-76e6859 elementor-widget elementor-widget-text-editor\" data-id=\"76e6859\" data-element_type=\"widget\" data-e-type=\"widget\" data-widget_type=\"text-editor.default\">\n\t\t\t\t<div class=\"elementor-widget-container\">\n\t\t\t\t\t\t\t\t\t<div class=\"col-12 col-md-8 col-lg-9\">Atestace z urologie<\/div>\t\t\t\t\t\t\t\t<\/div>\n\t\t\t\t<\/div>\n\t\t\t\t<\/div>\n\t\t\t\t\t<\/div>\n\t\t\t\t<\/div>\n\t\t<div class=\"elementor-element elementor-element-4421bfa e-flex e-con-boxed e-con e-parent\" data-id=\"4421bfa\" data-element_type=\"container\" data-e-type=\"container\">\n\t\t\t\t\t<div class=\"e-con-inner\">\n\t\t<div class=\"elementor-element elementor-element-b7028bd e-con-full e-flex e-con e-child\" data-id=\"b7028bd\" data-element_type=\"container\" data-e-type=\"container\">\n\t\t\t\t<div class=\"elementor-element elementor-element-dfe2ec0 elementor-widget elementor-widget-text-editor\" data-id=\"dfe2ec0\" data-element_type=\"widget\" data-e-type=\"widget\" data-widget_type=\"text-editor.default\">\n\t\t\t\t<div class=\"elementor-widget-container\">\n\t\t\t\t\t\t\t\t\t<p>2004<\/p>\t\t\t\t\t\t\t\t<\/div>\n\t\t\t\t<\/div>\n\t\t\t\t<\/div>\n\t\t<div class=\"elementor-element elementor-element-d8b49ee e-con-full e-flex e-con e-child\" data-id=\"d8b49ee\" data-element_type=\"container\" data-e-type=\"container\">\n\t\t\t\t<div class=\"elementor-element elementor-element-1acb37b elementor-widget elementor-widget-text-editor\" data-id=\"1acb37b\" data-element_type=\"widget\" data-e-type=\"widget\" data-widget_type=\"text-editor.default\">\n\t\t\t\t<div class=\"elementor-widget-container\">\n\t\t\t\t\t\t\t\t\t<div class=\"col-12 col-md-8 col-lg-9\">Atestace z d\u011btsk\u00e9 urologie<\/div>\t\t\t\t\t\t\t\t<\/div>\n\t\t\t\t<\/div>\n\t\t\t\t<\/div>\n\t\t\t\t\t<\/div>\n\t\t\t\t<\/div>\n\t\t<div class=\"elementor-element elementor-element-dd119f2 e-flex e-con-boxed e-con e-parent\" data-id=\"dd119f2\" data-element_type=\"container\" data-e-type=\"container\">\n\t\t\t\t\t<div class=\"e-con-inner\">\n\t\t<div class=\"elementor-element elementor-element-4ba8551 e-con-full e-flex e-con e-child\" data-id=\"4ba8551\" data-element_type=\"container\" data-e-type=\"container\">\n\t\t\t\t<div class=\"elementor-element elementor-element-cce06e7 elementor-widget elementor-widget-text-editor\" data-id=\"cce06e7\" data-element_type=\"widget\" data-e-type=\"widget\" data-widget_type=\"text-editor.default\">\n\t\t\t\t<div class=\"elementor-widget-container\">\n\t\t\t\t\t\t\t\t\t<p>2001<\/p>\t\t\t\t\t\t\t\t<\/div>\n\t\t\t\t<\/div>\n\t\t\t\t<\/div>\n\t\t<div class=\"elementor-element elementor-element-04a8470 e-con-full e-flex e-con e-child\" data-id=\"04a8470\" data-element_type=\"container\" data-e-type=\"container\">\n\t\t\t\t<div class=\"elementor-element elementor-element-5afde9c elementor-widget elementor-widget-text-editor\" data-id=\"5afde9c\" data-element_type=\"widget\" data-e-type=\"widget\" data-widget_type=\"text-editor.default\">\n\t\t\t\t<div class=\"elementor-widget-container\">\n\t\t\t\t\t\t\t\t\t<div class=\"row g-4\"><div class=\"col-12 col-md-8 col-lg-9\">Promoce na 3. l\u00e9ka\u0159sk\u00e9 fakult\u011b Univerzity Karlovy v Praze<\/div><\/div>\t\t\t\t\t\t\t\t<\/div>\n\t\t\t\t<\/div>\n\t\t\t\t<\/div>\n\t\t\t\t\t<\/div>\n\t\t\t\t<\/div>\n\t\t<div class=\"elementor-element elementor-element-7040f5f e-flex e-con-boxed e-con e-parent\" data-id=\"7040f5f\" data-element_type=\"container\" data-e-type=\"container\">\n\t\t\t\t\t<div class=\"e-con-inner\">\n\t\t<div class=\"elementor-element elementor-element-f1e989c e-con-full e-flex e-con e-child\" data-id=\"f1e989c\" data-element_type=\"container\" data-e-type=\"container\">\n\t\t\t\t<div class=\"elementor-element elementor-element-7a112e1 elementor-widget elementor-widget-heading\" data-id=\"7a112e1\" data-element_type=\"widget\" data-e-type=\"widget\" data-widget_type=\"heading.default\">\n\t\t\t\t<div class=\"elementor-widget-container\">\n\t\t\t\t\t<h2 class=\"elementor-heading-title elementor-size-default\">Courses, Meetings, Conferences<\/h2>\t\t\t\t<\/div>\n\t\t\t\t<\/div>\n\t\t\t\t<\/div>\n\t\t\t\t\t<\/div>\n\t\t\t\t<\/div>\n\t\t<div class=\"elementor-element elementor-element-56160a6 e-flex e-con-boxed e-con e-parent\" data-id=\"56160a6\" data-element_type=\"container\" data-e-type=\"container\">\n\t\t\t\t\t<div class=\"e-con-inner\">\n\t\t<div class=\"elementor-element elementor-element-91d5492 e-con-full e-flex e-con e-child\" data-id=\"91d5492\" data-element_type=\"container\" data-e-type=\"container\">\n\t\t\t\t<div class=\"elementor-element elementor-element-a3f958f elementor-widget elementor-widget-text-editor\" data-id=\"a3f958f\" data-element_type=\"widget\" data-e-type=\"widget\" data-widget_type=\"text-editor.default\">\n\t\t\t\t<div class=\"elementor-widget-container\">\n\t\t\t\t\t\t\t\t\t<p>2015<\/p>\t\t\t\t\t\t\t\t<\/div>\n\t\t\t\t<\/div>\n\t\t\t\t<\/div>\n\t\t<div class=\"elementor-element elementor-element-56ad356 e-con-full e-flex e-con e-child\" data-id=\"56ad356\" data-element_type=\"container\" data-e-type=\"container\">\n\t\t\t\t<div class=\"elementor-element elementor-element-468c5ad elementor-widget elementor-widget-text-editor\" data-id=\"468c5ad\" data-element_type=\"widget\" data-e-type=\"widget\" data-widget_type=\"text-editor.default\">\n\t\t\t\t<div class=\"elementor-widget-container\">\n\t\t\t\t\t\t\t\t\t<div class=\"col-12 col-md-8 col-lg-9\"><div class=\"col-12 col-md-8 col-lg-9\">Certifik\u00e1t (JCPU) Evropsk\u00e9 odborn\u00e9 spole\u010dnosti pro d\u011btskou urologii \u2013 titul FEAPU<\/div><\/div>\t\t\t\t\t\t\t\t<\/div>\n\t\t\t\t<\/div>\n\t\t\t\t<\/div>\n\t\t\t\t\t<\/div>\n\t\t\t\t<\/div>\n\t\t<div class=\"elementor-element elementor-element-e7fb65e e-flex e-con-boxed e-con e-parent\" data-id=\"e7fb65e\" data-element_type=\"container\" data-e-type=\"container\">\n\t\t\t\t\t<div class=\"e-con-inner\">\n\t\t<div class=\"elementor-element elementor-element-e7a1b39 e-con-full e-flex e-con e-child\" data-id=\"e7a1b39\" data-element_type=\"container\" data-e-type=\"container\">\n\t\t\t\t<div class=\"elementor-element elementor-element-9632aa3 elementor-widget elementor-widget-text-editor\" data-id=\"9632aa3\" data-element_type=\"widget\" data-e-type=\"widget\" data-widget_type=\"text-editor.default\">\n\t\t\t\t<div class=\"elementor-widget-container\">\n\t\t\t\t\t\t\t\t\t<p>2013<\/p>\t\t\t\t\t\t\t\t<\/div>\n\t\t\t\t<\/div>\n\t\t\t\t<\/div>\n\t\t<div class=\"elementor-element elementor-element-e8eaa07 e-con-full e-flex e-con e-child\" data-id=\"e8eaa07\" data-element_type=\"container\" data-e-type=\"container\">\n\t\t\t\t<div class=\"elementor-element elementor-element-8a333b6 elementor-widget elementor-widget-text-editor\" data-id=\"8a333b6\" data-element_type=\"widget\" data-e-type=\"widget\" data-widget_type=\"text-editor.default\">\n\t\t\t\t<div class=\"elementor-widget-container\">\n\t\t\t\t\t\t\t\t\t<p>Certifik\u00e1t (EAU) Evropsk\u00e9 Urologick\u00e9 Asociace \u2013 titul FEBU<\/p>\t\t\t\t\t\t\t\t<\/div>\n\t\t\t\t<\/div>\n\t\t\t\t<\/div>\n\t\t\t\t\t<\/div>\n\t\t\t\t<\/div>\n\t\t\t\t<\/div>\n\t\t","protected":false},"excerpt":{"rendered":"<p>Petr Hol\u00fd, MD UROLOGY Learn more \u2193 Personal Information Date of birth Medical Employment 2021 &#8211; PRESENT Concierge Medicine Europe\u00a0Urologick\u00e9 odd\u011blen\u00ed, IVF Centrum Gennet, Praha\u00a0Soukrom\u00e9 zdravotnick\u00e9 za\u0159\u00edzen\u00ed UROSANT\u00c9, Praha\u00a0Urologick\u00fd t\u00fdm, Odd\u011blen\u00ed transplanta\u010dn\u00ed chirurgie, Institut Klinick\u00e9 a Experiment\u00e1ln\u00ed Mediciny (IKEM)\u00a0Konzultant, urolog a urologick\u00fd chirurg \u2013 Kingston Hospital NHS Trust, Velk\u00e1 Brit\u00e1nie\u00a0P\u0159edatestasta\u010dn\u00ed p\u0159\u00edprava na Urologick\u00e9m odd\u011blen\u00ed, Fakultn\u00ed [&hellip;]<\/p>\n","protected":false},"author":1,"featured_media":0,"parent":13730,"menu_order":0,"comment_status":"closed","ping_status":"closed","template":"","meta":{"inline_featured_image":false,"slim_seo":{"title":"Petr Hol\u00fd, MD","description":"Dr. Hol\u00fd is an expert in the field of urology with many years of experience in the field. He holds a Ph.D. in surgery and certificates awarded by EAU and JCPU."},"footnotes":""},"class_list":["post-3461","page","type-page","status-publish","hentry","entry"],"_links":{"self":[{"href":"https:\/\/conciergemedicine.cz\/en\/wp-json\/wp\/v2\/pages\/3461","targetHints":{"allow":["GET"]}}],"collection":[{"href":"https:\/\/conciergemedicine.cz\/en\/wp-json\/wp\/v2\/pages"}],"about":[{"href":"https:\/\/conciergemedicine.cz\/en\/wp-json\/wp\/v2\/types\/page"}],"author":[{"embeddable":true,"href":"https:\/\/conciergemedicine.cz\/en\/wp-json\/wp\/v2\/users\/1"}],"replies":[{"embeddable":true,"href":"https:\/\/conciergemedicine.cz\/en\/wp-json\/wp\/v2\/comments?post=3461"}],"version-history":[{"count":0,"href":"https:\/\/conciergemedicine.cz\/en\/wp-json\/wp\/v2\/pages\/3461\/revisions"}],"up":[{"embeddable":true,"href":"https:\/\/conciergemedicine.cz\/en\/wp-json\/wp\/v2\/pages\/13730"}],"wp:attachment":[{"href":"https:\/\/conciergemedicine.cz\/en\/wp-json\/wp\/v2\/media?parent=3461"}],"curies":[{"name":"wp","href":"https:\/\/api.w.org\/{rel}","templated":true}]}}