{"id":3377,"date":"2023-11-05T08:43:37","date_gmt":"2023-11-05T08:43:37","guid":{"rendered":"https:\/\/staging.conciergemedicine.cz?page_id=3377"},"modified":"2026-04-21T16:47:04","modified_gmt":"2026-04-21T14:47:04","slug":"lukrecia-tatarova-md-mba","status":"publish","type":"page","link":"https:\/\/conciergemedicine.cz\/en\/doctors\/lukrecia-tatarova-md-mba\/","title":{"rendered":"Lukr\u00e9cia Tat\u00e1rov\u00e1, MD, MBA"},"content":{"rendered":"\t\t<div data-elementor-type=\"wp-page\" data-elementor-id=\"3377\" class=\"elementor elementor-3377\" data-elementor-post-type=\"page\">\n\t\t\t\t<div class=\"elementor-element elementor-element-29808a7 e-flex e-con-boxed e-con e-parent\" data-id=\"29808a7\" data-element_type=\"container\" data-e-type=\"container\">\n\t\t\t\t\t<div class=\"e-con-inner\">\n\t\t<div class=\"elementor-element elementor-element-43f83b5 e-con-full e-flex e-con e-child\" data-id=\"43f83b5\" data-element_type=\"container\" data-e-type=\"container\">\n\t\t\t\t<div class=\"elementor-element elementor-element-fa27b04 elementor-widget elementor-widget-image\" data-id=\"fa27b04\" data-element_type=\"widget\" data-e-type=\"widget\" data-widget_type=\"image.default\">\n\t\t\t\t<div class=\"elementor-widget-container\">\n\t\t\t\t\t\t\t\t\t\t\t\t\t\t\t<img fetchpriority=\"high\" decoding=\"async\" width=\"550\" height=\"730\" src=\"https:\/\/conciergemedicine.cz\/wp-content\/uploads\/2023\/10\/2-1_550.jpg\" class=\"attachment-large size-large wp-image-1400\" alt=\"2 1\" srcset=\"https:\/\/conciergemedicine.cz\/wp-content\/uploads\/2023\/10\/2-1_550.jpg 550w, https:\/\/conciergemedicine.cz\/wp-content\/uploads\/2023\/10\/2-1_550-226x300.jpg 226w, https:\/\/conciergemedicine.cz\/wp-content\/uploads\/2023\/10\/2-1_550-9x12.jpg 9w, https:\/\/conciergemedicine.cz\/wp-content\/uploads\/2023\/10\/2-1_550-18x24.jpg 18w, https:\/\/conciergemedicine.cz\/wp-content\/uploads\/2023\/10\/2-1_550-27x36.jpg 27w, https:\/\/conciergemedicine.cz\/wp-content\/uploads\/2023\/10\/2-1_550-36x48.jpg 36w\" sizes=\"(max-width: 550px) 100vw, 550px\" \/>\t\t\t\t\t\t\t\t\t\t\t\t\t\t\t<\/div>\n\t\t\t\t<\/div>\n\t\t\t\t<\/div>\n\t\t<div class=\"elementor-element elementor-element-905f8ea e-con-full e-flex e-con e-child\" data-id=\"905f8ea\" data-element_type=\"container\" data-e-type=\"container\">\n\t\t\t\t<div class=\"elementor-element elementor-element-e2e5ad6 elementor-widget elementor-widget-heading\" data-id=\"e2e5ad6\" data-element_type=\"widget\" data-e-type=\"widget\" data-widget_type=\"heading.default\">\n\t\t\t\t<div class=\"elementor-widget-container\">\n\t\t\t\t\t<h1 class=\"elementor-heading-title elementor-size-default\">Lukr\u00e9cia Tat\u00e1rov\u00e1, MD, MBA<\/h1>\t\t\t\t<\/div>\n\t\t\t\t<\/div>\n\t\t\t\t<div class=\"elementor-element elementor-element-67a47bc elementor-widget elementor-widget-text-editor\" data-id=\"67a47bc\" data-element_type=\"widget\" data-e-type=\"widget\" data-widget_type=\"text-editor.default\">\n\t\t\t\t<div class=\"elementor-widget-container\">\n\t\t\t\t\t\t\t\t\t<p>GYNECOLOGY<\/p>\t\t\t\t\t\t\t\t<\/div>\n\t\t\t\t<\/div>\n\t\t\t\t<div class=\"elementor-element elementor-element-889281f elementor-widget-divider--view-line elementor-widget elementor-widget-divider\" data-id=\"889281f\" data-element_type=\"widget\" data-e-type=\"widget\" data-widget_type=\"divider.default\">\n\t\t\t\t<div class=\"elementor-widget-container\">\n\t\t\t\t\t\t\t<div class=\"elementor-divider\">\n\t\t\t<span class=\"elementor-divider-separator\">\n\t\t\t\t\t\t<\/span>\n\t\t<\/div>\n\t\t\t\t\t\t<\/div>\n\t\t\t\t<\/div>\n\t\t\t\t<div class=\"elementor-element elementor-element-1661661 elementor-widget elementor-widget-text-editor\" data-id=\"1661661\" data-element_type=\"widget\" data-e-type=\"widget\" data-widget_type=\"text-editor.default\">\n\t\t\t\t<div class=\"elementor-widget-container\">\n\t\t\t\t\t\t\t\t\t<p><span style=\"color: #003a5d;\"><a style=\"color: #003a5d;\" href=\"#lukrecia\">Learn more <strong>\u2193<\/strong><\/a><\/span><\/p>\t\t\t\t\t\t\t\t<\/div>\n\t\t\t\t<\/div>\n\t\t\t\t<\/div>\n\t\t\t\t\t<\/div>\n\t\t\t\t<\/div>\n\t\t<div class=\"elementor-element elementor-element-4fd53d6 e-flex e-con-boxed e-con e-parent\" data-id=\"4fd53d6\" data-element_type=\"container\" data-e-type=\"container\" id=\"lukrecia\">\n\t\t\t\t\t<div class=\"e-con-inner\">\n\t\t<div class=\"elementor-element elementor-element-c6ad7ce e-con-full e-flex e-con e-child\" data-id=\"c6ad7ce\" data-element_type=\"container\" data-e-type=\"container\">\n\t\t\t\t<div class=\"elementor-element elementor-element-baf20c7 elementor-widget elementor-widget-heading\" data-id=\"baf20c7\" data-element_type=\"widget\" data-e-type=\"widget\" data-widget_type=\"heading.default\">\n\t\t\t\t<div class=\"elementor-widget-container\">\n\t\t\t\t\t<h2 class=\"elementor-heading-title elementor-size-default\">Personal Information<\/h2>\t\t\t\t<\/div>\n\t\t\t\t<\/div>\n\t\t\t\t<div class=\"elementor-element elementor-element-da26a3d elementor-widget elementor-widget-text-editor\" data-id=\"da26a3d\" data-element_type=\"widget\" data-e-type=\"widget\" data-widget_type=\"text-editor.default\">\n\t\t\t\t<div class=\"elementor-widget-container\">\n\t\t\t\t\t\t\t\t\t<p>Date of birth<\/p>\t\t\t\t\t\t\t\t<\/div>\n\t\t\t\t<\/div>\n\t\t\t\t<\/div>\n\t\t\t\t\t<\/div>\n\t\t\t\t<\/div>\n\t\t<div class=\"elementor-element elementor-element-c3b5f2d e-flex e-con-boxed e-con e-parent\" data-id=\"c3b5f2d\" data-element_type=\"container\" data-e-type=\"container\">\n\t\t\t\t\t<div class=\"e-con-inner\">\n\t\t<div class=\"elementor-element elementor-element-f362c01 e-con-full e-flex e-con e-child\" data-id=\"f362c01\" data-element_type=\"container\" data-e-type=\"container\">\n\t\t\t\t<div class=\"elementor-element elementor-element-6bac67d elementor-widget elementor-widget-heading\" data-id=\"6bac67d\" data-element_type=\"widget\" data-e-type=\"widget\" data-widget_type=\"heading.default\">\n\t\t\t\t<div class=\"elementor-widget-container\">\n\t\t\t\t\t<h2 class=\"elementor-heading-title elementor-size-default\">Education And Qualifications\n<\/h2>\t\t\t\t<\/div>\n\t\t\t\t<\/div>\n\t\t\t\t<\/div>\n\t\t\t\t\t<\/div>\n\t\t\t\t<\/div>\n\t\t<div class=\"elementor-element elementor-element-cd0654e e-flex e-con-boxed e-con e-parent\" data-id=\"cd0654e\" data-element_type=\"container\" data-e-type=\"container\">\n\t\t\t\t\t<div class=\"e-con-inner\">\n\t\t<div class=\"elementor-element elementor-element-0be746d e-con-full e-flex e-con e-child\" data-id=\"0be746d\" data-element_type=\"container\" data-e-type=\"container\">\n\t\t\t\t<div class=\"elementor-element elementor-element-364dea3 elementor-widget elementor-widget-text-editor\" data-id=\"364dea3\" data-element_type=\"widget\" data-e-type=\"widget\" data-widget_type=\"text-editor.default\">\n\t\t\t\t<div class=\"elementor-widget-container\">\n\t\t\t\t\t\t\t\t\t<div class=\"col-12 col-md-4 col-lg-3 color-light-green\">2014<\/div>\t\t\t\t\t\t\t\t<\/div>\n\t\t\t\t<\/div>\n\t\t\t\t<\/div>\n\t\t<div class=\"elementor-element elementor-element-39ce331 e-con-full e-flex e-con e-child\" data-id=\"39ce331\" data-element_type=\"container\" data-e-type=\"container\">\n\t\t\t\t<div class=\"elementor-element elementor-element-d2e8ff5 elementor-widget elementor-widget-text-editor\" data-id=\"d2e8ff5\" data-element_type=\"widget\" data-e-type=\"widget\" data-widget_type=\"text-editor.default\">\n\t\t\t\t<div class=\"elementor-widget-container\">\n\t\t\t\t\t\t\t\t\t<div class=\"col-12 col-md-8 col-lg-9\">MBA in Health Care Management<\/div><div>\u00a0<\/div><div>Certification in gynecology and obstetrics, specialized competence for gynecology and obstetrics, a diploma from lifelong education of the Czech Medical Chamber.<\/div>\t\t\t\t\t\t\t\t<\/div>\n\t\t\t\t<\/div>\n\t\t\t\t<\/div>\n\t\t\t\t\t<\/div>\n\t\t\t\t<\/div>\n\t\t<div class=\"elementor-element elementor-element-318acae e-flex e-con-boxed e-con e-parent\" data-id=\"318acae\" data-element_type=\"container\" data-e-type=\"container\">\n\t\t\t\t\t<div class=\"e-con-inner\">\n\t\t<div class=\"elementor-element elementor-element-52aeb61 e-con-full e-flex e-con e-child\" data-id=\"52aeb61\" data-element_type=\"container\" data-e-type=\"container\">\n\t\t\t\t<div class=\"elementor-element elementor-element-4fe618d elementor-widget elementor-widget-text-editor\" data-id=\"4fe618d\" data-element_type=\"widget\" data-e-type=\"widget\" data-widget_type=\"text-editor.default\">\n\t\t\t\t<div class=\"elementor-widget-container\">\n\t\t\t\t\t\t\t\t\t<p>1999<\/p>\t\t\t\t\t\t\t\t<\/div>\n\t\t\t\t<\/div>\n\t\t\t\t<\/div>\n\t\t<div class=\"elementor-element elementor-element-2180a4b e-con-full e-flex e-con e-child\" data-id=\"2180a4b\" data-element_type=\"container\" data-e-type=\"container\">\n\t\t\t\t<div class=\"elementor-element elementor-element-7781fd2 elementor-widget elementor-widget-text-editor\" data-id=\"7781fd2\" data-element_type=\"widget\" data-e-type=\"widget\" data-widget_type=\"text-editor.default\">\n\t\t\t\t<div class=\"elementor-widget-container\">\n\t\t\t\t\t\t\t\t\t<div class=\"row g-4\"><div class=\"col-12 col-md-8 col-lg-9\">Medical Faculty at Charles University in Hradec Kralove<\/div><\/div>\t\t\t\t\t\t\t\t<\/div>\n\t\t\t\t<\/div>\n\t\t\t\t<\/div>\n\t\t\t\t\t<\/div>\n\t\t\t\t<\/div>\n\t\t<div class=\"elementor-element elementor-element-1dac9a8 e-flex e-con-boxed e-con e-parent\" data-id=\"1dac9a8\" data-element_type=\"container\" data-e-type=\"container\">\n\t\t\t\t\t<div class=\"e-con-inner\">\n\t\t<div class=\"elementor-element elementor-element-a2b3101 e-con-full e-flex e-con e-child\" data-id=\"a2b3101\" data-element_type=\"container\" data-e-type=\"container\">\n\t\t\t\t<div class=\"elementor-element elementor-element-71c25aa elementor-widget elementor-widget-heading\" data-id=\"71c25aa\" data-element_type=\"widget\" data-e-type=\"widget\" data-widget_type=\"heading.default\">\n\t\t\t\t<div class=\"elementor-widget-container\">\n\t\t\t\t\t<h2 class=\"elementor-heading-title elementor-size-default\">Courses, Meetings, Conferences<\/h2>\t\t\t\t<\/div>\n\t\t\t\t<\/div>\n\t\t\t\t<\/div>\n\t\t\t\t\t<\/div>\n\t\t\t\t<\/div>\n\t\t<div class=\"elementor-element elementor-element-cda85e0 e-flex e-con-boxed e-con e-parent\" data-id=\"cda85e0\" data-element_type=\"container\" data-e-type=\"container\">\n\t\t\t\t\t<div class=\"e-con-inner\">\n\t\t<div class=\"elementor-element elementor-element-90511fe e-con-full e-flex e-con e-child\" data-id=\"90511fe\" data-element_type=\"container\" data-e-type=\"container\">\n\t\t\t\t<div class=\"elementor-element elementor-element-055626b elementor-widget elementor-widget-text-editor\" data-id=\"055626b\" data-element_type=\"widget\" data-e-type=\"widget\" data-widget_type=\"text-editor.default\">\n\t\t\t\t<div class=\"elementor-widget-container\">\n\t\t\t\t\t\t\t\t\t<div class=\"row g-4\"><div class=\"col-12 col-md-8 col-lg-9\"><div class=\"row g-4\"><div class=\"col-12\">Regularly takes part in domestic and foreign seminars and conferences.<\/div><\/div><\/div><\/div>\t\t\t\t\t\t\t\t<\/div>\n\t\t\t\t<\/div>\n\t\t\t\t<\/div>\n\t\t\t\t\t<\/div>\n\t\t\t\t<\/div>\n\t\t<div class=\"elementor-element elementor-element-7479383 e-flex e-con-boxed e-con e-parent\" data-id=\"7479383\" data-element_type=\"container\" data-e-type=\"container\">\n\t\t\t\t\t<div class=\"e-con-inner\">\n\t\t<div class=\"elementor-element elementor-element-0e63a6c e-con-full e-flex e-con e-child\" data-id=\"0e63a6c\" data-element_type=\"container\" data-e-type=\"container\">\n\t\t\t\t<div class=\"elementor-element elementor-element-2fa4791 elementor-widget elementor-widget-heading\" data-id=\"2fa4791\" data-element_type=\"widget\" data-e-type=\"widget\" data-widget_type=\"heading.default\">\n\t\t\t\t<div class=\"elementor-widget-container\">\n\t\t\t\t\t<h2 class=\"elementor-heading-title elementor-size-default\">Membership In Medical Societies<\/h2>\t\t\t\t<\/div>\n\t\t\t\t<\/div>\n\t\t\t\t<\/div>\n\t\t\t\t\t<\/div>\n\t\t\t\t<\/div>\n\t\t<div class=\"elementor-element elementor-element-0165a84 e-flex e-con-boxed e-con e-parent\" data-id=\"0165a84\" data-element_type=\"container\" data-e-type=\"container\">\n\t\t\t\t\t<div class=\"e-con-inner\">\n\t\t<div class=\"elementor-element elementor-element-f8d67bb e-con-full e-flex e-con e-child\" data-id=\"f8d67bb\" data-element_type=\"container\" data-e-type=\"container\">\n\t\t\t\t<div class=\"elementor-element elementor-element-a290fea elementor-widget elementor-widget-text-editor\" data-id=\"a290fea\" data-element_type=\"widget\" data-e-type=\"widget\" data-widget_type=\"text-editor.default\">\n\t\t\t\t<div class=\"elementor-widget-container\">\n\t\t\t\t\t\t\t\t\t<div class=\"row g-4\"><div class=\"col-12 col-md-8 col-lg-9\"><div class=\"col-12\">Czech Medical Chamber<\/div><div>\u00a0<\/div><div class=\"col-12\">Czech Gynecological and Obstetrical Society<\/div><\/div><\/div>\t\t\t\t\t\t\t\t<\/div>\n\t\t\t\t<\/div>\n\t\t\t\t<\/div>\n\t\t\t\t\t<\/div>\n\t\t\t\t<\/div>\n\t\t<div class=\"elementor-element elementor-element-5cd255e e-flex e-con-boxed e-con e-parent\" data-id=\"5cd255e\" data-element_type=\"container\" data-e-type=\"container\">\n\t\t\t\t\t<div class=\"e-con-inner\">\n\t\t<div class=\"elementor-element elementor-element-d3af363 e-con-full e-flex e-con e-child\" data-id=\"d3af363\" data-element_type=\"container\" data-e-type=\"container\">\n\t\t\t\t<div class=\"elementor-element elementor-element-bc90df1 elementor-widget elementor-widget-heading\" data-id=\"bc90df1\" data-element_type=\"widget\" data-e-type=\"widget\" data-widget_type=\"heading.default\">\n\t\t\t\t<div class=\"elementor-widget-container\">\n\t\t\t\t\t<h2 class=\"elementor-heading-title elementor-size-default\">Languages<\/h2>\t\t\t\t<\/div>\n\t\t\t\t<\/div>\n\t\t\t\t<\/div>\n\t\t\t\t\t<\/div>\n\t\t\t\t<\/div>\n\t\t<div class=\"elementor-element elementor-element-2ac9828 e-flex e-con-boxed e-con e-parent\" data-id=\"2ac9828\" data-element_type=\"container\" data-e-type=\"container\">\n\t\t\t\t\t<div class=\"e-con-inner\">\n\t\t<div class=\"elementor-element elementor-element-6484896 e-con-full e-flex e-con e-child\" data-id=\"6484896\" data-element_type=\"container\" data-e-type=\"container\">\n\t\t\t\t<div class=\"elementor-element elementor-element-d0a4a54 elementor-widget elementor-widget-text-editor\" data-id=\"d0a4a54\" data-element_type=\"widget\" data-e-type=\"widget\" data-widget_type=\"text-editor.default\">\n\t\t\t\t<div class=\"elementor-widget-container\">\n\t\t\t\t\t\t\t\t\t<div class=\"row g-4\"><div class=\"col-12 col-md-8 col-lg-9\">Czech<\/div><div>Slovak<\/div><div class=\"col-12 col-md-8 col-lg-9\">English<\/div><\/div>\t\t\t\t\t\t\t\t<\/div>\n\t\t\t\t<\/div>\n\t\t\t\t<\/div>\n\t\t\t\t\t<\/div>\n\t\t\t\t<\/div>\n\t\t\t\t<\/div>\n\t\t","protected":false},"excerpt":{"rendered":"<p>Lukr\u00e9cia Tat\u00e1rov\u00e1, MD, MBA GYNECOLOGY Learn more \u2193 Personal Information Date of birth Education And Qualifications 2014MBA in Health Care Management\u00a0Certification in gynecology and obstetrics, specialized competence for gynecology and obstetrics, a diploma from lifelong education of the Czech Medical Chamber. 1999 Medical Faculty at Charles University in Hradec Kralove Courses, Meetings, Conferences Regularly takes [&hellip;]<\/p>\n","protected":false},"author":1,"featured_media":0,"parent":13730,"menu_order":0,"comment_status":"closed","ping_status":"closed","template":"","meta":{"inline_featured_image":false,"slim_seo":{"title":"Lukr\u00e9cia Tat\u00e1rov\u00e1, MD, MBA","description":"Dr. Lukr\u00e9cia Tat\u00e1rov\u00e1, MBA is a highly qualified gynecologist and also a member of the Czech Medical Chamber and the Czech Gynecological and Obstetric Society."},"footnotes":""},"class_list":["post-3377","page","type-page","status-publish","hentry","entry"],"_links":{"self":[{"href":"https:\/\/conciergemedicine.cz\/en\/wp-json\/wp\/v2\/pages\/3377","targetHints":{"allow":["GET"]}}],"collection":[{"href":"https:\/\/conciergemedicine.cz\/en\/wp-json\/wp\/v2\/pages"}],"about":[{"href":"https:\/\/conciergemedicine.cz\/en\/wp-json\/wp\/v2\/types\/page"}],"author":[{"embeddable":true,"href":"https:\/\/conciergemedicine.cz\/en\/wp-json\/wp\/v2\/users\/1"}],"replies":[{"embeddable":true,"href":"https:\/\/conciergemedicine.cz\/en\/wp-json\/wp\/v2\/comments?post=3377"}],"version-history":[{"count":0,"href":"https:\/\/conciergemedicine.cz\/en\/wp-json\/wp\/v2\/pages\/3377\/revisions"}],"up":[{"embeddable":true,"href":"https:\/\/conciergemedicine.cz\/en\/wp-json\/wp\/v2\/pages\/13730"}],"wp:attachment":[{"href":"https:\/\/conciergemedicine.cz\/en\/wp-json\/wp\/v2\/media?parent=3377"}],"curies":[{"name":"wp","href":"https:\/\/api.w.org\/{rel}","templated":true}]}}