{"id":14855,"date":"2026-02-26T14:21:00","date_gmt":"2026-02-26T13:21:00","guid":{"rendered":"https:\/\/staging.conciergemedicine.cz\/?page_id=14855"},"modified":"2026-04-18T20:15:13","modified_gmt":"2026-04-18T18:15:13","slug":"ent-ear-nose-throat","status":"publish","type":"page","link":"https:\/\/conciergemedicine.cz\/en\/ent-ear-nose-throat\/","title":{"rendered":"ENT \u2013 Ear, Nose &amp; Throat"},"content":{"rendered":"\t\t<div data-elementor-type=\"wp-page\" data-elementor-id=\"14855\" class=\"elementor elementor-14855\" data-elementor-post-type=\"page\">\n\t\t\t\t<div class=\"elementor-element elementor-element-042bff2 e-flex e-con-boxed e-con e-parent\" data-id=\"042bff2\" data-element_type=\"container\" data-e-type=\"container\" data-settings=\"{&quot;background_background&quot;:&quot;classic&quot;}\">\n\t\t\t\t\t<div class=\"e-con-inner\">\n\t\t<div class=\"elementor-element elementor-element-064d540 e-con-full e-flex e-con e-child\" data-id=\"064d540\" data-element_type=\"container\" data-e-type=\"container\">\n\t\t\t\t<div class=\"elementor-element elementor-element-eeeb85d elementor-widget elementor-widget-heading\" data-id=\"eeeb85d\" data-element_type=\"widget\" data-e-type=\"widget\" data-widget_type=\"heading.default\">\n\t\t\t\t<div class=\"elementor-widget-container\">\n\t\t\t\t\t<h1 class=\"elementor-heading-title elementor-size-default\">ENT \u2013 Ear, Nose &amp; Throat<\/h1>\t\t\t\t<\/div>\n\t\t\t\t<\/div>\n\t\t\t\t<div class=\"elementor-element elementor-element-3907df1 elementor-widget elementor-widget-text-editor\" data-id=\"3907df1\" data-element_type=\"widget\" data-e-type=\"widget\" data-widget_type=\"text-editor.default\">\n\t\t\t\t<div class=\"elementor-widget-container\">\n\t\t\t\t\t\t\t\t\t<p style=\"text-align: center;\">Concierge ENT Care in Prague<\/p>\t\t\t\t\t\t\t\t<\/div>\n\t\t\t\t<\/div>\n\t\t\t\t<\/div>\n\t\t\t\t\t<\/div>\n\t\t\t\t<\/div>\n\t\t<div class=\"elementor-element elementor-element-07085f7 e-flex e-con-boxed e-con e-parent\" data-id=\"07085f7\" data-element_type=\"container\" data-e-type=\"container\">\n\t\t\t\t\t<div class=\"e-con-inner\">\n\t\t<div class=\"elementor-element elementor-element-d610780 e-con-full e-flex e-con e-child\" data-id=\"d610780\" data-element_type=\"container\" data-e-type=\"container\">\n\t\t\t\t<div class=\"elementor-element elementor-element-1ba1569 elementor-widget elementor-widget-image\" data-id=\"1ba1569\" data-element_type=\"widget\" data-e-type=\"widget\" data-widget_type=\"image.default\">\n\t\t\t\t<div class=\"elementor-widget-container\">\n\t\t\t\t\t\t\t\t\t\t\t\t\t\t\t<img fetchpriority=\"high\" decoding=\"async\" width=\"1536\" height=\"864\" src=\"https:\/\/conciergemedicine.cz\/wp-content\/uploads\/2026\/01\/dep-orl-hero-1536x864.webp\" class=\"attachment-1536x1536 size-1536x1536 wp-image-11919\" alt=\"Dep orl hero\" srcset=\"https:\/\/conciergemedicine.cz\/wp-content\/uploads\/2026\/01\/dep-orl-hero-1536x864.webp 1536w, https:\/\/conciergemedicine.cz\/wp-content\/uploads\/2026\/01\/dep-orl-hero-300x169.webp 300w, https:\/\/conciergemedicine.cz\/wp-content\/uploads\/2026\/01\/dep-orl-hero-1024x576.webp 1024w, https:\/\/conciergemedicine.cz\/wp-content\/uploads\/2026\/01\/dep-orl-hero-768x432.webp 768w, https:\/\/conciergemedicine.cz\/wp-content\/uploads\/2026\/01\/dep-orl-hero-18x10.webp 18w, https:\/\/conciergemedicine.cz\/wp-content\/uploads\/2026\/01\/dep-orl-hero-800x450.webp 800w, https:\/\/conciergemedicine.cz\/wp-content\/uploads\/2026\/01\/dep-orl-hero-24x14.webp 24w, https:\/\/conciergemedicine.cz\/wp-content\/uploads\/2026\/01\/dep-orl-hero-36x20.webp 36w, https:\/\/conciergemedicine.cz\/wp-content\/uploads\/2026\/01\/dep-orl-hero-48x27.webp 48w, https:\/\/conciergemedicine.cz\/wp-content\/uploads\/2026\/01\/dep-orl-hero.webp 1920w\" sizes=\"(max-width: 1536px) 100vw, 1536px\" \/>\t\t\t\t\t\t\t\t\t\t\t\t\t\t\t<\/div>\n\t\t\t\t<\/div>\n\t\t\t\t<\/div>\n\t\t\t\t\t<\/div>\n\t\t\t\t<\/div>\n\t\t<div class=\"elementor-element elementor-element-53f4a21 e-flex e-con-boxed e-con e-parent\" data-id=\"53f4a21\" data-element_type=\"container\" data-e-type=\"container\">\n\t\t\t\t\t<div class=\"e-con-inner\">\n\t\t<div class=\"elementor-element elementor-element-3227e64 e-con-full e-flex e-con e-child\" data-id=\"3227e64\" data-element_type=\"container\" data-e-type=\"container\">\n\t\t\t\t<div class=\"elementor-element elementor-element-445ae4c elementor-widget elementor-widget-text-editor\" data-id=\"445ae4c\" data-element_type=\"widget\" data-e-type=\"widget\" data-widget_type=\"text-editor.default\">\n\t\t\t\t<div class=\"elementor-widget-container\">\n\t\t\t\t\t\t\t\t\tAt Concierge Medicine Europe, we believe ENT care should be as attentive and specialized as the senses it protects. Whether you\u2019re struggling with chronic sinusitis, hearing issues, or voice problems, our Concierge ENT service ensures expert, timely care\u2014delivered without waiting rooms or rushed consultations.\n<br><br>\nAs a Center of Excellence for Lifestyle Medicine &amp; Healthy Longevity, we combine state-of-the-art diagnostics with integrative therapies to reduce inflammation, support immune health, and enhance your overall quality of life. We don\u2019t just treat symptoms\u2014we aim to address the root cause.\n\t\t\t\t\t\t\t\t<\/div>\n\t\t\t\t<\/div>\n\t\t\t\t<\/div>\n\t\t<div class=\"elementor-element elementor-element-b2b2adc e-con-full e-flex e-con e-child\" data-id=\"b2b2adc\" data-element_type=\"container\" data-e-type=\"container\">\n\t\t\t\t<div class=\"elementor-element elementor-element-ac42a88 elementor-align-right elementor-mobile-align-left elementor-widget elementor-widget-button\" data-id=\"ac42a88\" data-element_type=\"widget\" data-e-type=\"widget\" data-widget_type=\"button.default\">\n\t\t\t\t<div class=\"elementor-widget-container\">\n\t\t\t\t\t\t\t\t\t<div class=\"elementor-button-wrapper\">\n\t\t\t\t\t<a class=\"elementor-button elementor-button-link elementor-size-sm\" href=\"https:\/\/conciergemedicine.cz\/en\/contact\/\">\n\t\t\t\t\t\t<span class=\"elementor-button-content-wrapper\">\n\t\t\t\t\t\t\t\t\t<span class=\"elementor-button-text\">MAKE AN APPOINTMENT<\/span>\n\t\t\t\t\t<\/span>\n\t\t\t\t\t<\/a>\n\t\t\t\t<\/div>\n\t\t\t\t\t\t\t\t<\/div>\n\t\t\t\t<\/div>\n\t\t\t\t<\/div>\n\t\t\t\t\t<\/div>\n\t\t\t\t<\/div>\n\t\t<div class=\"elementor-element elementor-element-99bed0b e-flex e-con-boxed e-con e-parent\" data-id=\"99bed0b\" data-element_type=\"container\" data-e-type=\"container\" data-settings=\"{&quot;background_background&quot;:&quot;classic&quot;}\">\n\t\t\t\t\t<div class=\"e-con-inner\">\n\t\t<div class=\"elementor-element elementor-element-bb679fd e-con-full e-flex e-con e-child\" data-id=\"bb679fd\" data-element_type=\"container\" data-e-type=\"container\">\n\t\t\t\t<div class=\"elementor-element elementor-element-f549d14 elementor-widget elementor-widget-text-editor\" data-id=\"f549d14\" data-element_type=\"widget\" data-e-type=\"widget\" data-widget_type=\"text-editor.default\">\n\t\t\t\t<div class=\"elementor-widget-container\">\n\t\t\t\t\t\t\t\t\t<p style=\"text-align: center;\">Our ENT care is focused, human-centered, and designed for your real life<\/p>\t\t\t\t\t\t\t\t<\/div>\n\t\t\t\t<\/div>\n\t\t\t\t<\/div>\n\t\t\t\t\t<\/div>\n\t\t\t\t<\/div>\n\t\t<div class=\"elementor-element elementor-element-96cd433 e-flex e-con-boxed e-con e-parent\" data-id=\"96cd433\" data-element_type=\"container\" data-e-type=\"container\" data-settings=\"{&quot;background_background&quot;:&quot;classic&quot;}\">\n\t\t\t\t\t<div class=\"e-con-inner\">\n\t\t<div class=\"elementor-element elementor-element-49daa08 e-con-full e-flex e-con e-child\" data-id=\"49daa08\" data-element_type=\"container\" data-e-type=\"container\">\n\t\t\t\t<div class=\"elementor-element elementor-element-5aea5d4 elementor-widget elementor-widget-text-editor\" data-id=\"5aea5d4\" data-element_type=\"widget\" data-e-type=\"widget\" data-widget_type=\"text-editor.default\">\n\t\t\t\t<div class=\"elementor-widget-container\">\n\t\t\t\t\t\t\t\t\t<p>We provide comprehensive care for conditions such as recurrent ear infections, nasal obstruction, snoring, voice disorders, allergies, dizziness, and throat pain. Whether acute or chronic, your care is personalized and grounded in evidence-based practice.<\/p><p>\u00a0<\/p>\t\t\t\t\t\t\t\t<\/div>\n\t\t\t\t<\/div>\n\t\t\t\t<\/div>\n\t\t\t\t\t<\/div>\n\t\t\t\t<\/div>\n\t\t<div class=\"elementor-element elementor-element-b124dd3 e-flex e-con-boxed e-con e-parent\" data-id=\"b124dd3\" data-element_type=\"container\" data-e-type=\"container\" data-settings=\"{&quot;background_background&quot;:&quot;classic&quot;}\">\n\t\t\t\t\t<div class=\"e-con-inner\">\n\t\t<div class=\"elementor-element elementor-element-3d0439e e-con-full e-flex e-con e-child\" data-id=\"3d0439e\" data-element_type=\"container\" data-e-type=\"container\">\n\t\t\t\t<div class=\"elementor-element elementor-element-a78ea9c elementor-widget elementor-widget-image\" data-id=\"a78ea9c\" data-element_type=\"widget\" data-e-type=\"widget\" data-widget_type=\"image.default\">\n\t\t\t\t<div class=\"elementor-widget-container\">\n\t\t\t\t\t\t\t\t\t\t\t\t\t\t\t<img decoding=\"async\" width=\"768\" height=\"432\" src=\"https:\/\/conciergemedicine.cz\/wp-content\/uploads\/2026\/01\/dep-orl-tym-768x432.webp\" class=\"attachment-medium_large size-medium_large wp-image-11938\" alt=\"Dep orl tym\" srcset=\"https:\/\/conciergemedicine.cz\/wp-content\/uploads\/2026\/01\/dep-orl-tym-768x432.webp 768w, https:\/\/conciergemedicine.cz\/wp-content\/uploads\/2026\/01\/dep-orl-tym-300x169.webp 300w, https:\/\/conciergemedicine.cz\/wp-content\/uploads\/2026\/01\/dep-orl-tym-1024x576.webp 1024w, https:\/\/conciergemedicine.cz\/wp-content\/uploads\/2026\/01\/dep-orl-tym-1536x864.webp 1536w, https:\/\/conciergemedicine.cz\/wp-content\/uploads\/2026\/01\/dep-orl-tym-18x10.webp 18w, https:\/\/conciergemedicine.cz\/wp-content\/uploads\/2026\/01\/dep-orl-tym-800x450.webp 800w, https:\/\/conciergemedicine.cz\/wp-content\/uploads\/2026\/01\/dep-orl-tym-24x14.webp 24w, https:\/\/conciergemedicine.cz\/wp-content\/uploads\/2026\/01\/dep-orl-tym-36x20.webp 36w, https:\/\/conciergemedicine.cz\/wp-content\/uploads\/2026\/01\/dep-orl-tym-48x27.webp 48w, https:\/\/conciergemedicine.cz\/wp-content\/uploads\/2026\/01\/dep-orl-tym.webp 1920w\" sizes=\"(max-width: 768px) 100vw, 768px\" \/>\t\t\t\t\t\t\t\t\t\t\t\t\t\t\t<\/div>\n\t\t\t\t<\/div>\n\t\t\t\t<\/div>\n\t\t<div class=\"elementor-element elementor-element-eba296f e-con-full e-flex e-con e-child\" data-id=\"eba296f\" data-element_type=\"container\" data-e-type=\"container\">\n\t\t\t\t<div class=\"elementor-element elementor-element-f95a147 elementor-widget elementor-widget-text-editor\" data-id=\"f95a147\" data-element_type=\"widget\" data-e-type=\"widget\" data-widget_type=\"text-editor.default\">\n\t\t\t\t<div class=\"elementor-widget-container\">\n\t\t\t\t\t\t\t\t\t<span style=\"color: #009b9f; font-weight: bold;\">Our ENT specialists \n<\/span><br>\nlook forward to your visit!\n\t\t\t\t\t\t\t\t<\/div>\n\t\t\t\t<\/div>\n\t\t\t\t<div class=\"elementor-element elementor-element-be7f209 elementor-widget elementor-widget-text-editor\" data-id=\"be7f209\" data-element_type=\"widget\" data-e-type=\"widget\" data-widget_type=\"text-editor.default\">\n\t\t\t\t<div class=\"elementor-widget-container\">\n\t\t\t\t\t\t\t\t\t<p>\u27a5 Jaroslav Kraus, MD, Ph.D., MBA, LL.M.<br \/>\u27a5 Kristina Strakov\u00e1, MD<br \/>\u27a5 Eva Ko\u0161labov\u00e1, MD<br \/><br \/>Same-day appointments are now available at our Prague clinics!<\/p>\t\t\t\t\t\t\t\t<\/div>\n\t\t\t\t<\/div>\n\t\t\t\t<\/div>\n\t\t\t\t\t<\/div>\n\t\t\t\t<\/div>\n\t\t<div class=\"elementor-element elementor-element-9ca7f44 e-flex e-con-boxed e-con e-parent\" data-id=\"9ca7f44\" data-element_type=\"container\" data-e-type=\"container\">\n\t\t\t\t\t<div class=\"e-con-inner\">\n\t\t<div class=\"elementor-element elementor-element-14523e9 e-con-full e-flex e-con e-child\" data-id=\"14523e9\" data-element_type=\"container\" data-e-type=\"container\">\n\t\t\t\t<div class=\"elementor-element elementor-element-d9a9aac elementor-widget elementor-widget-text-editor\" data-id=\"d9a9aac\" data-element_type=\"widget\" data-e-type=\"widget\" data-widget_type=\"text-editor.default\">\n\t\t\t\t<div class=\"elementor-widget-container\">\n\t\t\t\t\t\t\t\t\t<span style=\"color: #009b9f;\">We offer the following\n<\/span>\nENT services:\t\t\t\t\t\t\t\t<\/div>\n\t\t\t\t<\/div>\n\t\t\t\t<div class=\"elementor-element elementor-element-661eb83 elementor-widget elementor-widget-text-editor\" data-id=\"661eb83\" data-element_type=\"widget\" data-e-type=\"widget\" data-widget_type=\"text-editor.default\">\n\t\t\t\t<div class=\"elementor-widget-container\">\n\t\t\t\t\t\t\t\t\t<p>Our Approach to ENT Care<\/p>\t\t\t\t\t\t\t\t<\/div>\n\t\t\t\t<\/div>\n\t\t\t\t<div class=\"elementor-element elementor-element-1f867c3 elementor-widget elementor-widget-text-editor\" data-id=\"1f867c3\" data-element_type=\"widget\" data-e-type=\"widget\" data-widget_type=\"text-editor.default\">\n\t\t\t\t<div class=\"elementor-widget-container\">\n\t\t\t\t\t\t\t\t\t<p>ENT symptoms can be disruptive\u2014but they don\u2019t have to be long-term. Our Concierge model offers you access to modern diagnostics and a collaborative treatment plan built around your daily life.<br \/><br \/>We emphasize:<br \/><br \/>\u2714\ufe0f In-depth evaluation of ear, nose, and throat concerns<br \/>\u2714\ufe0f Personalized therapy for sleep-disordered breathing and snoring<br \/>\u2714\ufe0f Holistic strategies for chronic sinus, voice, or ear issues<br \/>\u2714\ufe0f Coordination with audiology, speech therapy, and allergy specialists<br \/>\u2714\ufe0f Ongoing care and clear follow-up without delays<br \/><br \/>As a Center of Excellence for Lifestyle Medicine &amp; Healthy Longevity, we address ENT health not just through medication, but through your environment, habits, and overall wellness.<\/p>\t\t\t\t\t\t\t\t<\/div>\n\t\t\t\t<\/div>\n\t\t\t\t<div class=\"elementor-element elementor-element-c92cc1e elementor-widget elementor-widget-text-editor\" data-id=\"c92cc1e\" data-element_type=\"widget\" data-e-type=\"widget\" data-widget_type=\"text-editor.default\">\n\t\t\t\t<div class=\"elementor-widget-container\">\n\t\t\t\t\t\t\t\t\t<p>Who We Care For<\/p>\t\t\t\t\t\t\t\t<\/div>\n\t\t\t\t<\/div>\n\t\t\t\t<div class=\"elementor-element elementor-element-3f1ae59 elementor-widget elementor-widget-text-editor\" data-id=\"3f1ae59\" data-element_type=\"widget\" data-e-type=\"widget\" data-widget_type=\"text-editor.default\">\n\t\t\t\t<div class=\"elementor-widget-container\">\n\t\t\t\t\t\t\t\t\t<p id=\"e020030\" class=\"mb-5\">Our ENT services are ideal for:<br \/><br \/>\ud83d\udc9a Adults and children with chronic or recurrent ear, nose, or throat problems<br \/>\ud83d\udc9a Patients with sinusitis, allergies, or nasal obstruction<br \/>\ud83d\udc9a Individuals with hearing loss, tinnitus, or balance problems<br \/>\ud83d\udc9a People struggling with hoarseness, voice strain, or chronic throat pain<br \/>\ud83d\udc9a Expats and international clients looking for English-speaking ENT care in Prague<br \/>\ud83d\udc9a Anyone seeking a modern, personalized approach to ENT medicine<\/p>\t\t\t\t\t\t\t\t<\/div>\n\t\t\t\t<\/div>\n\t\t\t\t<div class=\"elementor-element elementor-element-1c3cee1 elementor-widget elementor-widget-text-editor\" data-id=\"1c3cee1\" data-element_type=\"widget\" data-e-type=\"widget\" data-widget_type=\"text-editor.default\">\n\t\t\t\t<div class=\"elementor-widget-container\">\n\t\t\t\t\t\t\t\t\t<p>Meet Our Expert ENT doctors<\/p>\t\t\t\t\t\t\t\t<\/div>\n\t\t\t\t<\/div>\n\t\t\t\t<div class=\"elementor-element elementor-element-402520e elementor-widget elementor-widget-text-editor\" data-id=\"402520e\" data-element_type=\"widget\" data-e-type=\"widget\" data-widget_type=\"text-editor.default\">\n\t\t\t\t<div class=\"elementor-widget-container\">\n\t\t\t\t\t\t\t\t\t<p><b>Jaroslav Kraus, MD, Ph.D., MBA, LL.M.<\/b><b><br \/><\/b><br \/>Dr. Jaroslav Kraus is a highly qualified Otorhinolaryngology (ENT) specialist with extensive clinical and leadership experience, holding MD, Ph.D., MBA, and LL.M. degrees. His significant expertise includes serving long-term as Head of the ENT Department and Head Physician of the Sleep Laboratory at Bene\u0161ov Hospital (2005-2020), complemented by international experience at the European Institute of Oncology in Milan.<br \/><br \/>Dr. Kraus is a member of the ENT specialist team at Concierge Medicine Europe. Alongside his role here, he also practices at the ENT Clinic of the 3rd Faculty of Medicine, Charles University and University Hospital Kr\u00e1lovsk\u00e9 Vinohrady, and the Department of ENT and Head and Neck Surgery at Thomayer University Hospital. He holds board certifications in Otorhinolaryngology, possesses further qualifications in Pediatric ENT and Sleep Medicine, and actively contributes to leading medical societies, including participation in board certification committees.<br \/><br \/><br \/><b>Kristina Strakov\u00e1, MD<br \/><\/b><br \/>Dr. Kristina Strakov\u00e1 is a highly qualified Otorhinolaryngology (ENT) specialist with extensive experience gained at leading Czech and international institutions. She developed her expertise at clinics associated with the 1st and 3rd Faculties of Medicine, Charles University (including Motol University Hospital and Kr\u00e1lovsk\u00e9 Vinohrady University Hospital), Canadian Medical Center, and through internships in Italy (European Institute of Oncology), Mexico, Egypt, and Brazil.<br \/><br \/>Dr. Strakov\u00e1 is a member of the ENT team at Concierge Medicine Europe. Alongside this role, she also practices at the ENT Clinic of the 3rd Faculty of Medicine, Charles University and Kr\u00e1lovsk\u00e9 Vinohrady University Hospital (since 2018) and at the private ORL Mazursk\u00e1 clinic (since 2022). She holds board certification in Otorhinolaryngology and Head and Neck Surgery (2014), along with qualifications in Head and Neck Sonography (2015) and Sleep Medicine (2021). Dr. Strakov\u00e1 graduated from the 3rd Faculty of Medicine, Charles University in Prague and is a member of relevant medical societies.<br \/><br \/><br \/><b>Eva Ko\u0161labov\u00e1, MD<br \/><\/b><br \/>Dr. Eva Ko\u0161labov\u00e1 is a physician specializing in comprehensive care in the field of Otorhinolaryngology (Ear, Nose, and Throat &#8211; ENT). As an expert in the diagnosis and treatment of disorders related to the ear, nose, and throat, she is a member of the specialist team at Concierge Medicine Europe.<\/p>\t\t\t\t\t\t\t\t<\/div>\n\t\t\t\t<\/div>\n\t\t\t\t<div class=\"elementor-element elementor-element-105dfe2 elementor-widget elementor-widget-text-editor\" data-id=\"105dfe2\" data-element_type=\"widget\" data-e-type=\"widget\" data-widget_type=\"text-editor.default\">\n\t\t\t\t<div class=\"elementor-widget-container\">\n\t\t\t\t\t\t\t\t\t<p><span style=\"color: #009b9f;\">What Our Patients Say<br \/><\/span><\/p>\t\t\t\t\t\t\t\t<\/div>\n\t\t\t\t<\/div>\n\t\t\t\t<div class=\"elementor-element elementor-element-9f1a1ba elementor-widget elementor-widget-text-editor\" data-id=\"9f1a1ba\" data-element_type=\"widget\" data-e-type=\"widget\" data-widget_type=\"text-editor.default\">\n\t\t\t\t<div class=\"elementor-widget-container\">\n\t\t\t\t\t\t\t\t\t<p>\u2b50\u00a0<i>&#8220;So far, I am thrilled with the approach, the service, and the professionalism. The beautiful environment is a bonus. Compared to a competition, your care seems to be on another level, and although at first glance all these services may seem the same, they obviously are not.&#8221;<\/i><i><br \/><\/i><br \/>\u2b50\u00a0<i>&#8220;Your facility offers a relaxed, very modern and high-end service that is equally welcoming as it is professionally sound. The service is very personal and friendly and of the highest quality.&#8221;<\/i><i><br \/><\/i><br \/>\u2b50\u00a0<i>&#8220;Every visit with you fills me with the joy that even a visit to the doctor can be pleasant and attentive and can improve a person&#8217;s day. Thank you!&#8221;<\/i><\/p>\t\t\t\t\t\t\t\t<\/div>\n\t\t\t\t<\/div>\n\t\t\t\t<\/div>\n\t\t\t\t\t<\/div>\n\t\t\t\t<\/div>\n\t\t<div class=\"elementor-element elementor-element-17ce777 e-flex e-con-boxed e-con e-parent\" data-id=\"17ce777\" data-element_type=\"container\" data-e-type=\"container\" data-settings=\"{&quot;background_background&quot;:&quot;classic&quot;}\">\n\t\t\t\t\t<div class=\"e-con-inner\">\n\t\t<div class=\"elementor-element elementor-element-f186053 e-con-full e-flex e-con e-child\" data-id=\"f186053\" data-element_type=\"container\" data-e-type=\"container\">\n\t\t\t\t<div class=\"elementor-element elementor-element-f1368dd elementor-widget elementor-widget-image\" data-id=\"f1368dd\" data-element_type=\"widget\" data-e-type=\"widget\" data-widget_type=\"image.default\">\n\t\t\t\t<div class=\"elementor-widget-container\">\n\t\t\t\t\t\t\t\t\t\t\t\t\t\t\t<img decoding=\"async\" width=\"1024\" height=\"576\" src=\"https:\/\/conciergemedicine.cz\/wp-content\/uploads\/2026\/01\/dep-orl-1024x576.webp\" class=\"attachment-large size-large wp-image-11954\" alt=\"Dep orl\" srcset=\"https:\/\/conciergemedicine.cz\/wp-content\/uploads\/2026\/01\/dep-orl-1024x576.webp 1024w, https:\/\/conciergemedicine.cz\/wp-content\/uploads\/2026\/01\/dep-orl-300x169.webp 300w, https:\/\/conciergemedicine.cz\/wp-content\/uploads\/2026\/01\/dep-orl-768x432.webp 768w, https:\/\/conciergemedicine.cz\/wp-content\/uploads\/2026\/01\/dep-orl-1536x864.webp 1536w, https:\/\/conciergemedicine.cz\/wp-content\/uploads\/2026\/01\/dep-orl-18x10.webp 18w, https:\/\/conciergemedicine.cz\/wp-content\/uploads\/2026\/01\/dep-orl-800x450.webp 800w, https:\/\/conciergemedicine.cz\/wp-content\/uploads\/2026\/01\/dep-orl-24x14.webp 24w, https:\/\/conciergemedicine.cz\/wp-content\/uploads\/2026\/01\/dep-orl-36x20.webp 36w, https:\/\/conciergemedicine.cz\/wp-content\/uploads\/2026\/01\/dep-orl-48x27.webp 48w, https:\/\/conciergemedicine.cz\/wp-content\/uploads\/2026\/01\/dep-orl.webp 1920w\" sizes=\"(max-width: 1024px) 100vw, 1024px\" \/>\t\t\t\t\t\t\t\t\t\t\t\t\t\t\t<\/div>\n\t\t\t\t<\/div>\n\t\t\t\t<\/div>\n\t\t<div class=\"elementor-element elementor-element-a45f727 e-con-full e-flex e-con e-child\" data-id=\"a45f727\" data-element_type=\"container\" data-e-type=\"container\">\n\t\t\t\t<div class=\"elementor-element elementor-element-7335037 elementor-widget elementor-widget-text-editor\" data-id=\"7335037\" data-element_type=\"widget\" data-e-type=\"widget\" data-widget_type=\"text-editor.default\">\n\t\t\t\t<div class=\"elementor-widget-container\">\n\t\t\t\t\t\t\t\t\t<span style=\"color: #009b9f; font-weight: bold;\">Ear, Nose &#038; Throat Care at \n<\/span>\nConcierge Medicine Europe\t\t\t\t\t\t\t\t<\/div>\n\t\t\t\t<\/div>\n\t\t\t\t<div class=\"elementor-element elementor-element-1a3a775 elementor-widget elementor-widget-text-editor\" data-id=\"1a3a775\" data-element_type=\"widget\" data-e-type=\"widget\" data-widget_type=\"text-editor.default\">\n\t\t\t\t<div class=\"elementor-widget-container\">\n\t\t\t\t\t\t\t\t\t<p>Experience ENT care without compromise\u2014expert attention, no waiting lists, and personalized strategies for better breathing, hearing, and speaking.<\/p><p>Discover the Concierge Medicine Europe difference at our Center of Excellence for Lifestyle Medicine &amp; Healthy Longevity.<\/p>\t\t\t\t\t\t\t\t<\/div>\n\t\t\t\t<\/div>\n\t\t\t\t<div class=\"elementor-element elementor-element-4661014 elementor-align-left elementor-widget elementor-widget-button\" data-id=\"4661014\" data-element_type=\"widget\" data-e-type=\"widget\" data-widget_type=\"button.default\">\n\t\t\t\t<div class=\"elementor-widget-container\">\n\t\t\t\t\t\t\t\t\t<div class=\"elementor-button-wrapper\">\n\t\t\t\t\t<a class=\"elementor-button elementor-button-link elementor-size-sm\" href=\"https:\/\/conciergemedicine.cz\/en\/contact\/\">\n\t\t\t\t\t\t<span class=\"elementor-button-content-wrapper\">\n\t\t\t\t\t\t\t\t\t<span class=\"elementor-button-text\">Contact Us<\/span>\n\t\t\t\t\t<\/span>\n\t\t\t\t\t<\/a>\n\t\t\t\t<\/div>\n\t\t\t\t\t\t\t\t<\/div>\n\t\t\t\t<\/div>\n\t\t\t\t<\/div>\n\t\t\t\t\t<\/div>\n\t\t\t\t<\/div>\n\t\t\t\t<\/div>\n\t\t","protected":false},"excerpt":{"rendered":"<p>ENT \u2013 Ear, Nose &amp; Throat Concierge ENT Care in Prague At Concierge Medicine Europe, we believe ENT care should be as attentive and specialized as the senses it protects. Whether you\u2019re struggling with chronic sinusitis, hearing issues, or voice problems, our Concierge ENT service ensures expert, timely care\u2014delivered without waiting rooms or rushed consultations. [&hellip;]<\/p>\n","protected":false},"author":1,"featured_media":0,"parent":0,"menu_order":0,"comment_status":"closed","ping_status":"closed","template":"","meta":{"inline_featured_image":false,"slim_seo":{"title":"Concierge ENT \u2013 Ear, Nose & Throat Care in Prague - Concierge Medicine Europe","description":"Expert ENT (Ear, Nose & Throat) care in Prague. Get full diagnostics & treatment from our experienced specialists at Concierge Medicine Europe."},"footnotes":""},"class_list":["post-14855","page","type-page","status-publish","hentry","entry"],"_links":{"self":[{"href":"https:\/\/conciergemedicine.cz\/en\/wp-json\/wp\/v2\/pages\/14855","targetHints":{"allow":["GET"]}}],"collection":[{"href":"https:\/\/conciergemedicine.cz\/en\/wp-json\/wp\/v2\/pages"}],"about":[{"href":"https:\/\/conciergemedicine.cz\/en\/wp-json\/wp\/v2\/types\/page"}],"author":[{"embeddable":true,"href":"https:\/\/conciergemedicine.cz\/en\/wp-json\/wp\/v2\/users\/1"}],"replies":[{"embeddable":true,"href":"https:\/\/conciergemedicine.cz\/en\/wp-json\/wp\/v2\/comments?post=14855"}],"version-history":[{"count":0,"href":"https:\/\/conciergemedicine.cz\/en\/wp-json\/wp\/v2\/pages\/14855\/revisions"}],"wp:attachment":[{"href":"https:\/\/conciergemedicine.cz\/en\/wp-json\/wp\/v2\/media?parent=14855"}],"curies":[{"name":"wp","href":"https:\/\/api.w.org\/{rel}","templated":true}]}}