{"id":12180,"date":"2026-01-17T08:35:01","date_gmt":"2026-01-17T08:35:01","guid":{"rendered":"https:\/\/staging.conciergemedicine.cz\/?page_id=12180"},"modified":"2026-04-18T20:09:16","modified_gmt":"2026-04-18T18:09:16","slug":"orthopedics","status":"publish","type":"page","link":"https:\/\/conciergemedicine.cz\/en\/orthopedics\/","title":{"rendered":"Orthopedics"},"content":{"rendered":"\t\t<div data-elementor-type=\"wp-page\" data-elementor-id=\"12180\" class=\"elementor elementor-12180\" data-elementor-post-type=\"page\">\n\t\t\t\t<div class=\"elementor-element elementor-element-f866235 e-flex e-con-boxed e-con e-parent\" data-id=\"f866235\" data-element_type=\"container\" data-e-type=\"container\" data-settings=\"{&quot;background_background&quot;:&quot;classic&quot;}\">\n\t\t\t\t\t<div class=\"e-con-inner\">\n\t\t\t\t<div class=\"elementor-element elementor-element-fedd533 elementor-widget elementor-widget-heading\" data-id=\"fedd533\" data-element_type=\"widget\" data-e-type=\"widget\" data-widget_type=\"heading.default\">\n\t\t\t\t<div class=\"elementor-widget-container\">\n\t\t\t\t\t<h1 class=\"elementor-heading-title elementor-size-default\">Orthopedics<\/h1>\t\t\t\t<\/div>\n\t\t\t\t<\/div>\n\t\t\t\t<div class=\"elementor-element elementor-element-c07cc3b elementor-widget elementor-widget-text-editor\" data-id=\"c07cc3b\" data-element_type=\"widget\" data-e-type=\"widget\" data-widget_type=\"text-editor.default\">\n\t\t\t\t<div class=\"elementor-widget-container\">\n\t\t\t\t\t\t\t\t\t<p style=\"text-align: center;\">Concierge Orthopedic Care in Prague<\/p>\t\t\t\t\t\t\t\t<\/div>\n\t\t\t\t<\/div>\n\t\t\t\t\t<\/div>\n\t\t\t\t<\/div>\n\t\t<div class=\"elementor-element elementor-element-2da90ce e-flex e-con-boxed e-con e-parent\" data-id=\"2da90ce\" data-element_type=\"container\" data-e-type=\"container\">\n\t\t\t\t\t<div class=\"e-con-inner\">\n\t\t\t\t<div class=\"elementor-element elementor-element-90f7fcb elementor-widget elementor-widget-image\" data-id=\"90f7fcb\" data-element_type=\"widget\" data-e-type=\"widget\" data-widget_type=\"image.default\">\n\t\t\t\t<div class=\"elementor-widget-container\">\n\t\t\t\t\t\t\t\t\t\t\t\t\t\t\t<img fetchpriority=\"high\" decoding=\"async\" width=\"1920\" height=\"1080\" src=\"https:\/\/conciergemedicine.cz\/wp-content\/uploads\/2026\/01\/dep-ortopedie-hero.webp\" class=\"attachment-full size-full wp-image-11992\" alt=\"Dep ortopedie hero\" srcset=\"https:\/\/conciergemedicine.cz\/wp-content\/uploads\/2026\/01\/dep-ortopedie-hero.webp 1920w, https:\/\/conciergemedicine.cz\/wp-content\/uploads\/2026\/01\/dep-ortopedie-hero-300x169.webp 300w, https:\/\/conciergemedicine.cz\/wp-content\/uploads\/2026\/01\/dep-ortopedie-hero-1024x576.webp 1024w, https:\/\/conciergemedicine.cz\/wp-content\/uploads\/2026\/01\/dep-ortopedie-hero-768x432.webp 768w, https:\/\/conciergemedicine.cz\/wp-content\/uploads\/2026\/01\/dep-ortopedie-hero-1536x864.webp 1536w, https:\/\/conciergemedicine.cz\/wp-content\/uploads\/2026\/01\/dep-ortopedie-hero-18x10.webp 18w, https:\/\/conciergemedicine.cz\/wp-content\/uploads\/2026\/01\/dep-ortopedie-hero-800x450.webp 800w, https:\/\/conciergemedicine.cz\/wp-content\/uploads\/2026\/01\/dep-ortopedie-hero-24x14.webp 24w, https:\/\/conciergemedicine.cz\/wp-content\/uploads\/2026\/01\/dep-ortopedie-hero-36x20.webp 36w, https:\/\/conciergemedicine.cz\/wp-content\/uploads\/2026\/01\/dep-ortopedie-hero-48x27.webp 48w\" sizes=\"(max-width: 1920px) 100vw, 1920px\" \/>\t\t\t\t\t\t\t\t\t\t\t\t\t\t\t<\/div>\n\t\t\t\t<\/div>\n\t\t\t\t\t<\/div>\n\t\t\t\t<\/div>\n\t\t<div class=\"elementor-element elementor-element-3d306bc e-flex e-con-boxed e-con e-parent\" data-id=\"3d306bc\" data-element_type=\"container\" data-e-type=\"container\">\n\t\t\t\t\t<div class=\"e-con-inner\">\n\t\t<div class=\"elementor-element elementor-element-e53dff3 e-con-full e-flex e-con e-child\" data-id=\"e53dff3\" data-element_type=\"container\" data-e-type=\"container\">\n\t\t\t\t<div class=\"elementor-element elementor-element-f307eb0 elementor-widget elementor-widget-text-editor\" data-id=\"f307eb0\" data-element_type=\"widget\" data-e-type=\"widget\" data-widget_type=\"text-editor.default\">\n\t\t\t\t<div class=\"elementor-widget-container\">\n\t\t\t\t\t\t\t\t\t<div class=\"col-12 col-md-10 col-lg-8\"><p>At Concierge Medicine Europe, we understand that movement is life. Whether you\u2019re managing chronic joint pain, suffering from persistent lower back pain, recovering from an injury, or seeking to stay active as you age, our Concierge Orthopedic service offers expert care tailored to your body\u2014and your goals.<\/p><p>As a Center of Excellence for Lifestyle Medicine &amp; Healthy Longevity, we go beyond symptom management to address the root causes of pain, inflammation, and functional limitation. We integrate orthopedic science with evidence-based approaches to nutrition, physical therapy, biomechanics, and recovery.<\/p><p>We treat a wide range of musculoskeletal conditions, including osteoarthritis, tendonitis, back pain, sports injuries, impingement syndrome, whiplash syndrome, joint instability, post-surgical rehab, and more\u2014always personalized to help you move well and live better.<\/p><\/div>\t\t\t\t\t\t\t\t<\/div>\n\t\t\t\t<\/div>\n\t\t\t\t<\/div>\n\t\t<div class=\"elementor-element elementor-element-eea0d39 e-con-full e-flex e-con e-child\" data-id=\"eea0d39\" data-element_type=\"container\" data-e-type=\"container\">\n\t\t\t\t<div class=\"elementor-element elementor-element-2f1083a elementor-align-right elementor-mobile-align-left elementor-widget elementor-widget-button\" data-id=\"2f1083a\" data-element_type=\"widget\" data-e-type=\"widget\" data-widget_type=\"button.default\">\n\t\t\t\t<div class=\"elementor-widget-container\">\n\t\t\t\t\t\t\t\t\t<div class=\"elementor-button-wrapper\">\n\t\t\t\t\t<a class=\"elementor-button elementor-button-link elementor-size-sm\" href=\"https:\/\/conciergemedicine.cz\/en\/contact\/\" target=\"_blank\">\n\t\t\t\t\t\t<span class=\"elementor-button-content-wrapper\">\n\t\t\t\t\t\t\t\t\t<span class=\"elementor-button-text\">MAKE AN APPOINTMENT<\/span>\n\t\t\t\t\t<\/span>\n\t\t\t\t\t<\/a>\n\t\t\t\t<\/div>\n\t\t\t\t\t\t\t\t<\/div>\n\t\t\t\t<\/div>\n\t\t\t\t<\/div>\n\t\t\t\t\t<\/div>\n\t\t\t\t<\/div>\n\t\t<div class=\"elementor-element elementor-element-87b2fc4 e-flex e-con-boxed e-con e-parent\" data-id=\"87b2fc4\" data-element_type=\"container\" data-e-type=\"container\" data-settings=\"{&quot;background_background&quot;:&quot;classic&quot;}\">\n\t\t\t\t\t<div class=\"e-con-inner\">\n\t\t\t\t<div class=\"elementor-element elementor-element-c4ec5b0 elementor-widget elementor-widget-text-editor\" data-id=\"c4ec5b0\" data-element_type=\"widget\" data-e-type=\"widget\" data-widget_type=\"text-editor.default\">\n\t\t\t\t<div class=\"elementor-widget-container\">\n\t\t\t\t\t\t\t\t\t<p>Joint &amp; Musculoskeletal Expertise<\/p>\t\t\t\t\t\t\t\t<\/div>\n\t\t\t\t<\/div>\n\t\t\t\t<div class=\"elementor-element elementor-element-b64b081 elementor-widget elementor-widget-text-editor\" data-id=\"b64b081\" data-element_type=\"widget\" data-e-type=\"widget\" data-widget_type=\"text-editor.default\">\n\t\t\t\t<div class=\"elementor-widget-container\">\n\t\t\t\t\t\t\t\t\t<p>Our orthopedic specialists take time to truly understand your condition, lifestyle, and movement patterns. No rushed appointments. No cookie-cutter plans. Just high-level diagnostics, treatment, and guidance\u2014delivered with focus and respect.<\/p>\t\t\t\t\t\t\t\t<\/div>\n\t\t\t\t<\/div>\n\t\t\t\t\t<\/div>\n\t\t\t\t<\/div>\n\t\t<div class=\"elementor-element elementor-element-cd21738 e-flex e-con-boxed e-con e-parent\" data-id=\"cd21738\" data-element_type=\"container\" data-e-type=\"container\">\n\t\t\t\t\t<div class=\"e-con-inner\">\n\t\t<div class=\"elementor-element elementor-element-f1fe274 e-con-full e-flex e-con e-child\" data-id=\"f1fe274\" data-element_type=\"container\" data-e-type=\"container\">\n\t\t\t\t<div class=\"elementor-element elementor-element-26be8c1 elementor-widget elementor-widget-image\" data-id=\"26be8c1\" data-element_type=\"widget\" data-e-type=\"widget\" data-widget_type=\"image.default\">\n\t\t\t\t<div class=\"elementor-widget-container\">\n\t\t\t\t\t\t\t\t\t\t\t\t\t\t\t<img decoding=\"async\" width=\"1024\" height=\"576\" src=\"https:\/\/conciergemedicine.cz\/wp-content\/uploads\/2026\/01\/dep-ortopedie-tym-1024x576.webp\" class=\"attachment-large size-large wp-image-11999\" alt=\"Dep ortopedie tym\" srcset=\"https:\/\/conciergemedicine.cz\/wp-content\/uploads\/2026\/01\/dep-ortopedie-tym-1024x576.webp 1024w, https:\/\/conciergemedicine.cz\/wp-content\/uploads\/2026\/01\/dep-ortopedie-tym-300x169.webp 300w, https:\/\/conciergemedicine.cz\/wp-content\/uploads\/2026\/01\/dep-ortopedie-tym-768x432.webp 768w, https:\/\/conciergemedicine.cz\/wp-content\/uploads\/2026\/01\/dep-ortopedie-tym-1536x864.webp 1536w, https:\/\/conciergemedicine.cz\/wp-content\/uploads\/2026\/01\/dep-ortopedie-tym-18x10.webp 18w, https:\/\/conciergemedicine.cz\/wp-content\/uploads\/2026\/01\/dep-ortopedie-tym-800x450.webp 800w, https:\/\/conciergemedicine.cz\/wp-content\/uploads\/2026\/01\/dep-ortopedie-tym-24x14.webp 24w, https:\/\/conciergemedicine.cz\/wp-content\/uploads\/2026\/01\/dep-ortopedie-tym-36x20.webp 36w, https:\/\/conciergemedicine.cz\/wp-content\/uploads\/2026\/01\/dep-ortopedie-tym-48x27.webp 48w, https:\/\/conciergemedicine.cz\/wp-content\/uploads\/2026\/01\/dep-ortopedie-tym.webp 1920w\" sizes=\"(max-width: 1024px) 100vw, 1024px\" \/>\t\t\t\t\t\t\t\t\t\t\t\t\t\t\t<\/div>\n\t\t\t\t<\/div>\n\t\t\t\t<\/div>\n\t\t<div class=\"elementor-element elementor-element-aeb27f3 e-con-full e-flex e-con e-child\" data-id=\"aeb27f3\" data-element_type=\"container\" data-e-type=\"container\">\n\t\t\t\t<div class=\"elementor-element elementor-element-c1be4f3 elementor-widget elementor-widget-text-editor\" data-id=\"c1be4f3\" data-element_type=\"widget\" data-e-type=\"widget\" data-widget_type=\"text-editor.default\">\n\t\t\t\t<div class=\"elementor-widget-container\">\n\t\t\t\t\t\t\t\t\t<p><span style=\"color: #009b9f; font-weight: bold;\">Our orthopedists<br \/>look forward <\/span><br \/>to your visit!<\/p>\t\t\t\t\t\t\t\t<\/div>\n\t\t\t\t<\/div>\n\t\t\t\t<div class=\"elementor-element elementor-element-b24a82f elementor-widget elementor-widget-text-editor\" data-id=\"b24a82f\" data-element_type=\"widget\" data-e-type=\"widget\" data-widget_type=\"text-editor.default\">\n\t\t\t\t<div class=\"elementor-widget-container\">\n\t\t\t\t\t\t\t\t\t<p>\u27a5 Associate Professor Jakub Kautzner, MD, Ph.D.<\/p><p>Same-day appointments are now available at our Prague clinics!<\/p>\t\t\t\t\t\t\t\t<\/div>\n\t\t\t\t<\/div>\n\t\t\t\t<\/div>\n\t\t\t\t\t<\/div>\n\t\t\t\t<\/div>\n\t\t<div class=\"elementor-element elementor-element-e68c294 e-flex e-con-boxed e-con e-parent\" data-id=\"e68c294\" data-element_type=\"container\" data-e-type=\"container\">\n\t\t\t\t\t<div class=\"e-con-inner\">\n\t\t\t\t<div class=\"elementor-element elementor-element-93ffb5f elementor-widget elementor-widget-text-editor\" data-id=\"93ffb5f\" data-element_type=\"widget\" data-e-type=\"widget\" data-widget_type=\"text-editor.default\">\n\t\t\t\t<div class=\"elementor-widget-container\">\n\t\t\t\t\t\t\t\t\t<span style=\"color: #009b9f;\">We offer the following\n<\/span><br>orthopedic services:\t\t\t\t\t\t\t\t<\/div>\n\t\t\t\t<\/div>\n\t\t\t\t<div class=\"elementor-element elementor-element-22d2ef6 elementor-widget elementor-widget-text-editor\" data-id=\"22d2ef6\" data-element_type=\"widget\" data-e-type=\"widget\" data-widget_type=\"text-editor.default\">\n\t\t\t\t<div class=\"elementor-widget-container\">\n\t\t\t\t\t\t\t\t\tOur Approach to Orthopedic Care\t\t\t\t\t\t\t\t<\/div>\n\t\t\t\t<\/div>\n\t\t\t\t<div class=\"elementor-element elementor-element-4ababf6 elementor-widget elementor-widget-text-editor\" data-id=\"4ababf6\" data-element_type=\"widget\" data-e-type=\"widget\" data-widget_type=\"text-editor.default\">\n\t\t\t\t<div class=\"elementor-widget-container\">\n\t\t\t\t\t\t\t\t\t<p>In our Concierge Medicine model, orthopedic care is more than just a quick scan and a prescription. It\u2019s a partnership.<\/p><p>We provide:<\/p><p>\u2714\ufe0f Detailed musculoskeletal evaluation and movement analysis<br \/>\u2714\ufe0f Ultrasound or imaging-guided diagnostics when needed<br \/>\u2714\ufe0f Personalized rehabilitation and recovery plans<br \/>\u2714\ufe0f In-office joint injections and biologic therapies (PRP, hyaluronic acid)<br \/>\u2714\ufe0f Integrative strategies to reduce inflammation and optimize mobility<br \/>\u2714\ufe0f Supportive coordination with physical therapy, sports medicine, and nutrition<br \/>\u2714\ufe0f Ongoing follow-up to track progress and adjust care as needed<\/p><p>At our Center of Excellence for Lifestyle Medicine &amp; Healthy Longevity, we don\u2019t just treat injuries\u2014we help prevent them and improve how your body performs every day.<\/p>\t\t\t\t\t\t\t\t<\/div>\n\t\t\t\t<\/div>\n\t\t\t\t<div class=\"elementor-element elementor-element-608dd38 elementor-widget elementor-widget-text-editor\" data-id=\"608dd38\" data-element_type=\"widget\" data-e-type=\"widget\" data-widget_type=\"text-editor.default\">\n\t\t\t\t<div class=\"elementor-widget-container\">\n\t\t\t\t\t\t\t\t\t<p>Who We Care For<\/p>\t\t\t\t\t\t\t\t<\/div>\n\t\t\t\t<\/div>\n\t\t\t\t<div class=\"elementor-element elementor-element-f686f22 elementor-widget elementor-widget-text-editor\" data-id=\"f686f22\" data-element_type=\"widget\" data-e-type=\"widget\" data-widget_type=\"text-editor.default\">\n\t\t\t\t<div class=\"elementor-widget-container\">\n\t\t\t\t\t\t\t\t\t<p>Our orthopedic services are ideal for:<\/p><p>\ud83d\udc9a Adults with joint pain, arthritis, or tendon issues<br \/>\ud83d\udc9a Athletes and active individuals recovering from injury or surgery<br \/>\ud83d\udc9a People experiencing chronic back, hip, or knee pain<br \/>\ud83d\udc9a Clients wanting to avoid surgery through conservative and regenerative approaches<br \/>\ud83d\udc9a Expats and international residents seeking an English-speaking orthopedist in Prague<br \/>\ud83d\udc9a Anyone looking for a smarter, more complete path to musculoskeletal health<\/p>\t\t\t\t\t\t\t\t<\/div>\n\t\t\t\t<\/div>\n\t\t\t\t<div class=\"elementor-element elementor-element-18793f7 elementor-widget elementor-widget-text-editor\" data-id=\"18793f7\" data-element_type=\"widget\" data-e-type=\"widget\" data-widget_type=\"text-editor.default\">\n\t\t\t\t<div class=\"elementor-widget-container\">\n\t\t\t\t\t\t\t\t\t<p>Meet Our Orthopedic Specialists<\/p>\t\t\t\t\t\t\t\t<\/div>\n\t\t\t\t<\/div>\n\t\t\t\t<div class=\"elementor-element elementor-element-080e2ba elementor-widget elementor-widget-text-editor\" data-id=\"080e2ba\" data-element_type=\"widget\" data-e-type=\"widget\" data-widget_type=\"text-editor.default\">\n\t\t\t\t<div class=\"elementor-widget-container\">\n\t\t\t\t\t\t\t\t\t<p id=\"e020031\" class=\"mb-5\"><b>Doc. MUDr. Jakub Kautzner, Ph.D.<\/b><\/p><p>Doc. MUDr. Jakub Kautzner, Ph.D., a qualified orthopedist, specializes in arthroscopic reconstructive surgery and hip, knee, and shoulder replacements. He graduated Charles University&#8217;s 1st Faculty of Medicine (MUDr., 2005). At its 2nd Faculty of Medicine, he earned a Ph.D. (2016) and became Assoc. Prof. (Docent) in Orthopedics (2020). He is board-certified in Orthopedics (2012).<\/p><p>Doc. Kautzner is part of the Concierge Medicine Europe&#8217;s team. He works at the Clinic of Pediatric and Adult Orthopedics and Traumatology (2nd Faculty of Medicine, Charles University, and Motol University Hospital) as orthopedist (since 2005) and Deputy Head (since 2021). Since 2015, he has partnered with Pavel Kol\u00e1\u0159&#8217;s Center of Movement Medicine. Previously at Beroun Rehabilitation Hospital and Vr\u0161ovick\u00e1 zdravotn\u00ed a.s. As Assoc. Prof. (Docent) and Ph.D., he offers vast clinical\/academic experience. In 2022\u201323, he led the Society for Sports Traumatology and Arthroscopy (\u010cLS JEP).<\/p>\t\t\t\t\t\t\t\t<\/div>\n\t\t\t\t<\/div>\n\t\t\t\t<div class=\"elementor-element elementor-element-2fec03d elementor-widget elementor-widget-text-editor\" data-id=\"2fec03d\" data-element_type=\"widget\" data-e-type=\"widget\" data-widget_type=\"text-editor.default\">\n\t\t\t\t<div class=\"elementor-widget-container\">\n\t\t\t\t\t\t\t\t\t<p>What Our Patients Say<\/p>\t\t\t\t\t\t\t\t<\/div>\n\t\t\t\t<\/div>\n\t\t\t\t<div class=\"elementor-element elementor-element-0815d10 elementor-widget elementor-widget-text-editor\" data-id=\"0815d10\" data-element_type=\"widget\" data-e-type=\"widget\" data-widget_type=\"text-editor.default\">\n\t\t\t\t<div class=\"elementor-widget-container\">\n\t\t\t\t\t\t\t\t\t<p>\u2b50<i>\u00a0&#8220;Dr Kautzner was an amazing doctor. He took the time to explain and listen. He gave me more information than any other orthopedic has done ever. I am so grateful and thankful for his care and expertise.&#8221;<\/i><i><br \/><\/i><br \/>\u2b50\u00a0<i>&#8220;Thank you for the quick reorganization of today&#8217;s visit to orthopedics. Dr. Kautzner is a great doctor, and I appreciated the examination with him today.&#8221;<\/i><\/p>\t\t\t\t\t\t\t\t<\/div>\n\t\t\t\t<\/div>\n\t\t\t\t\t<\/div>\n\t\t\t\t<\/div>\n\t\t<div class=\"elementor-element elementor-element-e6e79ac e-flex e-con-boxed e-con e-parent\" data-id=\"e6e79ac\" data-element_type=\"container\" data-e-type=\"container\">\n\t\t\t\t\t<div class=\"e-con-inner\">\n\t\t<div class=\"elementor-element elementor-element-684b191 e-con-full e-flex e-con e-child\" data-id=\"684b191\" data-element_type=\"container\" data-e-type=\"container\">\n\t\t\t\t<div class=\"elementor-element elementor-element-6ceb33e elementor-widget elementor-widget-image\" data-id=\"6ceb33e\" data-element_type=\"widget\" data-e-type=\"widget\" data-widget_type=\"image.default\">\n\t\t\t\t<div class=\"elementor-widget-container\">\n\t\t\t\t\t\t\t\t\t\t\t\t\t\t\t<img decoding=\"async\" width=\"1024\" height=\"576\" src=\"https:\/\/conciergemedicine.cz\/wp-content\/uploads\/2026\/01\/dep-ortopedie-1024x576.webp\" class=\"attachment-large size-large wp-image-12006\" alt=\"Dep ortopedie\" srcset=\"https:\/\/conciergemedicine.cz\/wp-content\/uploads\/2026\/01\/dep-ortopedie-1024x576.webp 1024w, https:\/\/conciergemedicine.cz\/wp-content\/uploads\/2026\/01\/dep-ortopedie-300x169.webp 300w, https:\/\/conciergemedicine.cz\/wp-content\/uploads\/2026\/01\/dep-ortopedie-768x432.webp 768w, https:\/\/conciergemedicine.cz\/wp-content\/uploads\/2026\/01\/dep-ortopedie-1536x864.webp 1536w, https:\/\/conciergemedicine.cz\/wp-content\/uploads\/2026\/01\/dep-ortopedie-18x10.webp 18w, https:\/\/conciergemedicine.cz\/wp-content\/uploads\/2026\/01\/dep-ortopedie-800x450.webp 800w, https:\/\/conciergemedicine.cz\/wp-content\/uploads\/2026\/01\/dep-ortopedie-24x14.webp 24w, https:\/\/conciergemedicine.cz\/wp-content\/uploads\/2026\/01\/dep-ortopedie-36x20.webp 36w, https:\/\/conciergemedicine.cz\/wp-content\/uploads\/2026\/01\/dep-ortopedie-48x27.webp 48w, https:\/\/conciergemedicine.cz\/wp-content\/uploads\/2026\/01\/dep-ortopedie.webp 1920w\" sizes=\"(max-width: 1024px) 100vw, 1024px\" \/>\t\t\t\t\t\t\t\t\t\t\t\t\t\t\t<\/div>\n\t\t\t\t<\/div>\n\t\t\t\t<\/div>\n\t\t<div class=\"elementor-element elementor-element-632f87d e-con-full e-flex e-con e-child\" data-id=\"632f87d\" data-element_type=\"container\" data-e-type=\"container\">\n\t\t\t\t<div class=\"elementor-element elementor-element-32845f9 elementor-widget elementor-widget-text-editor\" data-id=\"32845f9\" data-element_type=\"widget\" data-e-type=\"widget\" data-widget_type=\"text-editor.default\">\n\t\t\t\t<div class=\"elementor-widget-container\">\n\t\t\t\t\t\t\t\t\t<p><span style=\"color: #009b9f; font-weight: bold;\">Orthopedic Care at<\/span><br \/>Concierge Medicine Europe<\/p>\t\t\t\t\t\t\t\t<\/div>\n\t\t\t\t<\/div>\n\t\t\t\t<div class=\"elementor-element elementor-element-9af979b elementor-widget elementor-widget-text-editor\" data-id=\"9af979b\" data-element_type=\"widget\" data-e-type=\"widget\" data-widget_type=\"text-editor.default\">\n\t\t\t\t<div class=\"elementor-widget-container\">\n\t\t\t\t\t\t\t\t\t<p>Regain strength, mobility, and confidence in your body\u2014with care designed around you by your dedicated orthopedist.<\/p><p>Discover the difference of Concierge Orthopedics at our Center of Excellence for Lifestyle Medicine &amp; Healthy Longevity in Prague.<\/p>\t\t\t\t\t\t\t\t<\/div>\n\t\t\t\t<\/div>\n\t\t\t\t<div class=\"elementor-element elementor-element-8dd8cfc elementor-align-left elementor-widget elementor-widget-button\" data-id=\"8dd8cfc\" data-element_type=\"widget\" data-e-type=\"widget\" data-widget_type=\"button.default\">\n\t\t\t\t<div class=\"elementor-widget-container\">\n\t\t\t\t\t\t\t\t\t<div class=\"elementor-button-wrapper\">\n\t\t\t\t\t<a class=\"elementor-button elementor-button-link elementor-size-sm\" href=\"https:\/\/conciergemedicine.cz\/en\/contact\/\">\n\t\t\t\t\t\t<span class=\"elementor-button-content-wrapper\">\n\t\t\t\t\t\t\t\t\t<span class=\"elementor-button-text\">CONTACT US<\/span>\n\t\t\t\t\t<\/span>\n\t\t\t\t\t<\/a>\n\t\t\t\t<\/div>\n\t\t\t\t\t\t\t\t<\/div>\n\t\t\t\t<\/div>\n\t\t\t\t<\/div>\n\t\t\t\t\t<\/div>\n\t\t\t\t<\/div>\n\t\t\t\t<\/div>\n\t\t","protected":false},"excerpt":{"rendered":"<p>Orthopedics Concierge Orthopedic Care in Prague At Concierge Medicine Europe, we understand that movement is life. Whether you\u2019re managing chronic joint pain, suffering from persistent lower back pain, recovering from an injury, or seeking to stay active as you age, our Concierge Orthopedic service offers expert care tailored to your body\u2014and your goals. As a [&hellip;]<\/p>\n","protected":false},"author":8,"featured_media":0,"parent":0,"menu_order":0,"comment_status":"closed","ping_status":"closed","template":"","meta":{"slim_seo":{"title":"Comprehensive Orthopedic Care in Prague - Concierge Medicine Europe","description":"Top-tier orthopedic care for pain relief and movement restoration. Book your consultation for a personalized treatment plan."},"footnotes":""},"class_list":["post-12180","page","type-page","status-publish","hentry","entry"],"_links":{"self":[{"href":"https:\/\/conciergemedicine.cz\/en\/wp-json\/wp\/v2\/pages\/12180","targetHints":{"allow":["GET"]}}],"collection":[{"href":"https:\/\/conciergemedicine.cz\/en\/wp-json\/wp\/v2\/pages"}],"about":[{"href":"https:\/\/conciergemedicine.cz\/en\/wp-json\/wp\/v2\/types\/page"}],"author":[{"embeddable":true,"href":"https:\/\/conciergemedicine.cz\/en\/wp-json\/wp\/v2\/users\/8"}],"replies":[{"embeddable":true,"href":"https:\/\/conciergemedicine.cz\/en\/wp-json\/wp\/v2\/comments?post=12180"}],"version-history":[{"count":0,"href":"https:\/\/conciergemedicine.cz\/en\/wp-json\/wp\/v2\/pages\/12180\/revisions"}],"wp:attachment":[{"href":"https:\/\/conciergemedicine.cz\/en\/wp-json\/wp\/v2\/media?parent=12180"}],"curies":[{"name":"wp","href":"https:\/\/api.w.org\/{rel}","templated":true}]}}