{"id":12066,"date":"2026-01-16T18:01:40","date_gmt":"2026-01-16T18:01:40","guid":{"rendered":"https:\/\/staging.conciergemedicine.cz\/?page_id=12066"},"modified":"2026-04-18T20:07:18","modified_gmt":"2026-04-18T18:07:18","slug":"ultrasound-shockwave-therapy","status":"publish","type":"page","link":"https:\/\/conciergemedicine.cz\/en\/ultrasound-shockwave-therapy\/","title":{"rendered":"Ultrasound and Shockwave Therapy"},"content":{"rendered":"\t\t<div data-elementor-type=\"wp-page\" data-elementor-id=\"12066\" class=\"elementor elementor-12066\" data-elementor-post-type=\"page\">\n\t\t\t\t<div class=\"elementor-element elementor-element-6c4577d e-flex e-con-boxed e-con e-parent\" data-id=\"6c4577d\" data-element_type=\"container\" data-e-type=\"container\" data-settings=\"{&quot;background_background&quot;:&quot;classic&quot;}\">\n\t\t\t\t\t<div class=\"e-con-inner\">\n\t\t<div class=\"elementor-element elementor-element-bd57875 e-con-full e-flex e-con e-child\" data-id=\"bd57875\" data-element_type=\"container\" data-e-type=\"container\">\n\t\t\t\t<div class=\"elementor-element elementor-element-83a746a elementor-widget elementor-widget-heading\" data-id=\"83a746a\" data-element_type=\"widget\" data-e-type=\"widget\" data-widget_type=\"heading.default\">\n\t\t\t\t<div class=\"elementor-widget-container\">\n\t\t\t\t\t<h1 class=\"elementor-heading-title elementor-size-default\">Ultrasound and Shockwave Therapy<\/h1>\t\t\t\t<\/div>\n\t\t\t\t<\/div>\n\t\t\t\t<div class=\"elementor-element elementor-element-96b7285 elementor-widget elementor-widget-text-editor\" data-id=\"96b7285\" data-element_type=\"widget\" data-e-type=\"widget\" data-widget_type=\"text-editor.default\">\n\t\t\t\t<div class=\"elementor-widget-container\">\n\t\t\t\t\t\t\t\t\t<p style=\"text-align: center;\">Advanced Physiotherapy with Tom\u00e1\u0161 Oppl in Prague 5<\/p>\t\t\t\t\t\t\t\t<\/div>\n\t\t\t\t<\/div>\n\t\t\t\t<\/div>\n\t\t\t\t\t<\/div>\n\t\t\t\t<\/div>\n\t\t<div class=\"elementor-element elementor-element-455a566 e-flex e-con-boxed e-con e-parent\" data-id=\"455a566\" data-element_type=\"container\" data-e-type=\"container\">\n\t\t\t\t\t<div class=\"e-con-inner\">\n\t\t<div class=\"elementor-element elementor-element-05a0bd6 e-con-full e-flex e-con e-child\" data-id=\"05a0bd6\" data-element_type=\"container\" data-e-type=\"container\">\n\t\t\t\t<div class=\"elementor-element elementor-element-80719c8 elementor-widget elementor-widget-image\" data-id=\"80719c8\" data-element_type=\"widget\" data-e-type=\"widget\" data-widget_type=\"image.default\">\n\t\t\t\t<div class=\"elementor-widget-container\">\n\t\t\t\t\t\t\t\t\t\t\t\t\t\t\t<img fetchpriority=\"high\" decoding=\"async\" width=\"1920\" height=\"1080\" src=\"https:\/\/conciergemedicine.cz\/wp-content\/uploads\/2026\/01\/dep-ultrazvuk-razova-vlna-hero.webp\" class=\"attachment-full size-full wp-image-11963\" alt=\"Dep ultrazvuk razova vlna hero\" srcset=\"https:\/\/conciergemedicine.cz\/wp-content\/uploads\/2026\/01\/dep-ultrazvuk-razova-vlna-hero.webp 1920w, https:\/\/conciergemedicine.cz\/wp-content\/uploads\/2026\/01\/dep-ultrazvuk-razova-vlna-hero-300x169.webp 300w, https:\/\/conciergemedicine.cz\/wp-content\/uploads\/2026\/01\/dep-ultrazvuk-razova-vlna-hero-1024x576.webp 1024w, https:\/\/conciergemedicine.cz\/wp-content\/uploads\/2026\/01\/dep-ultrazvuk-razova-vlna-hero-768x432.webp 768w, https:\/\/conciergemedicine.cz\/wp-content\/uploads\/2026\/01\/dep-ultrazvuk-razova-vlna-hero-1536x864.webp 1536w, https:\/\/conciergemedicine.cz\/wp-content\/uploads\/2026\/01\/dep-ultrazvuk-razova-vlna-hero-18x10.webp 18w, https:\/\/conciergemedicine.cz\/wp-content\/uploads\/2026\/01\/dep-ultrazvuk-razova-vlna-hero-800x450.webp 800w, https:\/\/conciergemedicine.cz\/wp-content\/uploads\/2026\/01\/dep-ultrazvuk-razova-vlna-hero-24x14.webp 24w, https:\/\/conciergemedicine.cz\/wp-content\/uploads\/2026\/01\/dep-ultrazvuk-razova-vlna-hero-36x20.webp 36w, https:\/\/conciergemedicine.cz\/wp-content\/uploads\/2026\/01\/dep-ultrazvuk-razova-vlna-hero-48x27.webp 48w\" sizes=\"(max-width: 1920px) 100vw, 1920px\" \/>\t\t\t\t\t\t\t\t\t\t\t\t\t\t\t<\/div>\n\t\t\t\t<\/div>\n\t\t\t\t<\/div>\n\t\t\t\t\t<\/div>\n\t\t\t\t<\/div>\n\t\t<div class=\"elementor-element elementor-element-2881c8a e-flex e-con-boxed e-con e-parent\" data-id=\"2881c8a\" data-element_type=\"container\" data-e-type=\"container\">\n\t\t\t\t\t<div class=\"e-con-inner\">\n\t\t<div class=\"elementor-element elementor-element-32273ef e-con-full e-flex e-con e-child\" data-id=\"32273ef\" data-element_type=\"container\" data-e-type=\"container\">\n\t\t\t\t<div class=\"elementor-element elementor-element-a78ec94 elementor-widget elementor-widget-text-editor\" data-id=\"a78ec94\" data-element_type=\"widget\" data-e-type=\"widget\" data-widget_type=\"text-editor.default\">\n\t\t\t\t<div class=\"elementor-widget-container\">\n\t\t\t\t\t\t\t\t\t<div class=\"col-12 col-md-10 col-lg-8\"><p>At our clinic, we offer comprehensive physiotherapy services designed to relieve pain, restore mobility, and support long-term recovery. Whether you\u2019re recovering from injury, managing chronic pain, or looking to improve physical performance, we provide personalized treatment plans tailored to your specific needs.<\/p><\/div>\t\t\t\t\t\t\t\t<\/div>\n\t\t\t\t<\/div>\n\t\t\t\t<\/div>\n\t\t<div class=\"elementor-element elementor-element-71873c0 e-con-full e-flex e-con e-child\" data-id=\"71873c0\" data-element_type=\"container\" data-e-type=\"container\">\n\t\t\t\t<div class=\"elementor-element elementor-element-cd68c9e elementor-align-right elementor-mobile-align-left elementor-widget elementor-widget-button\" data-id=\"cd68c9e\" data-element_type=\"widget\" data-e-type=\"widget\" data-widget_type=\"button.default\">\n\t\t\t\t<div class=\"elementor-widget-container\">\n\t\t\t\t\t\t\t\t\t<div class=\"elementor-button-wrapper\">\n\t\t\t\t\t<a class=\"elementor-button elementor-button-link elementor-size-sm\" href=\"https:\/\/conciergemedicine.cz\/en\/contact\/\" target=\"_blank\">\n\t\t\t\t\t\t<span class=\"elementor-button-content-wrapper\">\n\t\t\t\t\t\t\t\t\t<span class=\"elementor-button-text\">MAKE AN APPOINTMENT<\/span>\n\t\t\t\t\t<\/span>\n\t\t\t\t\t<\/a>\n\t\t\t\t<\/div>\n\t\t\t\t\t\t\t\t<\/div>\n\t\t\t\t<\/div>\n\t\t\t\t<\/div>\n\t\t\t\t\t<\/div>\n\t\t\t\t<\/div>\n\t\t<div class=\"elementor-element elementor-element-b63ba18 e-flex e-con-boxed e-con e-parent\" data-id=\"b63ba18\" data-element_type=\"container\" data-e-type=\"container\" data-settings=\"{&quot;background_background&quot;:&quot;classic&quot;}\">\n\t\t\t\t\t<div class=\"e-con-inner\">\n\t\t<div class=\"elementor-element elementor-element-823e33a e-con-full e-flex e-con e-child\" data-id=\"823e33a\" data-element_type=\"container\" data-e-type=\"container\">\n\t\t\t\t<div class=\"elementor-element elementor-element-480c70f elementor-widget elementor-widget-text-editor\" data-id=\"480c70f\" data-element_type=\"widget\" data-e-type=\"widget\" data-widget_type=\"text-editor.default\">\n\t\t\t\t<div class=\"elementor-widget-container\">\n\t\t\t\t\t\t\t\t\t<p style=\"text-align: center;\">Led by an Expert: Tom\u00e1\u0161 Oppl<\/p>\t\t\t\t\t\t\t\t<\/div>\n\t\t\t\t<\/div>\n\t\t\t\t<div class=\"elementor-element elementor-element-89ef4f7 elementor-widget elementor-widget-text-editor\" data-id=\"89ef4f7\" data-element_type=\"widget\" data-e-type=\"widget\" data-widget_type=\"text-editor.default\">\n\t\t\t\t<div class=\"elementor-widget-container\">\n\t\t\t\t\t\t\t\t\t<p>All treatments are delivered or supervised by Tom\u00e1\u0161 Oppl, a well-known physiotherapist in Prague. With extensive experience and a results-driven approach, Tom\u00e1\u0161 ensures each session is adapted to your individual condition using the latest methods and equipment.<\/p>\t\t\t\t\t\t\t\t<\/div>\n\t\t\t\t<\/div>\n\t\t\t\t<\/div>\n\t\t\t\t\t<\/div>\n\t\t\t\t<\/div>\n\t\t<div class=\"elementor-element elementor-element-5666ac1 e-flex e-con-boxed e-con e-parent\" data-id=\"5666ac1\" data-element_type=\"container\" data-e-type=\"container\" data-settings=\"{&quot;background_background&quot;:&quot;classic&quot;}\">\n\t\t\t\t\t<div class=\"e-con-inner\">\n\t\t<div class=\"elementor-element elementor-element-efe825e e-con-full e-flex e-con e-child\" data-id=\"efe825e\" data-element_type=\"container\" data-e-type=\"container\">\n\t\t\t\t<div class=\"elementor-element elementor-element-d78f128 elementor-widget elementor-widget-image\" data-id=\"d78f128\" data-element_type=\"widget\" data-e-type=\"widget\" data-widget_type=\"image.default\">\n\t\t\t\t<div class=\"elementor-widget-container\">\n\t\t\t\t\t\t\t\t\t\t\t\t\t\t\t<img decoding=\"async\" width=\"1024\" height=\"576\" src=\"https:\/\/conciergemedicine.cz\/wp-content\/uploads\/2026\/01\/dep-ultrazvuk-razova-vlna-tym-1024x576.webp\" class=\"attachment-large size-large wp-image-11973\" alt=\"Dep ultrazvuk razova vlna tym\" srcset=\"https:\/\/conciergemedicine.cz\/wp-content\/uploads\/2026\/01\/dep-ultrazvuk-razova-vlna-tym-1024x576.webp 1024w, https:\/\/conciergemedicine.cz\/wp-content\/uploads\/2026\/01\/dep-ultrazvuk-razova-vlna-tym-300x169.webp 300w, https:\/\/conciergemedicine.cz\/wp-content\/uploads\/2026\/01\/dep-ultrazvuk-razova-vlna-tym-768x432.webp 768w, https:\/\/conciergemedicine.cz\/wp-content\/uploads\/2026\/01\/dep-ultrazvuk-razova-vlna-tym-1536x864.webp 1536w, https:\/\/conciergemedicine.cz\/wp-content\/uploads\/2026\/01\/dep-ultrazvuk-razova-vlna-tym-18x10.webp 18w, https:\/\/conciergemedicine.cz\/wp-content\/uploads\/2026\/01\/dep-ultrazvuk-razova-vlna-tym-800x450.webp 800w, https:\/\/conciergemedicine.cz\/wp-content\/uploads\/2026\/01\/dep-ultrazvuk-razova-vlna-tym-24x14.webp 24w, https:\/\/conciergemedicine.cz\/wp-content\/uploads\/2026\/01\/dep-ultrazvuk-razova-vlna-tym-36x20.webp 36w, https:\/\/conciergemedicine.cz\/wp-content\/uploads\/2026\/01\/dep-ultrazvuk-razova-vlna-tym-48x27.webp 48w, https:\/\/conciergemedicine.cz\/wp-content\/uploads\/2026\/01\/dep-ultrazvuk-razova-vlna-tym.webp 1920w\" sizes=\"(max-width: 1024px) 100vw, 1024px\" \/>\t\t\t\t\t\t\t\t\t\t\t\t\t\t\t<\/div>\n\t\t\t\t<\/div>\n\t\t\t\t<\/div>\n\t\t<div class=\"elementor-element elementor-element-6b6a5ef e-con-full e-flex e-con e-child\" data-id=\"6b6a5ef\" data-element_type=\"container\" data-e-type=\"container\">\n\t\t\t\t<div class=\"elementor-element elementor-element-3c6df4d elementor-widget elementor-widget-text-editor\" data-id=\"3c6df4d\" data-element_type=\"widget\" data-e-type=\"widget\" data-widget_type=\"text-editor.default\">\n\t\t\t\t<div class=\"elementor-widget-container\">\n\t\t\t\t\t\t\t\t\t<span style=\"color: #009b9f; font-weight: bold;\">Our physiotherapist <\/span><br>look forward\nto your visit!\t\t\t\t\t\t\t\t<\/div>\n\t\t\t\t<\/div>\n\t\t\t\t<div class=\"elementor-element elementor-element-f6411bc elementor-widget elementor-widget-text-editor\" data-id=\"f6411bc\" data-element_type=\"widget\" data-e-type=\"widget\" data-widget_type=\"text-editor.default\">\n\t\t\t\t<div class=\"elementor-widget-container\">\n\t\t\t\t\t\t\t\t\t<p>\u27a5 Tom\u00e1\u0161 Oppl<br \/><br \/>Same-day appointments are now available at our Prague 5 clinic!<\/p>\t\t\t\t\t\t\t\t<\/div>\n\t\t\t\t<\/div>\n\t\t\t\t<\/div>\n\t\t\t\t\t<\/div>\n\t\t\t\t<\/div>\n\t\t<div class=\"elementor-element elementor-element-efc3656 e-flex e-con-boxed e-con e-parent\" data-id=\"efc3656\" data-element_type=\"container\" data-e-type=\"container\">\n\t\t\t\t\t<div class=\"e-con-inner\">\n\t\t<div class=\"elementor-element elementor-element-fb3a42f e-con-full e-flex e-con e-child\" data-id=\"fb3a42f\" data-element_type=\"container\" data-e-type=\"container\">\n\t\t\t\t<div class=\"elementor-element elementor-element-039fc3f elementor-widget elementor-widget-text-editor\" data-id=\"039fc3f\" data-element_type=\"widget\" data-e-type=\"widget\" data-widget_type=\"text-editor.default\">\n\t\t\t\t<div class=\"elementor-widget-container\">\n\t\t\t\t\t\t\t\t\t<span style=\"color: #009b9f;\">We offer the following<\/span><br>\nmodern physiotherapy services:\t\t\t\t\t\t\t\t<\/div>\n\t\t\t\t<\/div>\n\t\t\t\t<div class=\"elementor-element elementor-element-89514b0 elementor-widget elementor-widget-text-editor\" data-id=\"89514b0\" data-element_type=\"widget\" data-e-type=\"widget\" data-widget_type=\"text-editor.default\">\n\t\t\t\t<div class=\"elementor-widget-container\">\n\t\t\t\t\t\t\t\t\t<p>Advanced Therapy with BTL-4825 SL Premium<\/p>\t\t\t\t\t\t\t\t<\/div>\n\t\t\t\t<\/div>\n\t\t\t\t<div class=\"elementor-element elementor-element-bdc3855 elementor-widget elementor-widget-text-editor\" data-id=\"bdc3855\" data-element_type=\"widget\" data-e-type=\"widget\" data-widget_type=\"text-editor.default\">\n\t\t\t\t<div class=\"elementor-widget-container\">\n\t\t\t\t\t\t\t\t\t<p>We take pride in utilizing the combined BTL-4825 SL Premium, a device featuring the most advanced technology available. It integrates electrotherapy, ultrasound, and laser therapy into a single unit. This allows us to offer highly effective, precise, and non-invasive pain management, tissue healing, and accelerated rehabilitation.<br \/><br \/>We are also equipped with the BTL 6000 SWT Top Line Power physiotherapy device for treating pain using radial shockwave therapy.<br \/><br \/>\u2714\ufe0f Targeted pain relief via dual-channel electrotherapy<br \/>\u2714\ufe0f Faster healing and inflammation reduction thanks to ultrasound technology<br \/>\u2714\ufe0f Laser therapy for non-invasive tissue regeneration and accelerated recovery<br \/>\u2714\ufe0f Expertly configured protocols with guaranteed results<br \/>\u2714\ufe0f Gentle and effective therapy without the need for prolonged convalescence<\/p>\t\t\t\t\t\t\t\t<\/div>\n\t\t\t\t<\/div>\n\t\t\t\t<div class=\"elementor-element elementor-element-5146c5b elementor-widget elementor-widget-text-editor\" data-id=\"5146c5b\" data-element_type=\"widget\" data-e-type=\"widget\" data-widget_type=\"text-editor.default\">\n\t\t\t\t<div class=\"elementor-widget-container\">\n\t\t\t\t\t\t\t\t\t<p>Why Choose Us?<\/p>\t\t\t\t\t\t\t\t<\/div>\n\t\t\t\t<\/div>\n\t\t\t\t<div class=\"elementor-element elementor-element-ca5f2c8 elementor-widget elementor-widget-text-editor\" data-id=\"ca5f2c8\" data-element_type=\"widget\" data-e-type=\"widget\" data-widget_type=\"text-editor.default\">\n\t\t\t\t<div class=\"elementor-widget-container\">\n\t\t\t\t\t\t\t\t\t<p>\ud83d\udc9a Individualized approach and therapy tailored specifically to your health status and goals<br \/>\ud83d\udc9a Expert guidance from physiotherapist Tom\u00e1\u0161 Oppl, a renowned specialist in Prague<br \/>\ud83d\udc9a Advanced technologies, including the BTL-4825 SL Premium device<br \/>\ud83d\udc9a A modern and comfortable environment for your therapy<br \/>\ud83d\udc9a Proven methods for treating the musculoskeletal system, neurological issues, and post-operative conditions<\/p>\t\t\t\t\t\t\t\t<\/div>\n\t\t\t\t<\/div>\n\t\t\t\t<div class=\"elementor-element elementor-element-33138df elementor-widget elementor-widget-text-editor\" data-id=\"33138df\" data-element_type=\"widget\" data-e-type=\"widget\" data-widget_type=\"text-editor.default\">\n\t\t\t\t<div class=\"elementor-widget-container\">\n\t\t\t\t\t\t\t\t\t<p>Meet Our Expert Physiotherapist<\/p>\t\t\t\t\t\t\t\t<\/div>\n\t\t\t\t<\/div>\n\t\t\t\t<div class=\"elementor-element elementor-element-492755b elementor-widget elementor-widget-text-editor\" data-id=\"492755b\" data-element_type=\"widget\" data-e-type=\"widget\" data-widget_type=\"text-editor.default\">\n\t\t\t\t<div class=\"elementor-widget-container\">\n\t\t\t\t\t\t\t\t\t<p id=\"e020031\" class=\"mb-5\"><b>Tom\u00e1\u0161 Oppl DiS.<br \/><\/b><br \/>Tom\u00e1\u0161 Oppl is a leading expert in the field of physiotherapy, specializing in accelerated regeneration through advanced technologies. He integrates state-of-the-art modalities into his practice\u2014including electrotherapy, ultrasound, laser therapy, and shockwave therapy\u2014combining them with comprehensive diagnostics and targeted manual techniques. This specific approach allows him to precisely target pain and inflammation, offering clients a modern and effective path to lasting relief. As a graduate of the Academy of Physical Education and Sport, Tom\u00e1\u0161 also brings the holistic perspective of a qualified nutritional advisor, ensuring a truly comprehensive treatment plan.<br \/><br \/>As a key member of the Concierge Medicine Europe physiotherapy team, Tom\u00e1\u0161 brings a wealth of experience from an exceptional career spanning more than two decades. During this time, he honed his skills at the renowned Canadian Medical clinic (2003\u20132021) and served as a trusted medical consultant for the U.S. Embassy in Prague from 2012 to 2018. Thanks to this extensive experience, he possesses deep knowledge even in complex rehabilitation cases, making him a sought-after specialist for clients seeking a confident return to an active, pain-free life.<\/p>\t\t\t\t\t\t\t\t<\/div>\n\t\t\t\t<\/div>\n\t\t\t\t<\/div>\n\t\t\t\t\t<\/div>\n\t\t\t\t<\/div>\n\t\t<div class=\"elementor-element elementor-element-c4d911a e-flex e-con-boxed e-con e-parent\" data-id=\"c4d911a\" data-element_type=\"container\" data-e-type=\"container\" data-settings=\"{&quot;background_background&quot;:&quot;classic&quot;}\">\n\t\t\t\t\t<div class=\"e-con-inner\">\n\t\t<div class=\"elementor-element elementor-element-3fe63d8 e-con-full e-flex e-con e-child\" data-id=\"3fe63d8\" data-element_type=\"container\" data-e-type=\"container\">\n\t\t\t\t<div class=\"elementor-element elementor-element-d207205 elementor-widget elementor-widget-image\" data-id=\"d207205\" data-element_type=\"widget\" data-e-type=\"widget\" data-widget_type=\"image.default\">\n\t\t\t\t<div class=\"elementor-widget-container\">\n\t\t\t\t\t\t\t\t\t\t\t\t\t\t\t<img decoding=\"async\" width=\"1024\" height=\"576\" src=\"https:\/\/conciergemedicine.cz\/wp-content\/uploads\/2026\/01\/dep-ultrazvuk-razova-vlna-1024x576.webp\" class=\"attachment-large size-large wp-image-11983\" alt=\"Dep ultrazvuk razova vlna\" srcset=\"https:\/\/conciergemedicine.cz\/wp-content\/uploads\/2026\/01\/dep-ultrazvuk-razova-vlna-1024x576.webp 1024w, https:\/\/conciergemedicine.cz\/wp-content\/uploads\/2026\/01\/dep-ultrazvuk-razova-vlna-300x169.webp 300w, https:\/\/conciergemedicine.cz\/wp-content\/uploads\/2026\/01\/dep-ultrazvuk-razova-vlna-768x432.webp 768w, https:\/\/conciergemedicine.cz\/wp-content\/uploads\/2026\/01\/dep-ultrazvuk-razova-vlna-1536x864.webp 1536w, https:\/\/conciergemedicine.cz\/wp-content\/uploads\/2026\/01\/dep-ultrazvuk-razova-vlna-18x10.webp 18w, https:\/\/conciergemedicine.cz\/wp-content\/uploads\/2026\/01\/dep-ultrazvuk-razova-vlna-800x450.webp 800w, https:\/\/conciergemedicine.cz\/wp-content\/uploads\/2026\/01\/dep-ultrazvuk-razova-vlna-24x14.webp 24w, https:\/\/conciergemedicine.cz\/wp-content\/uploads\/2026\/01\/dep-ultrazvuk-razova-vlna-36x20.webp 36w, https:\/\/conciergemedicine.cz\/wp-content\/uploads\/2026\/01\/dep-ultrazvuk-razova-vlna-48x27.webp 48w, https:\/\/conciergemedicine.cz\/wp-content\/uploads\/2026\/01\/dep-ultrazvuk-razova-vlna.webp 1920w\" sizes=\"(max-width: 1024px) 100vw, 1024px\" \/>\t\t\t\t\t\t\t\t\t\t\t\t\t\t\t<\/div>\n\t\t\t\t<\/div>\n\t\t\t\t<\/div>\n\t\t<div class=\"elementor-element elementor-element-a86f5c8 e-con-full e-flex e-con e-child\" data-id=\"a86f5c8\" data-element_type=\"container\" data-e-type=\"container\">\n\t\t\t\t<div class=\"elementor-element elementor-element-11a9785 elementor-widget elementor-widget-text-editor\" data-id=\"11a9785\" data-element_type=\"widget\" data-e-type=\"widget\" data-widget_type=\"text-editor.default\">\n\t\t\t\t<div class=\"elementor-widget-container\">\n\t\t\t\t\t\t\t\t\t<span style=\"color: #009b9f; font-weight: bold;\">Physiotherapy Care<\/span><br> by\nTom\u00e1\u0161 Oppl\t\t\t\t\t\t\t\t<\/div>\n\t\t\t\t<\/div>\n\t\t\t\t<div class=\"elementor-element elementor-element-e9c7650 elementor-widget elementor-widget-text-editor\" data-id=\"e9c7650\" data-element_type=\"widget\" data-e-type=\"widget\" data-widget_type=\"text-editor.default\">\n\t\t\t\t<div class=\"elementor-widget-container\">\n\t\t\t\t\t\t\t\t\t<p>Start your recovery with personalized, high-quality physiotherapy. Whether you\u2019re dealing with joint pain, sports injuries, or chronic conditions, we\u2019re here to help you feel better, move better, and live better.<\/p>\t\t\t\t\t\t\t\t<\/div>\n\t\t\t\t<\/div>\n\t\t\t\t<div class=\"elementor-element elementor-element-310892b elementor-align-left elementor-widget elementor-widget-button\" data-id=\"310892b\" data-element_type=\"widget\" data-e-type=\"widget\" data-widget_type=\"button.default\">\n\t\t\t\t<div class=\"elementor-widget-container\">\n\t\t\t\t\t\t\t\t\t<div class=\"elementor-button-wrapper\">\n\t\t\t\t\t<a class=\"elementor-button elementor-button-link elementor-size-sm\" href=\"https:\/\/conciergemedicine.cz\/en\/contact\/\">\n\t\t\t\t\t\t<span class=\"elementor-button-content-wrapper\">\n\t\t\t\t\t\t\t\t\t<span class=\"elementor-button-text\">CONTACT US<\/span>\n\t\t\t\t\t<\/span>\n\t\t\t\t\t<\/a>\n\t\t\t\t<\/div>\n\t\t\t\t\t\t\t\t<\/div>\n\t\t\t\t<\/div>\n\t\t\t\t<\/div>\n\t\t\t\t\t<\/div>\n\t\t\t\t<\/div>\n\t\t\t\t<\/div>\n\t\t","protected":false},"excerpt":{"rendered":"<p>Ultrasound and Shockwave Therapy Advanced Physiotherapy with Tom\u00e1\u0161 Oppl in Prague 5 At our clinic, we offer comprehensive physiotherapy services designed to relieve pain, restore mobility, and support long-term recovery. Whether you\u2019re recovering from injury, managing chronic pain, or looking to improve physical performance, we provide personalized treatment plans tailored to your specific needs. MAKE [&hellip;]<\/p>\n","protected":false},"author":7,"featured_media":0,"parent":0,"menu_order":0,"comment_status":"closed","ping_status":"closed","template":"","meta":{"inline_featured_image":false,"slim_seo":{"title":"Ultrasound and Shockwave Therapy - Concierge Medicine Europe","description":"Advanced physiotherapy in Prague using shockwave and laser therapy for fast pain relief and effective rehabilitation with no wait times."},"footnotes":""},"class_list":["post-12066","page","type-page","status-publish","hentry","entry"],"_links":{"self":[{"href":"https:\/\/conciergemedicine.cz\/en\/wp-json\/wp\/v2\/pages\/12066","targetHints":{"allow":["GET"]}}],"collection":[{"href":"https:\/\/conciergemedicine.cz\/en\/wp-json\/wp\/v2\/pages"}],"about":[{"href":"https:\/\/conciergemedicine.cz\/en\/wp-json\/wp\/v2\/types\/page"}],"author":[{"embeddable":true,"href":"https:\/\/conciergemedicine.cz\/en\/wp-json\/wp\/v2\/users\/7"}],"replies":[{"embeddable":true,"href":"https:\/\/conciergemedicine.cz\/en\/wp-json\/wp\/v2\/comments?post=12066"}],"version-history":[{"count":0,"href":"https:\/\/conciergemedicine.cz\/en\/wp-json\/wp\/v2\/pages\/12066\/revisions"}],"wp:attachment":[{"href":"https:\/\/conciergemedicine.cz\/en\/wp-json\/wp\/v2\/media?parent=12066"}],"curies":[{"name":"wp","href":"https:\/\/api.w.org\/{rel}","templated":true}]}}