{"id":11905,"date":"2026-01-16T17:00:31","date_gmt":"2026-01-16T17:00:31","guid":{"rendered":"https:\/\/staging.conciergemedicine.cz\/?page_id=11905"},"modified":"2026-04-22T11:07:13","modified_gmt":"2026-04-22T09:07:13","slug":"ophthalmology","status":"publish","type":"page","link":"https:\/\/conciergemedicine.cz\/en\/ophthalmology\/","title":{"rendered":"Ophthalmology"},"content":{"rendered":"\t\t<div data-elementor-type=\"wp-page\" data-elementor-id=\"11905\" class=\"elementor elementor-11905\" data-elementor-post-type=\"page\">\n\t\t\t\t<div class=\"elementor-element elementor-element-bafdc28 e-flex e-con-boxed e-con e-parent\" data-id=\"bafdc28\" data-element_type=\"container\" data-e-type=\"container\" data-settings=\"{&quot;background_background&quot;:&quot;classic&quot;}\">\n\t\t\t\t\t<div class=\"e-con-inner\">\n\t\t\t\t<div class=\"elementor-element elementor-element-264c8d3 elementor-widget elementor-widget-heading\" data-id=\"264c8d3\" data-element_type=\"widget\" data-e-type=\"widget\" data-widget_type=\"heading.default\">\n\t\t\t\t<div class=\"elementor-widget-container\">\n\t\t\t\t\t<h1 class=\"elementor-heading-title elementor-size-default\">Ophthalmology<\/h1>\t\t\t\t<\/div>\n\t\t\t\t<\/div>\n\t\t\t\t<div class=\"elementor-element elementor-element-70682b7 elementor-widget elementor-widget-text-editor\" data-id=\"70682b7\" data-element_type=\"widget\" data-e-type=\"widget\" data-widget_type=\"text-editor.default\">\n\t\t\t\t<div class=\"elementor-widget-container\">\n\t\t\t\t\t\t\t\t\t<p style=\"text-align: center;\">Concierge Eye Doctor in Prague<\/p>\t\t\t\t\t\t\t\t<\/div>\n\t\t\t\t<\/div>\n\t\t\t\t\t<\/div>\n\t\t\t\t<\/div>\n\t\t<div class=\"elementor-element elementor-element-d680f8d e-flex e-con-boxed e-con e-parent\" data-id=\"d680f8d\" data-element_type=\"container\" data-e-type=\"container\">\n\t\t\t\t\t<div class=\"e-con-inner\">\n\t\t\t\t<div class=\"elementor-element elementor-element-4aa1d6a elementor-widget elementor-widget-image\" data-id=\"4aa1d6a\" data-element_type=\"widget\" data-e-type=\"widget\" data-widget_type=\"image.default\">\n\t\t\t\t<div class=\"elementor-widget-container\">\n\t\t\t\t\t\t\t\t\t\t\t\t\t\t\t<img fetchpriority=\"high\" decoding=\"async\" width=\"1920\" height=\"1080\" src=\"https:\/\/conciergemedicine.cz\/wp-content\/uploads\/2026\/01\/dep-oftalmologie-hero.webp\" class=\"attachment-full size-full wp-image-11879\" alt=\"Dep oftalmologie hero\" srcset=\"https:\/\/conciergemedicine.cz\/wp-content\/uploads\/2026\/01\/dep-oftalmologie-hero.webp 1920w, https:\/\/conciergemedicine.cz\/wp-content\/uploads\/2026\/01\/dep-oftalmologie-hero-300x169.webp 300w, https:\/\/conciergemedicine.cz\/wp-content\/uploads\/2026\/01\/dep-oftalmologie-hero-1024x576.webp 1024w, https:\/\/conciergemedicine.cz\/wp-content\/uploads\/2026\/01\/dep-oftalmologie-hero-768x432.webp 768w, https:\/\/conciergemedicine.cz\/wp-content\/uploads\/2026\/01\/dep-oftalmologie-hero-1536x864.webp 1536w, https:\/\/conciergemedicine.cz\/wp-content\/uploads\/2026\/01\/dep-oftalmologie-hero-18x10.webp 18w, https:\/\/conciergemedicine.cz\/wp-content\/uploads\/2026\/01\/dep-oftalmologie-hero-800x450.webp 800w, https:\/\/conciergemedicine.cz\/wp-content\/uploads\/2026\/01\/dep-oftalmologie-hero-24x14.webp 24w, https:\/\/conciergemedicine.cz\/wp-content\/uploads\/2026\/01\/dep-oftalmologie-hero-36x20.webp 36w, https:\/\/conciergemedicine.cz\/wp-content\/uploads\/2026\/01\/dep-oftalmologie-hero-48x27.webp 48w\" sizes=\"(max-width: 1920px) 100vw, 1920px\" \/>\t\t\t\t\t\t\t\t\t\t\t\t\t\t\t<\/div>\n\t\t\t\t<\/div>\n\t\t\t\t\t<\/div>\n\t\t\t\t<\/div>\n\t\t<div class=\"elementor-element elementor-element-523b1b5 e-flex e-con-boxed e-con e-parent\" data-id=\"523b1b5\" data-element_type=\"container\" data-e-type=\"container\">\n\t\t\t\t\t<div class=\"e-con-inner\">\n\t\t<div class=\"elementor-element elementor-element-a93a58f e-con-full e-flex e-con e-child\" data-id=\"a93a58f\" data-element_type=\"container\" data-e-type=\"container\">\n\t\t\t\t<div class=\"elementor-element elementor-element-261deb2 elementor-widget elementor-widget-text-editor\" data-id=\"261deb2\" data-element_type=\"widget\" data-e-type=\"widget\" data-widget_type=\"text-editor.default\">\n\t\t\t\t<div class=\"elementor-widget-container\">\n\t\t\t\t\t\t\t\t\t<div class=\"col-12 col-md-10 col-lg-8\"><p>At Concierge Medicine Europe, we believe that seeing clearly means more than just 20\/20 vision\u2014it means understanding your eye health, protecting it for life, and receiving care that respects your time and individual needs.<br \/><br \/>As a Center of Excellence for Lifestyle Medicine &amp; Healthy Longevity, we also focus on the broader connections between vision, systemic health, and lifestyle\u2014because what affects your body, affects your eyes. We diagnose and treat a full spectrum of conditions including dry eye, cataracts, glaucoma, macular degeneration, refractive errors, diabetic eye disease, and more.<\/p><\/div>\t\t\t\t\t\t\t\t<\/div>\n\t\t\t\t<\/div>\n\t\t\t\t<\/div>\n\t\t<div class=\"elementor-element elementor-element-be77b2b e-con-full e-flex e-con e-child\" data-id=\"be77b2b\" data-element_type=\"container\" data-e-type=\"container\">\n\t\t\t\t<div class=\"elementor-element elementor-element-d7ac58d elementor-align-right elementor-mobile-align-left elementor-widget elementor-widget-button\" data-id=\"d7ac58d\" data-element_type=\"widget\" data-e-type=\"widget\" data-widget_type=\"button.default\">\n\t\t\t\t<div class=\"elementor-widget-container\">\n\t\t\t\t\t\t\t\t\t<div class=\"elementor-button-wrapper\">\n\t\t\t\t\t<a class=\"elementor-button elementor-button-link elementor-size-sm\" href=\"https:\/\/conciergemedicine.cz\/en\/contact\/\" target=\"_blank\">\n\t\t\t\t\t\t<span class=\"elementor-button-content-wrapper\">\n\t\t\t\t\t\t\t\t\t<span class=\"elementor-button-text\">MAKE AN APPOINTMENT<\/span>\n\t\t\t\t\t<\/span>\n\t\t\t\t\t<\/a>\n\t\t\t\t<\/div>\n\t\t\t\t\t\t\t\t<\/div>\n\t\t\t\t<\/div>\n\t\t\t\t<\/div>\n\t\t\t\t\t<\/div>\n\t\t\t\t<\/div>\n\t\t<div class=\"elementor-element elementor-element-acb8dd0 e-flex e-con-boxed e-con e-parent\" data-id=\"acb8dd0\" data-element_type=\"container\" data-e-type=\"container\" data-settings=\"{&quot;background_background&quot;:&quot;classic&quot;}\">\n\t\t\t\t\t<div class=\"e-con-inner\">\n\t\t\t\t<div class=\"elementor-element elementor-element-96c66d9 elementor-widget elementor-widget-text-editor\" data-id=\"96c66d9\" data-element_type=\"widget\" data-e-type=\"widget\" data-widget_type=\"text-editor.default\">\n\t\t\t\t<div class=\"elementor-widget-container\">\n\t\t\t\t\t\t\t\t\t<p>Your vision is our priority\u2014delivered with precision, purpose, and care<\/p>\t\t\t\t\t\t\t\t<\/div>\n\t\t\t\t<\/div>\n\t\t\t\t<div class=\"elementor-element elementor-element-2686efc elementor-widget elementor-widget-text-editor\" data-id=\"2686efc\" data-element_type=\"widget\" data-e-type=\"widget\" data-widget_type=\"text-editor.default\">\n\t\t\t\t<div class=\"elementor-widget-container\">\n\t\t\t\t\t\t\t\t\t<p>Our Concierge Ophthalmology service offers comprehensive, expert eye care in a setting designed for comfort, clarity, and precision. Whether you\u2019re seeking preventative eye exams, managing a chronic condition, or exploring vision correction options, our approach is grounded in compassion, expertise, and personalized planning.<\/p>\t\t\t\t\t\t\t\t<\/div>\n\t\t\t\t<\/div>\n\t\t\t\t\t<\/div>\n\t\t\t\t<\/div>\n\t\t<div class=\"elementor-element elementor-element-b6d6ba3 e-flex e-con-boxed e-con e-parent\" data-id=\"b6d6ba3\" data-element_type=\"container\" data-e-type=\"container\">\n\t\t\t\t\t<div class=\"e-con-inner\">\n\t\t<div class=\"elementor-element elementor-element-fa74b82 e-con-full e-flex e-con e-child\" data-id=\"fa74b82\" data-element_type=\"container\" data-e-type=\"container\">\n\t\t\t\t<div class=\"elementor-element elementor-element-4da5a36 elementor-widget elementor-widget-image\" data-id=\"4da5a36\" data-element_type=\"widget\" data-e-type=\"widget\" data-widget_type=\"image.default\">\n\t\t\t\t<div class=\"elementor-widget-container\">\n\t\t\t\t\t\t\t\t\t\t\t\t\t\t\t<img decoding=\"async\" width=\"1024\" height=\"576\" src=\"https:\/\/conciergemedicine.cz\/wp-content\/uploads\/2026\/01\/dep-oftalmologie-tym-1024x576.webp\" class=\"attachment-large size-large wp-image-11886\" alt=\"Dep oftalmologie tym\" srcset=\"https:\/\/conciergemedicine.cz\/wp-content\/uploads\/2026\/01\/dep-oftalmologie-tym-1024x576.webp 1024w, https:\/\/conciergemedicine.cz\/wp-content\/uploads\/2026\/01\/dep-oftalmologie-tym-300x169.webp 300w, https:\/\/conciergemedicine.cz\/wp-content\/uploads\/2026\/01\/dep-oftalmologie-tym-768x432.webp 768w, https:\/\/conciergemedicine.cz\/wp-content\/uploads\/2026\/01\/dep-oftalmologie-tym-1536x864.webp 1536w, https:\/\/conciergemedicine.cz\/wp-content\/uploads\/2026\/01\/dep-oftalmologie-tym-18x10.webp 18w, https:\/\/conciergemedicine.cz\/wp-content\/uploads\/2026\/01\/dep-oftalmologie-tym-800x450.webp 800w, https:\/\/conciergemedicine.cz\/wp-content\/uploads\/2026\/01\/dep-oftalmologie-tym-24x14.webp 24w, https:\/\/conciergemedicine.cz\/wp-content\/uploads\/2026\/01\/dep-oftalmologie-tym-36x20.webp 36w, https:\/\/conciergemedicine.cz\/wp-content\/uploads\/2026\/01\/dep-oftalmologie-tym-48x27.webp 48w, https:\/\/conciergemedicine.cz\/wp-content\/uploads\/2026\/01\/dep-oftalmologie-tym.webp 1920w\" sizes=\"(max-width: 1024px) 100vw, 1024px\" \/>\t\t\t\t\t\t\t\t\t\t\t\t\t\t\t<\/div>\n\t\t\t\t<\/div>\n\t\t\t\t<\/div>\n\t\t<div class=\"elementor-element elementor-element-66b6458 e-con-full e-flex e-con e-child\" data-id=\"66b6458\" data-element_type=\"container\" data-e-type=\"container\">\n\t\t\t\t<div class=\"elementor-element elementor-element-231c989 elementor-widget elementor-widget-text-editor\" data-id=\"231c989\" data-element_type=\"widget\" data-e-type=\"widget\" data-widget_type=\"text-editor.default\">\n\t\t\t\t<div class=\"elementor-widget-container\">\n\t\t\t\t\t\t\t\t\t<p><span style=\"color: #009b9f; font-weight: bold;\">Our eye doctors<br \/>look forward<\/span><br \/>to your visit!<\/p>\t\t\t\t\t\t\t\t<\/div>\n\t\t\t\t<\/div>\n\t\t\t\t<div class=\"elementor-element elementor-element-26212c5 elementor-widget elementor-widget-text-editor\" data-id=\"26212c5\" data-element_type=\"widget\" data-e-type=\"widget\" data-widget_type=\"text-editor.default\">\n\t\t\t\t<div class=\"elementor-widget-container\">\n\t\t\t\t\t\t\t\t\t<p>\u27a5 Andrea Havl\u00edkov\u00e1, MD<br \/>\u27a5 Zuzana Hendrickson, MD<br \/><br \/>Same-day appointments are now available at our Prague clinics!<\/p>\t\t\t\t\t\t\t\t<\/div>\n\t\t\t\t<\/div>\n\t\t\t\t<\/div>\n\t\t\t\t\t<\/div>\n\t\t\t\t<\/div>\n\t\t<div class=\"elementor-element elementor-element-b6a4093 e-flex e-con-boxed e-con e-parent\" data-id=\"b6a4093\" data-element_type=\"container\" data-e-type=\"container\">\n\t\t\t\t\t<div class=\"e-con-inner\">\n\t\t\t\t<div class=\"elementor-element elementor-element-8303755 elementor-widget elementor-widget-text-editor\" data-id=\"8303755\" data-element_type=\"widget\" data-e-type=\"widget\" data-widget_type=\"text-editor.default\">\n\t\t\t\t<div class=\"elementor-widget-container\">\n\t\t\t\t\t\t\t\t\t<p><span style=\"color: #009b9f;\">We offer the following<br \/><\/span> ophthalmology services:<\/p>\t\t\t\t\t\t\t\t<\/div>\n\t\t\t\t<\/div>\n\t\t\t\t<div class=\"elementor-element elementor-element-75e828e elementor-widget elementor-widget-text-editor\" data-id=\"75e828e\" data-element_type=\"widget\" data-e-type=\"widget\" data-widget_type=\"text-editor.default\">\n\t\t\t\t<div class=\"elementor-widget-container\">\n\t\t\t\t\t\t\t\t\tOur Approach to Eye Care\t\t\t\t\t\t\t\t<\/div>\n\t\t\t\t<\/div>\n\t\t\t\t<div class=\"elementor-element elementor-element-b5b05b5 elementor-widget elementor-widget-text-editor\" data-id=\"b5b05b5\" data-element_type=\"widget\" data-e-type=\"widget\" data-widget_type=\"text-editor.default\">\n\t\t\t\t<div class=\"elementor-widget-container\">\n\t\t\t\t\t\t\t\t\t<p>Eye health is more than vision\u2014it\u2019s vascular, neurological, metabolic, and deeply personal. Our Concierge model ensures you receive unrushed, one-on-one attention, advanced diagnostics, and collaborative care that extends beyond the exam room.<\/p><p>We emphasize:<\/p><p>\u2714\ufe0f Comprehensive eye exams with modern retinal and optic nerve imaging<br \/>\u2714\ufe0f Screening and management for glaucoma, cataracts, and macular degeneration<br \/>\u2714\ufe0f Diabetic eye care and monitoring for systemic risk factors<br \/>\u2714\ufe0f Dry eye diagnosis and integrative treatment plans<br \/>\u2714\ufe0f Preventive strategies to protect vision over time<br \/>\u2714\ufe0f Coordinated care with neurology, endocrinology, and internal medicine<br \/>\u2714\ufe0f Immediate availability and follow-up in your language<\/p><p>As a Center of Excellence for Lifestyle Medicine &amp; Healthy Longevity, we understand that your eyes are windows to your whole-body health.<\/p>\t\t\t\t\t\t\t\t<\/div>\n\t\t\t\t<\/div>\n\t\t\t\t<div class=\"elementor-element elementor-element-221646b elementor-widget elementor-widget-text-editor\" data-id=\"221646b\" data-element_type=\"widget\" data-e-type=\"widget\" data-widget_type=\"text-editor.default\">\n\t\t\t\t<div class=\"elementor-widget-container\">\n\t\t\t\t\t\t\t\t\t<p>Who We Care For<\/p>\t\t\t\t\t\t\t\t<\/div>\n\t\t\t\t<\/div>\n\t\t\t\t<div class=\"elementor-element elementor-element-e6e4037 elementor-widget elementor-widget-text-editor\" data-id=\"e6e4037\" data-element_type=\"widget\" data-e-type=\"widget\" data-widget_type=\"text-editor.default\">\n\t\t\t\t<div class=\"elementor-widget-container\">\n\t\t\t\t\t\t\t\t\t<p>Our ophthalmology services are ideal for:<br \/><br \/>\ud83d\udc9a Adults and Children seeking routine or comprehensive eye exams<br \/>\ud83d\udc9a Patients with chronic eye conditions like glaucoma, dry eye, or macular degeneration<br \/>\ud83d\udc9a Individuals with diabetes or high blood pressure needing eye monitoring<br \/>\ud83d\udc9a Clients interested in prevention and vision longevity<br \/>\ud83d\udc9a Expats and international residents seeking English-speaking eye care in Prague<br \/>\ud83d\udc9a Anyone wanting an elevated, personalized approach to eye health<\/p>\t\t\t\t\t\t\t\t<\/div>\n\t\t\t\t<\/div>\n\t\t\t\t<div class=\"elementor-element elementor-element-1f243ad elementor-widget elementor-widget-text-editor\" data-id=\"1f243ad\" data-element_type=\"widget\" data-e-type=\"widget\" data-widget_type=\"text-editor.default\">\n\t\t\t\t<div class=\"elementor-widget-container\">\n\t\t\t\t\t\t\t\t\t<p>Meet Our Ophthalmology &amp; Vision Health Specialists<\/p>\t\t\t\t\t\t\t\t<\/div>\n\t\t\t\t<\/div>\n\t\t\t\t<div class=\"elementor-element elementor-element-967d029 elementor-widget elementor-widget-text-editor\" data-id=\"967d029\" data-element_type=\"widget\" data-e-type=\"widget\" data-widget_type=\"text-editor.default\">\n\t\t\t\t<div class=\"elementor-widget-container\">\n\t\t\t\t\t\t\t\t\t<p id=\"e020031\" class=\"mb-5\"><b>Andrea Havl\u00edkov\u00e1, MD<\/b><b><br \/><\/b><br \/>Dr. Andrea Havl\u00edkov\u00e1 is an experienced specialist in ophthalmology with extensive work experience. She graduated from the First Faculty of Medicine at Charles University in Prague, including a study stay at Lund University in Sweden as part of the Erasmus program. She holds a specialization in ophthalmology and a diploma of lifelong learning in this field.<\/p><p>Dr. Havl\u00edkov\u00e1 is a member of the ophthalmology team at Concierge Medicine Europe. Concurrently, she works at Teamprevent Sant\u00e9 and the Eye Clinic of the General University Hospital in Prague, where she provides outpatient and inpatient care. Previously, she worked at the Ophthalmology Department of P\u0159\u00edbram Hospital. She has expanded her expertise through numerous international internships (e.g., England, Spain, Switzerland), engages in teaching activities, and is a member of the Czech Ophthalmological Society J. E. Purkyn\u011b.<\/p><p><b>Zuzana Hendrickson, MD<br \/><\/b><br \/>Dr. Zuzana Hendrickson is a recognized expert in ophthalmology with extensive clinical practice. She graduated from the First Faculty of Medicine at Charles University in Prague. She also gained extensive experience at prestigious international institutions such as the University Eye Clinic in Basel and Moorfields Eye Hospital in London. She holds a specialist qualification and first-degree attestation in ophthalmology, complemented by a license from the Czech Medical Chamber for private practice.<\/p><p>Dr. Hendrickson is a member of the ophthalmology team at Concierge Medicine Europe. In addition to this role, she serves as a Medical Consultant for the US Embassy in Prague and works at the Eye Clinic of the First Faculty of Medicine, Charles University, and General University Hospital. Previously, she worked at the Eye Clinic of the Third Faculty of Medicine, Charles University, and Kr\u00e1lovsk\u00e9 Vinohrady University Hospital, and at Canadian Medical. She has authored publications in international journals, regularly lectures at congresses, is actively involved in undergraduate and postgraduate medical education, and is a member of professional medical societies.<\/p>\t\t\t\t\t\t\t\t<\/div>\n\t\t\t\t<\/div>\n\t\t\t\t<div class=\"elementor-element elementor-element-37c020d elementor-widget elementor-widget-text-editor\" data-id=\"37c020d\" data-element_type=\"widget\" data-e-type=\"widget\" data-widget_type=\"text-editor.default\">\n\t\t\t\t<div class=\"elementor-widget-container\">\n\t\t\t\t\t\t\t\t\t<p>What Our Patients Say<\/p>\t\t\t\t\t\t\t\t<\/div>\n\t\t\t\t<\/div>\n\t\t\t\t<div class=\"elementor-element elementor-element-a85c468 elementor-widget elementor-widget-text-editor\" data-id=\"a85c468\" data-element_type=\"widget\" data-e-type=\"widget\" data-widget_type=\"text-editor.default\">\n\t\t\t\t<div class=\"elementor-widget-container\">\n\t\t\t\t\t\t\t\t\t<p>\u2b50\u00a0<i>&#8220;Dr Havl\u00edkova impressed me as knowledgeable and experienced ophthalmologist, office was immaculate.&#8221;<\/i><i><br \/><\/i><i><br \/><\/i>\u2b50\u00a0<i>&#8220;I was very much impressed with ophthalmologist Dr Havl\u00edkova. Entire reception team was also extremely welcoming, pleasant and friendly.&#8221;<\/i><i><br \/><\/i><i><br \/><\/i>\u2b50\u00a0<i>&#8220;I had a very packed schedule of appointments throughout the day. Doctors were extremely thorough, especially the eye doctor.&#8221;<\/i><\/p>\t\t\t\t\t\t\t\t<\/div>\n\t\t\t\t<\/div>\n\t\t\t\t\t<\/div>\n\t\t\t\t<\/div>\n\t\t<div class=\"elementor-element elementor-element-11267c3 e-flex e-con-boxed e-con e-parent\" data-id=\"11267c3\" data-element_type=\"container\" data-e-type=\"container\">\n\t\t\t\t\t<div class=\"e-con-inner\">\n\t\t<div class=\"elementor-element elementor-element-a4d4637 e-con-full e-flex e-con e-child\" data-id=\"a4d4637\" data-element_type=\"container\" data-e-type=\"container\">\n\t\t\t\t<div class=\"elementor-element elementor-element-0ce18b3 elementor-widget elementor-widget-image\" data-id=\"0ce18b3\" data-element_type=\"widget\" data-e-type=\"widget\" data-widget_type=\"image.default\">\n\t\t\t\t<div class=\"elementor-widget-container\">\n\t\t\t\t\t\t\t\t\t\t\t\t\t\t\t<img decoding=\"async\" width=\"1024\" height=\"576\" src=\"https:\/\/conciergemedicine.cz\/wp-content\/uploads\/2026\/01\/dep-oftalmologie-1024x576.webp\" class=\"attachment-large size-large wp-image-11899\" alt=\"Dep oftalmologie\" srcset=\"https:\/\/conciergemedicine.cz\/wp-content\/uploads\/2026\/01\/dep-oftalmologie-1024x576.webp 1024w, https:\/\/conciergemedicine.cz\/wp-content\/uploads\/2026\/01\/dep-oftalmologie-300x169.webp 300w, https:\/\/conciergemedicine.cz\/wp-content\/uploads\/2026\/01\/dep-oftalmologie-768x432.webp 768w, https:\/\/conciergemedicine.cz\/wp-content\/uploads\/2026\/01\/dep-oftalmologie-1536x864.webp 1536w, https:\/\/conciergemedicine.cz\/wp-content\/uploads\/2026\/01\/dep-oftalmologie-18x10.webp 18w, https:\/\/conciergemedicine.cz\/wp-content\/uploads\/2026\/01\/dep-oftalmologie-800x450.webp 800w, https:\/\/conciergemedicine.cz\/wp-content\/uploads\/2026\/01\/dep-oftalmologie-24x14.webp 24w, https:\/\/conciergemedicine.cz\/wp-content\/uploads\/2026\/01\/dep-oftalmologie-36x20.webp 36w, https:\/\/conciergemedicine.cz\/wp-content\/uploads\/2026\/01\/dep-oftalmologie-48x27.webp 48w, https:\/\/conciergemedicine.cz\/wp-content\/uploads\/2026\/01\/dep-oftalmologie.webp 1920w\" sizes=\"(max-width: 1024px) 100vw, 1024px\" \/>\t\t\t\t\t\t\t\t\t\t\t\t\t\t\t<\/div>\n\t\t\t\t<\/div>\n\t\t\t\t<\/div>\n\t\t<div class=\"elementor-element elementor-element-d5b7877 e-con-full e-flex e-con e-child\" data-id=\"d5b7877\" data-element_type=\"container\" data-e-type=\"container\">\n\t\t\t\t<div class=\"elementor-element elementor-element-1fc1e73 elementor-widget elementor-widget-text-editor\" data-id=\"1fc1e73\" data-element_type=\"widget\" data-e-type=\"widget\" data-widget_type=\"text-editor.default\">\n\t\t\t\t<div class=\"elementor-widget-container\">\n\t\t\t\t\t\t\t\t\t<p><span style=\"color: #009b9f; font-weight: bold;\">Ophthalmology Care at<\/span><br \/>Concierge Medicine Europe<\/p>\t\t\t\t\t\t\t\t<\/div>\n\t\t\t\t<\/div>\n\t\t\t\t<div class=\"elementor-element elementor-element-41326a4 elementor-widget elementor-widget-text-editor\" data-id=\"41326a4\" data-element_type=\"widget\" data-e-type=\"widget\" data-widget_type=\"text-editor.default\">\n\t\t\t\t<div class=\"elementor-widget-container\">\n\t\t\t\t\t\t\t\t\t<p>Don\u2019t let vision concerns blur your quality of life. Experience expert eye clinic care\u2014without wait times, stress, or assembly-line appointments.<\/p><p>Discover the difference of Concierge Ophthalmology at our Center of Excellence for\u00a0Lifestyle Medicine &amp; Healthy Longevity in Prague.<\/p>\t\t\t\t\t\t\t\t<\/div>\n\t\t\t\t<\/div>\n\t\t\t\t<div class=\"elementor-element elementor-element-fdaf073 elementor-align-left elementor-widget elementor-widget-button\" data-id=\"fdaf073\" data-element_type=\"widget\" data-e-type=\"widget\" data-widget_type=\"button.default\">\n\t\t\t\t<div class=\"elementor-widget-container\">\n\t\t\t\t\t\t\t\t\t<div class=\"elementor-button-wrapper\">\n\t\t\t\t\t<a class=\"elementor-button elementor-button-link elementor-size-sm\" href=\"https:\/\/conciergemedicine.cz\/en\/contact\/\">\n\t\t\t\t\t\t<span class=\"elementor-button-content-wrapper\">\n\t\t\t\t\t\t\t\t\t<span class=\"elementor-button-text\">CONTACT US<\/span>\n\t\t\t\t\t<\/span>\n\t\t\t\t\t<\/a>\n\t\t\t\t<\/div>\n\t\t\t\t\t\t\t\t<\/div>\n\t\t\t\t<\/div>\n\t\t\t\t<\/div>\n\t\t\t\t\t<\/div>\n\t\t\t\t<\/div>\n\t\t\t\t<\/div>\n\t\t","protected":false},"excerpt":{"rendered":"<p>Ophthalmology Concierge Eye Doctor in Prague At Concierge Medicine Europe, we believe that seeing clearly means more than just 20\/20 vision\u2014it means understanding your eye health, protecting it for life, and receiving care that respects your time and individual needs. As a Center of Excellence for Lifestyle Medicine &amp; Healthy Longevity, we also focus on [&hellip;]<\/p>\n","protected":false},"author":8,"featured_media":0,"parent":0,"menu_order":0,"comment_status":"closed","ping_status":"closed","template":"","meta":{"slim_seo":{"title":"Concierge Eye Doctor in Prague - Concierge Medicine Europe","description":"Top eye clinic in Prague for preventing, diagnosing & treating eye conditions. Entrust your vision to experienced ophthalmologists at Concierge Medicine Europe."},"footnotes":""},"class_list":["post-11905","page","type-page","status-publish","hentry","entry"],"_links":{"self":[{"href":"https:\/\/conciergemedicine.cz\/en\/wp-json\/wp\/v2\/pages\/11905","targetHints":{"allow":["GET"]}}],"collection":[{"href":"https:\/\/conciergemedicine.cz\/en\/wp-json\/wp\/v2\/pages"}],"about":[{"href":"https:\/\/conciergemedicine.cz\/en\/wp-json\/wp\/v2\/types\/page"}],"author":[{"embeddable":true,"href":"https:\/\/conciergemedicine.cz\/en\/wp-json\/wp\/v2\/users\/8"}],"replies":[{"embeddable":true,"href":"https:\/\/conciergemedicine.cz\/en\/wp-json\/wp\/v2\/comments?post=11905"}],"version-history":[{"count":0,"href":"https:\/\/conciergemedicine.cz\/en\/wp-json\/wp\/v2\/pages\/11905\/revisions"}],"wp:attachment":[{"href":"https:\/\/conciergemedicine.cz\/en\/wp-json\/wp\/v2\/media?parent=11905"}],"curies":[{"name":"wp","href":"https:\/\/api.w.org\/{rel}","templated":true}]}}