{"id":10784,"date":"2025-04-14T13:20:29","date_gmt":"2025-04-14T13:20:29","guid":{"rendered":"https:\/\/staging.conciergemedicine.cz\/?page_id=10784"},"modified":"2026-04-18T19:35:24","modified_gmt":"2026-04-18T17:35:24","slug":"allergology","status":"publish","type":"page","link":"https:\/\/conciergemedicine.cz\/en\/allergology\/","title":{"rendered":"Allergology"},"content":{"rendered":"\t\t<div data-elementor-type=\"wp-page\" data-elementor-id=\"10784\" class=\"elementor elementor-10784\" data-elementor-post-type=\"page\">\n\t\t\t\t<div class=\"elementor-element elementor-element-202cf26 e-flex e-con-boxed e-con e-parent\" data-id=\"202cf26\" data-element_type=\"container\" data-e-type=\"container\" data-settings=\"{&quot;background_background&quot;:&quot;classic&quot;}\">\n\t\t\t\t\t<div class=\"e-con-inner\">\n\t\t\t\t<div class=\"elementor-element elementor-element-7c47ef1 elementor-widget elementor-widget-heading\" data-id=\"7c47ef1\" data-element_type=\"widget\" data-e-type=\"widget\" data-widget_type=\"heading.default\">\n\t\t\t\t<div class=\"elementor-widget-container\">\n\t\t\t\t\t<h1 class=\"elementor-heading-title elementor-size-default\">Allergology<\/h1>\t\t\t\t<\/div>\n\t\t\t\t<\/div>\n\t\t\t\t<div class=\"elementor-element elementor-element-28505c3 elementor-widget elementor-widget-text-editor\" data-id=\"28505c3\" data-element_type=\"widget\" data-e-type=\"widget\" data-widget_type=\"text-editor.default\">\n\t\t\t\t<div class=\"elementor-widget-container\">\n\t\t\t\t\t\t\t\t\t<p style=\"text-align: center;\">Concierge Allergy &amp; Immunology Care in Prague<\/p>\t\t\t\t\t\t\t\t<\/div>\n\t\t\t\t<\/div>\n\t\t\t\t\t<\/div>\n\t\t\t\t<\/div>\n\t\t<div class=\"elementor-element elementor-element-cafce57 e-flex e-con-boxed e-con e-parent\" data-id=\"cafce57\" data-element_type=\"container\" data-e-type=\"container\">\n\t\t\t\t\t<div class=\"e-con-inner\">\n\t\t\t\t<div class=\"elementor-element elementor-element-cf5c08d elementor-widget elementor-widget-image\" data-id=\"cf5c08d\" data-element_type=\"widget\" data-e-type=\"widget\" data-widget_type=\"image.default\">\n\t\t\t\t<div class=\"elementor-widget-container\">\n\t\t\t\t\t\t\t\t\t\t\t\t\t\t\t<img fetchpriority=\"high\" decoding=\"async\" width=\"1920\" height=\"1080\" src=\"https:\/\/conciergemedicine.cz\/wp-content\/uploads\/2025\/04\/dep-alergologie-hero.webp\" class=\"attachment-full size-full wp-image-10786\" alt=\"Dep alergologie hero\" srcset=\"https:\/\/conciergemedicine.cz\/wp-content\/uploads\/2025\/04\/dep-alergologie-hero.webp 1920w, https:\/\/conciergemedicine.cz\/wp-content\/uploads\/2025\/04\/dep-alergologie-hero-300x169.webp 300w, https:\/\/conciergemedicine.cz\/wp-content\/uploads\/2025\/04\/dep-alergologie-hero-1024x576.webp 1024w, https:\/\/conciergemedicine.cz\/wp-content\/uploads\/2025\/04\/dep-alergologie-hero-768x432.webp 768w, https:\/\/conciergemedicine.cz\/wp-content\/uploads\/2025\/04\/dep-alergologie-hero-1536x864.webp 1536w, https:\/\/conciergemedicine.cz\/wp-content\/uploads\/2025\/04\/dep-alergologie-hero-18x10.webp 18w, https:\/\/conciergemedicine.cz\/wp-content\/uploads\/2025\/04\/dep-alergologie-hero-800x450.webp 800w, https:\/\/conciergemedicine.cz\/wp-content\/uploads\/2025\/04\/dep-alergologie-hero-24x14.webp 24w, https:\/\/conciergemedicine.cz\/wp-content\/uploads\/2025\/04\/dep-alergologie-hero-36x20.webp 36w, https:\/\/conciergemedicine.cz\/wp-content\/uploads\/2025\/04\/dep-alergologie-hero-48x27.webp 48w\" sizes=\"(max-width: 1920px) 100vw, 1920px\" \/>\t\t\t\t\t\t\t\t\t\t\t\t\t\t\t<\/div>\n\t\t\t\t<\/div>\n\t\t\t\t\t<\/div>\n\t\t\t\t<\/div>\n\t\t<div class=\"elementor-element elementor-element-4872808 e-flex e-con-boxed e-con e-parent\" data-id=\"4872808\" data-element_type=\"container\" data-e-type=\"container\">\n\t\t\t\t\t<div class=\"e-con-inner\">\n\t\t<div class=\"elementor-element elementor-element-2a30664 e-con-full e-flex e-con e-child\" data-id=\"2a30664\" data-element_type=\"container\" data-e-type=\"container\">\n\t\t\t\t<div class=\"elementor-element elementor-element-4ad2b82 elementor-widget elementor-widget-text-editor\" data-id=\"4ad2b82\" data-element_type=\"widget\" data-e-type=\"widget\" data-widget_type=\"text-editor.default\">\n\t\t\t\t<div class=\"elementor-widget-container\">\n\t\t\t\t\t\t\t\t\t<div class=\"col-12 col-md-10 col-lg-8\"><p>At Concierge Medicine Europe, we understand that allergies and immune-related conditions are deeply personal\u2014and often life-disrupting. That\u2019s why our Concierge Allergology service offers thorough, expert evaluation and long-term care without delays, confusion, or rushed appointments.<\/p><p>As a Lifestyle Medicine Center of Excellence, we integrate advanced diagnostics with evidence-based lifestyle interventions to help you identify triggers, reduce inflammation, and strengthen your immune resilience. Whether you are managing chronic allergic reactions or seeking preventative care, we provide clarity and calm in a field often defined by complexity.<\/p><\/div>\t\t\t\t\t\t\t\t<\/div>\n\t\t\t\t<\/div>\n\t\t\t\t<\/div>\n\t\t<div class=\"elementor-element elementor-element-d0ea75d e-con-full e-flex e-con e-child\" data-id=\"d0ea75d\" data-element_type=\"container\" data-e-type=\"container\">\n\t\t\t\t<div class=\"elementor-element elementor-element-8d2c06f elementor-align-right elementor-mobile-align-left elementor-widget elementor-widget-button\" data-id=\"8d2c06f\" data-element_type=\"widget\" data-e-type=\"widget\" data-widget_type=\"button.default\">\n\t\t\t\t<div class=\"elementor-widget-container\">\n\t\t\t\t\t\t\t\t\t<div class=\"elementor-button-wrapper\">\n\t\t\t\t\t<a class=\"elementor-button elementor-button-link elementor-size-sm\" href=\"https:\/\/conciergemedicine.cz\/en\/contact\/\" target=\"_blank\">\n\t\t\t\t\t\t<span class=\"elementor-button-content-wrapper\">\n\t\t\t\t\t\t\t\t\t<span class=\"elementor-button-text\">MAKE AN APPOINTMENT<\/span>\n\t\t\t\t\t<\/span>\n\t\t\t\t\t<\/a>\n\t\t\t\t<\/div>\n\t\t\t\t\t\t\t\t<\/div>\n\t\t\t\t<\/div>\n\t\t\t\t<\/div>\n\t\t\t\t\t<\/div>\n\t\t\t\t<\/div>\n\t\t<div class=\"elementor-element elementor-element-1ec8108 e-flex e-con-boxed e-con e-parent\" data-id=\"1ec8108\" data-element_type=\"container\" data-e-type=\"container\" data-settings=\"{&quot;background_background&quot;:&quot;classic&quot;}\">\n\t\t\t\t\t<div class=\"e-con-inner\">\n\t\t\t\t<div class=\"elementor-element elementor-element-a93ee36 elementor-widget elementor-widget-text-editor\" data-id=\"a93ee36\" data-element_type=\"widget\" data-e-type=\"widget\" data-widget_type=\"text-editor.default\">\n\t\t\t\t<div class=\"elementor-widget-container\">\n\t\t\t\t\t\t\t\t\t<p style=\"text-align: center;\">Your immune health is our priority\u2014delivered<br> with precision and personal attention<\/p>\t\t\t\t\t\t\t\t<\/div>\n\t\t\t\t<\/div>\n\t\t\t\t<div class=\"elementor-element elementor-element-9344e8d elementor-widget elementor-widget-text-editor\" data-id=\"9344e8d\" data-element_type=\"widget\" data-e-type=\"widget\" data-widget_type=\"text-editor.default\">\n\t\t\t\t<div class=\"elementor-widget-container\">\n\t\t\t\t\t\t\t\t\t<p>Our allergists treat a wide spectrum of conditions including environmental allergies, food intolerances, asthma, eczema,<br \/>chronic sinusitis, and immune dysfunction\u2014always with compassion and customization.<\/p>\t\t\t\t\t\t\t\t<\/div>\n\t\t\t\t<\/div>\n\t\t\t\t\t<\/div>\n\t\t\t\t<\/div>\n\t\t<div class=\"elementor-element elementor-element-f372a89 e-flex e-con-boxed e-con e-parent\" data-id=\"f372a89\" data-element_type=\"container\" data-e-type=\"container\">\n\t\t\t\t\t<div class=\"e-con-inner\">\n\t\t<div class=\"elementor-element elementor-element-32a87f9 e-con-full e-flex e-con e-child\" data-id=\"32a87f9\" data-element_type=\"container\" data-e-type=\"container\">\n\t\t\t\t<div class=\"elementor-element elementor-element-ccb3fd4 elementor-widget elementor-widget-image\" data-id=\"ccb3fd4\" data-element_type=\"widget\" data-e-type=\"widget\" data-widget_type=\"image.default\">\n\t\t\t\t<div class=\"elementor-widget-container\">\n\t\t\t\t\t\t\t\t\t\t\t\t\t\t\t<img decoding=\"async\" width=\"1024\" height=\"576\" src=\"https:\/\/conciergemedicine.cz\/wp-content\/uploads\/2026\/04\/dep-alergologie-tym-2-1024x576.webp\" class=\"attachment-large size-large wp-image-17388\" alt=\"Dep alergologie tym\" srcset=\"https:\/\/conciergemedicine.cz\/wp-content\/uploads\/2026\/04\/dep-alergologie-tym-2-1024x576.webp 1024w, https:\/\/conciergemedicine.cz\/wp-content\/uploads\/2026\/04\/dep-alergologie-tym-2-300x169.webp 300w, https:\/\/conciergemedicine.cz\/wp-content\/uploads\/2026\/04\/dep-alergologie-tym-2-768x432.webp 768w, https:\/\/conciergemedicine.cz\/wp-content\/uploads\/2026\/04\/dep-alergologie-tym-2-1536x864.webp 1536w, https:\/\/conciergemedicine.cz\/wp-content\/uploads\/2026\/04\/dep-alergologie-tym-2-18x10.webp 18w, https:\/\/conciergemedicine.cz\/wp-content\/uploads\/2026\/04\/dep-alergologie-tym-2-800x450.webp 800w, https:\/\/conciergemedicine.cz\/wp-content\/uploads\/2026\/04\/dep-alergologie-tym-2-24x14.webp 24w, https:\/\/conciergemedicine.cz\/wp-content\/uploads\/2026\/04\/dep-alergologie-tym-2-36x20.webp 36w, https:\/\/conciergemedicine.cz\/wp-content\/uploads\/2026\/04\/dep-alergologie-tym-2-48x27.webp 48w, https:\/\/conciergemedicine.cz\/wp-content\/uploads\/2026\/04\/dep-alergologie-tym-2.webp 1920w\" sizes=\"(max-width: 1024px) 100vw, 1024px\" \/>\t\t\t\t\t\t\t\t\t\t\t\t\t\t\t<\/div>\n\t\t\t\t<\/div>\n\t\t\t\t<\/div>\n\t\t<div class=\"elementor-element elementor-element-353750e e-con-full e-flex e-con e-child\" data-id=\"353750e\" data-element_type=\"container\" data-e-type=\"container\">\n\t\t\t\t<div class=\"elementor-element elementor-element-db415b9 elementor-widget elementor-widget-text-editor\" data-id=\"db415b9\" data-element_type=\"widget\" data-e-type=\"widget\" data-widget_type=\"text-editor.default\">\n\t\t\t\t<div class=\"elementor-widget-container\">\n\t\t\t\t\t\t\t\t\t<p><span style=\"color: #009b9f; font-weight: bold;\">Our allergists look forward <br \/><\/span>to your visit!<\/p>\t\t\t\t\t\t\t\t<\/div>\n\t\t\t\t<\/div>\n\t\t\t\t<div class=\"elementor-element elementor-element-65efda8 elementor-widget elementor-widget-text-editor\" data-id=\"65efda8\" data-element_type=\"widget\" data-e-type=\"widget\" data-widget_type=\"text-editor.default\">\n\t\t\t\t<div class=\"elementor-widget-container\">\n\t\t\t\t\t\t\t\t\t<p>\u27a5 Dr. Monika \u010cerm\u00e1kov\u00e1<br \/>\u27a5 Dr. Tom\u00e1\u0161 Slisz<br \/>\u27a5 Dr. Jakub \u0160t\u00e1dler<br \/><br \/>Same-day appointments are now available at our Prague clinics!<\/p><section class=\"bg-white\"><div class=\"container\"><div class=\"row g-5\"><div class=\"col-12 col-lg-9 col-xl-8\">\u00a0<\/div><\/div><\/div><\/section>\t\t\t\t\t\t\t\t<\/div>\n\t\t\t\t<\/div>\n\t\t\t\t<\/div>\n\t\t\t\t\t<\/div>\n\t\t\t\t<\/div>\n\t\t<div class=\"elementor-element elementor-element-ee65280 e-flex e-con-boxed e-con e-parent\" data-id=\"ee65280\" data-element_type=\"container\" data-e-type=\"container\">\n\t\t\t\t\t<div class=\"e-con-inner\">\n\t\t\t\t<div class=\"elementor-element elementor-element-9c18e3d elementor-widget elementor-widget-text-editor\" data-id=\"9c18e3d\" data-element_type=\"widget\" data-e-type=\"widget\" data-widget_type=\"text-editor.default\">\n\t\t\t\t<div class=\"elementor-widget-container\">\n\t\t\t\t\t\t\t\t\t<p><span style=\"color: #009b9f;\">We offer the following<\/span><br \/>Allergology services:<\/p>\t\t\t\t\t\t\t\t<\/div>\n\t\t\t\t<\/div>\n\t\t\t\t<div class=\"elementor-element elementor-element-fe530df elementor-widget elementor-widget-text-editor\" data-id=\"fe530df\" data-element_type=\"widget\" data-e-type=\"widget\" data-widget_type=\"text-editor.default\">\n\t\t\t\t<div class=\"elementor-widget-container\">\n\t\t\t\t\t\t\t\t\t<p>Our Approach to Allergy Care<\/p>\t\t\t\t\t\t\t\t<\/div>\n\t\t\t\t<\/div>\n\t\t\t\t<div class=\"elementor-element elementor-element-ffe6f9d elementor-widget elementor-widget-text-editor\" data-id=\"ffe6f9d\" data-element_type=\"widget\" data-e-type=\"widget\" data-widget_type=\"text-editor.default\">\n\t\t\t\t<div class=\"elementor-widget-container\">\n\t\t\t\t\t\t\t\t\t<p>Through our Concierge model, you receive more time, deeper insights, and easier access to care that evolves with your needs. We focus on sustainable allergy relief and immune system health through:<br \/><br \/>\u2714\ufe0f Advanced allergy testing and interpretation<br \/>\u2714\ufe0f Elimination and reintroduction diet protocols<br \/>\u2714\ufe0f Immunotherapy (allergy shots or drops)<br \/>\u2714\ufe0f Gut and microbiome support for immune balance<br \/>\u2714\ufe0f Stress, sleep, and inflammation management<br \/>\u2714\ufe0f Personalized supplement and medication plans<br \/>\u2714\ufe0f Ongoing availability and close follow-up<br \/><br \/>As a Lifestyle Medicine Center of Excellence, we aim not only to manage symptoms\u2014but to resolve them wherever possible.<\/p>\t\t\t\t\t\t\t\t<\/div>\n\t\t\t\t<\/div>\n\t\t\t\t<div class=\"elementor-element elementor-element-764718b elementor-widget elementor-widget-text-editor\" data-id=\"764718b\" data-element_type=\"widget\" data-e-type=\"widget\" data-widget_type=\"text-editor.default\">\n\t\t\t\t<div class=\"elementor-widget-container\">\n\t\t\t\t\t\t\t\t\t<p><span style=\"color: #009b9f;\">Who We Care For<\/span><\/p>\t\t\t\t\t\t\t\t<\/div>\n\t\t\t\t<\/div>\n\t\t\t\t<div class=\"elementor-element elementor-element-3506737 elementor-widget elementor-widget-text-editor\" data-id=\"3506737\" data-element_type=\"widget\" data-e-type=\"widget\" data-widget_type=\"text-editor.default\">\n\t\t\t\t<div class=\"elementor-widget-container\">\n\t\t\t\t\t\t\t\t\t<p>Our allergy and immunology services are ideal for:<\/p><p>\ud83d\udc9a Adults and children with seasonal, food, or environmental allergies<br \/>\ud83d\udc9a Individuals with asthma, eczema, or chronic rhinitis<br \/>\ud83d\udc9a People experiencing unexplained rashes, fatigue, or gut-immune issues<br \/>\ud83d\udc9a Patients with recurring sinus infections or post-viral inflammation<br \/>\ud83d\udc9a Expats and international clients seeking English-speaking allergology care in Prague<br \/>\ud83d\udc9a Anyone looking for a personalized, holistic approach to immune health<\/p>\t\t\t\t\t\t\t\t<\/div>\n\t\t\t\t<\/div>\n\t\t\t\t<div class=\"elementor-element elementor-element-0cf0ba7 elementor-widget elementor-widget-text-editor\" data-id=\"0cf0ba7\" data-element_type=\"widget\" data-e-type=\"widget\" data-widget_type=\"text-editor.default\">\n\t\t\t\t<div class=\"elementor-widget-container\">\n\t\t\t\t\t\t\t\t\t<p>Meet Our Expert Allergists<\/p>\t\t\t\t\t\t\t\t<\/div>\n\t\t\t\t<\/div>\n\t\t\t\t<div class=\"elementor-element elementor-element-a44e73a elementor-widget elementor-widget-text-editor\" data-id=\"a44e73a\" data-element_type=\"widget\" data-e-type=\"widget\" data-widget_type=\"text-editor.default\">\n\t\t\t\t<div class=\"elementor-widget-container\">\n\t\t\t\t\t\t\t\t\t<p id=\"e020031\" class=\"mb-5\"><b>Monika \u010cerm\u00e1kov\u00e1, M.D.<br \/><\/b><br \/>Dr. \u010cerm\u00e1kov\u00e1 is a physician specializing in comprehensive care in the fields of Allergy and Clinical Immunology. As an expert in the diagnosis and treatment of allergic and immunologic disorders, she is a member of the specialist team at Concierge Medicine Europe.<\/p><h3 id=\"e110032\" class=\"fw-bold color-light-green\">\u00a0<\/h3><p id=\"e020032\" class=\"mb-5\"><b>Tom\u00e1\u0161 Slisz, M.D.<\/b><b><br \/><\/b><br \/>Tom\u00e1\u0161 Slisz, MD is a highly qualified allergist with extensive experience in the field from many medical institutions.He is also a member of the Czech Pneumological and Phthisiological Society.<\/p><h3 id=\"e110033\" class=\"fw-bold\">\u00a0<\/h3><p id=\"e020033\" class=\"mb-5\"><b>Jakub \u0160t\u00e1dler, M.D.<br \/><\/b><br \/>Dr. \u0160t\u00e1dler is an experienced specialist in the fields of Allergy and Clinical Immunology and Pediatrics, with almost 20 years of practice (as of 2025). He gained his experience in university hospitals (Bulovka University Hospital) and specialized private practices (e.g., Immuno-flow). He joined Concierge Medicine Europe in 2023.<\/p><p>He graduated from the Second Faculty of Medicine, Charles University in Prague (2006). He progressively obtained board certifications in Pediatrics (2012), General Practice for Children and Adolescents (2013), and Allergy and Clinical Immunology (2019). He actively publishes in professional journals and is involved in medical student education.<\/p>\t\t\t\t\t\t\t\t<\/div>\n\t\t\t\t<\/div>\n\t\t\t\t<div class=\"elementor-element elementor-element-b1e1e04 elementor-widget elementor-widget-text-editor\" data-id=\"b1e1e04\" data-element_type=\"widget\" data-e-type=\"widget\" data-widget_type=\"text-editor.default\">\n\t\t\t\t<div class=\"elementor-widget-container\">\n\t\t\t\t\t\t\t\t\t<p>What Our Patients Say<\/p>\t\t\t\t\t\t\t\t<\/div>\n\t\t\t\t<\/div>\n\t\t\t\t<div class=\"elementor-element elementor-element-2168495 elementor-widget elementor-widget-text-editor\" data-id=\"2168495\" data-element_type=\"widget\" data-e-type=\"widget\" data-widget_type=\"text-editor.default\">\n\t\t\t\t<div class=\"elementor-widget-container\">\n\t\t\t\t\t\t\t\t\t<p>\u2b50\u00a0<i>&#8220;We are very satisfied with the doctors&#8217; care. I also appreciate the care of the nurses and everyone at the reception. They always accommodate us and try to find a solution for us, which is not always easy with 4 children.&#8221;<\/i><i><br \/><\/i><i><br \/><\/i>\u2b50\u00a0<i>&#8220;I was given the (hopefully) right diagnosis from the first time after no other doctors were able to.&#8221;<\/i><i><br \/><\/i><i><br \/><\/i>\u2b50\u00a0<i>&#8220;The doctor is very interested in finding the cause of the problems.\u201d<\/i><\/p>\t\t\t\t\t\t\t\t<\/div>\n\t\t\t\t<\/div>\n\t\t\t\t\t<\/div>\n\t\t\t\t<\/div>\n\t\t<div class=\"elementor-element elementor-element-3f0bc20 e-flex e-con-boxed e-con e-parent\" data-id=\"3f0bc20\" data-element_type=\"container\" data-e-type=\"container\">\n\t\t\t\t\t<div class=\"e-con-inner\">\n\t\t<div class=\"elementor-element elementor-element-d8cb5a2 e-con-full e-flex e-con e-child\" data-id=\"d8cb5a2\" data-element_type=\"container\" data-e-type=\"container\">\n\t\t\t\t<div class=\"elementor-element elementor-element-69f20d2 elementor-widget elementor-widget-image\" data-id=\"69f20d2\" data-element_type=\"widget\" data-e-type=\"widget\" data-widget_type=\"image.default\">\n\t\t\t\t<div class=\"elementor-widget-container\">\n\t\t\t\t\t\t\t\t\t\t\t\t\t\t\t<img decoding=\"async\" width=\"1024\" height=\"576\" src=\"https:\/\/conciergemedicine.cz\/wp-content\/uploads\/2025\/04\/dep-alergologie-1024x576.webp\" class=\"attachment-large size-large wp-image-10818\" alt=\"Dep alergologie\" srcset=\"https:\/\/conciergemedicine.cz\/wp-content\/uploads\/2025\/04\/dep-alergologie-1024x576.webp 1024w, https:\/\/conciergemedicine.cz\/wp-content\/uploads\/2025\/04\/dep-alergologie-300x169.webp 300w, https:\/\/conciergemedicine.cz\/wp-content\/uploads\/2025\/04\/dep-alergologie-768x432.webp 768w, https:\/\/conciergemedicine.cz\/wp-content\/uploads\/2025\/04\/dep-alergologie-1536x864.webp 1536w, https:\/\/conciergemedicine.cz\/wp-content\/uploads\/2025\/04\/dep-alergologie-18x10.webp 18w, https:\/\/conciergemedicine.cz\/wp-content\/uploads\/2025\/04\/dep-alergologie-800x450.webp 800w, https:\/\/conciergemedicine.cz\/wp-content\/uploads\/2025\/04\/dep-alergologie-24x14.webp 24w, https:\/\/conciergemedicine.cz\/wp-content\/uploads\/2025\/04\/dep-alergologie-36x20.webp 36w, https:\/\/conciergemedicine.cz\/wp-content\/uploads\/2025\/04\/dep-alergologie-48x27.webp 48w, https:\/\/conciergemedicine.cz\/wp-content\/uploads\/2025\/04\/dep-alergologie.webp 1920w\" sizes=\"(max-width: 1024px) 100vw, 1024px\" \/>\t\t\t\t\t\t\t\t\t\t\t\t\t\t\t<\/div>\n\t\t\t\t<\/div>\n\t\t\t\t<\/div>\n\t\t<div class=\"elementor-element elementor-element-7f302fd e-con-full e-flex e-con e-child\" data-id=\"7f302fd\" data-element_type=\"container\" data-e-type=\"container\">\n\t\t\t\t<div class=\"elementor-element elementor-element-b7fd60f elementor-widget elementor-widget-text-editor\" data-id=\"b7fd60f\" data-element_type=\"widget\" data-e-type=\"widget\" data-widget_type=\"text-editor.default\">\n\t\t\t\t<div class=\"elementor-widget-container\">\n\t\t\t\t\t\t\t\t\t<p><span style=\"color: #009b9f; font-weight: bold;\">Allergy Care at<\/span><br \/>Concierge Medicine Europe<\/p>\t\t\t\t\t\t\t\t<\/div>\n\t\t\t\t<\/div>\n\t\t\t\t<div class=\"elementor-element elementor-element-1fee0d3 elementor-widget elementor-widget-text-editor\" data-id=\"1fee0d3\" data-element_type=\"widget\" data-e-type=\"widget\" data-widget_type=\"text-editor.default\">\n\t\t\t\t<div class=\"elementor-widget-container\">\n\t\t\t\t\t\t\t\t\t<p>Experience Concierge Allergology care at a Lifestyle Medicine Center of Excellence.<\/p><p>No waitlists. No overwhelm. Just science-backed, person-centered care for a better quality of life.<\/p>\t\t\t\t\t\t\t\t<\/div>\n\t\t\t\t<\/div>\n\t\t\t\t<div class=\"elementor-element elementor-element-1825fba elementor-align-left elementor-widget elementor-widget-button\" data-id=\"1825fba\" data-element_type=\"widget\" data-e-type=\"widget\" data-widget_type=\"button.default\">\n\t\t\t\t<div class=\"elementor-widget-container\">\n\t\t\t\t\t\t\t\t\t<div class=\"elementor-button-wrapper\">\n\t\t\t\t\t<a class=\"elementor-button elementor-button-link elementor-size-sm\" href=\"https:\/\/conciergemedicine.cz\/en\/contact\/\">\n\t\t\t\t\t\t<span class=\"elementor-button-content-wrapper\">\n\t\t\t\t\t\t\t\t\t<span class=\"elementor-button-text\">CONTACT US<\/span>\n\t\t\t\t\t<\/span>\n\t\t\t\t\t<\/a>\n\t\t\t\t<\/div>\n\t\t\t\t\t\t\t\t<\/div>\n\t\t\t\t<\/div>\n\t\t\t\t<\/div>\n\t\t\t\t\t<\/div>\n\t\t\t\t<\/div>\n\t\t\t\t<\/div>\n\t\t","protected":false},"excerpt":{"rendered":"<p>Allergology Concierge Allergy &amp; Immunology Care in Prague At Concierge Medicine Europe, we understand that allergies and immune-related conditions are deeply personal\u2014and often life-disrupting. That\u2019s why our Concierge Allergology service offers thorough, expert evaluation and long-term care without delays, confusion, or rushed appointments. As a Lifestyle Medicine Center of Excellence, we integrate advanced diagnostics with [&hellip;]<\/p>\n","protected":false},"author":1,"featured_media":0,"parent":0,"menu_order":0,"comment_status":"closed","ping_status":"closed","template":"","meta":{"inline_featured_image":false,"slim_seo":{"title":"Personalized Allergy & Immunology Care - Concierge Medicine Europe","description":"Expert allergology care in Prague with no wait times. Concierge Medicine model offering advanced allergy testing, treatment, and immune support."},"footnotes":""},"class_list":["post-10784","page","type-page","status-publish","hentry","entry"],"_links":{"self":[{"href":"https:\/\/conciergemedicine.cz\/en\/wp-json\/wp\/v2\/pages\/10784","targetHints":{"allow":["GET"]}}],"collection":[{"href":"https:\/\/conciergemedicine.cz\/en\/wp-json\/wp\/v2\/pages"}],"about":[{"href":"https:\/\/conciergemedicine.cz\/en\/wp-json\/wp\/v2\/types\/page"}],"author":[{"embeddable":true,"href":"https:\/\/conciergemedicine.cz\/en\/wp-json\/wp\/v2\/users\/1"}],"replies":[{"embeddable":true,"href":"https:\/\/conciergemedicine.cz\/en\/wp-json\/wp\/v2\/comments?post=10784"}],"version-history":[{"count":100,"href":"https:\/\/conciergemedicine.cz\/en\/wp-json\/wp\/v2\/pages\/10784\/revisions"}],"predecessor-version":[{"id":17394,"href":"https:\/\/conciergemedicine.cz\/en\/wp-json\/wp\/v2\/pages\/10784\/revisions\/17394"}],"wp:attachment":[{"href":"https:\/\/conciergemedicine.cz\/en\/wp-json\/wp\/v2\/media?parent=10784"}],"curies":[{"name":"wp","href":"https:\/\/api.w.org\/{rel}","templated":true}]}}