{"id":50,"date":"2023-10-09T13:01:24","date_gmt":"2023-10-09T13:01:24","guid":{"rendered":"https:\/\/staging.conciergemedicine.czhomepage\/?page_id=50"},"modified":"2026-03-20T13:58:22","modified_gmt":"2026-03-20T12:58:22","slug":"kontakt","status":"publish","type":"page","link":"https:\/\/conciergemedicine.cz\/cs\/contact\/","title":{"rendered":"Kontakty"},"content":{"rendered":"\t\t<div data-elementor-type=\"wp-page\" data-elementor-id=\"50\" class=\"elementor elementor-50\" data-elementor-post-type=\"page\">\n\t\t\t\t<div class=\"elementor-element elementor-element-c2a47f1 elementor-hidden-desktop elementor-hidden-tablet elementor-hidden-mobile e-flex e-con-boxed e-con e-parent\" data-id=\"c2a47f1\" data-element_type=\"container\" data-e-type=\"container\">\n\t\t\t\t\t<div class=\"e-con-inner\">\n\t\t\t\t<div class=\"elementor-element elementor-element-5f7aa10 elementor-widget elementor-widget-heading\" data-id=\"5f7aa10\" data-element_type=\"widget\" data-e-type=\"widget\" data-widget_type=\"heading.default\">\n\t\t\t\t<div class=\"elementor-widget-container\">\n\t\t\t\t\t<h1 class=\"elementor-heading-title elementor-size-default\">Contact Us<\/h1>\t\t\t\t<\/div>\n\t\t\t\t<\/div>\n\t\t\t\t\t<\/div>\n\t\t\t\t<\/div>\n\t\t<div class=\"elementor-element elementor-element-8fdc357 e-con-full e-flex e-con e-parent\" data-id=\"8fdc357\" data-element_type=\"container\" data-e-type=\"container\" data-no-translation=\"\">\n\t\t\t\t<div class=\"elementor-element elementor-element-22cd3f8 elementor-widget__width-inherit elementor-widget elementor-widget-shortcode\" data-id=\"22cd3f8\" data-element_type=\"widget\" data-e-type=\"widget\" data-widget_type=\"shortcode.default\">\n\t\t\t\t<div class=\"elementor-widget-container\">\n\t\t\t\t\t\t\t<div class=\"elementor-shortcode\"><!-- 1. The Container (NEW UNIQUE ID: tf-contact-embed-target) -->\n<div id=\"tf-contact-embed-target\" style=\"width: 100%; height: 770px;\"><\/div>\n\n<!-- 2. The Math -->\n<script>\n(function() {\n    \/\/ Make sure we target the new unique ID!\n    var targetDiv = document.getElementById('tf-contact-embed-target');\n    if (!targetDiv) return;\n\n    \/\/ Your exact Typeform ID\n    var typeformId = '01KJWD2B2FWMK53STNBC1HSVZZ'; \n\n    var trackKeys = ['utm_source', 'utm_medium', 'utm_campaign', 'utm_term', 'utm_content'];\n    var hiddenFields = [];\n    var urlParams = new URLSearchParams(window.location.search);\n    var hasUrlUtms = false;\n\n    \/\/ A. Check URL first\n    trackKeys.forEach(function(key) {\n        if (urlParams.has(key)) {\n            hiddenFields.push(key + '=' + encodeURIComponent(urlParams.get(key)));\n            hasUrlUtms = true;\n        }\n    });\n\n    \/\/ B. Fallback to LocalStorage\n    if (!hasUrlUtms) {\n        var storedStr = localStorage.getItem('__tf_utms');\n        var storedObj = storedStr ? JSON.parse(storedStr) : null;\n        \n        if (storedObj && storedObj.data && (new Date().getTime() - storedObj.timestamp < 2592000000)) {\n            trackKeys.forEach(function(key) {\n                if (storedObj.data[key]) {\n                    hiddenFields.push(key + '=' + encodeURIComponent(storedObj.data[key]));\n                }\n            });\n        }\n    }\n    \n    \/\/ Inject UTMs before Typeform loads\n    if (hiddenFields.length > 0) {\n        targetDiv.setAttribute('data-tf-hidden', hiddenFields.join(','));\n    }\n\n    \/\/ Inject the Typeform ID\n    targetDiv.setAttribute('data-tf-live', typeformId);\n})();\n<\/script>\n\n<!-- 3. The Official Typeform Script -->\n<script src=\"\/\/embed.typeform.com\/next\/embed.js\"><\/script><\/div>\n\t\t\t\t\t\t<\/div>\n\t\t\t\t<\/div>\n\t\t\t\t<\/div>\n\t\t\t\t<\/div>\n\t\t","protected":false},"excerpt":{"rendered":"<p>Kontaktujte n\u00e1s<\/p>","protected":false},"author":1,"featured_media":0,"parent":0,"menu_order":0,"comment_status":"closed","ping_status":"closed","template":"","meta":{"inline_featured_image":false,"slim_seo":{"title":"Kontakt - Concierge Medicine Europe","description":"Jsme soukrom\u00e1 klinika v Praze se zam\u011b\u0159en\u00edm na preventivn\u00ed a lifestylovou medic\u00ednu. Nev\u00e1hejte n\u00e1s kontaktovat pro v\u00edce informac\u00ed o na\u0161ich slu\u017eb\u00e1ch."},"footnotes":""},"class_list":["post-50","page","type-page","status-publish","hentry","entry"],"_links":{"self":[{"href":"https:\/\/conciergemedicine.cz\/cs\/wp-json\/wp\/v2\/pages\/50","targetHints":{"allow":["GET"]}}],"collection":[{"href":"https:\/\/conciergemedicine.cz\/cs\/wp-json\/wp\/v2\/pages"}],"about":[{"href":"https:\/\/conciergemedicine.cz\/cs\/wp-json\/wp\/v2\/types\/page"}],"author":[{"embeddable":true,"href":"https:\/\/conciergemedicine.cz\/cs\/wp-json\/wp\/v2\/users\/1"}],"replies":[{"embeddable":true,"href":"https:\/\/conciergemedicine.cz\/cs\/wp-json\/wp\/v2\/comments?post=50"}],"version-history":[{"count":0,"href":"https:\/\/conciergemedicine.cz\/cs\/wp-json\/wp\/v2\/pages\/50\/revisions"}],"wp:attachment":[{"href":"https:\/\/conciergemedicine.cz\/cs\/wp-json\/wp\/v2\/media?parent=50"}],"curies":[{"name":"wp","href":"https:\/\/api.w.org\/{rel}","templated":true}]}}