{"id":455,"date":"2023-10-12T19:36:20","date_gmt":"2023-10-12T19:36:20","guid":{"rendered":"https:\/\/staging.conciergemedicine.czhomepage\/?page_id=455"},"modified":"2026-04-24T13:13:16","modified_gmt":"2026-04-24T11:13:16","slug":"centrum-excelence-pro-preventivni-a-lifestylovou-medicinu-v-praze","status":"publish","type":"page","link":"https:\/\/conciergemedicine.cz\/cs\/360-prevention-and-care\/","title":{"rendered":"Lifestyle Medicine &#038; Longevity"},"content":{"rendered":"<div data-elementor-type=\"wp-page\" data-elementor-id=\"455\" class=\"elementor elementor-455\" data-elementor-post-type=\"page\">\n\t\t\t\t<div class=\"elementor-element elementor-element-597b00f e-flex e-con-boxed e-con e-parent\" data-id=\"597b00f\" data-element_type=\"container\" data-e-type=\"container\">\n\t\t\t\t\t<div class=\"e-con-inner\">\n\t\t<div class=\"elementor-element elementor-element-05a63a4 e-con-full e-flex e-con e-child\" data-id=\"05a63a4\" data-element_type=\"container\" data-e-type=\"container\">\n\t\t\t\t<div class=\"elementor-element elementor-element-9620103 elementor-widget elementor-widget-text-editor\" data-id=\"9620103\" data-element_type=\"widget\" data-e-type=\"widget\" data-no-translation=\"\" data-widget_type=\"text-editor.default\">\n\t\t\t\t<div class=\"elementor-widget-container\">\n\t\t\t\t\t\t\t\t\t<h1><strong><span style=\"color: #009b9f; font-weight: 400;\">Centrum excelence\u00a0<br \/><\/span><\/strong>pro Lifestyle Medicine &amp; Healthy Longevity<\/h1>\t\t\t\t\t\t\t\t<\/div>\n\t\t\t\t<\/div>\n\t\t\t\t<div class=\"elementor-element elementor-element-9db97b6 elementor-widget elementor-widget-text-editor\" data-id=\"9db97b6\" data-element_type=\"widget\" data-e-type=\"widget\" data-no-translation=\"\" data-widget_type=\"text-editor.default\">\n\t\t\t\t<div class=\"elementor-widget-container\">\n\t\t\t\t\t<style>.elementor-element-9db97b6{display:none !important}<\/style>\t\t\t\t<\/div>\n\t\t\t\t<\/div>\n\t\t\t\t<div class=\"elementor-element elementor-element-55b33c6 elementor-widget elementor-widget-text-editor\" data-id=\"55b33c6\" data-element_type=\"widget\" data-e-type=\"widget\" data-widget_type=\"text-editor.default\">\n\t\t\t\t<div class=\"elementor-widget-container\">\n\t\t\t\t\t\t\t\t\t<p>\u0160PI\u010cKOV\u00c1 L\u00c9KA\u0158SK\u00c1 P\u00c9\u010cE V PRAZE JEN P\u00c1R MINUT OD V\u00c1S<\/p>\t\t\t\t\t\t\t\t<\/div>\n\t\t\t\t<\/div>\n\t\t\t\t<div class=\"elementor-element elementor-element-67407e4 elementor-widget-divider--view-line elementor-widget elementor-widget-divider\" data-id=\"67407e4\" data-element_type=\"widget\" data-e-type=\"widget\" data-widget_type=\"divider.default\">\n\t\t\t\t<div class=\"elementor-widget-container\">\n\t\t\t\t\t\t\t<div class=\"elementor-divider\">\n\t\t\t<span class=\"elementor-divider-separator\">\n\t\t\t\t\t\t<\/span>\n\t\t<\/div>\n\t\t\t\t\t\t<\/div>\n\t\t\t\t<\/div>\n\t\t\t\t<div class=\"elementor-element elementor-element-d41753e elementor-widget elementor-widget-text-editor\" data-id=\"d41753e\" data-element_type=\"widget\" data-e-type=\"widget\" data-widget_type=\"text-editor.default\">\n\t\t\t\t<div class=\"elementor-widget-container\">\n\t\t\t\t\t\t\t\t\t<p>Jako jedno z prvn\u00edch Evropsk\u00fdch Center Excelence pro Lifestyle Medicine and Healthy Longevity stanovujeme zlat\u00fd standard v oblasti prevence, v\u010dasn\u00e9ho odhalen\u00ed a zpomalen\u00ed \u010di zvr\u00e1cen\u00ed chronick\u00fdch onemocn\u011bn\u00ed \u2014 spojujeme \u0161pi\u010dkovou l\u00e9ka\u0159skou odbornost s d\u016fkazy podlo\u017een\u00fdmi strategiemi pro del\u0161\u00ed a zdrav\u011bj\u0161\u00ed \u017eivot.<\/p><p>N\u00e1\u0161 multidisciplin\u00e1rn\u00ed t\u00fdm Personal Doctors, Nutritionists, Physiotherapists, Coaches a Longevity Experts spolupracuje s jedin\u00fdm c\u00edlem \u2014 p\u0159idat na\u0161im klient\u016fm nejen roky \u017eivota, ale p\u0159edev\u0161\u00edm \u017eivot do jejich let.<\/p><p>V\u0161ichni na\u0161i l\u00e9ka\u0159i jsou certifikovan\u00fdmi \u010dleny European Lifestyle Medicine Organisation (ELMO), jej\u00edm\u017e ambasadorem pro \u010ceskou republiku je zakladatel na\u0161\u00ed kliniky. Na\u0161e filozofie vych\u00e1z\u00ed z nejnov\u011bj\u0161\u00edch poznatk\u016f Lifestyle Medicine, obohacen\u00fdch o principy Medicine 3.0 popsan\u00e9 Dr. Peterem Attiou v knize Outlive. Ka\u017ed\u00e9ho klienta prov\u00e1z\u00edme \u201elabyrintem trend\u016f dlouhov\u011bkosti\u201c a pom\u00e1h\u00e1me mu soust\u0159edit se pouze na to, co je ov\u011b\u0159en\u00e9, m\u011b\u0159iteln\u00e9 a v\u011bdecky podlo\u017een\u00e9.<\/p>\t\t\t\t\t\t\t\t<\/div>\n\t\t\t\t<\/div>\n\t\t\t\t<div class=\"elementor-element elementor-element-1d1e873 button-left elementor-widget elementor-widget-text-editor\" data-id=\"1d1e873\" data-element_type=\"widget\" data-e-type=\"widget\" data-no-translation=\"\" data-widget_type=\"text-editor.default\">\n\t\t\t\t<div class=\"elementor-widget-container\">\n\t\t\t\t\t<style>.elementor-element-1d1e873{display:none !important}<\/style>\t\t\t\t<\/div>\n\t\t\t\t<\/div>\n\t\t\t\t<div class=\"elementor-element elementor-element-0c55774 button-left elementor-widget elementor-widget-text-editor\" data-id=\"0c55774\" data-element_type=\"widget\" data-e-type=\"widget\" data-no-translation=\"\" data-widget_type=\"text-editor.default\">\n\t\t\t\t<div class=\"elementor-widget-container\">\n\t\t\t\t\t\t\t\t\t<p><a href=\"https:\/\/conciergemedicine.cz\/cs\/lekari\/\">Seznamte se s na\u0161imi soukrom\u00fdmi l\u00e9ka\u0159i a zdravotn\u00edky pracuj\u00edc\u00edmi v l\u00e9ka\u0159sk\u00e9m centru excelence \u2192<\/a><\/p>\t\t\t\t\t\t\t\t<\/div>\n\t\t\t\t<\/div>\n\t\t\t\t<\/div>\n\t\t<div class=\"elementor-element elementor-element-f4ef158 e-con-full e-flex e-con e-child\" data-id=\"f4ef158\" data-element_type=\"container\" data-e-type=\"container\">\n\t\t\t\t<div class=\"elementor-element elementor-element-7e625dd elementor-hidden-tablet elementor-hidden-mobile elementor-widget elementor-widget-image\" data-id=\"7e625dd\" data-element_type=\"widget\" data-e-type=\"widget\" data-widget_type=\"image.default\">\n\t\t\t\t<div class=\"elementor-widget-container\">\n\t\t\t\t\t\t\t\t\t\t\t\t\t\t\t<img fetchpriority=\"high\" decoding=\"async\" width=\"565\" height=\"575\" src=\"https:\/\/conciergemedicine.cz\/wp-content\/uploads\/2023\/10\/prevention-medicine-min.webp\" class=\"attachment-full size-full wp-image-1693\" alt=\"Prevention medicine min\" srcset=\"https:\/\/conciergemedicine.cz\/wp-content\/uploads\/2023\/10\/prevention-medicine-min.webp 565w, https:\/\/conciergemedicine.cz\/wp-content\/uploads\/2023\/10\/prevention-medicine-min-295x300.webp 295w, https:\/\/conciergemedicine.cz\/wp-content\/uploads\/2023\/10\/prevention-medicine-min-12x12.webp 12w, https:\/\/conciergemedicine.cz\/wp-content\/uploads\/2023\/10\/prevention-medicine-min-24x24.webp 24w, https:\/\/conciergemedicine.cz\/wp-content\/uploads\/2023\/10\/prevention-medicine-min-36x36.webp 36w, https:\/\/conciergemedicine.cz\/wp-content\/uploads\/2023\/10\/prevention-medicine-min-48x48.webp 48w\" sizes=\"(max-width: 565px) 100vw, 565px\" \/>\t\t\t\t\t\t\t\t\t\t\t\t\t\t\t<\/div>\n\t\t\t\t<\/div>\n\t\t\t\t<\/div>\n\t\t\t\t\t<\/div>\n\t\t\t\t<\/div>\n\t\t<div class=\"elementor-element elementor-element-2edbcf8 e-flex e-con-boxed e-con e-parent\" data-id=\"2edbcf8\" data-element_type=\"container\" data-e-type=\"container\">\n\t\t\t\t\t<div class=\"e-con-inner\">\n\t\t\t\t<div class=\"elementor-element elementor-element-928a14a elementor-widget elementor-widget-text-editor\" data-id=\"928a14a\" data-element_type=\"widget\" data-e-type=\"widget\" data-widget_type=\"text-editor.default\">\n\t\t\t\t<div class=\"elementor-widget-container\">\n\t\t\t\t\t\t\t\t\t<p style=\"text-align: center;\"><strong><span style=\"color: #009b9f; font-weight: 400;\">Standardn\u00ed p\u00e9\u010de<\/span><\/strong><br \/>v dne\u0161n\u00ed zdravotn\u00ed praxi<\/p>\t\t\t\t\t\t\t\t<\/div>\n\t\t\t\t<\/div>\n\t\t\t\t<div class=\"elementor-element elementor-element-fae371c elementor-widget elementor-widget-image\" data-id=\"fae371c\" data-element_type=\"widget\" data-e-type=\"widget\" data-widget_type=\"image.default\">\n\t\t\t\t<div class=\"elementor-widget-container\">\n\t\t\t\t\t\t\t\t\t\t\t\t\t\t\t<img decoding=\"async\" width=\"1158\" height=\"462\" src=\"https:\/\/conciergemedicine.cz\/wp-content\/uploads\/2023\/10\/today.webp\" class=\"attachment-full size-full wp-image-1718\" alt=\"Today\" srcset=\"https:\/\/conciergemedicine.cz\/wp-content\/uploads\/2023\/10\/today.webp 1158w, https:\/\/conciergemedicine.cz\/wp-content\/uploads\/2023\/10\/today-300x120.webp 300w, https:\/\/conciergemedicine.cz\/wp-content\/uploads\/2023\/10\/today-1024x409.webp 1024w, https:\/\/conciergemedicine.cz\/wp-content\/uploads\/2023\/10\/today-768x306.webp 768w, https:\/\/conciergemedicine.cz\/wp-content\/uploads\/2023\/10\/today-18x7.webp 18w, https:\/\/conciergemedicine.cz\/wp-content\/uploads\/2023\/10\/today-24x10.webp 24w, https:\/\/conciergemedicine.cz\/wp-content\/uploads\/2023\/10\/today-36x14.webp 36w, https:\/\/conciergemedicine.cz\/wp-content\/uploads\/2023\/10\/today-48x19.webp 48w\" sizes=\"(max-width: 1158px) 100vw, 1158px\" \/>\t\t\t\t\t\t\t\t\t\t\t\t\t\t\t<\/div>\n\t\t\t\t<\/div>\n\t\t\t\t<div class=\"elementor-element elementor-element-df0315c elementor-widget elementor-widget-text-editor\" data-id=\"df0315c\" data-element_type=\"widget\" data-e-type=\"widget\" data-widget_type=\"text-editor.default\">\n\t\t\t\t<div class=\"elementor-widget-container\">\n\t\t\t\t\t\t\t\t\t<p style=\"text-align: left;\">Nov\u00e1 \u00e9ra medic\u00edny: Od l\u00e9\u010dby k dlouhov\u011bkosti<\/p>\t\t\t\t\t\t\t\t<\/div>\n\t\t\t\t<\/div>\n\t\t\t\t<div class=\"elementor-element elementor-element-6469e90 elementor-widget__width-initial elementor-widget-tablet__width-inherit elementor-widget-mobile__width-inherit elementor-widget elementor-widget-text-editor\" data-id=\"6469e90\" data-element_type=\"widget\" data-e-type=\"widget\" data-widget_type=\"text-editor.default\">\n\t\t\t\t<div class=\"elementor-widget-container\">\n\t\t\t\t\t\t\t\t\t<p>V\u011bt\u0161ina zdravotn\u00edch syst\u00e9m\u016f st\u00e1le funguje v duchu toho, co Dr. Peter Attia ozna\u010duje jako Medicine 2.0 \u2014 tedy reakce na nemoc a\u017e pot\u00e9, co se projev\u00ed.<\/p><p>V Concierge Medicine Europe praktikujeme Medicine 3.0: proaktivn\u00ed, preventivn\u00ed a p\u0159esn\u011b c\u00edlenou p\u00e9\u010di, jej\u00edm\u017e c\u00edlem je udr\u017eet zdrav\u00ed des\u00edtky let p\u0159ed vznikem onemocn\u011bn\u00ed.<\/p><p>Spojujeme pokro\u010dilou diagnostiku, hodnocen\u00ed rizik na z\u00e1klad\u011b biomarker\u016f a personalizovan\u00e9 preventivn\u00ed pl\u00e1ny \u2014 v\u0161e podlo\u017een\u00e9 v\u011bdeck\u00fdmi d\u016fkazy, nikoli m\u00f3dn\u00edmi trendy. Na\u0161\u00ed rol\u00ed je b\u00fdt va\u0161\u00edm spolehliv\u00fdm pr\u016fvodcem v \u00e9\u0159e dlouhov\u011bkosti: pom\u00e1h\u00e1me v\u00e1m odli\u0161it hype od skute\u010dn\u00fdch d\u016fkaz\u016f a \u010dinit rozhodnut\u00ed, kter\u00e1 skute\u010dn\u011b prodlu\u017euj\u00ed d\u00e9lku i kvalitu \u017eivota.<\/p>\t\t\t\t\t\t\t\t<\/div>\n\t\t\t\t<\/div>\n\t\t\t\t<div class=\"elementor-element elementor-element-fca3668 elementor-widget elementor-widget-image\" data-id=\"fca3668\" data-element_type=\"widget\" data-e-type=\"widget\" data-widget_type=\"image.default\">\n\t\t\t\t<div class=\"elementor-widget-container\">\n\t\t\t\t\t\t\t\t\t\t\t\t\t\t\t<img decoding=\"async\" width=\"1160\" height=\"1174\" src=\"https:\/\/conciergemedicine.cz\/wp-content\/uploads\/2023\/10\/360-care.webp\" class=\"attachment-full size-full wp-image-1728\" alt=\"360 care\" srcset=\"https:\/\/conciergemedicine.cz\/wp-content\/uploads\/2023\/10\/360-care.webp 1160w, https:\/\/conciergemedicine.cz\/wp-content\/uploads\/2023\/10\/360-care-296x300.webp 296w, https:\/\/conciergemedicine.cz\/wp-content\/uploads\/2023\/10\/360-care-1012x1024.webp 1012w, https:\/\/conciergemedicine.cz\/wp-content\/uploads\/2023\/10\/360-care-768x777.webp 768w, https:\/\/conciergemedicine.cz\/wp-content\/uploads\/2023\/10\/360-care-12x12.webp 12w, https:\/\/conciergemedicine.cz\/wp-content\/uploads\/2023\/10\/360-care-24x24.webp 24w, https:\/\/conciergemedicine.cz\/wp-content\/uploads\/2023\/10\/360-care-36x36.webp 36w, https:\/\/conciergemedicine.cz\/wp-content\/uploads\/2023\/10\/360-care-48x48.webp 48w\" sizes=\"(max-width: 1160px) 100vw, 1160px\" \/>\t\t\t\t\t\t\t\t\t\t\t\t\t\t\t<\/div>\n\t\t\t\t<\/div>\n\t\t\t\t\t<\/div>\n\t\t\t\t<\/div>\n\t\t<div class=\"elementor-element elementor-element-046aebb e-flex e-con-boxed e-con e-parent\" data-id=\"046aebb\" data-element_type=\"container\" data-e-type=\"container\" data-settings=\"{&quot;background_background&quot;:&quot;classic&quot;}\">\n\t\t\t\t\t<div class=\"e-con-inner\">\n\t\t\t\t<div class=\"elementor-element elementor-element-198b64f elementor-widget elementor-widget-heading\" data-id=\"198b64f\" data-element_type=\"widget\" data-e-type=\"widget\" data-widget_type=\"heading.default\">\n\t\t\t\t<div class=\"elementor-widget-container\">\n\t\t\t\t\t<h2 class=\"elementor-heading-title elementor-size-default\">Na\u0161e mise<\/h2>\t\t\t\t<\/div>\n\t\t\t\t<\/div>\n\t\t\t\t<div class=\"elementor-element elementor-element-7dee37c elementor-widget elementor-widget-heading\" data-id=\"7dee37c\" data-element_type=\"widget\" data-e-type=\"widget\" data-no-translation=\"\" data-widget_type=\"heading.default\">\n\t\t\t\t<div class=\"elementor-widget-container\">\n\t\t\t\t\t<style>.elementor-element-7dee37c{display:none !important}<\/style>\t\t\t\t<\/div>\n\t\t\t\t<\/div>\n\t\t\t\t<div class=\"elementor-element elementor-element-beb03f1 elementor-widget-divider--view-line elementor-widget elementor-widget-divider\" data-id=\"beb03f1\" data-element_type=\"widget\" data-e-type=\"widget\" data-widget_type=\"divider.default\">\n\t\t\t\t<div class=\"elementor-widget-container\">\n\t\t\t\t\t\t\t<div class=\"elementor-divider\">\n\t\t\t<span class=\"elementor-divider-separator\">\n\t\t\t\t\t\t<\/span>\n\t\t<\/div>\n\t\t\t\t\t\t<\/div>\n\t\t\t\t<\/div>\n\t\t\t\t<div class=\"elementor-element elementor-element-da67591 elementor-widget elementor-widget-text-editor\" data-id=\"da67591\" data-element_type=\"widget\" data-e-type=\"widget\" data-widget_type=\"text-editor.default\">\n\t\t\t\t<div class=\"elementor-widget-container\">\n\t\t\t\t\t\t\t\t\t<p id=\"e486608\"><b>N\u00e1\u0161 c\u00edl<\/b>\u00a0je prodlu\u017eovat zdravou d\u00e9lku \u017eivota ka\u017ed\u00e9ho klienta prost\u0159ednictv\u00edm nej\u00fa\u010dinn\u011bj\u0161\u00edch a v\u011bdecky podlo\u017een\u00fdch program\u016f prevence a longevity \u2014 s lidskost\u00ed, \u010dasem a osobn\u00edm p\u0159\u00edstupem, kter\u00fd je z\u00e1kladem skute\u010dn\u00e9 concierge medic\u00edny.<\/p><p id=\"e511912\"><b>Na\u0161e motto<\/b>\u00a0je jednoduch\u00e9:<\/p><p id=\"e424348\" class=\"fw-bold\">Pe\u010dujeme o v\u00e1s jako o rodinu, prov\u00e1z\u00edme v\u00e1s jako odborn\u00edci.\u00a0<\/p>\t\t\t\t\t\t\t\t<\/div>\n\t\t\t\t<\/div>\n\t\t\t\t<div class=\"elementor-element elementor-element-2329a6f elementor-align-left elementor-widget elementor-widget-button\" data-id=\"2329a6f\" data-element_type=\"widget\" data-e-type=\"widget\" data-widget_type=\"button.default\">\n\t\t\t\t<div class=\"elementor-widget-container\">\n\t\t\t\t\t\t\t\t\t<div class=\"elementor-button-wrapper\">\n\t\t\t\t\t<a class=\"elementor-button elementor-button-link elementor-size-sm\" href=\"https:\/\/conciergemedicine.cz\/cs\/contact\/\">\n\t\t\t\t\t\t<span class=\"elementor-button-content-wrapper\">\n\t\t\t\t\t\t<span class=\"elementor-button-icon\">\n\t\t\t\t<i aria-hidden=\"true\" class=\"fas fa-angle-right\"><\/i>\t\t\t<\/span>\n\t\t\t\t\t\t\t\t\t<span class=\"elementor-button-text\">Kontaktujte n\u00e1s<\/span>\n\t\t\t\t\t<\/span>\n\t\t\t\t\t<\/a>\n\t\t\t\t<\/div>\n\t\t\t\t\t\t\t\t<\/div>\n\t\t\t\t<\/div>\n\t\t\t\t\t<\/div>\n\t\t\t\t<\/div>\n\t\t<div class=\"elementor-element elementor-element-0680bea e-flex e-con-boxed e-con e-parent\" data-id=\"0680bea\" data-element_type=\"container\" data-e-type=\"container\">\n\t\t\t\t\t<div class=\"e-con-inner\">\n\t\t\t\t<div class=\"elementor-element elementor-element-548b89e elementor-widget elementor-widget-text-editor\" data-id=\"548b89e\" data-element_type=\"widget\" data-e-type=\"widget\" data-widget_type=\"text-editor.default\">\n\t\t\t\t<div class=\"elementor-widget-container\">\n\t\t\t\t\t\t\t\t\t<span style=\"color: #009b9f; font-weight: 400;\">Jsme jedn\u00edm z prvn\u00edch<\/span><strong>\n<span style=\"color: #009b9f;\"><br><\/span><\/strong>Center excelence pro Lifestyle Medicine &amp; Healthy Longevity v Evrop\u011b\t\t\t\t\t\t\t\t<\/div>\n\t\t\t\t<\/div>\n\t\t\t\t\t<\/div>\n\t\t\t\t<\/div>\n\t\t<div class=\"elementor-element elementor-element-398c425 e-flex e-con-boxed e-con e-parent\" data-id=\"398c425\" data-element_type=\"container\" data-e-type=\"container\">\n\t\t\t\t\t<div class=\"e-con-inner\">\n\t\t<div class=\"elementor-element elementor-element-2c266c5 e-con-full e-flex e-con e-child\" data-id=\"2c266c5\" data-element_type=\"container\" data-e-type=\"container\">\n\t\t\t\t<div class=\"elementor-element elementor-element-5f0e96f elementor-hidden-tablet elementor-hidden-mobile elementor-widget elementor-widget-image\" data-id=\"5f0e96f\" data-element_type=\"widget\" data-e-type=\"widget\" data-widget_type=\"image.default\">\n\t\t\t\t<div class=\"elementor-widget-container\">\n\t\t\t\t\t\t\t\t\t\t\t\t\t\t\t<img loading=\"lazy\" decoding=\"async\" width=\"544\" height=\"548\" src=\"https:\/\/conciergemedicine.cz\/wp-content\/uploads\/2023\/10\/1020-Medical-Benefits-Coverage-1-8-min.webp\" class=\"attachment-full size-full wp-image-1753\" alt=\"1020 Medical Benefits Coverage 1 8 min\" srcset=\"https:\/\/conciergemedicine.cz\/wp-content\/uploads\/2023\/10\/1020-Medical-Benefits-Coverage-1-8-min.webp 544w, https:\/\/conciergemedicine.cz\/wp-content\/uploads\/2023\/10\/1020-Medical-Benefits-Coverage-1-8-min-298x300.webp 298w, https:\/\/conciergemedicine.cz\/wp-content\/uploads\/2023\/10\/1020-Medical-Benefits-Coverage-1-8-min-150x150.webp 150w, https:\/\/conciergemedicine.cz\/wp-content\/uploads\/2023\/10\/1020-Medical-Benefits-Coverage-1-8-min-12x12.webp 12w, https:\/\/conciergemedicine.cz\/wp-content\/uploads\/2023\/10\/1020-Medical-Benefits-Coverage-1-8-min-24x24.webp 24w, https:\/\/conciergemedicine.cz\/wp-content\/uploads\/2023\/10\/1020-Medical-Benefits-Coverage-1-8-min-36x36.webp 36w, https:\/\/conciergemedicine.cz\/wp-content\/uploads\/2023\/10\/1020-Medical-Benefits-Coverage-1-8-min-48x48.webp 48w\" sizes=\"(max-width: 544px) 100vw, 544px\" \/>\t\t\t\t\t\t\t\t\t\t\t\t\t\t\t<\/div>\n\t\t\t\t<\/div>\n\t\t\t\t<\/div>\n\t\t<div class=\"elementor-element elementor-element-1101a44 e-con-full e-flex e-con e-child\" data-id=\"1101a44\" data-element_type=\"container\" data-e-type=\"container\">\n\t\t\t\t<div class=\"elementor-element elementor-element-45ac763 elementor-widget elementor-widget-text-editor\" data-id=\"45ac763\" data-element_type=\"widget\" data-e-type=\"widget\" data-widget_type=\"text-editor.default\">\n\t\t\t\t<div class=\"elementor-widget-container\">\n\t\t\t\t\t\t\t\t\t<strong><span style=\"color: #009b9f; font-weight: 400;\">Co je to<\/span><br><\/strong>\nLifestyle Medicine &#038; Healthy Longevity\t\t\t\t\t\t\t\t<\/div>\n\t\t\t\t<\/div>\n\t\t\t\t<div class=\"elementor-element elementor-element-c02a2c8 elementor-widget-divider--view-line elementor-widget elementor-widget-divider\" data-id=\"c02a2c8\" data-element_type=\"widget\" data-e-type=\"widget\" data-widget_type=\"divider.default\">\n\t\t\t\t<div class=\"elementor-widget-container\">\n\t\t\t\t\t\t\t<div class=\"elementor-divider\">\n\t\t\t<span class=\"elementor-divider-separator\">\n\t\t\t\t\t\t<\/span>\n\t\t<\/div>\n\t\t\t\t\t\t<\/div>\n\t\t\t\t<\/div>\n\t\t\t\t<div class=\"elementor-element elementor-element-189f415 elementor-widget elementor-widget-text-editor\" data-id=\"189f415\" data-element_type=\"widget\" data-e-type=\"widget\" data-widget_type=\"text-editor.default\">\n\t\t\t\t<div class=\"elementor-widget-container\">\n\t\t\t\t\t\t\t\t\t<p><b>Lifestyle Medicine je v\u011bdecky podlo\u017een\u00fd l\u00e9ka\u0159sk\u00fd obor<\/b>\u00a0, kter\u00fd vyu\u017e\u00edv\u00e1 v\u00fd\u017eivu, pohyb, zvl\u00e1d\u00e1n\u00ed stresu, kvalitn\u00ed sp\u00e1nek, emo\u010dn\u00ed pohodu a vyh\u00fdb\u00e1n\u00ed se \u0161kodliv\u00fdm n\u00e1vyk\u016fm k prevenci, l\u00e9\u010db\u011b a dokonce i zvr\u00e1cen\u00ed chronick\u00fdch onemocn\u011bn\u00ed.<br \/><br \/>Zam\u011b\u0159uje se na samotn\u00e9 p\u0159\u00ed\u010diny nemoc\u00ed \u2014 nikoli pouze na jejich p\u0159\u00edznaky \u2014 a umo\u017e\u0148uje t\u011blu i mysli navr\u00e1tit se do rovnov\u00e1hy.<br \/><br \/><b>Zdrav\u00fd dlouhov\u011bkost je c\u00edlem nejen prodlou\u017eit si \u017eivot, ale i prodlou\u017eit si zdrav\u00ed.\u00a0<br \/><\/b><br \/>V na\u0161em Center of Excellence for Lifestyle Medicine and Healthy Longevity tyto principy aplikujeme s klinickou preciznost\u00ed a osobn\u00edm p\u0159\u00edstupem, kter\u00fd v\u00e1m umo\u017en\u00ed \u017e\u00edt d\u00e9le, zdrav\u011bji a napln\u011bn\u011bji.<\/p>\t\t\t\t\t\t\t\t<\/div>\n\t\t\t\t<\/div>\n\t\t\t\t<\/div>\n\t\t\t\t\t<\/div>\n\t\t\t\t<\/div>\n\t\t<div class=\"elementor-element elementor-element-7e14a2e e-flex e-con-boxed e-con e-parent\" data-id=\"7e14a2e\" data-element_type=\"container\" data-e-type=\"container\">\n\t\t\t\t\t<div class=\"e-con-inner\">\n\t\t\t\t<div class=\"elementor-element elementor-element-4263a4a elementor-widget elementor-widget-video\" data-id=\"4263a4a\" data-element_type=\"widget\" data-e-type=\"widget\" id=\"youtube4\" data-settings=\"{&quot;youtube_url&quot;:&quot;https:\\\/\\\/www.youtube.com\\\/watch?v=146gNLRsf5w&quot;,&quot;video_type&quot;:&quot;youtube&quot;,&quot;controls&quot;:&quot;yes&quot;}\" data-widget_type=\"video.default\">\n\t\t\t\t<div class=\"elementor-widget-container\">\n\t\t\t\t\t\t\t<div class=\"elementor-wrapper elementor-open-inline\">\n\t\t\t<div class=\"elementor-video\"><\/div>\t\t<\/div>\n\t\t\t\t\t\t<\/div>\n\t\t\t\t<\/div>\n\t\t\t\t\t<\/div>\n\t\t\t\t<\/div>\n\t\t\t\t<\/div>","protected":false},"excerpt":{"rendered":"<p>Centrum excelence\u00a0pro Lifestyle Medicine &amp; Healthy Longevity Center of Excellence for Lifestyle Medicine &#038; Healthy Longevity WORLD-CLASS PRIVATE HEALTH CARE IN PRAGUE IS NOW ONLY MINUTES AWAY As one of Europe\u2019s first Centers of Excellence for Lifestyle Medicine and Healthy Longevity, we set the gold standard for prevention, early detection, and reversal of chronic disease [&hellip;]<\/p>\n","protected":false},"author":8,"featured_media":0,"parent":0,"menu_order":0,"comment_status":"closed","ping_status":"closed","template":"","meta":{"slim_seo":{"title":"Lifestyle Medicine & Healthy Longevity - Concierge Medicine Europe","description":"Jako Centrum excelence pro Lifestyle Medicine &amp; Healthy Longevity, poskytujeme zdravotn\u00ed p\u00e9\u010di a prevenci s c\u00edlem zaji\u0161t\u011bn\u00ed kvalitn\u011bj\u0161\u00edho \u017eivota na\u0161ich klient\u016f."},"footnotes":""},"class_list":["post-455","page","type-page","status-publish","hentry","entry"],"_links":{"self":[{"href":"https:\/\/conciergemedicine.cz\/cs\/wp-json\/wp\/v2\/pages\/455","targetHints":{"allow":["GET"]}}],"collection":[{"href":"https:\/\/conciergemedicine.cz\/cs\/wp-json\/wp\/v2\/pages"}],"about":[{"href":"https:\/\/conciergemedicine.cz\/cs\/wp-json\/wp\/v2\/types\/page"}],"author":[{"embeddable":true,"href":"https:\/\/conciergemedicine.cz\/cs\/wp-json\/wp\/v2\/users\/8"}],"replies":[{"embeddable":true,"href":"https:\/\/conciergemedicine.cz\/cs\/wp-json\/wp\/v2\/comments?post=455"}],"version-history":[{"count":0,"href":"https:\/\/conciergemedicine.cz\/cs\/wp-json\/wp\/v2\/pages\/455\/revisions"}],"wp:attachment":[{"href":"https:\/\/conciergemedicine.cz\/cs\/wp-json\/wp\/v2\/media?parent=455"}],"curies":[{"name":"wp","href":"https:\/\/api.w.org\/{rel}","templated":true}]}}