{"id":453,"date":"2023-10-12T19:36:03","date_gmt":"2023-10-12T19:36:03","guid":{"rendered":"https:\/\/staging.conciergemedicine.czhomepage\/?page_id=453"},"modified":"2026-04-18T20:11:01","modified_gmt":"2026-04-18T18:11:01","slug":"kardiologie","status":"publish","type":"page","link":"https:\/\/conciergemedicine.cz\/cs\/cardiology\/","title":{"rendered":"Kardiologie"},"content":{"rendered":"<div data-elementor-type=\"wp-page\" data-elementor-id=\"453\" class=\"elementor elementor-453\" data-elementor-post-type=\"page\">\n\t\t\t\t<div class=\"elementor-element elementor-element-7b7c93a e-flex e-con-boxed e-con e-parent\" data-id=\"7b7c93a\" data-element_type=\"container\" data-e-type=\"container\" data-settings=\"{&quot;background_background&quot;:&quot;classic&quot;}\">\n\t\t\t\t\t<div class=\"e-con-inner\">\n\t\t\t\t<div class=\"elementor-element elementor-element-119e226 elementor-widget elementor-widget-heading\" data-id=\"119e226\" data-element_type=\"widget\" data-e-type=\"widget\" data-widget_type=\"heading.default\">\n\t\t\t\t<div class=\"elementor-widget-container\">\n\t\t\t\t\t<h1 class=\"elementor-heading-title elementor-size-default\">Kardiologie<\/h1>\t\t\t\t<\/div>\n\t\t\t\t<\/div>\n\t\t\t\t<div class=\"elementor-element elementor-element-eb0d4ae elementor-widget elementor-widget-text-editor\" data-id=\"eb0d4ae\" data-element_type=\"widget\" data-e-type=\"widget\" data-widget_type=\"text-editor.default\">\n\t\t\t\t<div class=\"elementor-widget-container\">\n\t\t\t\t\t\t\t\t\t<p style=\"text-align: center;\">Nejlep\u0161\u00ed p\u0159\u00edtel va\u0161eho srdce v Praze<\/p>\t\t\t\t\t\t\t\t<\/div>\n\t\t\t\t<\/div>\n\t\t\t\t\t<\/div>\n\t\t\t\t<\/div>\n\t\t<div class=\"elementor-element elementor-element-29253fc e-flex e-con-boxed e-con e-parent\" data-id=\"29253fc\" data-element_type=\"container\" data-e-type=\"container\">\n\t\t\t\t\t<div class=\"e-con-inner\">\n\t\t\t\t<div class=\"elementor-element elementor-element-95091e3 elementor-widget elementor-widget-image\" data-id=\"95091e3\" data-element_type=\"widget\" data-e-type=\"widget\" data-widget_type=\"image.default\">\n\t\t\t\t<div class=\"elementor-widget-container\">\n\t\t\t\t\t\t\t\t\t\t\t\t\t\t\t<img fetchpriority=\"high\" decoding=\"async\" width=\"1999\" height=\"1335\" src=\"https:\/\/conciergemedicine.cz\/wp-content\/uploads\/2023\/10\/image2.jpg\" class=\"attachment-full size-full wp-image-1650\" alt=\"Image2\" srcset=\"https:\/\/conciergemedicine.cz\/wp-content\/uploads\/2023\/10\/image2.jpg 1999w, https:\/\/conciergemedicine.cz\/wp-content\/uploads\/2023\/10\/image2-300x200.jpg 300w, https:\/\/conciergemedicine.cz\/wp-content\/uploads\/2023\/10\/image2-1024x684.jpg 1024w, https:\/\/conciergemedicine.cz\/wp-content\/uploads\/2023\/10\/image2-768x513.jpg 768w, https:\/\/conciergemedicine.cz\/wp-content\/uploads\/2023\/10\/image2-1536x1026.jpg 1536w, https:\/\/conciergemedicine.cz\/wp-content\/uploads\/2023\/10\/image2-18x12.jpg 18w, https:\/\/conciergemedicine.cz\/wp-content\/uploads\/2023\/10\/image2-24x16.jpg 24w, https:\/\/conciergemedicine.cz\/wp-content\/uploads\/2023\/10\/image2-36x24.jpg 36w, https:\/\/conciergemedicine.cz\/wp-content\/uploads\/2023\/10\/image2-48x32.jpg 48w\" sizes=\"(max-width: 1999px) 100vw, 1999px\" \/>\t\t\t\t\t\t\t\t\t\t\t\t\t\t\t<\/div>\n\t\t\t\t<\/div>\n\t\t\t\t\t<\/div>\n\t\t\t\t<\/div>\n\t\t<div class=\"elementor-element elementor-element-054d582 e-flex e-con-boxed e-con e-parent\" data-id=\"054d582\" data-element_type=\"container\" data-e-type=\"container\">\n\t\t\t\t\t<div class=\"e-con-inner\">\n\t\t<div class=\"elementor-element elementor-element-d627d50 e-con-full e-flex e-con e-child\" data-id=\"d627d50\" data-element_type=\"container\" data-e-type=\"container\">\n\t\t\t\t<div class=\"elementor-element elementor-element-35d61f2 elementor-widget elementor-widget-text-editor\" data-id=\"35d61f2\" data-element_type=\"widget\" data-e-type=\"widget\" data-widget_type=\"text-editor.default\">\n\t\t\t\t<div class=\"elementor-widget-container\">\n\t\t\t\t\t\t\t\t\t<p>V Concierge Medicine Europe v\u011b\u0159\u00edme, \u017ee zdrav\u00e9 srdce je kl\u00ed\u010dem k zdrav\u00e9mu \u017eivotu. Jako p\u0159edn\u00ed kardiologick\u00e1 klinika v srdci Prahy se zam\u011b\u0159ujeme na poskytov\u00e1n\u00ed \u0161pi\u010dkov\u00e9 kardiovaskul\u00e1rn\u00ed p\u00e9\u010de s d\u016frazem na prevenci. <br \/><br \/>N\u00e1\u0161 oddan\u00fd t\u00fdm odborn\u00fdch kardiolog\u016f a zdravotnick\u00fdch pracovn\u00edk\u016f je zav\u00e1z\u00e1n k tomu, aby va\u0161e srdce z\u016fstalo ve vrcholn\u00e9 kondici, a vy tak mohli \u017e\u00edt naplno bez ztr\u00e1ty jedin\u00e9ho \u00faderu. Nev\u00e1hejte n\u00e1s kontaktovat pro bli\u017e\u0161\u00ed informace o kardiologick\u00e9m vy\u0161et\u0159en\u00ed.<\/p>\t\t\t\t\t\t\t\t<\/div>\n\t\t\t\t<\/div>\n\t\t\t\t<\/div>\n\t\t<div class=\"elementor-element elementor-element-480bdad e-con-full e-flex e-con e-child\" data-id=\"480bdad\" data-element_type=\"container\" data-e-type=\"container\">\n\t\t\t\t<div class=\"elementor-element elementor-element-f4d522d elementor-align-right elementor-mobile-align-left elementor-widget elementor-widget-button\" data-id=\"f4d522d\" data-element_type=\"widget\" data-e-type=\"widget\" data-widget_type=\"button.default\">\n\t\t\t\t<div class=\"elementor-widget-container\">\n\t\t\t\t\t\t\t\t\t<div class=\"elementor-button-wrapper\">\n\t\t\t\t\t<a class=\"elementor-button elementor-button-link elementor-size-sm\" href=\"https:\/\/conciergemedicine.cz\/cs\/contact\/\">\n\t\t\t\t\t\t<span class=\"elementor-button-content-wrapper\">\n\t\t\t\t\t\t\t\t\t<span class=\"elementor-button-text\">Kontaktujte n\u00e1s<\/span>\n\t\t\t\t\t<\/span>\n\t\t\t\t\t<\/a>\n\t\t\t\t<\/div>\n\t\t\t\t\t\t\t\t<\/div>\n\t\t\t\t<\/div>\n\t\t\t\t<\/div>\n\t\t\t\t\t<\/div>\n\t\t\t\t<\/div>\n\t\t<div class=\"elementor-element elementor-element-8e046ad e-flex e-con-boxed e-con e-parent\" data-id=\"8e046ad\" data-element_type=\"container\" data-e-type=\"container\" data-settings=\"{&quot;background_background&quot;:&quot;classic&quot;}\">\n\t\t\t\t\t<div class=\"e-con-inner\">\n\t\t\t\t<div class=\"elementor-element elementor-element-0878119 elementor-widget elementor-widget-text-editor\" data-id=\"0878119\" data-element_type=\"widget\" data-e-type=\"widget\" data-widget_type=\"text-editor.default\">\n\t\t\t\t<div class=\"elementor-widget-container\">\n\t\t\t\t\t\t\t\t\t<p style=\"text-align: center;\">Co je kardiologie?<\/p>\t\t\t\t\t\t\t\t<\/div>\n\t\t\t\t<\/div>\n\t\t\t\t<div class=\"elementor-element elementor-element-ac515ab elementor-widget elementor-widget-text-editor\" data-id=\"ac515ab\" data-element_type=\"widget\" data-e-type=\"widget\" data-widget_type=\"text-editor.default\">\n\t\t\t\t<div class=\"elementor-widget-container\">\n\t\t\t\t\t\t\t\t\t<p>Kardiologie je l\u00e9ka\u0159sk\u00fd obor zam\u011b\u0159en\u00fd na diagnostiku, l\u00e9\u010dbu a prevenci onemocn\u011bn\u00ed souvisej\u00edc\u00edch se srdcem a krevn\u00edmi c\u00e9vami. Na\u0161i kardiologov\u00e9 jsou odborn\u00edci na \u0161irokou \u0161k\u00e1lu kardiovaskul\u00e1rn\u00edch onemocn\u011bn\u00ed, v\u010detn\u011b ischemick\u00e9 choroby srde\u010dn\u00ed, srde\u010dn\u00edho selh\u00e1n\u00ed, arytmi\u00ed a vrozen\u00fdch srde\u010dn\u00edch vad.<\/p>\t\t\t\t\t\t\t\t<\/div>\n\t\t\t\t<\/div>\n\t\t\t\t\t<\/div>\n\t\t\t\t<\/div>\n\t\t<div class=\"elementor-element elementor-element-4ca614b e-flex e-con-boxed e-con e-parent\" data-id=\"4ca614b\" data-element_type=\"container\" data-e-type=\"container\">\n\t\t\t\t\t<div class=\"e-con-inner\">\n\t\t<div class=\"elementor-element elementor-element-ecb565a e-con-full e-flex e-con e-child\" data-id=\"ecb565a\" data-element_type=\"container\" data-e-type=\"container\">\n\t\t\t\t<div class=\"elementor-element elementor-element-3e86922 elementor-widget elementor-widget-image\" data-id=\"3e86922\" data-element_type=\"widget\" data-e-type=\"widget\" data-widget_type=\"image.default\">\n\t\t\t\t<div class=\"elementor-widget-container\">\n\t\t\t\t\t\t\t\t\t\t\t\t\t\t\t<img decoding=\"async\" width=\"1150\" height=\"768\" src=\"https:\/\/conciergemedicine.cz\/wp-content\/uploads\/2023\/10\/rXHEC6wQ_1150.jpeg\" class=\"attachment-full size-full wp-image-259\" alt=\"RXHEC6wQ\" srcset=\"https:\/\/conciergemedicine.cz\/wp-content\/uploads\/2023\/10\/rXHEC6wQ_1150.jpeg 1150w, https:\/\/conciergemedicine.cz\/wp-content\/uploads\/2023\/10\/rXHEC6wQ_1150-300x200.jpeg 300w, https:\/\/conciergemedicine.cz\/wp-content\/uploads\/2023\/10\/rXHEC6wQ_1150-1024x684.jpeg 1024w, https:\/\/conciergemedicine.cz\/wp-content\/uploads\/2023\/10\/rXHEC6wQ_1150-768x513.jpeg 768w\" sizes=\"(max-width: 1150px) 100vw, 1150px\" \/>\t\t\t\t\t\t\t\t\t\t\t\t\t\t\t<\/div>\n\t\t\t\t<\/div>\n\t\t\t\t<\/div>\n\t\t<div class=\"elementor-element elementor-element-84c57be e-con-full e-flex e-con e-child\" data-id=\"84c57be\" data-element_type=\"container\" data-e-type=\"container\">\n\t\t\t\t<div class=\"elementor-element elementor-element-7aac0e4 elementor-widget elementor-widget-text-editor\" data-id=\"7aac0e4\" data-element_type=\"widget\" data-e-type=\"widget\" data-widget_type=\"text-editor.default\">\n\t\t\t\t<div class=\"elementor-widget-container\">\n\t\t\t\t\t\t\t\t\t<p><span style=\"color: #009b9f; font-weight: bold;\">Preventivn\u00ed kardiologie -<\/span><br \/>srdce na\u0161\u00ed praxe<\/p>\t\t\t\t\t\t\t\t<\/div>\n\t\t\t\t<\/div>\n\t\t\t\t<div class=\"elementor-element elementor-element-dfa7fd4 elementor-widget elementor-widget-text-editor\" data-id=\"dfa7fd4\" data-element_type=\"widget\" data-e-type=\"widget\" data-widget_type=\"text-editor.default\">\n\t\t\t\t<div class=\"elementor-widget-container\">\n\t\t\t\t\t\t\t\t\t<p>V Concierge Medicine Europe ch\u00e1peme, \u017ee nejlep\u0161\u00ed zp\u016fsob l\u00e9\u010dby srde\u010dn\u00edch onemocn\u011bn\u00ed je v prvn\u00ed \u0159ad\u011b zabr\u00e1nit jejich vzniku. N\u00e1\u0161 preventivn\u00ed kardiologick\u00fd program je navr\u017een tak, aby v\u010das identifikoval a \u0159e\u0161il potenci\u00e1ln\u00ed rizikov\u00e9 faktory, kter\u00e9 v\u00e1m pomohou udr\u017eet si zdrav\u00e9 srdce a p\u0159edej\u00edt budouc\u00edm komplikac\u00edm.<\/p>\t\t\t\t\t\t\t\t<\/div>\n\t\t\t\t<\/div>\n\t\t\t\t<\/div>\n\t\t\t\t\t<\/div>\n\t\t\t\t<\/div>\n\t\t<div class=\"elementor-element elementor-element-02985f9 e-flex e-con-boxed e-con e-parent\" data-id=\"02985f9\" data-element_type=\"container\" data-e-type=\"container\">\n\t\t\t\t\t<div class=\"e-con-inner\">\n\t\t\t\t<div class=\"elementor-element elementor-element-39ebb36 elementor-widget elementor-widget-text-editor\" data-id=\"39ebb36\" data-element_type=\"widget\" data-e-type=\"widget\" data-widget_type=\"text-editor.default\">\n\t\t\t\t<div class=\"elementor-widget-container\">\n\t\t\t\t\t\t\t\t\t<p><span style=\"color: #009b9f;\">Na\u0161e nab\u00eddka<\/span><br \/>zahrnuje:<\/p>\t\t\t\t\t\t\t\t<\/div>\n\t\t\t\t<\/div>\n\t\t\t\t<div class=\"elementor-element elementor-element-565619d elementor-widget elementor-widget-text-editor\" data-id=\"565619d\" data-element_type=\"widget\" data-e-type=\"widget\" data-widget_type=\"text-editor.default\">\n\t\t\t\t<div class=\"elementor-widget-container\">\n\t\t\t\t\t\t\t\t\t<p>Komplexn\u00ed hodnocen\u00ed rizik:<\/p>\t\t\t\t\t\t\t\t<\/div>\n\t\t\t\t<\/div>\n\t\t\t\t<div class=\"elementor-element elementor-element-7c9f1f5 elementor-widget elementor-widget-text-editor\" data-id=\"7c9f1f5\" data-element_type=\"widget\" data-e-type=\"widget\" data-widget_type=\"text-editor.default\">\n\t\t\t\t<div class=\"elementor-widget-container\">\n\t\t\t\t\t\t\t\t\t<p>Prov\u00e1d\u00edme podrobn\u00e1 vyhodnocen\u00ed zdrav\u00ed va\u0161eho srdce, v\u010detn\u011b d\u016fkladn\u00fdch fyzick\u00fdch vy\u0161et\u0159en\u00ed, pokro\u010dil\u00fdch diagnostick\u00fdch test\u016f a hodnocen\u00ed \u017eivotn\u00edho stylu. To n\u00e1m umo\u017e\u0148uje vytvo\u0159it personalizovan\u00fd ak\u010dn\u00ed pl\u00e1n pro minimalizaci rizika srde\u010dn\u00edch onemocn\u011bn\u00ed.<\/p>\t\t\t\t\t\t\t\t<\/div>\n\t\t\t\t<\/div>\n\t\t\t\t<div class=\"elementor-element elementor-element-529d64c elementor-widget elementor-widget-text-editor\" data-id=\"529d64c\" data-element_type=\"widget\" data-e-type=\"widget\" data-widget_type=\"text-editor.default\">\n\t\t\t\t<div class=\"elementor-widget-container\">\n\t\t\t\t\t\t\t\t\t<p><span style=\"color: #009b9f;\">\u0158\u00edzen\u00ed \u017eivotn\u00edho stylu:<\/span><\/p>\t\t\t\t\t\t\t\t<\/div>\n\t\t\t\t<\/div>\n\t\t\t\t<div class=\"elementor-element elementor-element-8c11e93 elementor-widget elementor-widget-text-editor\" data-id=\"8c11e93\" data-element_type=\"widget\" data-e-type=\"widget\" data-widget_type=\"text-editor.default\">\n\t\t\t\t<div class=\"elementor-widget-container\">\n\t\t\t\t\t\t\t\t\t<p id=\"e020030\" class=\"mb-5\">N\u00e1\u0161 t\u00fdm zdravotn\u00edch pracovn\u00edk\u016f poskytuje na m\u00edru \u0161it\u00e9 rady ohledn\u011b v\u00fd\u017eivy, cvi\u010den\u00ed, sni\u017eov\u00e1n\u00ed stresu a odvyk\u00e1n\u00ed kou\u0159en\u00ed. Pom\u00e1h\u00e1me v\u00e1m prov\u00e9st nezbytn\u00e9 zm\u011bny \u017eivotn\u00edho stylu, kter\u00e9 ochr\u00e1n\u00ed va\u0161e srdce na dlouh\u00e1 l\u00e9ta.<\/p>\t\t\t\t\t\t\t\t<\/div>\n\t\t\t\t<\/div>\n\t\t\t\t<div class=\"elementor-element elementor-element-c7dc95f elementor-widget elementor-widget-text-editor\" data-id=\"c7dc95f\" data-element_type=\"widget\" data-e-type=\"widget\" data-widget_type=\"text-editor.default\">\n\t\t\t\t<div class=\"elementor-widget-container\">\n\t\t\t\t\t\t\t\t\t<p>\u0160pi\u010dkov\u00e9 diagnostick\u00e9 n\u00e1stroje:<\/p>\t\t\t\t\t\t\t\t<\/div>\n\t\t\t\t<\/div>\n\t\t\t\t<div class=\"elementor-element elementor-element-a88a3b2 elementor-widget elementor-widget-text-editor\" data-id=\"a88a3b2\" data-element_type=\"widget\" data-e-type=\"widget\" data-widget_type=\"text-editor.default\">\n\t\t\t\t<div class=\"elementor-widget-container\">\n\t\t\t\t\t\t\t\t\t<p>Na\u0161e klinika je vybavena nejmodern\u011bj\u0161\u00ed technologi\u00ed,kter\u00e1 n\u00e1m umo\u017e\u0148uje p\u0159esn\u011b diagnostikovat a sledovat zdrav\u00ed va\u0161eho srdce. Pat\u0159\u00ed sem 3D echokardiografie, nejmodern\u011bj\u0161\u00ed CPET testy pro zji\u0161t\u011bn\u00ed va\u0161\u00ed srde\u010dn\u00ed kondice a VO2MAX.<\/p>\t\t\t\t\t\t\t\t<\/div>\n\t\t\t\t<\/div>\n\t\t\t\t<div class=\"elementor-element elementor-element-7a2d3c0 elementor-widget elementor-widget-text-editor\" data-id=\"7a2d3c0\" data-element_type=\"widget\" data-e-type=\"widget\" data-widget_type=\"text-editor.default\">\n\t\t\t\t<div class=\"elementor-widget-container\">\n\t\t\t\t\t\t\t\t\t<p><span style=\"color: #009b9f;\">Inovativn\u00ed l\u00e9\u010debn\u00e9 metody:<br \/><\/span><\/p>\t\t\t\t\t\t\t\t<\/div>\n\t\t\t\t<\/div>\n\t\t\t\t<div class=\"elementor-element elementor-element-3901b03 elementor-widget elementor-widget-text-editor\" data-id=\"3901b03\" data-element_type=\"widget\" data-e-type=\"widget\" data-widget_type=\"text-editor.default\">\n\t\t\t\t<div class=\"elementor-widget-container\">\n\t\t\t\t\t\t\t\t\t<p>Pokud je zji\u0161t\u011bna srde\u010dn\u00ed vada, na\u0161i kardiologov\u00e9 jsou zru\u010dn\u00ed v poskytov\u00e1n\u00ed nejnov\u011bj\u0161\u00ed l\u00e9\u010dby zalo\u017een\u00e9 na d\u016fkazech, zaji\u0161\u0165uj\u00edc\u00ed nejlep\u0161\u00ed mo\u017en\u00e9 v\u00fdsledky pro na\u0161e pacienty.<\/p>\t\t\t\t\t\t\t\t<\/div>\n\t\t\t\t<\/div>\n\t\t\t\t<div class=\"elementor-element elementor-element-8f34f07 elementor-widget elementor-widget-text-editor\" data-id=\"8f34f07\" data-element_type=\"widget\" data-e-type=\"widget\" data-widget_type=\"text-editor.default\">\n\t\t\t\t<div class=\"elementor-widget-container\">\n\t\t\t\t\t\t\t\t\t<p>Pr\u016fb\u011b\u017en\u00e1 podpora:<\/p>\t\t\t\t\t\t\t\t<\/div>\n\t\t\t\t<\/div>\n\t\t\t\t<div class=\"elementor-element elementor-element-dcb4536 elementor-widget elementor-widget-text-editor\" data-id=\"dcb4536\" data-element_type=\"widget\" data-e-type=\"widget\" data-widget_type=\"text-editor.default\">\n\t\t\t\t<div class=\"elementor-widget-container\">\n\t\t\t\t\t\t\t\t\t<p>V\u011b\u0159\u00edme ve vytv\u00e1\u0159en\u00ed trval\u00fdch vztah\u016f s na\u0161imi pacienty. N\u00e1\u0161 t\u00fdm v\u00e1m bude k dispozici na ka\u017ed\u00e9m kroku va\u0161\u00ed cesty k lep\u0161\u00edmu zdrav\u00ed, a pom\u016f\u017ee v\u00e1m udr\u017eovat zdrav\u00fd \u017eivotn\u00ed styl.<\/p><p><b>MUDr. Peter Wohlfahrt, Ph.D.<\/b><b><br \/><\/b><b><br \/><\/b>MUDr. Peter Wohlfahrt, Ph.D., je zku\u0161en\u00fd specialista v oboru kardiologie s t\u00e9m\u011b\u0159 20 lety praxe (od r. 2006). Sv\u00e9 bohat\u00e9 zku\u0161enosti z\u00edskal zejm\u00e9na na Pracovi\u0161ti preventivn\u00ed kardiologie Institutu klinick\u00e9 a experiment\u00e1ln\u00ed medic\u00edny (IKEM) a v Centru kardiovaskul\u00e1rn\u00ed prevence 1. LF UK a Thomayerovy nemocnice. Je dr\u017eitelem n\u011bkolika presti\u017en\u00edch tuzemsk\u00fdch i mezin\u00e1rodn\u00edch ocen\u011bn\u00ed za svou odbornou a v\u011bdeckou pr\u00e1ci.<\/p><p>Absolvoval L\u00e9ka\u0159skou fakultu Univerzity P. J. \u0160af\u00e1rika v Ko\u0161ic\u00edch (2006) a n\u00e1sledn\u011b z\u00edskal titul Ph.D. na 1. l\u00e9ka\u0159sk\u00e9 fakult\u011b Univerzity Karlovy v Praze (2014). Specializa\u010dn\u00ed atestaci v oboru kardiologie slo\u017eil v roce 2017. Aktivn\u011b se v\u011bnuje v\u011bdeck\u00e9 a v\u00fdzkumn\u00e9 \u010dinnosti (dr\u017eitel grant\u016f AHA a AZV \u010cR), publikuje v odborn\u00fdch \u010dasopisech, p\u0159edn\u00e1\u0161\u00ed a pod\u00edl\u00ed se na v\u00fduce student\u016f medic\u00edny na 2. a 3. LF UK. Je \u010dlenem \u0159ady \u010desk\u00fdch a mezin\u00e1rodn\u00edch odborn\u00fdch spole\u010dnost\u00ed (v\u010detn\u011b ESC a AHA).<\/p><p><b>Zku\u0161enosti na\u0161ich klient\u016f<\/b><b><br \/><\/b><b><br \/><\/b>\u2b50<i>\u00a0\"Doktor Peter W. je fantastick\u00fd kardiolog, d\u011bkuji!\"<\/i><i><br \/><\/i><i><br \/><\/i>\u2b50\u00a0<i>\"Srdce m\u00e1m pr\u00fd v po\u0159\u00e1dku i d\u00edky va\u0161emu t\u00fdmu, tak\u017ee mi na n\u011bm nic nele\u017e\u00ed ani ne\u0161elest\u00ed.\"<\/i><\/p>\t\t\t\t\t\t\t\t<\/div>\n\t\t\t\t<\/div>\n\t\t\t\t\t<\/div>\n\t\t\t\t<\/div>\n\t\t<div class=\"elementor-element elementor-element-4846e6f e-flex e-con-boxed e-con e-parent\" data-id=\"4846e6f\" data-element_type=\"container\" data-e-type=\"container\">\n\t\t\t\t\t<div class=\"e-con-inner\">\n\t\t<div class=\"elementor-element elementor-element-0a0ed0c e-con-full e-flex e-con e-child\" data-id=\"0a0ed0c\" data-element_type=\"container\" data-e-type=\"container\">\n\t\t\t\t<div class=\"elementor-element elementor-element-1b8c499 elementor-widget elementor-widget-image\" data-id=\"1b8c499\" data-element_type=\"widget\" data-e-type=\"widget\" data-widget_type=\"image.default\">\n\t\t\t\t<div class=\"elementor-widget-container\">\n\t\t\t\t\t\t\t\t\t\t\t\t\t\t\t<img decoding=\"async\" width=\"1024\" height=\"684\" src=\"https:\/\/conciergemedicine.cz\/wp-content\/uploads\/2025\/03\/kardiologie-praha-cardiology-1024x684.webp\" class=\"attachment-large size-large wp-image-10334\" alt=\"Kardiologie praha cardiology\" srcset=\"https:\/\/conciergemedicine.cz\/wp-content\/uploads\/2025\/03\/kardiologie-praha-cardiology-1024x684.webp 1024w, https:\/\/conciergemedicine.cz\/wp-content\/uploads\/2025\/03\/kardiologie-praha-cardiology-300x200.webp 300w, https:\/\/conciergemedicine.cz\/wp-content\/uploads\/2025\/03\/kardiologie-praha-cardiology-768x513.webp 768w, https:\/\/conciergemedicine.cz\/wp-content\/uploads\/2025\/03\/kardiologie-praha-cardiology-18x12.webp 18w, https:\/\/conciergemedicine.cz\/wp-content\/uploads\/2025\/03\/kardiologie-praha-cardiology-24x16.webp 24w, https:\/\/conciergemedicine.cz\/wp-content\/uploads\/2025\/03\/kardiologie-praha-cardiology-36x24.webp 36w, https:\/\/conciergemedicine.cz\/wp-content\/uploads\/2025\/03\/kardiologie-praha-cardiology-48x32.webp 48w, https:\/\/conciergemedicine.cz\/wp-content\/uploads\/2025\/03\/kardiologie-praha-cardiology.webp 1250w\" sizes=\"(max-width: 1024px) 100vw, 1024px\" \/>\t\t\t\t\t\t\t\t\t\t\t\t\t\t\t<\/div>\n\t\t\t\t<\/div>\n\t\t\t\t<\/div>\n\t\t<div class=\"elementor-element elementor-element-4bb3b92 e-con-full e-flex e-con e-child\" data-id=\"4bb3b92\" data-element_type=\"container\" data-e-type=\"container\">\n\t\t\t\t<div class=\"elementor-element elementor-element-b220b2b elementor-widget elementor-widget-text-editor\" data-id=\"b220b2b\" data-element_type=\"widget\" data-e-type=\"widget\" data-widget_type=\"text-editor.default\">\n\t\t\t\t<div class=\"elementor-widget-container\">\n\t\t\t\t\t\t\t\t\t<p class=\" translation-block\"><span style=\"color: #009b9f;font-weight: bold\">Za\u017eijte rozd\u00edl v<\/span><br>Concierge Medicine Europe<\/p>\t\t\t\t\t\t\t\t<\/div>\n\t\t\t\t<\/div>\n\t\t\t\t<div class=\"elementor-element elementor-element-910c9f0 elementor-widget elementor-widget-text-editor\" data-id=\"910c9f0\" data-element_type=\"widget\" data-e-type=\"widget\" data-widget_type=\"text-editor.default\">\n\t\t\t\t<div class=\"elementor-widget-container\">\n\t\t\t\t\t\t\t\t\t<p>V Concierge Medicine Europe ch\u00e1peme, \u017ee nejlep\u0161\u00ed zp\u016fsob l\u00e9\u010dby srde\u010dn\u00edch onemocn\u011bn\u00ed je v prvn\u00ed \u0159ad\u011b zabr\u00e1nit jejich vzniku. N\u00e1\u0161 preventivn\u00ed kardiologick\u00fd program je navr\u017een tak, aby v\u010das identifikoval a \u0159e\u0161il potenci\u00e1ln\u00ed rizikov\u00e9 faktory, kter\u00e9 v\u00e1m pomohou udr\u017eet si zdrav\u00e9 srdce a p\u0159edej\u00edt budouc\u00edm komplikac\u00edm.<\/p>\t\t\t\t\t\t\t\t<\/div>\n\t\t\t\t<\/div>\n\t\t\t\t<div class=\"elementor-element elementor-element-d1888ad elementor-align-left elementor-widget elementor-widget-button\" data-id=\"d1888ad\" data-element_type=\"widget\" data-e-type=\"widget\" data-widget_type=\"button.default\">\n\t\t\t\t<div class=\"elementor-widget-container\">\n\t\t\t\t\t\t\t\t\t<div class=\"elementor-button-wrapper\">\n\t\t\t\t\t<a class=\"elementor-button elementor-button-link elementor-size-sm\" href=\"https:\/\/conciergemedicine.cz\/cs\/contact\/\">\n\t\t\t\t\t\t<span class=\"elementor-button-content-wrapper\">\n\t\t\t\t\t\t\t\t\t<span class=\"elementor-button-text\">Kontaktujte n\u00e1s<\/span>\n\t\t\t\t\t<\/span>\n\t\t\t\t\t<\/a>\n\t\t\t\t<\/div>\n\t\t\t\t\t\t\t\t<\/div>\n\t\t\t\t<\/div>\n\t\t\t\t<\/div>\n\t\t\t\t\t<\/div>\n\t\t\t\t<\/div>\n\t\t\t\t<\/div>","protected":false},"excerpt":{"rendered":"<p>Cardiology Your Heart&#8217;s Best Friend in Prague At Concierge Medicine Europe, we believe that a healthy heart is the key to a healthy life. As a premier cardiology clinic in the heart of Prague, our focus is on providing world-class cardiovascular care with an emphasis on prevention. Our dedicated team of expert cardiologists and healthcare [&hellip;]<\/p>\n","protected":false},"author":8,"featured_media":0,"parent":0,"menu_order":0,"comment_status":"closed","ping_status":"closed","template":"","meta":{"slim_seo":{"title":"Kardiologie - Concierge Medicine Europe","description":"Jako p\u0159edn\u00ed soukrom\u00e1 kardiologick\u00e1 klinika v srdci Prahy se zam\u011b\u0159ujeme na poskytov\u00e1n\u00ed \u0161pi\u010dkov\u00e9 kardiovaskul\u00e1rn\u00ed p\u00e9\u010de s d\u016frazem na prevenci."},"footnotes":""},"class_list":["post-453","page","type-page","status-publish","hentry","entry"],"_links":{"self":[{"href":"https:\/\/conciergemedicine.cz\/cs\/wp-json\/wp\/v2\/pages\/453","targetHints":{"allow":["GET"]}}],"collection":[{"href":"https:\/\/conciergemedicine.cz\/cs\/wp-json\/wp\/v2\/pages"}],"about":[{"href":"https:\/\/conciergemedicine.cz\/cs\/wp-json\/wp\/v2\/types\/page"}],"author":[{"embeddable":true,"href":"https:\/\/conciergemedicine.cz\/cs\/wp-json\/wp\/v2\/users\/8"}],"replies":[{"embeddable":true,"href":"https:\/\/conciergemedicine.cz\/cs\/wp-json\/wp\/v2\/comments?post=453"}],"version-history":[{"count":0,"href":"https:\/\/conciergemedicine.cz\/cs\/wp-json\/wp\/v2\/pages\/453\/revisions"}],"wp:attachment":[{"href":"https:\/\/conciergemedicine.cz\/cs\/wp-json\/wp\/v2\/media?parent=453"}],"curies":[{"name":"wp","href":"https:\/\/api.w.org\/{rel}","templated":true}]}}