{"id":3857,"date":"2023-11-06T13:31:01","date_gmt":"2023-11-06T13:31:01","guid":{"rendered":"https:\/\/staging.conciergemedicine.cz?page_id=3857"},"modified":"2026-04-02T15:19:04","modified_gmt":"2026-04-02T13:19:04","slug":"tomas-oppl","status":"publish","type":"page","link":"https:\/\/conciergemedicine.cz\/cs\/doctors\/tomas-oppl\/","title":{"rendered":"Tom\u00e1\u0161 Oppl"},"content":{"rendered":"<div data-elementor-type=\"wp-page\" data-elementor-id=\"3857\" class=\"elementor elementor-3857\" data-elementor-post-type=\"page\">\n\t\t\t\t<div class=\"elementor-element elementor-element-9bfa5f8 e-flex e-con-boxed e-con e-parent\" data-id=\"9bfa5f8\" data-element_type=\"container\" data-e-type=\"container\">\n\t\t\t\t\t<div class=\"e-con-inner\">\n\t\t<div class=\"elementor-element elementor-element-09db4ea e-con-full e-flex e-con e-child\" data-id=\"09db4ea\" data-element_type=\"container\" data-e-type=\"container\">\n\t\t\t\t<div class=\"elementor-element elementor-element-7c81e59 elementor-widget elementor-widget-image\" data-id=\"7c81e59\" data-element_type=\"widget\" data-e-type=\"widget\" data-widget_type=\"image.default\">\n\t\t\t\t<div class=\"elementor-widget-container\">\n\t\t\t\t\t\t\t\t\t\t\t\t\t\t\t<img fetchpriority=\"high\" decoding=\"async\" width=\"550\" height=\"730\" src=\"https:\/\/conciergemedicine.cz\/wp-content\/uploads\/2023\/10\/Tomas-Oppl-226x300_550.webp\" class=\"attachment-large size-large wp-image-1429\" alt=\"Tomas Oppl 226x300\" srcset=\"https:\/\/conciergemedicine.cz\/wp-content\/uploads\/2023\/10\/Tomas-Oppl-226x300_550.webp 550w, https:\/\/conciergemedicine.cz\/wp-content\/uploads\/2023\/10\/Tomas-Oppl-226x300_550-226x300.webp 226w, https:\/\/conciergemedicine.cz\/wp-content\/uploads\/2023\/10\/Tomas-Oppl-226x300_550-9x12.webp 9w, https:\/\/conciergemedicine.cz\/wp-content\/uploads\/2023\/10\/Tomas-Oppl-226x300_550-18x24.webp 18w, https:\/\/conciergemedicine.cz\/wp-content\/uploads\/2023\/10\/Tomas-Oppl-226x300_550-27x36.webp 27w, https:\/\/conciergemedicine.cz\/wp-content\/uploads\/2023\/10\/Tomas-Oppl-226x300_550-36x48.webp 36w\" sizes=\"(max-width: 550px) 100vw, 550px\" \/>\t\t\t\t\t\t\t\t\t\t\t\t\t\t\t<\/div>\n\t\t\t\t<\/div>\n\t\t\t\t<\/div>\n\t\t<div class=\"elementor-element elementor-element-9a81c9b e-con-full e-flex e-con e-child\" data-id=\"9a81c9b\" data-element_type=\"container\" data-e-type=\"container\">\n\t\t\t\t<div class=\"elementor-element elementor-element-a2b5b4e elementor-widget elementor-widget-heading\" data-id=\"a2b5b4e\" data-element_type=\"widget\" data-e-type=\"widget\" data-widget_type=\"heading.default\">\n\t\t\t\t<div class=\"elementor-widget-container\">\n\t\t\t\t\t<h1 class=\"elementor-heading-title elementor-size-default\">Tom\u00e1\u0161 Oppl<\/h1>\t\t\t\t<\/div>\n\t\t\t\t<\/div>\n\t\t\t\t<div class=\"elementor-element elementor-element-824b3ef elementor-widget elementor-widget-text-editor\" data-id=\"824b3ef\" data-element_type=\"widget\" data-e-type=\"widget\" data-widget_type=\"text-editor.default\">\n\t\t\t\t<div class=\"elementor-widget-container\">\n\t\t\t\t\t\t\t\t\t<p>FYZIOTERAPIE<\/p>\t\t\t\t\t\t\t\t<\/div>\n\t\t\t\t<\/div>\n\t\t\t\t<div class=\"elementor-element elementor-element-b92b6c3 elementor-widget-divider--view-line elementor-widget elementor-widget-divider\" data-id=\"b92b6c3\" data-element_type=\"widget\" data-e-type=\"widget\" data-widget_type=\"divider.default\">\n\t\t\t\t<div class=\"elementor-widget-container\">\n\t\t\t\t\t\t\t<div class=\"elementor-divider\">\n\t\t\t<span class=\"elementor-divider-separator\">\n\t\t\t\t\t\t<\/span>\n\t\t<\/div>\n\t\t\t\t\t\t<\/div>\n\t\t\t\t<\/div>\n\t\t\t\t<div class=\"elementor-element elementor-element-39bbabd elementor-widget elementor-widget-text-editor\" data-id=\"39bbabd\" data-element_type=\"widget\" data-e-type=\"widget\" data-widget_type=\"text-editor.default\">\n\t\t\t\t<div class=\"elementor-widget-container\">\n\t\t\t\t\t\t\t\t\t<p>R\u00e1d pom\u00e1h\u00e1m lidem, kte\u0159\u00ed maj\u00ed v\u016fli na sob\u011b pracovat a rychleji se uzdravit konzervativn\u00edm p\u0159\u00edstupem.<\/p><p>Napl\u0148uje m\u011b zlep\u0161ovat kondici pacient\u016f p\u0159i akutn\u00ed i chronick\u00e9 bolesti a podpo\u0159it je v t\u011b\u017ek\u00e9m \u017eivotn\u00edm obdob\u00ed po operaci nebo zran\u011bn\u00ed.<\/p><p>Pracuji na sv\u00e9m seberozvoji a vzd\u011bl\u00e1n\u00ed tak, abych mohl poskytovat efektivn\u00ed p\u00e9\u010di m\u00fdm klient\u016fm v souladu s nov\u00fdmi poznatky z oboru fyzioterapie. L\u00e9\u010dba pacient\u016f a jejich n\u00e1vrat k norm\u00e1ln\u00edmu \u017eivotu je pro m\u011b v\u00fdzvou i posl\u00e1n\u00edm.<\/p><p><span style=\"font-size: 16px;\">Sou\u010d\u00e1st\u00ed mnou prov\u00e1d\u011bn\u00fdch terapi\u00ed je:<\/span><\/p><ul><li>Komplexn\u00ed diagnostika t\u011bla - kineziologick\u00fd rozbor<\/li><li>Manu\u00e1ln\u00ed techniky - mobilizace, techniky m\u011bkk\u00fdch tk\u00e1n\u00ed, mechanoterapie, lymfodren\u00e1\u017e, speci\u00e1ln\u00ed zdravotn\u00ed cvi\u010den\u00ed<\/li><li>Fyzik\u00e1ln\u00ed terapie \u2013 elektroterapie, ultrazvuk, terapie r\u00e1zovou vlnou, laserov\u00e1 terapie<\/li><\/ul>\t\t\t\t\t\t\t\t<\/div>\n\t\t\t\t<\/div>\n\t\t\t\t<div class=\"elementor-element elementor-element-3e40c18 elementor-widget elementor-widget-text-editor\" data-id=\"3e40c18\" data-element_type=\"widget\" data-e-type=\"widget\" data-widget_type=\"text-editor.default\">\n\t\t\t\t<div class=\"elementor-widget-container\">\n\t\t\t\t\t\t\t\t\t<p><span style=\"color: #003a5d;\"><a style=\"color: #003a5d;\" href=\"#tomas\">Dozv\u011bd\u011bt se v\u00edce <strong>\u2193<\/strong><\/a><\/span><\/p>\t\t\t\t\t\t\t\t<\/div>\n\t\t\t\t<\/div>\n\t\t\t\t<\/div>\n\t\t\t\t\t<\/div>\n\t\t\t\t<\/div>\n\t\t<div class=\"elementor-element elementor-element-eed3b83 e-flex e-con-boxed e-con e-parent\" data-id=\"eed3b83\" data-element_type=\"container\" data-e-type=\"container\" id=\"tomas\">\n\t\t\t\t\t<div class=\"e-con-inner\">\n\t\t<div class=\"elementor-element elementor-element-ff315ba e-con-full e-flex e-con e-child\" data-id=\"ff315ba\" data-element_type=\"container\" data-e-type=\"container\">\n\t\t\t\t<div class=\"elementor-element elementor-element-6eda8f3 elementor-widget elementor-widget-heading\" data-id=\"6eda8f3\" data-element_type=\"widget\" data-e-type=\"widget\" data-widget_type=\"heading.default\">\n\t\t\t\t<div class=\"elementor-widget-container\">\n\t\t\t\t\t<h2 class=\"elementor-heading-title elementor-size-default\">Osobn\u00ed \u00fadaje<\/h2>\t\t\t\t<\/div>\n\t\t\t\t<\/div>\n\t\t\t\t<div class=\"elementor-element elementor-element-a49b499 elementor-widget elementor-widget-text-editor\" data-id=\"a49b499\" data-element_type=\"widget\" data-e-type=\"widget\" data-widget_type=\"text-editor.default\">\n\t\t\t\t<div class=\"elementor-widget-container\">\n\t\t\t\t\t\t\t\t\t<p>Datum narozen\u00ed<\/p>\t\t\t\t\t\t\t\t<\/div>\n\t\t\t\t<\/div>\n\t\t\t\t<\/div>\n\t\t\t\t\t<\/div>\n\t\t\t\t<\/div>\n\t\t<div class=\"elementor-element elementor-element-e82c776 e-flex e-con-boxed e-con e-parent\" data-id=\"e82c776\" data-element_type=\"container\" data-e-type=\"container\">\n\t\t\t\t\t<div class=\"e-con-inner\">\n\t\t<div class=\"elementor-element elementor-element-39d74df e-con-full e-flex e-con e-child\" data-id=\"39d74df\" data-element_type=\"container\" data-e-type=\"container\">\n\t\t\t\t<div class=\"elementor-element elementor-element-8508e06 elementor-widget elementor-widget-heading\" data-id=\"8508e06\" data-element_type=\"widget\" data-e-type=\"widget\" data-widget_type=\"heading.default\">\n\t\t\t\t<div class=\"elementor-widget-container\">\n\t\t\t\t\t<h2 class=\"elementor-heading-title elementor-size-default\">Pracovn\u00ed zku\u0161enosti<\/h2>\t\t\t\t<\/div>\n\t\t\t\t<\/div>\n\t\t\t\t<\/div>\n\t\t\t\t\t<\/div>\n\t\t\t\t<\/div>\n\t\t<div class=\"elementor-element elementor-element-ef04c63 e-flex e-con-boxed e-con e-parent\" data-id=\"ef04c63\" data-element_type=\"container\" data-e-type=\"container\">\n\t\t\t\t\t<div class=\"e-con-inner\">\n\t\t<div class=\"elementor-element elementor-element-7c45639 e-con-full e-flex e-con e-child\" data-id=\"7c45639\" data-element_type=\"container\" data-e-type=\"container\">\n\t\t\t\t<div class=\"elementor-element elementor-element-cc8ebd7 elementor-widget elementor-widget-text-editor\" data-id=\"cc8ebd7\" data-element_type=\"widget\" data-e-type=\"widget\" data-widget_type=\"text-editor.default\">\n\t\t\t\t<div class=\"elementor-widget-container\">\n\t\t\t\t\t\t\t\t\t<div class=\"col-12 col-md-4 col-lg-3 color-light-green\"><div class=\"col-12 col-md-4 col-lg-3 color-light-green\">2021 &#8211; 2023<\/div><\/div>\t\t\t\t\t\t\t\t<\/div>\n\t\t\t\t<\/div>\n\t\t\t\t<\/div>\n\t\t<div class=\"elementor-element elementor-element-368cd64 e-con-full e-flex e-con e-child\" data-id=\"368cd64\" data-element_type=\"container\" data-e-type=\"container\">\n\t\t\t\t<div class=\"elementor-element elementor-element-76b5980 elementor-widget elementor-widget-text-editor\" data-id=\"76b5980\" data-element_type=\"widget\" data-e-type=\"widget\" data-widget_type=\"text-editor.default\">\n\t\t\t\t<div class=\"elementor-widget-container\">\n\t\t\t\t\t\t\t\t\t<div class=\"col-12 col-md-8 col-lg-9\"><div class=\"col-12 col-md-8 col-lg-9\">MyClinic Physiotherapy<\/div><\/div>\t\t\t\t\t\t\t\t<\/div>\n\t\t\t\t<\/div>\n\t\t\t\t<\/div>\n\t\t\t\t\t<\/div>\n\t\t\t\t<\/div>\n\t\t<div class=\"elementor-element elementor-element-3bfc25e e-flex e-con-boxed e-con e-parent\" data-id=\"3bfc25e\" data-element_type=\"container\" data-e-type=\"container\">\n\t\t\t\t\t<div class=\"e-con-inner\">\n\t\t<div class=\"elementor-element elementor-element-0fe8d09 e-con-full e-flex e-con e-child\" data-id=\"0fe8d09\" data-element_type=\"container\" data-e-type=\"container\">\n\t\t\t\t<div class=\"elementor-element elementor-element-b7e3f63 elementor-widget elementor-widget-text-editor\" data-id=\"b7e3f63\" data-element_type=\"widget\" data-e-type=\"widget\" data-widget_type=\"text-editor.default\">\n\t\t\t\t<div class=\"elementor-widget-container\">\n\t\t\t\t\t\t\t\t\t<div class=\"col-12 col-md-4 col-lg-3 color-light-green\">2003 &#8211; 2021<\/div>\t\t\t\t\t\t\t\t<\/div>\n\t\t\t\t<\/div>\n\t\t\t\t<\/div>\n\t\t<div class=\"elementor-element elementor-element-ef262c9 e-con-full e-flex e-con e-child\" data-id=\"ef262c9\" data-element_type=\"container\" data-e-type=\"container\">\n\t\t\t\t<div class=\"elementor-element elementor-element-f6f3927 elementor-widget elementor-widget-text-editor\" data-id=\"f6f3927\" data-element_type=\"widget\" data-e-type=\"widget\" data-widget_type=\"text-editor.default\">\n\t\t\t\t<div class=\"elementor-widget-container\">\n\t\t\t\t\t\t\t\t\t<div class=\"col-12 col-md-8 col-lg-9\"><div class=\"col-12 col-md-8 col-lg-9\">Canadian Medical, rehabilitace a fyzioterapie<\/div><\/div>\t\t\t\t\t\t\t\t<\/div>\n\t\t\t\t<\/div>\n\t\t\t\t<\/div>\n\t\t\t\t\t<\/div>\n\t\t\t\t<\/div>\n\t\t<div class=\"elementor-element elementor-element-f20a03c e-flex e-con-boxed e-con e-parent\" data-id=\"f20a03c\" data-element_type=\"container\" data-e-type=\"container\">\n\t\t\t\t\t<div class=\"e-con-inner\">\n\t\t<div class=\"elementor-element elementor-element-e25f282 e-con-full e-flex e-con e-child\" data-id=\"e25f282\" data-element_type=\"container\" data-e-type=\"container\">\n\t\t\t\t<div class=\"elementor-element elementor-element-0309086 elementor-widget elementor-widget-text-editor\" data-id=\"0309086\" data-element_type=\"widget\" data-e-type=\"widget\" data-widget_type=\"text-editor.default\">\n\t\t\t\t<div class=\"elementor-widget-container\">\n\t\t\t\t\t\t\t\t\t<div class=\"col-12 col-md-4 col-lg-3 color-light-green\">2004 &#8211; 2021<\/div>\t\t\t\t\t\t\t\t<\/div>\n\t\t\t\t<\/div>\n\t\t\t\t<\/div>\n\t\t<div class=\"elementor-element elementor-element-cf7b5e9 e-con-full e-flex e-con e-child\" data-id=\"cf7b5e9\" data-element_type=\"container\" data-e-type=\"container\">\n\t\t\t\t<div class=\"elementor-element elementor-element-54ff08f elementor-widget elementor-widget-text-editor\" data-id=\"54ff08f\" data-element_type=\"widget\" data-e-type=\"widget\" data-widget_type=\"text-editor.default\">\n\t\t\t\t<div class=\"elementor-widget-container\">\n\t\t\t\t\t\t\t\t\t<div class=\"col-12 col-md-8 col-lg-9\"><div class=\"col-12 col-md-8 col-lg-9\">Canadian Medical, nutri\u010dn\u00ed poradenstv\u00ed<\/div><\/div>\t\t\t\t\t\t\t\t<\/div>\n\t\t\t\t<\/div>\n\t\t\t\t<\/div>\n\t\t\t\t\t<\/div>\n\t\t\t\t<\/div>\n\t\t<div class=\"elementor-element elementor-element-bdd9fd6 e-flex e-con-boxed e-con e-parent\" data-id=\"bdd9fd6\" data-element_type=\"container\" data-e-type=\"container\">\n\t\t\t\t\t<div class=\"e-con-inner\">\n\t\t<div class=\"elementor-element elementor-element-1d64e18 e-con-full e-flex e-con e-child\" data-id=\"1d64e18\" data-element_type=\"container\" data-e-type=\"container\">\n\t\t\t\t<div class=\"elementor-element elementor-element-6dd6c55 elementor-widget elementor-widget-text-editor\" data-id=\"6dd6c55\" data-element_type=\"widget\" data-e-type=\"widget\" data-widget_type=\"text-editor.default\">\n\t\t\t\t<div class=\"elementor-widget-container\">\n\t\t\t\t\t\t\t\t\t<div class=\"col-12 col-md-4 col-lg-3 color-light-green\">2012 &#8211; 2018<\/div>\t\t\t\t\t\t\t\t<\/div>\n\t\t\t\t<\/div>\n\t\t\t\t<\/div>\n\t\t<div class=\"elementor-element elementor-element-4f34320 e-con-full e-flex e-con e-child\" data-id=\"4f34320\" data-element_type=\"container\" data-e-type=\"container\">\n\t\t\t\t<div class=\"elementor-element elementor-element-83b8046 elementor-widget elementor-widget-text-editor\" data-id=\"83b8046\" data-element_type=\"widget\" data-e-type=\"widget\" data-widget_type=\"text-editor.default\">\n\t\t\t\t<div class=\"elementor-widget-container\">\n\t\t\t\t\t\t\t\t\t<div class=\"row g-4\"><div class=\"col-12 col-md-8 col-lg-9\"><div class=\"row g-4\"><div class=\"col-12 col-md-8 col-lg-9\">Medical advisor \/ consultant to the U.S. Embassy in Prague<\/div><\/div><\/div><\/div>\t\t\t\t\t\t\t\t<\/div>\n\t\t\t\t<\/div>\n\t\t\t\t<\/div>\n\t\t\t\t\t<\/div>\n\t\t\t\t<\/div>\n\t\t<div class=\"elementor-element elementor-element-1527bc1 e-flex e-con-boxed e-con e-parent\" data-id=\"1527bc1\" data-element_type=\"container\" data-e-type=\"container\">\n\t\t\t\t\t<div class=\"e-con-inner\">\n\t\t<div class=\"elementor-element elementor-element-2dc3c8d e-con-full e-flex e-con e-child\" data-id=\"2dc3c8d\" data-element_type=\"container\" data-e-type=\"container\">\n\t\t\t\t<div class=\"elementor-element elementor-element-4877675 elementor-widget elementor-widget-heading\" data-id=\"4877675\" data-element_type=\"widget\" data-e-type=\"widget\" data-widget_type=\"heading.default\">\n\t\t\t\t<div class=\"elementor-widget-container\">\n\t\t\t\t\t<h2 class=\"elementor-heading-title elementor-size-default\">Vzd\u011bl\u00e1n\u00ed a kvalifikace\n<\/h2>\t\t\t\t<\/div>\n\t\t\t\t<\/div>\n\t\t\t\t<\/div>\n\t\t\t\t\t<\/div>\n\t\t\t\t<\/div>\n\t\t<div class=\"elementor-element elementor-element-2dbdec2 e-flex e-con-boxed e-con e-parent\" data-id=\"2dbdec2\" data-element_type=\"container\" data-e-type=\"container\">\n\t\t\t\t\t<div class=\"e-con-inner\">\n\t\t<div class=\"elementor-element elementor-element-d11351f e-con-full e-flex e-con e-child\" data-id=\"d11351f\" data-element_type=\"container\" data-e-type=\"container\">\n\t\t\t\t<div class=\"elementor-element elementor-element-78e3605 elementor-widget elementor-widget-text-editor\" data-id=\"78e3605\" data-element_type=\"widget\" data-e-type=\"widget\" data-widget_type=\"text-editor.default\">\n\t\t\t\t<div class=\"elementor-widget-container\">\n\t\t\t\t\t\t\t\t\t<div class=\"row g-4\"><div class=\"col-12\">Akademie t\u011blesn\u00e9 v\u00fdchovy a sportu<\/div><\/div>\t\t\t\t\t\t\t\t<\/div>\n\t\t\t\t<\/div>\n\t\t\t\t<\/div>\n\t\t\t\t\t<\/div>\n\t\t\t\t<\/div>\n\t\t<div class=\"elementor-element elementor-element-8564264 e-flex e-con-boxed e-con e-parent\" data-id=\"8564264\" data-element_type=\"container\" data-e-type=\"container\">\n\t\t\t\t\t<div class=\"e-con-inner\">\n\t\t<div class=\"elementor-element elementor-element-f70401d e-con-full e-flex e-con e-child\" data-id=\"f70401d\" data-element_type=\"container\" data-e-type=\"container\">\n\t\t\t\t<div class=\"elementor-element elementor-element-e49e9b1 elementor-widget elementor-widget-heading\" data-id=\"e49e9b1\" data-element_type=\"widget\" data-e-type=\"widget\" data-widget_type=\"heading.default\">\n\t\t\t\t<div class=\"elementor-widget-container\">\n\t\t\t\t\t<h2 class=\"elementor-heading-title elementor-size-default\">Kurzy, semin\u00e1\u0159e, konference<\/h2>\t\t\t\t<\/div>\n\t\t\t\t<\/div>\n\t\t\t\t<\/div>\n\t\t\t\t\t<\/div>\n\t\t\t\t<\/div>\n\t\t<div class=\"elementor-element elementor-element-0432045 e-flex e-con-boxed e-con e-parent\" data-id=\"0432045\" data-element_type=\"container\" data-e-type=\"container\">\n\t\t\t\t\t<div class=\"e-con-inner\">\n\t\t<div class=\"elementor-element elementor-element-62219d8 e-con-full e-flex e-con e-child\" data-id=\"62219d8\" data-element_type=\"container\" data-e-type=\"container\">\n\t\t\t\t<div class=\"elementor-element elementor-element-f743374 elementor-widget elementor-widget-text-editor\" data-id=\"f743374\" data-element_type=\"widget\" data-e-type=\"widget\" data-widget_type=\"text-editor.default\">\n\t\t\t\t<div class=\"elementor-widget-container\">\n\t\t\t\t\t\t\t\t\t<div class=\"col-12\">Aplika\u010dn\u00ed techniky ve fyzik\u00e1ln\u00ed terapii<\/div><div>\u00a0<\/div><div class=\"col-12\">Cvi\u010ditel zdravotn\u00ed t\u011blesn\u00e9 v\u00fdchovy<\/div><div>\u00a0<\/div><div class=\"col-12\">Klasick\u00e1 i sportovn\u00ed mas\u00e1\u017e<\/div><div>\u00a0<\/div><div class=\"col-12\">Funk\u010dn\u00ed dynamick\u00e1 stabilizace a jej\u00ed tr\u00e9nink<\/div><div>\u00a0<\/div><div class=\"col-12\">Diferenci\u00e1ln\u00ed diagnostika ramene - Prof. Lewit<\/div><div>\u00a0<\/div><div class=\"col-12\">Fyzioterapeutick\u00e9 postupy a metody v t\u011bhotenstv\u00ed a po porodu<\/div><div>\u00a0<\/div><div class=\"col-12\">Manu\u00e1ln\u00ed lymfodren\u00e1\u017e pro fyzioterapeuty<\/div><div>\u00a0<\/div><div class=\"col-12\">Kinesiology taping<\/div><div>\u00a0<\/div><div class=\"col-12\">Funk\u010dn\u00ed diagnostika pohybov\u00e9ho apar\u00e1tu<\/div><div>\u00a0<\/div><div class=\"col-12\">Dynamick\u00e1 neuromuskul\u00e1rn\u00ed stabilizace podle Prof. Kol\u00e1\u0159e<\/div><div>\u00a0<\/div><div class=\"col-12\">Cvi\u010den\u00ed SM syst\u00e9m<\/div><div>\u00a0<\/div><div class=\"col-12\">Plochono\u017e\u00ed - diagnostika a l\u00e9\u010dba<\/div><div>\u00a0<\/div><div class=\"col-12\">Fenom\u00e9n hlubok\u00e9ho stabiliza\u010dn\u00edho syst\u00e9mu<\/div><div>\u00a0<\/div><div class=\"col-12\">Dlouhodob\u00e9 hubnut\u00ed<\/div><div>\u00a0<\/div><div class=\"col-12\">Poradce pro v\u00fd\u017eivu<\/div><div>\u00a0<\/div><div class=\"col-12\">Anorexie, poruchy p\u0159\u00edjmu potravy<\/div><div>\u00a0<\/div><div class=\"col-12\">Behavior\u00e1ln\u00ed terapie obezity<\/div>\t\t\t\t\t\t\t\t<\/div>\n\t\t\t\t<\/div>\n\t\t\t\t<\/div>\n\t\t\t\t\t<\/div>\n\t\t\t\t<\/div>\n\t\t\t\t<\/div>","protected":false},"excerpt":{"rendered":"<p>Tomas Oppl FYZIOTERAPIE I like to help everyone who have the will to work on themselves and who wants to heal faster by conservative approach. It fulfills me to improve the condition of patients with acute and chronic pain and to support them in a difficult period of life after surgery or injury. I am [&hellip;]<\/p>\n","protected":false},"author":8,"featured_media":0,"parent":13730,"menu_order":0,"comment_status":"closed","ping_status":"closed","template":"","meta":{"slim_seo":{"title":"Tom\u00e1\u0161 Oppl","description":"Tom\u00e1\u0161 Oppl je zku\u0161en\u00fdm odborn\u00edkem v oblasti fyzioterapie. Je tak\u00e9 kvalifikovan\u00fdm poradcem v oblasti v\u00fd\u017eivy a m\u00e1 hlubok\u00e9 znalosti r\u016fzn\u00fdch terapeutick\u00fdch metod."},"footnotes":""},"class_list":["post-3857","page","type-page","status-publish","hentry","entry"],"_links":{"self":[{"href":"https:\/\/conciergemedicine.cz\/cs\/wp-json\/wp\/v2\/pages\/3857","targetHints":{"allow":["GET"]}}],"collection":[{"href":"https:\/\/conciergemedicine.cz\/cs\/wp-json\/wp\/v2\/pages"}],"about":[{"href":"https:\/\/conciergemedicine.cz\/cs\/wp-json\/wp\/v2\/types\/page"}],"author":[{"embeddable":true,"href":"https:\/\/conciergemedicine.cz\/cs\/wp-json\/wp\/v2\/users\/8"}],"replies":[{"embeddable":true,"href":"https:\/\/conciergemedicine.cz\/cs\/wp-json\/wp\/v2\/comments?post=3857"}],"version-history":[{"count":0,"href":"https:\/\/conciergemedicine.cz\/cs\/wp-json\/wp\/v2\/pages\/3857\/revisions"}],"up":[{"embeddable":true,"href":"https:\/\/conciergemedicine.cz\/cs\/wp-json\/wp\/v2\/pages\/13730"}],"wp:attachment":[{"href":"https:\/\/conciergemedicine.cz\/cs\/wp-json\/wp\/v2\/media?parent=3857"}],"curies":[{"name":"wp","href":"https:\/\/api.w.org\/{rel}","templated":true}]}}