{"id":3435,"date":"2023-11-05T16:52:12","date_gmt":"2023-11-05T16:52:12","guid":{"rendered":"https:\/\/staging.conciergemedicine.cz?page_id=3435"},"modified":"2026-03-10T12:12:42","modified_gmt":"2026-03-10T11:12:42","slug":"prof-mudr-pavel-calda-csc","status":"publish","type":"page","link":"https:\/\/conciergemedicine.cz\/cs\/doctors\/prof-pavel-calda-md-csc\/","title":{"rendered":"Prof. MUDr. Pavel Calda, CSc."},"content":{"rendered":"<div data-elementor-type=\"wp-page\" data-elementor-id=\"3435\" class=\"elementor elementor-3435\" data-elementor-post-type=\"page\">\n\t\t\t\t<div class=\"elementor-element elementor-element-abbe7d5 e-flex e-con-boxed e-con e-parent\" data-id=\"abbe7d5\" data-element_type=\"container\" data-e-type=\"container\">\n\t\t\t\t\t<div class=\"e-con-inner\">\n\t\t<div class=\"elementor-element elementor-element-c0d65fb e-con-full e-flex e-con e-child\" data-id=\"c0d65fb\" data-element_type=\"container\" data-e-type=\"container\">\n\t\t\t\t<div class=\"elementor-element elementor-element-c7031f9 elementor-widget elementor-widget-image\" data-id=\"c7031f9\" data-element_type=\"widget\" data-e-type=\"widget\" data-widget_type=\"image.default\">\n\t\t\t\t<div class=\"elementor-widget-container\">\n\t\t\t\t\t\t\t\t\t\t\t\t\t\t\t<img fetchpriority=\"high\" decoding=\"async\" width=\"550\" height=\"730\" src=\"https:\/\/conciergemedicine.cz\/wp-content\/uploads\/2023\/10\/Prof.-MUDr.-Pavel-Calda-CSc.-min_550.jpg\" class=\"attachment-large size-large wp-image-1406\" alt=\"Prof. MUDr. Pavel Calda CSc. min\" srcset=\"https:\/\/conciergemedicine.cz\/wp-content\/uploads\/2023\/10\/Prof.-MUDr.-Pavel-Calda-CSc.-min_550.jpg 550w, https:\/\/conciergemedicine.cz\/wp-content\/uploads\/2023\/10\/Prof.-MUDr.-Pavel-Calda-CSc.-min_550-226x300.jpg 226w, https:\/\/conciergemedicine.cz\/wp-content\/uploads\/2023\/10\/Prof.-MUDr.-Pavel-Calda-CSc.-min_550-9x12.jpg 9w, https:\/\/conciergemedicine.cz\/wp-content\/uploads\/2023\/10\/Prof.-MUDr.-Pavel-Calda-CSc.-min_550-18x24.jpg 18w, https:\/\/conciergemedicine.cz\/wp-content\/uploads\/2023\/10\/Prof.-MUDr.-Pavel-Calda-CSc.-min_550-27x36.jpg 27w, https:\/\/conciergemedicine.cz\/wp-content\/uploads\/2023\/10\/Prof.-MUDr.-Pavel-Calda-CSc.-min_550-36x48.jpg 36w\" sizes=\"(max-width: 550px) 100vw, 550px\" \/>\t\t\t\t\t\t\t\t\t\t\t\t\t\t\t<\/div>\n\t\t\t\t<\/div>\n\t\t\t\t<\/div>\n\t\t<div class=\"elementor-element elementor-element-63c7c12 e-con-full e-flex e-con e-child\" data-id=\"63c7c12\" data-element_type=\"container\" data-e-type=\"container\">\n\t\t\t\t<div class=\"elementor-element elementor-element-7cc072c elementor-widget elementor-widget-heading\" data-id=\"7cc072c\" data-element_type=\"widget\" data-e-type=\"widget\" data-widget_type=\"heading.default\">\n\t\t\t\t<div class=\"elementor-widget-container\">\n\t\t\t\t\t<h1 class=\"elementor-heading-title elementor-size-default\">Prof. MUDr. Pavel Calda, CSc.<\/h1>\t\t\t\t<\/div>\n\t\t\t\t<\/div>\n\t\t\t\t<div class=\"elementor-element elementor-element-3d9a9bc elementor-widget elementor-widget-text-editor\" data-id=\"3d9a9bc\" data-element_type=\"widget\" data-e-type=\"widget\" data-widget_type=\"text-editor.default\">\n\t\t\t\t<div class=\"elementor-widget-container\">\n\t\t\t\t\t\t\t\t\t<p>GYNEKOLOGIE, PORODNICTV\u00cd, GENETIKA<\/p>\t\t\t\t\t\t\t\t<\/div>\n\t\t\t\t<\/div>\n\t\t\t\t<div class=\"elementor-element elementor-element-6ead279 elementor-widget-divider--view-line elementor-widget elementor-widget-divider\" data-id=\"6ead279\" data-element_type=\"widget\" data-e-type=\"widget\" data-widget_type=\"divider.default\">\n\t\t\t\t<div class=\"elementor-widget-container\">\n\t\t\t\t\t\t\t<div class=\"elementor-divider\">\n\t\t\t<span class=\"elementor-divider-separator\">\n\t\t\t\t\t\t<\/span>\n\t\t<\/div>\n\t\t\t\t\t\t<\/div>\n\t\t\t\t<\/div>\n\t\t\t\t<div class=\"elementor-element elementor-element-ae65e2f elementor-widget elementor-widget-text-editor\" data-id=\"ae65e2f\" data-element_type=\"widget\" data-e-type=\"widget\" data-widget_type=\"text-editor.default\">\n\t\t\t\t<div class=\"elementor-widget-container\">\n\t\t\t\t\t\t\t\t\t<p><strong>Profesor, Univerzita Karlova v Praze, 1. l\u00e9ka\u0159sk\u00e1 fakulta, Gynekologicko-porodnick\u00e1 klinika 1. LF a VFN<\/strong><\/p><p>Centrum fet\u00e1ln\u00ed mediciny a Odd\u011blen\u00ed ultrazvukov\u00e9 diagnostiky (vedouc\u00ed odd\u011blen\u00ed)<\/p>\t\t\t\t\t\t\t\t<\/div>\n\t\t\t\t<\/div>\n\t\t\t\t<div class=\"elementor-element elementor-element-545ac02 elementor-widget elementor-widget-text-editor\" data-id=\"545ac02\" data-element_type=\"widget\" data-e-type=\"widget\" data-widget_type=\"text-editor.default\">\n\t\t\t\t<div class=\"elementor-widget-container\">\n\t\t\t\t\t\t\t\t\t<p><span style=\"color: #003a5d;\"><a style=\"color: #003a5d;\" href=\"#pavel2\">Dozv\u011bd\u011bt se v\u00edce <strong>\u2193<\/strong><\/a><\/span><\/p>\t\t\t\t\t\t\t\t<\/div>\n\t\t\t\t<\/div>\n\t\t\t\t<\/div>\n\t\t\t\t\t<\/div>\n\t\t\t\t<\/div>\n\t\t<div class=\"elementor-element elementor-element-6e9e5ba e-flex e-con-boxed e-con e-parent\" data-id=\"6e9e5ba\" data-element_type=\"container\" data-e-type=\"container\" id=\"pavel2\">\n\t\t\t\t\t<div class=\"e-con-inner\">\n\t\t<div class=\"elementor-element elementor-element-2e90821 e-con-full e-flex e-con e-child\" data-id=\"2e90821\" data-element_type=\"container\" data-e-type=\"container\">\n\t\t\t\t<div class=\"elementor-element elementor-element-e3251c3 elementor-widget elementor-widget-heading\" data-id=\"e3251c3\" data-element_type=\"widget\" data-e-type=\"widget\" data-widget_type=\"heading.default\">\n\t\t\t\t<div class=\"elementor-widget-container\">\n\t\t\t\t\t<h2 class=\"elementor-heading-title elementor-size-default\">Osobn\u00ed \u00fadaje<\/h2>\t\t\t\t<\/div>\n\t\t\t\t<\/div>\n\t\t\t\t<div class=\"elementor-element elementor-element-70fc317 elementor-widget elementor-widget-text-editor\" data-id=\"70fc317\" data-element_type=\"widget\" data-e-type=\"widget\" data-widget_type=\"text-editor.default\">\n\t\t\t\t<div class=\"elementor-widget-container\">\n\t\t\t\t\t\t\t\t\t<p>Datum narozen\u00ed<\/p>\t\t\t\t\t\t\t\t<\/div>\n\t\t\t\t<\/div>\n\t\t\t\t<\/div>\n\t\t\t\t\t<\/div>\n\t\t\t\t<\/div>\n\t\t<div class=\"elementor-element elementor-element-5cc3e89 e-flex e-con-boxed e-con e-parent\" data-id=\"5cc3e89\" data-element_type=\"container\" data-e-type=\"container\">\n\t\t\t\t\t<div class=\"e-con-inner\">\n\t\t<div class=\"elementor-element elementor-element-e7d9741 e-con-full e-flex e-con e-child\" data-id=\"e7d9741\" data-element_type=\"container\" data-e-type=\"container\">\n\t\t\t\t<div class=\"elementor-element elementor-element-f1e696d elementor-widget elementor-widget-heading\" data-id=\"f1e696d\" data-element_type=\"widget\" data-e-type=\"widget\" data-widget_type=\"heading.default\">\n\t\t\t\t<div class=\"elementor-widget-container\">\n\t\t\t\t\t<h2 class=\"elementor-heading-title elementor-size-default\">Ocen\u011bn\u00ed<\/h2>\t\t\t\t<\/div>\n\t\t\t\t<\/div>\n\t\t\t\t<\/div>\n\t\t\t\t\t<\/div>\n\t\t\t\t<\/div>\n\t\t<div class=\"elementor-element elementor-element-4299739 e-flex e-con-boxed e-con e-parent\" data-id=\"4299739\" data-element_type=\"container\" data-e-type=\"container\">\n\t\t\t\t\t<div class=\"e-con-inner\">\n\t\t<div class=\"elementor-element elementor-element-128d998 e-con-full e-flex e-con e-child\" data-id=\"128d998\" data-element_type=\"container\" data-e-type=\"container\">\n\t\t\t\t<div class=\"elementor-element elementor-element-facc193 elementor-widget elementor-widget-text-editor\" data-id=\"facc193\" data-element_type=\"widget\" data-e-type=\"widget\" data-widget_type=\"text-editor.default\">\n\t\t\t\t<div class=\"elementor-widget-container\">\n\t\t\t\t\t\t\t\t\t<p>2010<\/p>\t\t\t\t\t\t\t\t<\/div>\n\t\t\t\t<\/div>\n\t\t\t\t<\/div>\n\t\t<div class=\"elementor-element elementor-element-154c495 e-con-full e-flex e-con e-child\" data-id=\"154c495\" data-element_type=\"container\" data-e-type=\"container\">\n\t\t\t\t<div class=\"elementor-element elementor-element-d2e1fd5 elementor-widget elementor-widget-text-editor\" data-id=\"d2e1fd5\" data-element_type=\"widget\" data-e-type=\"widget\" data-widget_type=\"text-editor.default\">\n\t\t\t\t<div class=\"elementor-widget-container\">\n\t\t\t\t\t\t\t\t\t<div class=\"col-12 col-md-8 col-lg-9\">ISUOG Service Award 2010 za p\u0159\u00ednos k rozvoji spole\u010dnosti<\/div>\t\t\t\t\t\t\t\t<\/div>\n\t\t\t\t<\/div>\n\t\t\t\t<\/div>\n\t\t\t\t\t<\/div>\n\t\t\t\t<\/div>\n\t\t<div class=\"elementor-element elementor-element-e9068f3 e-flex e-con-boxed e-con e-parent\" data-id=\"e9068f3\" data-element_type=\"container\" data-e-type=\"container\">\n\t\t\t\t\t<div class=\"e-con-inner\">\n\t\t<div class=\"elementor-element elementor-element-428ac19 e-con-full e-flex e-con e-child\" data-id=\"428ac19\" data-element_type=\"container\" data-e-type=\"container\">\n\t\t\t\t<div class=\"elementor-element elementor-element-b57e3b5 elementor-widget elementor-widget-text-editor\" data-id=\"b57e3b5\" data-element_type=\"widget\" data-e-type=\"widget\" data-widget_type=\"text-editor.default\">\n\t\t\t\t<div class=\"elementor-widget-container\">\n\t\t\t\t\t\t\t\t\t<p>1993<\/p>\t\t\t\t\t\t\t\t<\/div>\n\t\t\t\t<\/div>\n\t\t\t\t<\/div>\n\t\t<div class=\"elementor-element elementor-element-b0e38a8 e-con-full e-flex e-con e-child\" data-id=\"b0e38a8\" data-element_type=\"container\" data-e-type=\"container\">\n\t\t\t\t<div class=\"elementor-element elementor-element-9b437ac elementor-widget elementor-widget-text-editor\" data-id=\"9b437ac\" data-element_type=\"widget\" data-e-type=\"widget\" data-widget_type=\"text-editor.default\">\n\t\t\t\t<div class=\"elementor-widget-container\">\n\t\t\t\t\t\t\t\t\t<div class=\"col-12 col-md-8 col-lg-9\">Cilag Foundation Award 1994 Pawlikova cena v oboru gynekologie a porodnictv\u00ed<\/div>\t\t\t\t\t\t\t\t<\/div>\n\t\t\t\t<\/div>\n\t\t\t\t<\/div>\n\t\t\t\t\t<\/div>\n\t\t\t\t<\/div>\n\t\t<div class=\"elementor-element elementor-element-462d90d e-flex e-con-boxed e-con e-parent\" data-id=\"462d90d\" data-element_type=\"container\" data-e-type=\"container\">\n\t\t\t\t\t<div class=\"e-con-inner\">\n\t\t<div class=\"elementor-element elementor-element-c30955a e-con-full e-flex e-con e-child\" data-id=\"c30955a\" data-element_type=\"container\" data-e-type=\"container\">\n\t\t\t\t<div class=\"elementor-element elementor-element-878a79d elementor-widget elementor-widget-text-editor\" data-id=\"878a79d\" data-element_type=\"widget\" data-e-type=\"widget\" data-widget_type=\"text-editor.default\">\n\t\t\t\t<div class=\"elementor-widget-container\">\n\t\t\t\t\t\t\t\t\t<p>1998<\/p>\t\t\t\t\t\t\t\t<\/div>\n\t\t\t\t<\/div>\n\t\t\t\t<\/div>\n\t\t<div class=\"elementor-element elementor-element-d548999 e-con-full e-flex e-con e-child\" data-id=\"d548999\" data-element_type=\"container\" data-e-type=\"container\">\n\t\t\t\t<div class=\"elementor-element elementor-element-2314fe5 elementor-widget elementor-widget-text-editor\" data-id=\"2314fe5\" data-element_type=\"widget\" data-e-type=\"widget\" data-widget_type=\"text-editor.default\">\n\t\t\t\t<div class=\"elementor-widget-container\">\n\t\t\t\t\t\t\t\t\t<div class=\"col-12 col-md-8 col-lg-9\">Sonkova cena 1998 za nejlep\u0161\u00ed publikaci v oblasti ultrazvukov\u00e9 diagnostiky<\/div>\t\t\t\t\t\t\t\t<\/div>\n\t\t\t\t<\/div>\n\t\t\t\t<\/div>\n\t\t\t\t\t<\/div>\n\t\t\t\t<\/div>\n\t\t<div class=\"elementor-element elementor-element-25b1a3c e-flex e-con-boxed e-con e-parent\" data-id=\"25b1a3c\" data-element_type=\"container\" data-e-type=\"container\">\n\t\t\t\t\t<div class=\"e-con-inner\">\n\t\t<div class=\"elementor-element elementor-element-24d6944 e-con-full e-flex e-con e-child\" data-id=\"24d6944\" data-element_type=\"container\" data-e-type=\"container\">\n\t\t\t\t<div class=\"elementor-element elementor-element-61a9dcc elementor-widget elementor-widget-text-editor\" data-id=\"61a9dcc\" data-element_type=\"widget\" data-e-type=\"widget\" data-widget_type=\"text-editor.default\">\n\t\t\t\t<div class=\"elementor-widget-container\">\n\t\t\t\t\t\t\t\t\t<p>1997<\/p>\t\t\t\t\t\t\t\t<\/div>\n\t\t\t\t<\/div>\n\t\t\t\t<\/div>\n\t\t<div class=\"elementor-element elementor-element-b86875b e-con-full e-flex e-con e-child\" data-id=\"b86875b\" data-element_type=\"container\" data-e-type=\"container\">\n\t\t\t\t<div class=\"elementor-element elementor-element-2b26fb3 elementor-widget elementor-widget-text-editor\" data-id=\"2b26fb3\" data-element_type=\"widget\" data-e-type=\"widget\" data-widget_type=\"text-editor.default\">\n\t\t\t\t<div class=\"elementor-widget-container\">\n\t\t\t\t\t\t\t\t\t<div class=\"row g-4\">\n<div class=\"col-12 col-md-8 col-lg-9\">\u201dLi\u0161kova cena\u201d 1997 Imunologick\u00e9 spole\u010dnosti<\/div>\n<\/div>\n<div class=\"border-top mt-5 py-5\"><br><\/div>\t\t\t\t\t\t\t\t<\/div>\n\t\t\t\t<\/div>\n\t\t\t\t<\/div>\n\t\t\t\t\t<\/div>\n\t\t\t\t<\/div>\n\t\t<div class=\"elementor-element elementor-element-ad50ee6 e-flex e-con-boxed e-con e-parent\" data-id=\"ad50ee6\" data-element_type=\"container\" data-e-type=\"container\">\n\t\t\t\t\t<div class=\"e-con-inner\">\n\t\t<div class=\"elementor-element elementor-element-c5693c8 e-con-full e-flex e-con e-child\" data-id=\"c5693c8\" data-element_type=\"container\" data-e-type=\"container\">\n\t\t\t\t<div class=\"elementor-element elementor-element-ed44626 elementor-widget elementor-widget-heading\" data-id=\"ed44626\" data-element_type=\"widget\" data-e-type=\"widget\" data-widget_type=\"heading.default\">\n\t\t\t\t<div class=\"elementor-widget-container\">\n\t\t\t\t\t<h2 class=\"elementor-heading-title elementor-size-default\">Mezin\u00e1rodn\u00ed setk\u00e1n\u00ed<\/h2>\t\t\t\t<\/div>\n\t\t\t\t<\/div>\n\t\t\t\t<\/div>\n\t\t\t\t\t<\/div>\n\t\t\t\t<\/div>\n\t\t<div class=\"elementor-element elementor-element-61cf7d7 e-flex e-con-boxed e-con e-parent\" data-id=\"61cf7d7\" data-element_type=\"container\" data-e-type=\"container\">\n\t\t\t\t\t<div class=\"e-con-inner\">\n\t\t<div class=\"elementor-element elementor-element-240c6a2 e-con-full e-flex e-con e-child\" data-id=\"240c6a2\" data-element_type=\"container\" data-e-type=\"container\">\n\t\t\t\t<div class=\"elementor-element elementor-element-202db8b elementor-widget elementor-widget-text-editor\" data-id=\"202db8b\" data-element_type=\"widget\" data-e-type=\"widget\" data-widget_type=\"text-editor.default\">\n\t\t\t\t<div class=\"elementor-widget-container\">\n\t\t\t\t\t\t\t\t\t<div class=\"row g-4\"><div class=\"col-12 col-md-8 col-lg-9\">FORCE3 \u2013 Explore the Excellence in Ob&amp;Gyn, 3rd Regional Obstetrics &amp; Gynaecology Conference 10 -11 March 2016, Dubai, UAE (Chairman)<br \/>Obstetrics Forum 2015, Prague (Chairman)<br \/>20th Wolrd Congress on Ultrasound in Obstetrics and Gynecology (ISUOG) 10-14 October 2010, Prague (Chairman)<\/div><\/div>\t\t\t\t\t\t\t\t<\/div>\n\t\t\t\t<\/div>\n\t\t\t\t<\/div>\n\t\t\t\t\t<\/div>\n\t\t\t\t<\/div>\n\t\t<div class=\"elementor-element elementor-element-eba913a e-flex e-con-boxed e-con e-parent\" data-id=\"eba913a\" data-element_type=\"container\" data-e-type=\"container\">\n\t\t\t\t\t<div class=\"e-con-inner\">\n\t\t<div class=\"elementor-element elementor-element-f315ef1 e-con-full e-flex e-con e-child\" data-id=\"f315ef1\" data-element_type=\"container\" data-e-type=\"container\">\n\t\t\t\t<div class=\"elementor-element elementor-element-240fe11 elementor-widget elementor-widget-heading\" data-id=\"240fe11\" data-element_type=\"widget\" data-e-type=\"widget\" data-widget_type=\"heading.default\">\n\t\t\t\t<div class=\"elementor-widget-container\">\n\t\t\t\t\t<h2 class=\"elementor-heading-title elementor-size-default\">\u010clenstv\u00ed v l\u00e9ka\u0159sk\u00fdch spole\u010dnostech<\/h2>\t\t\t\t<\/div>\n\t\t\t\t<\/div>\n\t\t\t\t<\/div>\n\t\t\t\t\t<\/div>\n\t\t\t\t<\/div>\n\t\t<div class=\"elementor-element elementor-element-efe46b8 e-flex e-con-boxed e-con e-parent\" data-id=\"efe46b8\" data-element_type=\"container\" data-e-type=\"container\">\n\t\t\t\t\t<div class=\"e-con-inner\">\n\t\t<div class=\"elementor-element elementor-element-c245d85 e-con-full e-flex e-con e-child\" data-id=\"c245d85\" data-element_type=\"container\" data-e-type=\"container\">\n\t\t\t\t<div class=\"elementor-element elementor-element-5fc193d elementor-widget elementor-widget-text-editor\" data-id=\"5fc193d\" data-element_type=\"widget\" data-e-type=\"widget\" data-widget_type=\"text-editor.default\">\n\t\t\t\t<div class=\"elementor-widget-container\">\n\t\t\t\t\t\t\t\t\t<div class=\"row g-4\"><div class=\"col-12 col-md-8 col-lg-9\">\u010clen mezin\u00e1rodn\u00edho sboru poradc\u016f \u2013 American Journal of Obstetrics and Gynecology<br \/>Section editor \u2013 European Gynecology &amp; Obstetrics<br \/>President of the Czech Ultrasound Society in Obstetrics and Gynecology CZMA JEP<br \/>Editor in chief of the professional web portal www.gynstart.cz<br \/>Editor in chief Actual Gynecology and Obstetrics<br \/>Clinical Sciences Executive Editor \u2013 Medical Science Monitor<br \/>Member of Ultrasound Advisory Board \u2013 Obgyn-Net<br \/>Head of the State Examination Committee<br \/>Member of the expert committee of Czech Ministry of Health<br \/>Member \u2013 Czech Genetic Society CZMA JEP<br \/>a former Member of the Board \u2013 International Society of Ultrasound in Obstetrics and Gynaecology (ISUOG) for the years 2007-2010<br \/>a former Member of the Editorial board \u2013 Journal of Ultrasound in Obstetrics and Gynecology<br \/>a former President of the Ultrasound subsection of the Czech OB&amp;Gyn Society CZMA JEP<br \/>a former Member of the Board of the Grant Agency of Charles University Prague<br \/>a former Scientific Secretary and Audit Committee member, Czech Obstetric and Gynecologic Society<br \/>a former Member of the \u201cResource group\u201d (EFSUMB)<br \/>a former Member of the educational committee of EAPM European association of perinatal medicine for the years 2011-12<br \/>a former Editor in chief of the journal Modern\u00ed Gynekologie (1998-2015)<br \/>a former president of the Fetal Medicine subsection of the Czech OB&amp;Gyn Society CZMA JEP<br \/>a former president and member of the Board (former president) of the Ultrasound subsection of the Czech OB&amp;Gyn Society CZMA JEP<br \/>a former member of the Board \u2013 Czech Perinatologic Society<br \/>a former member of the Board \u2013 Czech Society for Ultrasound in Medicine<br \/>a former member \u2013 Czech Neonatal Society<br \/>a former member \u2013 Czech Blood Transfusion Society<\/div><\/div>\t\t\t\t\t\t\t\t<\/div>\n\t\t\t\t<\/div>\n\t\t\t\t<\/div>\n\t\t\t\t\t<\/div>\n\t\t\t\t<\/div>\n\t\t\t\t<\/div>","protected":false},"excerpt":{"rendered":"<p>Prof. Pavel Calda, MD, CSc. GYNECOLOGY, OBSTETRICS, GENETICS Professor, Head of the Fetal Medicine Centre Charles University in Prague, First Faculty of Medicine, Department of Gynaecology and Obstetrics of the First Faculty of Medicine and General Teaching Hospital, Apolinarska 18, 128 51 Praha 2 Czech Republic. Learn more \u2193 Personal Information Date of birth Valuation [&hellip;]<\/p>\n","protected":false},"author":1,"featured_media":0,"parent":13730,"menu_order":0,"comment_status":"closed","ping_status":"closed","template":"","meta":{"inline_featured_image":false,"slim_seo":{"title":"Prof. MUDr. Pavel Calda, CSc.","description":"Prof. MUDr. Pavel Calda, CSc., je uzn\u00e1van\u00fd odborn\u00edk v oboru gynekologie, porodnictv\u00ed a genetiky. Za sv\u016fj v\u00fdznamn\u00fd p\u0159\u00ednos v t\u011bchto oblastech z\u00edskal \u0159adu ocen\u011bn\u00ed. Profesor, Univerzita Karlova v Praze, 1. l\u00e9ka\u0159sk\u00e1 fakulta, Gynekologicko-porodnick\u00e1 klinika 1. LF a VFN Centrum fet\u00e1ln\u00ed mediciny a Odd\u011blen\u00ed ultrazvukov\u00e9 diagnostiky (vedouc\u00ed odd\u011blen\u00ed)"},"footnotes":""},"class_list":["post-3435","page","type-page","status-publish","hentry","entry"],"_links":{"self":[{"href":"https:\/\/conciergemedicine.cz\/cs\/wp-json\/wp\/v2\/pages\/3435","targetHints":{"allow":["GET"]}}],"collection":[{"href":"https:\/\/conciergemedicine.cz\/cs\/wp-json\/wp\/v2\/pages"}],"about":[{"href":"https:\/\/conciergemedicine.cz\/cs\/wp-json\/wp\/v2\/types\/page"}],"author":[{"embeddable":true,"href":"https:\/\/conciergemedicine.cz\/cs\/wp-json\/wp\/v2\/users\/1"}],"replies":[{"embeddable":true,"href":"https:\/\/conciergemedicine.cz\/cs\/wp-json\/wp\/v2\/comments?post=3435"}],"version-history":[{"count":0,"href":"https:\/\/conciergemedicine.cz\/cs\/wp-json\/wp\/v2\/pages\/3435\/revisions"}],"up":[{"embeddable":true,"href":"https:\/\/conciergemedicine.cz\/cs\/wp-json\/wp\/v2\/pages\/13730"}],"wp:attachment":[{"href":"https:\/\/conciergemedicine.cz\/cs\/wp-json\/wp\/v2\/media?parent=3435"}],"curies":[{"name":"wp","href":"https:\/\/api.w.org\/{rel}","templated":true}]}}