{"id":16111,"date":"2026-03-10T11:07:19","date_gmt":"2026-03-10T10:07:19","guid":{"rendered":"https:\/\/staging.conciergemedicine.cz\/?page_id=16111"},"modified":"2026-03-10T11:11:57","modified_gmt":"2026-03-10T10:11:57","slug":"ochrana-osobnich-udaju","status":"publish","type":"page","link":"https:\/\/conciergemedicine.cz\/cs\/privacy-policy\/","title":{"rendered":"Privacy policy"},"content":{"rendered":"<div data-elementor-type=\"wp-page\" data-elementor-id=\"16111\" class=\"elementor elementor-16111\" data-elementor-post-type=\"page\">\n\t\t\t\t<div class=\"elementor-element elementor-element-b424950 e-flex e-con-boxed e-con e-parent\" data-id=\"b424950\" data-element_type=\"container\" data-e-type=\"container\">\n\t\t\t\t\t<div class=\"e-con-inner\">\n\t\t\t\t<div class=\"elementor-element elementor-element-bdbe3ca elementor-widget elementor-widget-heading\" data-id=\"bdbe3ca\" data-element_type=\"widget\" data-e-type=\"widget\" data-widget_type=\"heading.default\">\n\t\t\t\t<div class=\"elementor-widget-container\">\n\t\t\t\t\t<h1 class=\"elementor-heading-title elementor-size-default\">Z\u00e1sady ochrany osobn\u00edch \u00fadaj\u016f\n<\/h1>\t\t\t\t<\/div>\n\t\t\t\t<\/div>\n\t\t\t\t\t<\/div>\n\t\t\t\t<\/div>\n\t\t<div class=\"elementor-element elementor-element-19bf862 e-flex e-con-boxed e-con e-parent\" data-id=\"19bf862\" data-element_type=\"container\" data-e-type=\"container\">\n\t\t\t\t\t<div class=\"e-con-inner\">\n\t\t\t\t<div class=\"elementor-element elementor-element-14e76a5 elementor-widget elementor-widget-text-editor\" data-id=\"14e76a5\" data-element_type=\"widget\" data-e-type=\"widget\" data-widget_type=\"text-editor.default\">\n\t\t\t\t<div class=\"elementor-widget-container\">\n\t\t\t\t\t\t\t\t\t<p>1. Spr\u00e1vce \u00fadaj\u016f a kontakty<\/p><p class=\" translation-block\">V\u00edtejte na webov\u00fdch str\u00e1nk\u00e1ch Concierge Medicine Europe. V Concierge Medicine Europe poskytujeme \u0161pi\u010dkovou l\u00e9ka\u0159skou p\u00e9\u010di zejm\u00e9na v oblasti preventivn\u00ed a lifestylov\u00e9 medic\u00edny, a p\u0159itom maxim\u00e1ln\u011b respektujeme soukrom\u00ed sv\u00fdch pacient\u016f, n\u00e1v\u0161t\u011bvn\u00edk\u016f, zam\u011bstnanc\u016f i dal\u0161\u00edch osob, kter\u00e9 s n\u00e1mi komunikuj\u00ed nebo jejich\u017e osobn\u00ed \u00fadaje jinak zpracov\u00e1v\u00e1me za podm\u00ednek uveden\u00fdch bl\u00ed\u017ee v t\u011bchto z\u00e1sad\u00e1ch ochrany osobn\u00edch \u00fadaj\u016f (d\u00e1le jen \u201ez\u00e1sady\u201c). Z\u00e1sady shrnuj\u00ed podrobn\u00e9 informace o podm\u00ednk\u00e1ch zpracov\u00e1n\u00ed osobn\u00edch \u00fadaj\u016f (d\u00e1le jen \u201eosobn\u00ed \u00fadaje\u201c), kter\u00e9 z\u00edsk\u00e1v\u00e1me prost\u0159ednictv\u00edm webov\u00fdch str\u00e1nek https:\/\/conciergemedicine.cz (d\u00e1le jen \u201ewebov\u00e9 str\u00e1nky\u201c) nebo jin\u00fdm zp\u016fsobem uveden\u00fdm n\u00ed\u017ee, a to v\u017edy v souladu s na\u0159\u00edzen\u00edm (EU) 2016\/679 ze dne 27. dubna 2016 o ochran\u011b fyzick\u00fdch osob v souvislosti se zpracov\u00e1n\u00edm osobn\u00edch \u00fadaj\u016f a o voln\u00e9m pohybu t\u011bchto \u00fadaj\u016f a o zru\u0161en\u00ed sm\u011brnice 95\/46\/ES (d\u00e1le jen \u201eGDPR\u201c).<\/p><p class=\" translation-block\">Spr\u00e1vcem osobn\u00edch \u00fadaj\u016f zpracov\u00e1van\u00fdch za podm\u00ednek uveden\u00fdch v t\u011bchto z\u00e1sad\u00e1ch, pokud v z\u00e1sad\u00e1ch nen\u00ed v\u00fdslovn\u011b uvedeno jinak, je spole\u010dnost Concierge Medicine Europe s.r.o., se s\u00eddlem Pujmanov\u00e9 1753\/10a, Nusle, 140 00 Praha 4, I\u010c: 05612926, DI\u010c: CZ05612926, zapsan\u00e1 v obchodn\u00edm rejst\u0159\u00edku veden\u00e9m M\u011bstsk\u00fdm soudem v Praze, odd\u00edl C, vlo\u017eka 267339 (d\u00e1le jen \u201eCME\u201c nebo \u201espr\u00e1vce\u201c). Jako\u017eto spr\u00e1vce n\u00e1s m\u016f\u017eete kontaktovat na adrese s\u00eddla CME nebo s vyu\u017eit\u00edm dal\u0161\u00edch kontaktn\u00edch \u00fadaj\u016f uveden\u00fdch na webov\u00fdch str\u00e1nk\u00e1ch v sekci Kontakt.<\/p><h2>2. \u00da\u010del a doba zpracov\u00e1n\u00ed osobn\u00edch \u00fadaj\u016f<\/h2><h3>Kontakty<\/h3><p>Kdy\u017e se na n\u00e1s obr\u00e1t\u00edte prost\u0159ednictv\u00edm kontaktn\u00edho formul\u00e1\u0159e nebo s vyu\u017eit\u00edm dal\u0161\u00edch kontakt\u016f uveden\u00fdch na webov\u00fdch str\u00e1nk\u00e1ch v sekci Kontakt s jak\u00fdmkoli dotazem, sd\u011blen\u00edm \u010di \u017e\u00e1dost\u00ed zejm\u00e9na ohledn\u011b n\u00e1mi poskytovan\u00fdch slu\u017eeb, tak budeme zpracov\u00e1vat Va\u0161e osobn\u00ed \u00fadaje, kter\u00e9 n\u00e1m v souvislosti s t\u00edm v nezbytn\u00e9m rozsahu poskytnete, a to za \u00fa\u010delem vy\u0159\u00edzen\u00ed Va\u0161eho po\u017eadavku. V tomto p\u0159\u00edpad\u011b Va\u0161e osobn\u00ed \u00fadaje zpracov\u00e1v\u00e1me po dobu nezbytnou k vy\u0159\u00edzen\u00ed Va\u0161eho dotazu, sd\u011blen\u00ed \u010di \u017e\u00e1dosti a pot\u00e9 maxim\u00e1ln\u011b \u0161esti m\u011bs\u00edc\u016f z d\u016fvodu vnit\u0159n\u00ed kontroly a p\u0159\u00edpadn\u00e9 navazuj\u00edc\u00ed komunikace. Pr\u00e1vn\u00edm z\u00e1kladem v\u00fd\u0161e uveden\u00e9ho zpracov\u00e1n\u00ed osobn\u00edch \u00fadaj\u016f je \u010dl. 6 odst. 1 p\u00edsm. f) GDPR.<\/p><h3>Objedn\u00e1n\u00ed a poskytnut\u00ed l\u00e9ka\u0159sk\u00e9 p\u00e9\u010de<\/h3><p>V p\u0159\u00edpad\u011b, \u017ee se prost\u0159ednictv\u00edm webov\u00fdch str\u00e1nek \u010di jin\u00fdm zp\u016fsobem objedn\u00e1te nebo V\u00e1\u0161 dotaz, sd\u011blen\u00ed \u010di \u017e\u00e1dost sm\u011b\u0159uje k dohod\u011b o poskytnut\u00ed zdravotn\u00ed p\u00e9\u010de, tak zpracov\u00e1v\u00e1me osobn\u00ed \u00fadaje t\u00fdkaj\u00edc\u00ed se Va\u0161\u00ed osoby, p\u0159\u00edpadn\u011b dal\u0161\u00edch osob jako jsou Va\u0161i z\u00e1stupci \u010di rodinn\u00ed p\u0159\u00edslu\u0161n\u00edci, a to v\u010detn\u011b informac\u00ed o Va\u0161em zdravotn\u00edm stavu, kter\u00e9 n\u00e1m kdykoli v souvislosti s poskytov\u00e1n\u00edm zdravotn\u00ed p\u00e9\u010de zp\u0159\u00edstupn\u00edte p\u0159\u00edmo Vy nebo dal\u0161\u00ed poskytovatel\u00e9 zdravotn\u00edch slu\u017eeb. V pr\u016fb\u011bhu Va\u0161eho o\u0161et\u0159ov\u00e1n\u00ed a l\u00e9\u010den\u00ed n\u00e1m poskytujete celou \u0159adu osobn\u00edch \u00fadaj\u016f v\u010detn\u011b citliv\u00fdch informac\u00ed o Va\u0161em zdravotn\u00edm stavu, kter\u00e9 pat\u0159\u00ed mezi tzv. zvl\u00e1\u0161tn\u00ed kategorie osobn\u00edch \u00fadaj\u016f. V\u0161echny tyto osobn\u00ed \u00fadaje pot\u0159ebujeme pro stanoven\u00ed spr\u00e1vn\u00e9 diagn\u00f3zy, \u0159\u00e1dn\u00e9 zaji\u0161t\u011bn\u00ed postupu l\u00e9\u010dby, kontrolu Va\u0161eho zdravotn\u00edho stavu a tak\u00e9 pro vy\u00fa\u010dtov\u00e1n\u00ed poskytnut\u00e9 zdravotn\u00ed p\u00e9\u010de. S Va\u0161imi osobn\u00edmi \u00fadaji jako\u017eto pacient\u016f a p\u0159\u00edpadn\u011b dal\u0161\u00edch osob nakl\u00e1d\u00e1me p\u0159edev\u0161\u00edm v souladu s p\u0159\u00edslu\u0161n\u00fdmi ustanoven\u00edmi z\u00e1kona \u010d. 372\/2011 Sb., o zdravotn\u00edch slu\u017eb\u00e1ch a podm\u00ednk\u00e1ch jejich poskytov\u00e1n\u00ed (d\u00e1le jen \u201ez\u00e1kon o zdravotn\u00edch slu\u017eb\u00e1ch\u201c), ve zn\u011bn\u00ed pozd\u011bj\u0161\u00edch p\u0159edpis\u016f. P\u0159i zpracov\u00e1n\u00ed osobn\u00edch \u00fadaj\u016f pro tyto \u00fa\u010dely dodr\u017eujeme \u0159adu dal\u0161\u00edch povinnost\u00ed stanoven\u00fdch obecn\u011b z\u00e1vazn\u00fdmi p\u0159edpisy.<strong>Health Services Act<\/strong>&#8220;), as amended. When processing personal data for this purpose, we comply with a number of other obligations set out in generally binding regulations.<\/p><p>\u00da\u010delem zpracov\u00e1n\u00ed osobn\u00edch \u00fadaj\u016f pacient\u016f tak je p\u0159edev\u0161\u00edm poskytov\u00e1n\u00ed zdravotn\u00edch slu\u017eeb v\u010detn\u011b veden\u00ed zdravotnick\u00e9 dokumentace a \u0159\u00e1dn\u00e9ho vy\u00fa\u010dtov\u00e1n\u00ed t\u011bchto slu\u017eeb. \u00da\u010delem zpracov\u00e1n\u00ed osobn\u00edch \u00fadaj\u016f pacient\u016f je tak\u00e9 na\u0161e pot\u0159eba zaji\u0161t\u011bn\u00ed hladk\u00e9ho provozu na\u0161ich zdravotnick\u00fdch za\u0159\u00edzen\u00ed, zaji\u0161t\u011bn\u00ed prevence a obrana p\u0159\u00edpadn\u00fdch soudn\u00edch spor\u016f ohledn\u011b poskytnut\u00e9 p\u00e9\u010de a d\u00e1le tak\u00e9 pr\u016fb\u011b\u017en\u00e9 zlep\u0161ov\u00e1n\u00ed kvality poskytovan\u00fdch slu\u017eeb v\u010detn\u011b vzd\u011bl\u00e1v\u00e1n\u00ed pracovn\u00edk\u016f spr\u00e1vc\u016f.<\/p><p>Va\u0161e osobn\u00ed \u00fadaje uchov\u00e1v\u00e1me po dobu nezbytnou pro spln\u011bn\u00ed smlouvy a pro dodr\u017een\u00ed z\u00e1konem stanoven\u00fdch povinnost\u00ed v\u010detn\u011b \u0159\u00e1dn\u00e9ho veden\u00ed zdravotnick\u00e9 dokumentace, jako\u017e i \u00fa\u010detn\u00edch a da\u0148ov\u00fdch povinnost\u00ed.<\/p><p>Pr\u00e1vn\u00edm z\u00e1kladem v\u00fd\u0161e uveden\u00e9ho zpracov\u00e1n\u00ed osobn\u00edch \u00fadaj\u016f je dodr\u017een\u00ed pr\u00e1vn\u00edch povinnost\u00ed spr\u00e1vce a spln\u011bn\u00ed smlouvy o p\u00e9\u010di uzav\u0159en\u00e9 s pacientem dle \u010dl. 6 odst. 1 p\u00edsm. b) a c) GDPR ve spojen\u00ed s \u010dl. \u010dl. 9 p\u00edsm. h) GDPR. Pr\u00e1vn\u00edm z\u00e1kladem jsou tak\u00e9 opr\u00e1vn\u011bn\u00e9 z\u00e1jmy spr\u00e1vce \u010di t\u0159et\u00ed strany (\u010dl. 6 odst. 1 p\u00edsm. f) GDPR), krom\u011b p\u0159\u00edpad\u016f, kdy p\u0159ed t\u011bmito z\u00e1jmy maj\u00ed p\u0159ednost z\u00e1jmy nebo z\u00e1kladn\u00ed pr\u00e1va a svobody pacient\u016f vy\u017eaduj\u00edc\u00ed ochranu osobn\u00edch \u00fadaj\u016f. \u00dadaje o zdravotn\u00edm stavu jsou v takov\u00e9m p\u0159\u00edpadech zpracov\u00e1v\u00e1ny na z\u00e1klad\u011b v\u00fdjimky dle \u010dl. 9 odst. 2 p\u00edsm. i) GDPR, pokud je jejich zpracov\u00e1n\u00ed nezbytn\u00e9 z d\u016fvod\u016f ve\u0159ejn\u00e9ho z\u00e1jmu v oblasti ve\u0159ejn\u00e9ho zdrav\u00ed, nebo na z\u00e1klad\u011b v\u00fdjimky dle \u010dl. 9 odst. 2 p\u00edsm. f) GDPR, pokud je zpracov\u00e1n\u00ed nezbytn\u00e9 pro ur\u010den\u00ed, v\u00fdkon nebo obhajobu pr\u00e1vn\u00edch n\u00e1rok\u016f spr\u00e1vce.<\/p><h3>Zas\u00edl\u00e1n\u00ed newsletter\u016f<\/h3><p>Na z\u00e1klad\u011b Va\u0161eho souhlasu anebo v p\u0159\u00edpad\u011b, \u017ee z\u00edsk\u00e1me Va\u0161e kontaktn\u00ed \u00fadaje v souvislosti s poskytov\u00e1n\u00edm na\u0161ich slu\u017eeb, tak zpracov\u00e1v\u00e1me Va\u0161e osobn\u00ed \u00fadaje k propagaci na\u0161ich slu\u017eeb a spole\u010dnosti CME, a to zejm\u00e9na zas\u00edl\u00e1n\u00edm elektronick\u00fdch sd\u011blen\u00ed, ve kter\u00fdch V\u00e1s informujeme o novink\u00e1ch, kter\u00e9 se t\u00fdkaj\u00ed CME. Va\u0161e osobn\u00ed \u00fadaje budeme pro tento \u00fa\u010del zpracov\u00e1vat po dobu trv\u00e1n\u00ed Va\u0161eho souhlasu, respektive a\u017e do okam\u017eiku, kdy sv\u016fj souhlas odvol\u00e1te, a v ostatn\u00edch p\u0159\u00edpadech nejv\u00fd\u0161e 2 roky od zasl\u00e1n\u00ed posledn\u00edho sd\u011blen\u00ed. Pro v\u00fdb\u011br relevantn\u00edch novinek vych\u00e1z\u00edme ze povahy slu\u017eeb, kter\u00e9 jsme V\u00e1m poskytli a Va\u0161ich preferenc\u00ed. S vyu\u017eit\u00edm odpov\u00eddaj\u00edc\u00edch technick\u00fdch n\u00e1stroj\u016f vyhodnocujeme \u00fasp\u011b\u0161nost doru\u010den\u00ed a tak\u00e9 informace o prohl\u00ed\u017een\u00ed na\u0161ich sd\u011blen\u00ed. Zas\u00edl\u00e1n\u00ed sd\u011blen\u00ed m\u016f\u017eete kdykoliv jednodu\u0161e zru\u0161it kontaktov\u00e1n\u00edm CME nebo i v r\u00e1mci ka\u017ed\u00e9ho jednotliv\u00e9ho sd\u011blen\u00ed. Pr\u00e1vn\u00edm z\u00e1kladem v\u00fd\u0161e uveden\u00e9ho zpracov\u00e1n\u00ed osobn\u00edch \u00fadaj\u016f je v p\u0159\u00edpad\u011b souhlasu \u010dl. 6 odst. 1 p\u00edsm. a) GDPR a jinak \u010dl. 6 odst. 1 p\u00edsm. f) GDPR.<\/p><h3>Kari\u00e9ra<\/h3><p>Va\u0161e osobn\u00ed \u00fadaje m\u016f\u017eeme zpracov\u00e1vat tak\u00e9 v p\u0159\u00edpad\u011b, \u017ee se budete uch\u00e1zet o zam\u011bstn\u00e1n\u00ed v CME. \u00da\u010delem zpracov\u00e1n\u00ed osobn\u00edch \u00fadaj\u016f, kter\u00e9 n\u00e1m poskytnete p\u0159\u00edmo, nebo prost\u0159ednictv\u00edm t\u0159et\u00ed strany (person\u00e1ln\u00ed agentury, zprost\u0159edkovatele zam\u011bstn\u00e1n\u00ed \u010di provozovatele inzertn\u00edho port\u00e1lu), pop\u0159. je z\u00edsk\u00e1me z d\u016fv\u011bryhodn\u00fdch ve\u0159ejn\u00fdch zdroj\u016f je vyhodnocen\u00ed uchaze\u010d\u016f a proveden\u00ed n\u00e1borov\u00e9ho procesu na p\u0159\u00edslu\u0161nou pracovn\u00ed pozici. Osobn\u00ed \u00fadaje jsou v tomto p\u0159\u00edpad\u011b uchov\u00e1v\u00e1ny po dobu trv\u00e1n\u00ed v\u00fdb\u011brov\u00e9ho \u0159\u00edzen\u00ed, maxim\u00e1ln\u011b po dobu \u0161esti m\u011bs\u00edc\u016f. Pr\u00e1vn\u00edm z\u00e1kladem zpracov\u00e1n\u00ed osobn\u00edch \u00fadaj\u016f je p\u0159ijet\u00ed opat\u0159en\u00ed p\u0159ed uzav\u0159en\u00edm pracovn\u00ed smlouvy, p\u0159\u00edpadn\u011b dohody o proveden\u00ed pr\u00e1ce nebo dohody o pracovn\u00ed \u010dinnosti dle \u010dl. 6 odst. 1 p\u00edsm. c) GDPR.<\/p><p>V p\u0159\u00edpad\u011b, \u017ee se rozhodnete zv\u00fd\u0161it sv\u00e9 budouc\u00ed \u0161ance na uplatn\u011bn\u00ed v CME, m\u016f\u017eete n\u00e1m ud\u011blit souhlas, abychom nad r\u00e1mec v\u00fdb\u011brov\u00e9ho \u0159\u00edzen\u00ed na konkr\u00e9tn\u00ed pracovn\u00ed pozici d\u00e1le zpracov\u00e1vali Va\u0161e osobn\u00ed \u00fadaje po dobu 3 let a mohli V\u00e1m nab\u00eddnout obdobnou pracovn\u00ed p\u0159\u00edle\u017eitost. Tento sv\u016fj souhlas m\u016f\u017eete kdykoli odvolat. Z\u00edskan\u00e9 osobn\u00ed \u00fadaje zpracov\u00e1v\u00e1me v tomto p\u0159\u00edpad\u011b na z\u00e1klad\u011b Va\u0161eho souhlasu dle \u010dl. 6 odst. 1 p\u00edsm. a) GDPR.<\/p><h3>Cookies<\/h3><p>Na webov\u00fdch str\u00e1nk\u00e1ch pou\u017e\u00edv\u00e1me r\u016fzn\u00e9 druhy cookies, kter\u00e9 m\u016f\u017eeme my nebo t\u0159et\u00ed strany, jejich\u017e n\u00e1stroje pou\u017e\u00edv\u00e1me, ukl\u00e1dat do Va\u0161eho za\u0159\u00edzen\u00ed a tak\u00e9 je z Va\u0161eho za\u0159\u00edzen\u00ed na\u010d\u00edtat. N\u011bkter\u00e9 cookies m\u016f\u017eeme pou\u017e\u00edvat i bez Va\u0161eho souhlasu a jin\u00e9 pouze v p\u0159\u00edpad\u011b, \u017ee k tomu ud\u011bl\u00edte v r\u00e1mci webov\u00fdch str\u00e1nek sv\u016fj p\u0159edchoz\u00ed souhlas. Na na\u0161ich webov\u00fdch str\u00e1nk\u00e1ch pou\u017e\u00edv\u00e1me n\u00e1sleduj\u00edc\u00ed druhy cookies a tomu odpov\u00eddaj\u00edc\u00ed mo\u017enosti jejich pou\u017eit\u00ed. Pro v\u0161echny d\u00e1le uveden\u00e9 \u00fa\u010dely pou\u017e\u00edv\u00e1me osobn\u00ed \u00fadaje z\u00edskan\u00e9 prost\u0159ednictv\u00edm cookies po dobu jejich platnosti. Nastaven\u00ed cookies m\u016f\u017eete prov\u00e9st a kdykoli pozd\u011bji upravit v cookies li\u0161t\u011b, je\u017e se V\u00e1m zobraz\u00ed p\u0159i prvn\u00ed n\u00e1v\u0161t\u011bv\u011b webov\u00fdch str\u00e1nek nebo j\u00ed m\u016f\u017eete kdykoliv pozd\u011bji zobrazit pomoc\u00ed tla\u010d\u00edtka Nastaveni cookies v z\u00e1pat\u00ed webov\u00fdch str\u00e1nek.<\/p><p><strong>Nezbytn\u00e9 cookies:<\/strong>\u00a0Nezbytn\u00e9 nebo tak\u00e9 technick\u00e9 cookies n\u00e1m pom\u00e1haj\u00ed k zaji\u0161t\u011bn\u00ed z\u00e1kladn\u00edch funkc\u00ed webu jako je navigace na str\u00e1nk\u00e1ch a ulo\u017een\u00ed Va\u0161ich voleb, mimo jin\u00e9 i ohledn\u011b cookies. Web bez t\u011bchto cookies nem\u016f\u017ee spr\u00e1vn\u011b fungovat nebo V\u00e1m nem\u016f\u017ee poskytnout slu\u017eby, kter\u00e9 si vy\u017e\u00e1d\u00e1te. Proto k jejich pou\u017e\u00edv\u00e1n\u00ed nepot\u0159ebujeme V\u00e1\u0161 souhlas. Z\u00edskan\u00e9 osobn\u00ed \u00fadaje zpracov\u00e1v\u00e1me na z\u00e1klad\u011b na\u0161eho opr\u00e1vn\u011bn\u00e9ho z\u00e1jmu spo\u010d\u00edvaj\u00edc\u00edho v zaji\u0161t\u011bn\u00ed funk\u010dnosti a bezpe\u010dnosti na\u0161eho webu (\u010dl. 6 odst. 1 p\u00edsm. f) GDPR).<\/p><p><strong>Analytick\u00e9 cookies:<\/strong>\u00a0Analytick\u00e9 cookies n\u00e1m pom\u00e1haj\u00ed sledovat a analyzovat zp\u016fsob, jak\u00fdm n\u00e1v\u0161t\u011bvn\u00edci interaguj\u00ed s webov\u00fdmi str\u00e1nkami. Tyto informace n\u00e1m umo\u017e\u0148uj\u00ed vylep\u0161ovat obsah a poskytovat lep\u0161\u00ed u\u017eivatelsk\u00fd z\u00e1\u017eitek. Z\u00edskan\u00e9 osobn\u00ed \u00fadaje zpracov\u00e1v\u00e1me v p\u0159\u00edpad\u011b Va\u0161eho souhlasu na z\u00e1klad\u011b \u010dl. 6 odst. 1 p\u00edsm. a) GDPR.<\/p><p><strong>Marketingov\u00e9 cookies:<\/strong>\u00a0S Va\u0161\u00edm souhlasem pou\u017e\u00edv\u00e1me tak\u00e9 marketingov\u00e9 cookies, kter\u00e9 pou\u017e\u00edv\u00e1me za \u00fa\u010delem propagace n\u00e1s a na\u0161eho webu. Z\u00edskan\u00e9 informace o pou\u017e\u00edv\u00e1n\u00ed webu n\u00e1m pom\u00e1haj\u00ed k tomu, abychom V\u00e1m zobrazovali nab\u00eddky p\u0159izp\u016fsoben\u00e9 na m\u00edru. Za t\u00edmto \u00fa\u010delem tak\u00e9 informace o pou\u017e\u00edv\u00e1n\u00ed webu p\u0159ed\u00e1v\u00e1me reklamn\u00edm a soci\u00e1ln\u00edm s\u00edt\u00edm, abychom V\u00e1m na\u0161e nab\u00eddky mohly zobrazit i na webech t\u0159et\u00edch stran.<\/p><p>Pro v\u0161echny v\u00fd\u0161e uveden\u00e9 \u00fa\u010dely pou\u017e\u00edv\u00e1me osobn\u00ed \u00fadaje z\u00edskan\u00e9 prost\u0159ednictv\u00edm cookies po dobu, kter\u00e1 je uvedena u ka\u017ed\u00e9 cookies v cookie li\u0161t\u011b. Z\u00edskan\u00e9 osobn\u00ed \u00fadaje zpracov\u00e1v\u00e1me v p\u0159\u00edpad\u011b Va\u0161eho souhlasu na z\u00e1klad\u011b \u010dl. 6 odst. 1 p\u00edsm. a) GDPR.<\/p><h2>3. Zp\u0159\u00edstupn\u011bn\u00ed \u00fadaj\u016f<\/h2><p>Va\u0161e osobn\u00ed \u00fadaje jsme opr\u00e1vn\u011bni pro dosa\u017een\u00ed v\u00fd\u0161e uveden\u00fdch \u00fa\u010del\u016f zp\u0159\u00edstupnit jednak org\u00e1n\u016fm ve\u0159ejn\u00e9 spr\u00e1vy, pokud n\u00e1m to ukl\u00e1d\u00e1 z\u00e1kon, nebo tak\u00e9 smluvn\u011b pov\u011b\u0159en\u00fdm zpracovatel\u016fm (dodavatel\u00e9 administrativn\u00edch \u010di IT slu\u017eeb), kte\u0159\u00ed poskytnou CME dostate\u010dn\u00e9 z\u00e1ruky zaveden\u00ed vhodn\u00fdch technick\u00fdch a organiza\u010dn\u00edch opat\u0159en\u00ed tak, aby dan\u00e9 zpracov\u00e1n\u00ed spl\u0148ovalo po\u017eadavky GDPR a aby byla zaji\u0161t\u011bna ochrana Va\u0161ich pr\u00e1v.<\/p><p>Va\u0161e osobn\u00ed \u00fadaje mohou b\u00fdt p\u0159ed\u00e1ny do t\u0159et\u00ed zem\u011b mimo Evropsk\u00fd hospod\u00e1\u0159sk\u00fd prostor, u kter\u00e9 Evropsk\u00e1 komise nevydala rozhodnut\u00ed, \u017ee zaji\u0161\u0165uje n\u00e1le\u017eitou \u00farove\u0148 ochrany osobn\u00edch \u00fadaj\u016f. V takov\u00e9m p\u0159\u00edpad\u011b p\u0159ijmeme vhodn\u00e9 z\u00e1ruky k zaji\u0161t\u011bn\u00ed takov\u00e9 dostate\u010dn\u00e9 \u00farovn\u011b ochrany, nap\u0159. prost\u0159ednictv\u00edm standardn\u00edch smluvn\u00edch dolo\u017eek o ochran\u011b osobn\u00edch \u00fadaj\u016f p\u0159ijat\u00fdch Evropskou komis\u00ed. Kopii takov\u00fdch z\u00e1ruk m\u016f\u017eete obdr\u017eet na z\u00e1klad\u011b Va\u0161\u00ed \u017e\u00e1dosti.<\/p><h2>4. Va\u0161e pr\u00e1va<\/h2><p>V souvislosti s v\u00fd\u0161e uveden\u00fdm zpracov\u00e1n\u00edm Va\u0161ich osobn\u00edch \u00fadaj\u016f m\u00e1te za podm\u00ednek bl\u00ed\u017ee stanoven\u00fdch v kapitole t\u0159et\u00ed GDPR n\u00e1sleduj\u00edc\u00ed pr\u00e1va.<\/p><ul><li>M\u00e1te pr\u00e1vo na p\u0159\u00edstup k osobn\u00edm \u00fadaj\u016fm, d\u00edky n\u011bmu\u017e m\u016f\u017eete z\u00edskat od CME potvrzen\u00ed, zda osobn\u00ed \u00fadaje, kter\u00e9 se V\u00e1s t\u00fdkaj\u00ed, jsou \u010di nejsou zpracov\u00e1v\u00e1ny, a pokud je tomu tak, m\u00e1te pr\u00e1vo z\u00edskat p\u0159\u00edstup k t\u011bmto osobn\u00edm \u00fadaj\u016fm a k bli\u017e\u0161\u00edm informac\u00edm o jejich zpracov\u00e1n\u00ed.<\/li><li>D\u00e1le m\u00e1te pr\u00e1vo v mez\u00edch stanoven\u00fdch GDPR na v\u00fdmaz, opravu chybn\u00fdch, nep\u0159esn\u00fdch \u010di neaktu\u00e1ln\u00edch nebo dopln\u011bn\u00ed ne\u00fapln\u00fdch osobn\u00edch \u00fadaj\u016f a tak\u00e9 m\u00e1te pr\u00e1vo po\u017eadovat omezen\u00ed zpracov\u00e1n\u00ed osobn\u00edch \u00fadaj\u016f.<\/li><li>Proti zpracov\u00e1n\u00ed Va\u0161ich osobn\u00edch \u00fadaj\u016f prov\u00e1d\u011bn\u00e9ho na z\u00e1klad\u011b opr\u00e1vn\u011bn\u00e9ho z\u00e1jmu CME \u010di t\u0159et\u00edch osob m\u016f\u017eete pod\u00e1vat n\u00e1mitky.<\/li><li>V\u00e1mi ud\u011blen\u00fd souhlas se zpracov\u00e1n\u00edm osobn\u00edch m\u016f\u017eete kdykoli odvolat. T\u00edm v\u0161ak nen\u00ed dot\u010dena z\u00e1konnost zpracov\u00e1n\u00ed zalo\u017een\u00e1 na souhlasu ud\u011blen\u00e9m p\u0159ed jeho odvol\u00e1n\u00edm.<\/li><\/ul><p>Ve v\u0161ech z\u00e1le\u017eitostech souvisej\u00edc\u00edch se zpracov\u00e1n\u00edm Va\u0161ich osobn\u00edch \u00fadaj\u016f, a\u0165 ji\u017e jde o dotaz, uplatn\u011bn\u00ed pr\u00e1va, pod\u00e1n\u00ed st\u00ed\u017enosti \u010di cokoliv jin\u00e9ho, se na n\u00e1s m\u016f\u017eete obracet prost\u0159ednictv\u00edm kontaktn\u00edch \u00fadaj\u016f uveden\u00fdch na webov\u00fdch str\u00e1nk\u00e1ch v sekci Kontakt.<\/p><p>Ani\u017e jsou dot\u010deny jak\u00e9koliv jin\u00e9 prost\u0159edky spr\u00e1vn\u00ed nebo soudn\u00ed ochrany, m\u00e1te pr\u00e1vo podat st\u00ed\u017enost u dozorov\u00e9ho \u00fa\u0159adu, kter\u00fdm je v \u010cesk\u00e9 republice \u00da\u0159ad pro ochranu osobn\u00edch \u00fadaj\u016f se s\u00eddlem Pplk. Sochora 27, 170 00 Praha 7 (<a href=\"https:\/\/uoou.gov.cz\/\" target=\"_blank\" rel=\"noopener noreferrer\">https:\/\/uoou.gov.cz\/<\/a>).<\/p><h2>5. Z\u00e1v\u011br<\/h2><p>Tyto z\u00e1sady m\u016f\u017eeme podle pot\u0159eby aktualizovat, abychom zohlednili zm\u011bny v postupu zpracov\u00e1n\u00ed osobn\u00edch \u00fadaj\u016f (nap\u0159. pokud zavedeme nov\u00fd syst\u00e9m nebo postup, kter\u00fd bude zahrnovat nov\u00fd zp\u016fsob zpracov\u00e1n\u00ed osobn\u00edch \u00fadaj\u016f), nebo abychom up\u0159esnili informace obsa\u017een\u00e9 v t\u011bchto z\u00e1sad\u00e1ch. Zm\u011bny budou v\u017edy v souladu s p\u0159\u00edslu\u0161n\u00fdmi p\u0159edpisy na ochranu osobn\u00edch \u00fadaj\u016f, zejm\u00e9na tedy GDPR.<\/p><p>Doporu\u010dujeme, abyste v\u011bnovali pozornost p\u0159\u00edpadn\u00e9 aktualizaci t\u011bchto z\u00e1sad. O zm\u011bn\u00e1ch t\u011bchto z\u00e1sad V\u00e1s budeme informovat v\u017edy zve\u0159ejn\u011bn\u00edm aktu\u00e1ln\u00edho zn\u011bn\u00ed z\u00e1sad na webov\u00fdch str\u00e1nk\u00e1ch nebo tak\u00e9 p\u0159\u00edmo, pokud to bude t\u0159eba pro dodr\u017een\u00ed GDPR.<\/p><p>NAPOSLEDY AKTUALIZOV\u00c1NO: 01.09.2025<\/p>\t\t\t\t\t\t\t\t<\/div>\n\t\t\t\t<\/div>\n\t\t\t\t\t<\/div>\n\t\t\t\t<\/div>\n\t\t\t\t<\/div>","protected":false},"excerpt":{"rendered":"<p>Personal Data Protection Policy 1. Data controller and contacts Welcome to the Concierge Medicine Europe website. At Concierge Medicine Europe, we provide top-quality medical care, particularly in the field of preventive and lifestyle medicine, while respecting the privacy of our patients, visitors, employees, and other individuals who communicate with us or whose personal data we [&hellip;]<\/p>\n","protected":false},"author":1,"featured_media":0,"parent":0,"menu_order":0,"comment_status":"closed","ping_status":"closed","template":"","meta":{"inline_featured_image":false,"slim_seo":{"title":"Z\u00e1sady ochrany osobn\u00edch \u00fadaj\u016f - Concierge Medicine Europe","description":"Zjist\u011bte, jak v Concierge Medicine Europe chr\u00e1n\u00edme va\u0161e osobn\u00ed \u00fadaje v souladu s GDPR. Informace o zpracov\u00e1n\u00ed dat a va\u0161ich pr\u00e1vech na ochranu soukrom\u00ed."},"footnotes":""},"class_list":["post-16111","page","type-page","status-publish","hentry","entry"],"_links":{"self":[{"href":"https:\/\/conciergemedicine.cz\/cs\/wp-json\/wp\/v2\/pages\/16111","targetHints":{"allow":["GET"]}}],"collection":[{"href":"https:\/\/conciergemedicine.cz\/cs\/wp-json\/wp\/v2\/pages"}],"about":[{"href":"https:\/\/conciergemedicine.cz\/cs\/wp-json\/wp\/v2\/types\/page"}],"author":[{"embeddable":true,"href":"https:\/\/conciergemedicine.cz\/cs\/wp-json\/wp\/v2\/users\/1"}],"replies":[{"embeddable":true,"href":"https:\/\/conciergemedicine.cz\/cs\/wp-json\/wp\/v2\/comments?post=16111"}],"version-history":[{"count":0,"href":"https:\/\/conciergemedicine.cz\/cs\/wp-json\/wp\/v2\/pages\/16111\/revisions"}],"wp:attachment":[{"href":"https:\/\/conciergemedicine.cz\/cs\/wp-json\/wp\/v2\/media?parent=16111"}],"curies":[{"name":"wp","href":"https:\/\/api.w.org\/{rel}","templated":true}]}}