{"id":12180,"date":"2026-01-17T08:35:01","date_gmt":"2026-01-17T08:35:01","guid":{"rendered":"https:\/\/staging.conciergemedicine.cz\/?page_id=12180"},"modified":"2026-04-18T20:09:16","modified_gmt":"2026-04-18T18:09:16","slug":"ortopedie","status":"publish","type":"page","link":"https:\/\/conciergemedicine.cz\/cs\/orthopedics\/","title":{"rendered":"Ortopedie"},"content":{"rendered":"<div data-elementor-type=\"wp-page\" data-elementor-id=\"12180\" class=\"elementor elementor-12180\" data-elementor-post-type=\"page\">\n\t\t\t\t<div class=\"elementor-element elementor-element-f866235 e-flex e-con-boxed e-con e-parent\" data-id=\"f866235\" data-element_type=\"container\" data-e-type=\"container\" data-settings=\"{&quot;background_background&quot;:&quot;classic&quot;}\">\n\t\t\t\t\t<div class=\"e-con-inner\">\n\t\t\t\t<div class=\"elementor-element elementor-element-fedd533 elementor-widget elementor-widget-heading\" data-id=\"fedd533\" data-element_type=\"widget\" data-e-type=\"widget\" data-widget_type=\"heading.default\">\n\t\t\t\t<div class=\"elementor-widget-container\">\n\t\t\t\t\t<h1 class=\"elementor-heading-title elementor-size-default\">Ortopedie<\/h1>\t\t\t\t<\/div>\n\t\t\t\t<\/div>\n\t\t\t\t<div class=\"elementor-element elementor-element-c07cc3b elementor-widget elementor-widget-text-editor\" data-id=\"c07cc3b\" data-element_type=\"widget\" data-e-type=\"widget\" data-widget_type=\"text-editor.default\">\n\t\t\t\t<div class=\"elementor-widget-container\">\n\t\t\t\t\t\t\t\t\t<p style=\"text-align: center;\">Concierge ortopedick\u00e1 p\u00e9\u010de v Praze<\/p>\t\t\t\t\t\t\t\t<\/div>\n\t\t\t\t<\/div>\n\t\t\t\t\t<\/div>\n\t\t\t\t<\/div>\n\t\t<div class=\"elementor-element elementor-element-2da90ce e-flex e-con-boxed e-con e-parent\" data-id=\"2da90ce\" data-element_type=\"container\" data-e-type=\"container\">\n\t\t\t\t\t<div class=\"e-con-inner\">\n\t\t\t\t<div class=\"elementor-element elementor-element-90f7fcb elementor-widget elementor-widget-image\" data-id=\"90f7fcb\" data-element_type=\"widget\" data-e-type=\"widget\" data-widget_type=\"image.default\">\n\t\t\t\t<div class=\"elementor-widget-container\">\n\t\t\t\t\t\t\t\t\t\t\t\t\t\t\t<img fetchpriority=\"high\" decoding=\"async\" width=\"1920\" height=\"1080\" src=\"https:\/\/conciergemedicine.cz\/wp-content\/uploads\/2026\/01\/dep-ortopedie-hero.webp\" class=\"attachment-full size-full wp-image-11992\" alt=\"Dep ortopedie hero\" srcset=\"https:\/\/conciergemedicine.cz\/wp-content\/uploads\/2026\/01\/dep-ortopedie-hero.webp 1920w, https:\/\/conciergemedicine.cz\/wp-content\/uploads\/2026\/01\/dep-ortopedie-hero-300x169.webp 300w, https:\/\/conciergemedicine.cz\/wp-content\/uploads\/2026\/01\/dep-ortopedie-hero-1024x576.webp 1024w, https:\/\/conciergemedicine.cz\/wp-content\/uploads\/2026\/01\/dep-ortopedie-hero-768x432.webp 768w, https:\/\/conciergemedicine.cz\/wp-content\/uploads\/2026\/01\/dep-ortopedie-hero-1536x864.webp 1536w, https:\/\/conciergemedicine.cz\/wp-content\/uploads\/2026\/01\/dep-ortopedie-hero-18x10.webp 18w, https:\/\/conciergemedicine.cz\/wp-content\/uploads\/2026\/01\/dep-ortopedie-hero-800x450.webp 800w, https:\/\/conciergemedicine.cz\/wp-content\/uploads\/2026\/01\/dep-ortopedie-hero-24x14.webp 24w, https:\/\/conciergemedicine.cz\/wp-content\/uploads\/2026\/01\/dep-ortopedie-hero-36x20.webp 36w, https:\/\/conciergemedicine.cz\/wp-content\/uploads\/2026\/01\/dep-ortopedie-hero-48x27.webp 48w\" sizes=\"(max-width: 1920px) 100vw, 1920px\" \/>\t\t\t\t\t\t\t\t\t\t\t\t\t\t\t<\/div>\n\t\t\t\t<\/div>\n\t\t\t\t\t<\/div>\n\t\t\t\t<\/div>\n\t\t<div class=\"elementor-element elementor-element-3d306bc e-flex e-con-boxed e-con e-parent\" data-id=\"3d306bc\" data-element_type=\"container\" data-e-type=\"container\">\n\t\t\t\t\t<div class=\"e-con-inner\">\n\t\t<div class=\"elementor-element elementor-element-e53dff3 e-con-full e-flex e-con e-child\" data-id=\"e53dff3\" data-element_type=\"container\" data-e-type=\"container\">\n\t\t\t\t<div class=\"elementor-element elementor-element-f307eb0 elementor-widget elementor-widget-text-editor\" data-id=\"f307eb0\" data-element_type=\"widget\" data-e-type=\"widget\" data-widget_type=\"text-editor.default\">\n\t\t\t\t<div class=\"elementor-widget-container\">\n\t\t\t\t\t\t\t\t\t<div class=\"col-12 col-md-10 col-lg-8\"><p>V Concierge Medicine Europe ch\u00e1peme, \u017ee pohyb je z\u00e1kladn\u00edm pil\u00ed\u0159em kvalitn\u00edho \u017eivota. A\u0165 u\u017e \u0159e\u0161\u00edte chronick\u00e9 bolesti kloub\u016f, jako je nap\u0159\u00edklad artr\u00f3za, tr\u00e1p\u00ed v\u00e1s p\u0159etrv\u00e1vaj\u00edc\u00ed bolest zad, omezuje v\u00e1s bolest kolene, zotavujete se po \u00farazu, nebo chcete z\u016fstat aktivn\u00ed i s p\u0159ib\u00fdvaj\u00edc\u00edm v\u011bkem, na\u0161e ortopedick\u00e1 p\u00e9\u010de v r\u00e1mci Concierge Medicine je p\u0159izp\u016fsobena pr\u00e1v\u011b v\u00e1m.<\/p><p>Jako Centrum excelence pro Lifestyle Medicine &amp; Healthy Longevity spojujeme modern\u00ed ortopedii s v\u011bdecky podlo\u017een\u00fdmi p\u0159\u00edstupy k v\u00fd\u017eiv\u011b, regeneraci, pohybu a redukci z\u00e1n\u011btu. Ne\u0159e\u0161\u00edme jen p\u0159\u00edznaky \u2013 pom\u00e1h\u00e1me odhalit a l\u00e9\u010dit jejich p\u0159\u00ed\u010dinu.<\/p><p>L\u00e9\u010d\u00edme \u0161irok\u00e9 spektrum ortopedick\u00fdch pot\u00ed\u017e\u00ed v\u010detn\u011b artr\u00f3zy, tendinitidy, bolest\u00ed zad, sportovn\u00edch \u00faraz\u016f, syndromu karp\u00e1ln\u00edho tunelu, nestability kloub\u016f a poopera\u010dn\u00ed rehabilitace \u2013 v\u017edy s d\u016frazem na v\u00e1\u0161 \u017eivotn\u00ed styl a c\u00edle.<\/p><\/div>\t\t\t\t\t\t\t\t<\/div>\n\t\t\t\t<\/div>\n\t\t\t\t<\/div>\n\t\t<div class=\"elementor-element elementor-element-eea0d39 e-con-full e-flex e-con e-child\" data-id=\"eea0d39\" data-element_type=\"container\" data-e-type=\"container\">\n\t\t\t\t<div class=\"elementor-element elementor-element-2f1083a elementor-align-right elementor-mobile-align-left elementor-widget elementor-widget-button\" data-id=\"2f1083a\" data-element_type=\"widget\" data-e-type=\"widget\" data-widget_type=\"button.default\">\n\t\t\t\t<div class=\"elementor-widget-container\">\n\t\t\t\t\t\t\t\t\t<div class=\"elementor-button-wrapper\">\n\t\t\t\t\t<a class=\"elementor-button elementor-button-link elementor-size-sm\" href=\"https:\/\/conciergemedicine.cz\/cs\/contact\/\" target=\"_blank\">\n\t\t\t\t\t\t<span class=\"elementor-button-content-wrapper\">\n\t\t\t\t\t\t\t\t\t<span class=\"elementor-button-text\">OBJEDNAT SE K L\u00c9KA\u0158I<\/span>\n\t\t\t\t\t<\/span>\n\t\t\t\t\t<\/a>\n\t\t\t\t<\/div>\n\t\t\t\t\t\t\t\t<\/div>\n\t\t\t\t<\/div>\n\t\t\t\t<\/div>\n\t\t\t\t\t<\/div>\n\t\t\t\t<\/div>\n\t\t<div class=\"elementor-element elementor-element-87b2fc4 e-flex e-con-boxed e-con e-parent\" data-id=\"87b2fc4\" data-element_type=\"container\" data-e-type=\"container\" data-settings=\"{&quot;background_background&quot;:&quot;classic&quot;}\">\n\t\t\t\t\t<div class=\"e-con-inner\">\n\t\t\t\t<div class=\"elementor-element elementor-element-c4ec5b0 elementor-widget elementor-widget-text-editor\" data-id=\"c4ec5b0\" data-element_type=\"widget\" data-e-type=\"widget\" data-widget_type=\"text-editor.default\">\n\t\t\t\t<div class=\"elementor-widget-container\">\n\t\t\t\t\t\t\t\t\t<p>Odborn\u00e1 p\u00e9\u010de o klouby a pohybov\u00fd apar\u00e1t<\/p>\t\t\t\t\t\t\t\t<\/div>\n\t\t\t\t<\/div>\n\t\t\t\t<div class=\"elementor-element elementor-element-b64b081 elementor-widget elementor-widget-text-editor\" data-id=\"b64b081\" data-element_type=\"widget\" data-e-type=\"widget\" data-widget_type=\"text-editor.default\">\n\t\t\t\t<div class=\"elementor-widget-container\">\n\t\t\t\t\t\t\t\t\t<p>Na\u0161i ortopedi v\u00e1m v\u011bnuj\u00ed \u010das, pozornost a odbornou p\u00e9\u010di bez sp\u011bchu a bez kompromis\u016f. Ka\u017ed\u00fd pl\u00e1n l\u00e9\u010dby je sestaven individu\u00e1ln\u011b \u2013 s d\u016frazem na dlouhodob\u00e9 v\u00fdsledky, funkci a prevenci.<\/p>\t\t\t\t\t\t\t\t<\/div>\n\t\t\t\t<\/div>\n\t\t\t\t\t<\/div>\n\t\t\t\t<\/div>\n\t\t<div class=\"elementor-element elementor-element-cd21738 e-flex e-con-boxed e-con e-parent\" data-id=\"cd21738\" data-element_type=\"container\" data-e-type=\"container\">\n\t\t\t\t\t<div class=\"e-con-inner\">\n\t\t<div class=\"elementor-element elementor-element-f1fe274 e-con-full e-flex e-con e-child\" data-id=\"f1fe274\" data-element_type=\"container\" data-e-type=\"container\">\n\t\t\t\t<div class=\"elementor-element elementor-element-26be8c1 elementor-widget elementor-widget-image\" data-id=\"26be8c1\" data-element_type=\"widget\" data-e-type=\"widget\" data-widget_type=\"image.default\">\n\t\t\t\t<div class=\"elementor-widget-container\">\n\t\t\t\t\t\t\t\t\t\t\t\t\t\t\t<img decoding=\"async\" width=\"1024\" height=\"576\" src=\"https:\/\/conciergemedicine.cz\/wp-content\/uploads\/2026\/01\/dep-ortopedie-tym-1024x576.webp\" class=\"attachment-large size-large wp-image-11999\" alt=\"Dep ortopedie tym\" srcset=\"https:\/\/conciergemedicine.cz\/wp-content\/uploads\/2026\/01\/dep-ortopedie-tym-1024x576.webp 1024w, https:\/\/conciergemedicine.cz\/wp-content\/uploads\/2026\/01\/dep-ortopedie-tym-300x169.webp 300w, https:\/\/conciergemedicine.cz\/wp-content\/uploads\/2026\/01\/dep-ortopedie-tym-768x432.webp 768w, https:\/\/conciergemedicine.cz\/wp-content\/uploads\/2026\/01\/dep-ortopedie-tym-1536x864.webp 1536w, https:\/\/conciergemedicine.cz\/wp-content\/uploads\/2026\/01\/dep-ortopedie-tym-18x10.webp 18w, https:\/\/conciergemedicine.cz\/wp-content\/uploads\/2026\/01\/dep-ortopedie-tym-800x450.webp 800w, https:\/\/conciergemedicine.cz\/wp-content\/uploads\/2026\/01\/dep-ortopedie-tym-24x14.webp 24w, https:\/\/conciergemedicine.cz\/wp-content\/uploads\/2026\/01\/dep-ortopedie-tym-36x20.webp 36w, https:\/\/conciergemedicine.cz\/wp-content\/uploads\/2026\/01\/dep-ortopedie-tym-48x27.webp 48w, https:\/\/conciergemedicine.cz\/wp-content\/uploads\/2026\/01\/dep-ortopedie-tym.webp 1920w\" sizes=\"(max-width: 1024px) 100vw, 1024px\" \/>\t\t\t\t\t\t\t\t\t\t\t\t\t\t\t<\/div>\n\t\t\t\t<\/div>\n\t\t\t\t<\/div>\n\t\t<div class=\"elementor-element elementor-element-aeb27f3 e-con-full e-flex e-con e-child\" data-id=\"aeb27f3\" data-element_type=\"container\" data-e-type=\"container\">\n\t\t\t\t<div class=\"elementor-element elementor-element-c1be4f3 elementor-widget elementor-widget-text-editor\" data-id=\"c1be4f3\" data-element_type=\"widget\" data-e-type=\"widget\" data-widget_type=\"text-editor.default\">\n\t\t\t\t<div class=\"elementor-widget-container\">\n\t\t\t\t\t\t\t\t\t<p><span style=\"color: #009b9f; font-weight: bold;\">Na\u0161i ortopedi<br \/>se t\u011b\u0161\u00ed <\/span><br \/>na Va\u0161i n\u00e1v\u0161t\u011bvu!<\/p>\t\t\t\t\t\t\t\t<\/div>\n\t\t\t\t<\/div>\n\t\t\t\t<div class=\"elementor-element elementor-element-b24a82f elementor-widget elementor-widget-text-editor\" data-id=\"b24a82f\" data-element_type=\"widget\" data-e-type=\"widget\" data-widget_type=\"text-editor.default\">\n\t\t\t\t<div class=\"elementor-widget-container\">\n\t\t\t\t\t\t\t\t\t<p>\u27a5 Doc. MUDr. Jakub Kautzner, Ph.D.<\/p><p>Term\u00edn vy\u0161et\u0159en\u00ed na na\u0161ich pra\u017esk\u00fdch klinik\u00e1ch z\u00edsk\u00e1te t\u00e9m\u011b\u0159 okam\u017eit\u011b!<\/p>\t\t\t\t\t\t\t\t<\/div>\n\t\t\t\t<\/div>\n\t\t\t\t<\/div>\n\t\t\t\t\t<\/div>\n\t\t\t\t<\/div>\n\t\t<div class=\"elementor-element elementor-element-e68c294 e-flex e-con-boxed e-con e-parent\" data-id=\"e68c294\" data-element_type=\"container\" data-e-type=\"container\">\n\t\t\t\t\t<div class=\"e-con-inner\">\n\t\t\t\t<div class=\"elementor-element elementor-element-93ffb5f elementor-widget elementor-widget-text-editor\" data-id=\"93ffb5f\" data-element_type=\"widget\" data-e-type=\"widget\" data-widget_type=\"text-editor.default\">\n\t\t\t\t<div class=\"elementor-widget-container\">\n\t\t\t\t\t\t\t\t\t<span style=\"color: #009b9f;\">Nab\u00edz\u00edme tyto\n<\/span><br>ortopedick\u00e9 slu\u017eby:\t\t\t\t\t\t\t\t<\/div>\n\t\t\t\t<\/div>\n\t\t\t\t<div class=\"elementor-element elementor-element-22d2ef6 elementor-widget elementor-widget-text-editor\" data-id=\"22d2ef6\" data-element_type=\"widget\" data-e-type=\"widget\" data-widget_type=\"text-editor.default\">\n\t\t\t\t<div class=\"elementor-widget-container\">\n\t\t\t\t\t\t\t\t\tN\u00e1\u0161 p\u0159\u00edstup k ortopedii\t\t\t\t\t\t\t\t<\/div>\n\t\t\t\t<\/div>\n\t\t\t\t<div class=\"elementor-element elementor-element-4ababf6 elementor-widget elementor-widget-text-editor\" data-id=\"4ababf6\" data-element_type=\"widget\" data-e-type=\"widget\" data-widget_type=\"text-editor.default\">\n\t\t\t\t<div class=\"elementor-widget-container\">\n\t\t\t\t\t\t\t\t\t<p>V na\u0161em Concierge modelu je ortopedie v\u00edce ne\u017e jen rychl\u00e1 diagnostika a recept. Je to spolupr\u00e1ce postaven\u00e1 na d\u016fv\u011b\u0159e, kontinuit\u011b a skute\u010dn\u00e9 individualizaci.<\/p><p>Nab\u00edz\u00edme:<\/p><p>\u2714\ufe0f Podrobn\u00e9 ortopedick\u00e9 vy\u0161et\u0159en\u00ed v\u010detn\u011b anal\u00fdzy pohybu<br \/>\u2714\ufe0f Zobrazovac\u00ed metody a ultrazvukem \u0159\u00edzen\u00e9 z\u00e1kroky<br \/>\u2714\ufe0f Individu\u00e1ln\u00ed rehabilita\u010dn\u00ed a regenera\u010dn\u00ed pl\u00e1ny<br \/>\u2714\ufe0f Aplikace injekc\u00ed do kloub\u016f (v\u010detn\u011b PRP, kyseliny hyaluronov\u00e9)<br \/>\u2714\ufe0f Strategie ke sn\u00ed\u017een\u00ed z\u00e1n\u011btu a zlep\u0161en\u00ed funkce pohybov\u00e9ho apar\u00e1tu<br \/>\u2714\ufe0f Spolupr\u00e1ci s fyzioterapi\u00ed, sportovn\u00ed medic\u00ednou a v\u00fd\u017eivou<br \/>\u2714\ufe0f Pravideln\u00e9 kontroly a sledov\u00e1n\u00ed pokroku<\/p><p>V na\u0161em Centru excelence pro Lifestyle Medicine &amp; Healthy Longevity se star\u00e1me nejen o va\u0161e klouby, ale o cel\u00fd pohybov\u00fd syst\u00e9m v souvislostech.<\/p>\t\t\t\t\t\t\t\t<\/div>\n\t\t\t\t<\/div>\n\t\t\t\t<div class=\"elementor-element elementor-element-608dd38 elementor-widget elementor-widget-text-editor\" data-id=\"608dd38\" data-element_type=\"widget\" data-e-type=\"widget\" data-widget_type=\"text-editor.default\">\n\t\t\t\t<div class=\"elementor-widget-container\">\n\t\t\t\t\t\t\t\t\t<p>Pro koho je na\u0161e p\u00e9\u010de ur\u010dena<\/p>\t\t\t\t\t\t\t\t<\/div>\n\t\t\t\t<\/div>\n\t\t\t\t<div class=\"elementor-element elementor-element-f686f22 elementor-widget elementor-widget-text-editor\" data-id=\"f686f22\" data-element_type=\"widget\" data-e-type=\"widget\" data-widget_type=\"text-editor.default\">\n\t\t\t\t<div class=\"elementor-widget-container\">\n\t\t\t\t\t\t\t\t\t<p>Na\u0161e ortopedick\u00e1 p\u00e9\u010de je vhodn\u00e1 pro:<\/p><p>\ud83d\udc9a Dosp\u011bl\u00e9 s bolestmi kloub\u016f, artr\u00f3zou nebo p\u0159et\u00ed\u017een\u00edm \u0161lach<br \/>\ud83d\udc9a Sportovce a aktivn\u00ed osoby po \u00farazech nebo operac\u00edch<br \/>\ud83d\udc9a Pacienty s chronick\u00fdmi bolestmi zad, ky\u010dl\u00ed nebo kolen<br \/>\ud83d\udc9a Klienty, kte\u0159\u00ed hledaj\u00ed alternativu k operaci \u010di konzervativn\u00ed p\u0159\u00edstup<br \/>\ud83d\udc9a Cizince a mezin\u00e1rodn\u00ed klienty hledaj\u00edc\u00ed anglicky mluv\u00edc\u00edho ortopeda v Praze<br \/>\ud83d\udc9a Ka\u017ed\u00e9ho, kdo chce obnovit funkci pohybov\u00e9ho apar\u00e1tu a p\u0159edej\u00edt dal\u0161\u00edm zran\u011bn\u00edm<\/p>\t\t\t\t\t\t\t\t<\/div>\n\t\t\t\t<\/div>\n\t\t\t\t<div class=\"elementor-element elementor-element-18793f7 elementor-widget elementor-widget-text-editor\" data-id=\"18793f7\" data-element_type=\"widget\" data-e-type=\"widget\" data-widget_type=\"text-editor.default\">\n\t\t\t\t<div class=\"elementor-widget-container\">\n\t\t\t\t\t\t\t\t\t<p>Seznamte se s na\u0161imi ortopedy<\/p>\t\t\t\t\t\t\t\t<\/div>\n\t\t\t\t<\/div>\n\t\t\t\t<div class=\"elementor-element elementor-element-080e2ba elementor-widget elementor-widget-text-editor\" data-id=\"080e2ba\" data-element_type=\"widget\" data-e-type=\"widget\" data-widget_type=\"text-editor.default\">\n\t\t\t\t<div class=\"elementor-widget-container\">\n\t\t\t\t\t\t\t\t\t<p id=\"e020031\" class=\"mb-5\"><b>Doc. MUDr. Jakub Kautzner, Ph.D.<\/b><\/p><p>Doc. MUDr. Jakub Kautzner, Ph.D. je vysoce kvalifikovan\u00fd ortoped, specializuj\u00edc\u00ed se na artroskopick\u00e9 rekonstruk\u010dn\u00ed operace a implantace kloubn\u00edch n\u00e1hrad ky\u010dle, kolena a ramena. Absolvoval 1. LF UK (MUDr., 2005). Na 2. LF UK z\u00edskal Ph.D. (2016) a docenturu (2020) v ortopedii. Je dr\u017eitelem atestace z ortopedie (2012).<\/p><p>Doc. Kautzner je \u010dlenem t\u00fdmu Concierge Medicine Europe. D\u00e1le p\u016fsob\u00ed na Klinice d\u011btsk\u00e9 a dosp\u011bl\u00e9 ortopedie a traumatologie 2. LF UK a FN Motol (ortoped od 2005, z\u00e1stupce p\u0159ednosty od 2021). Od 2015 spolupracuje s Centrem pohybov\u00e9 medic\u00edny P. Kol\u00e1\u0159e. D\u0159\u00edve p\u016fsobil v Rehabilita\u010dn\u00ed Nemocnici Beroun a Vr\u0161ovick\u00e9 zdravotn\u00ed a.s. Jako docent a Ph.D. p\u0159in\u00e1\u0161\u00ed rozs\u00e1hl\u00e9 klinick\u00e9 i akademick\u00e9 zku\u0161enosti a v letech 2022\u201323 byl p\u0159edsedou Spole\u010dnosti pro sportovn\u00ed traumatologii a artroskopii \u010cLS JEP.<\/p>\t\t\t\t\t\t\t\t<\/div>\n\t\t\t\t<\/div>\n\t\t\t\t<div class=\"elementor-element elementor-element-2fec03d elementor-widget elementor-widget-text-editor\" data-id=\"2fec03d\" data-element_type=\"widget\" data-e-type=\"widget\" data-widget_type=\"text-editor.default\">\n\t\t\t\t<div class=\"elementor-widget-container\">\n\t\t\t\t\t\t\t\t\t<p>Zku\u0161enosti na\u0161ich klient\u016f<\/p>\t\t\t\t\t\t\t\t<\/div>\n\t\t\t\t<\/div>\n\t\t\t\t<div class=\"elementor-element elementor-element-0815d10 elementor-widget elementor-widget-text-editor\" data-id=\"0815d10\" data-element_type=\"widget\" data-e-type=\"widget\" data-widget_type=\"text-editor.default\">\n\t\t\t\t<div class=\"elementor-widget-container\">\n\t\t\t\t\t\t\t\t\t<p>\u2b50<i>\u00a0\"Doktor Kautzner byl \u00fa\u017easn\u00fd l\u00e9ka\u0159. Ud\u011blal si \u010das na vysv\u011btlen\u00ed a naslouch\u00e1n\u00ed. Poskytl mi v\u00edce informac\u00ed ne\u017e kter\u00fdkoli jin\u00fd ortoped kdy p\u0159edt\u00edm. Jsem mu velice vd\u011b\u010dn\u00fd a d\u011bkuji za jeho p\u00e9\u010di a odbornost.\"<\/i><i><br \/><\/i><br \/>\u2b50\u00a0<i>\"D\u011bkuji za rychlou reorganizaci dne\u0161n\u00ed n\u00e1v\u0161t\u011bvy na ortopedii. Pan doktor Kautzner je skv\u011bl\u00fd l\u00e9ka\u0159 a dnes jsem ocenila vy\u0161et\u0159en\u00ed u n\u011bj.\"<\/i><\/p>\t\t\t\t\t\t\t\t<\/div>\n\t\t\t\t<\/div>\n\t\t\t\t\t<\/div>\n\t\t\t\t<\/div>\n\t\t<div class=\"elementor-element elementor-element-e6e79ac e-flex e-con-boxed e-con e-parent\" data-id=\"e6e79ac\" data-element_type=\"container\" data-e-type=\"container\">\n\t\t\t\t\t<div class=\"e-con-inner\">\n\t\t<div class=\"elementor-element elementor-element-684b191 e-con-full e-flex e-con e-child\" data-id=\"684b191\" data-element_type=\"container\" data-e-type=\"container\">\n\t\t\t\t<div class=\"elementor-element elementor-element-6ceb33e elementor-widget elementor-widget-image\" data-id=\"6ceb33e\" data-element_type=\"widget\" data-e-type=\"widget\" data-widget_type=\"image.default\">\n\t\t\t\t<div class=\"elementor-widget-container\">\n\t\t\t\t\t\t\t\t\t\t\t\t\t\t\t<img decoding=\"async\" width=\"1024\" height=\"576\" src=\"https:\/\/conciergemedicine.cz\/wp-content\/uploads\/2026\/01\/dep-ortopedie-1024x576.webp\" class=\"attachment-large size-large wp-image-12006\" alt=\"Dep ortopedie\" srcset=\"https:\/\/conciergemedicine.cz\/wp-content\/uploads\/2026\/01\/dep-ortopedie-1024x576.webp 1024w, https:\/\/conciergemedicine.cz\/wp-content\/uploads\/2026\/01\/dep-ortopedie-300x169.webp 300w, https:\/\/conciergemedicine.cz\/wp-content\/uploads\/2026\/01\/dep-ortopedie-768x432.webp 768w, https:\/\/conciergemedicine.cz\/wp-content\/uploads\/2026\/01\/dep-ortopedie-1536x864.webp 1536w, https:\/\/conciergemedicine.cz\/wp-content\/uploads\/2026\/01\/dep-ortopedie-18x10.webp 18w, https:\/\/conciergemedicine.cz\/wp-content\/uploads\/2026\/01\/dep-ortopedie-800x450.webp 800w, https:\/\/conciergemedicine.cz\/wp-content\/uploads\/2026\/01\/dep-ortopedie-24x14.webp 24w, https:\/\/conciergemedicine.cz\/wp-content\/uploads\/2026\/01\/dep-ortopedie-36x20.webp 36w, https:\/\/conciergemedicine.cz\/wp-content\/uploads\/2026\/01\/dep-ortopedie-48x27.webp 48w, https:\/\/conciergemedicine.cz\/wp-content\/uploads\/2026\/01\/dep-ortopedie.webp 1920w\" sizes=\"(max-width: 1024px) 100vw, 1024px\" \/>\t\t\t\t\t\t\t\t\t\t\t\t\t\t\t<\/div>\n\t\t\t\t<\/div>\n\t\t\t\t<\/div>\n\t\t<div class=\"elementor-element elementor-element-632f87d e-con-full e-flex e-con e-child\" data-id=\"632f87d\" data-element_type=\"container\" data-e-type=\"container\">\n\t\t\t\t<div class=\"elementor-element elementor-element-32845f9 elementor-widget elementor-widget-text-editor\" data-id=\"32845f9\" data-element_type=\"widget\" data-e-type=\"widget\" data-widget_type=\"text-editor.default\">\n\t\t\t\t<div class=\"elementor-widget-container\">\n\t\t\t\t\t\t\t\t\t<p><span style=\"color: #009b9f; font-weight: bold;\">Ortopedick\u00e1 p\u00e9\u010de v<\/span><br \/>Concierge Medicine Europe<\/p>\t\t\t\t\t\t\t\t<\/div>\n\t\t\t\t<\/div>\n\t\t\t\t<div class=\"elementor-element elementor-element-9af979b elementor-widget elementor-widget-text-editor\" data-id=\"9af979b\" data-element_type=\"widget\" data-e-type=\"widget\" data-widget_type=\"text-editor.default\">\n\t\t\t\t<div class=\"elementor-widget-container\">\n\t\t\t\t\t\t\t\t\t<p>Obnovte s\u00edlu, pohyblivost a d\u016fv\u011bru ve sv\u00e9 t\u011blo \u2013 s p\u00e9\u010d\u00ed, kter\u00e1 je postaven\u00e1 na v\u00e1s.<\/p><p>Objevte rozd\u00edl ortopedie v r\u00e1mci Concierge Medicine v na\u0161em Centru excelence pro Lifestyle Medicine &amp; Healthy Longevity v Praze.<\/p>\t\t\t\t\t\t\t\t<\/div>\n\t\t\t\t<\/div>\n\t\t\t\t<div class=\"elementor-element elementor-element-8dd8cfc elementor-align-left elementor-widget elementor-widget-button\" data-id=\"8dd8cfc\" data-element_type=\"widget\" data-e-type=\"widget\" data-widget_type=\"button.default\">\n\t\t\t\t<div class=\"elementor-widget-container\">\n\t\t\t\t\t\t\t\t\t<div class=\"elementor-button-wrapper\">\n\t\t\t\t\t<a class=\"elementor-button elementor-button-link elementor-size-sm\" href=\"https:\/\/conciergemedicine.cz\/cs\/contact\/\">\n\t\t\t\t\t\t<span class=\"elementor-button-content-wrapper\">\n\t\t\t\t\t\t\t\t\t<span class=\"elementor-button-text\">KONTAKTUJTE N\u00c1S<\/span>\n\t\t\t\t\t<\/span>\n\t\t\t\t\t<\/a>\n\t\t\t\t<\/div>\n\t\t\t\t\t\t\t\t<\/div>\n\t\t\t\t<\/div>\n\t\t\t\t<\/div>\n\t\t\t\t\t<\/div>\n\t\t\t\t<\/div>\n\t\t\t\t<\/div>","protected":false},"excerpt":{"rendered":"<p>Orthopedics Concierge Orthopedic Care in Prague At Concierge Medicine Europe, we understand that movement is life. Whether you\u2019re managing chronic joint pain, suffering from persistent lower back pain, recovering from an injury, or seeking to stay active as you age, our Concierge Orthopedic service offers expert care tailored to your body\u2014and your goals. As a [&hellip;]<\/p>\n","protected":false},"author":7,"featured_media":0,"parent":0,"menu_order":0,"comment_status":"closed","ping_status":"closed","template":"","meta":{"inline_featured_image":false,"slim_seo":{"title":"Komplexn\u00ed ortopedick\u00e1 p\u00e9\u010de v Praze - Concierge Medicine Europe","description":"\u0160pi\u010dkov\u00e1 ortopedick\u00e1 p\u00e9\u010de bez dlouh\u00e9ho \u010dek\u00e1n\u00ed pro \u00falevu od bolesti a obnovu pohybu. Objednejte se na konzultaci a z\u00edskejte individu\u00e1ln\u00ed l\u00e9\u010debn\u00fd pl\u00e1n."},"footnotes":""},"class_list":["post-12180","page","type-page","status-publish","hentry","entry"],"_links":{"self":[{"href":"https:\/\/conciergemedicine.cz\/cs\/wp-json\/wp\/v2\/pages\/12180","targetHints":{"allow":["GET"]}}],"collection":[{"href":"https:\/\/conciergemedicine.cz\/cs\/wp-json\/wp\/v2\/pages"}],"about":[{"href":"https:\/\/conciergemedicine.cz\/cs\/wp-json\/wp\/v2\/types\/page"}],"author":[{"embeddable":true,"href":"https:\/\/conciergemedicine.cz\/cs\/wp-json\/wp\/v2\/users\/7"}],"replies":[{"embeddable":true,"href":"https:\/\/conciergemedicine.cz\/cs\/wp-json\/wp\/v2\/comments?post=12180"}],"version-history":[{"count":0,"href":"https:\/\/conciergemedicine.cz\/cs\/wp-json\/wp\/v2\/pages\/12180\/revisions"}],"wp:attachment":[{"href":"https:\/\/conciergemedicine.cz\/cs\/wp-json\/wp\/v2\/media?parent=12180"}],"curies":[{"name":"wp","href":"https:\/\/api.w.org\/{rel}","templated":true}]}}