{"id":12066,"date":"2026-01-16T18:01:40","date_gmt":"2026-01-16T18:01:40","guid":{"rendered":"https:\/\/staging.conciergemedicine.cz\/?page_id=12066"},"modified":"2026-04-18T20:07:18","modified_gmt":"2026-04-18T18:07:18","slug":"terapie-ultrazvukem-razovou-vlnou","status":"publish","type":"page","link":"https:\/\/conciergemedicine.cz\/cs\/ultrasound-shockwave-therapy\/","title":{"rendered":"Terapie ultrazvukem a r\u00e1zovou vlnou"},"content":{"rendered":"<div data-elementor-type=\"wp-page\" data-elementor-id=\"12066\" class=\"elementor elementor-12066\" data-elementor-post-type=\"page\">\n\t\t\t\t<div class=\"elementor-element elementor-element-6c4577d e-flex e-con-boxed e-con e-parent\" data-id=\"6c4577d\" data-element_type=\"container\" data-e-type=\"container\" data-settings=\"{&quot;background_background&quot;:&quot;classic&quot;}\">\n\t\t\t\t\t<div class=\"e-con-inner\">\n\t\t<div class=\"elementor-element elementor-element-bd57875 e-con-full e-flex e-con e-child\" data-id=\"bd57875\" data-element_type=\"container\" data-e-type=\"container\">\n\t\t\t\t<div class=\"elementor-element elementor-element-83a746a elementor-widget elementor-widget-heading\" data-id=\"83a746a\" data-element_type=\"widget\" data-e-type=\"widget\" data-widget_type=\"heading.default\">\n\t\t\t\t<div class=\"elementor-widget-container\">\n\t\t\t\t\t<h1 class=\"elementor-heading-title elementor-size-default\">Terapie ultrazvukem a r\u00e1zovou vlnou<\/h1>\t\t\t\t<\/div>\n\t\t\t\t<\/div>\n\t\t\t\t<div class=\"elementor-element elementor-element-96b7285 elementor-widget elementor-widget-text-editor\" data-id=\"96b7285\" data-element_type=\"widget\" data-e-type=\"widget\" data-widget_type=\"text-editor.default\">\n\t\t\t\t<div class=\"elementor-widget-container\">\n\t\t\t\t\t\t\t\t\t<p style=\"text-align: center;\">Fyzioterapie s vyu\u017eit\u00edm modern\u00edch technologi\u00ed v Praze 5<\/p>\t\t\t\t\t\t\t\t<\/div>\n\t\t\t\t<\/div>\n\t\t\t\t<\/div>\n\t\t\t\t\t<\/div>\n\t\t\t\t<\/div>\n\t\t<div class=\"elementor-element elementor-element-455a566 e-flex e-con-boxed e-con e-parent\" data-id=\"455a566\" data-element_type=\"container\" data-e-type=\"container\">\n\t\t\t\t\t<div class=\"e-con-inner\">\n\t\t<div class=\"elementor-element elementor-element-05a0bd6 e-con-full e-flex e-con e-child\" data-id=\"05a0bd6\" data-element_type=\"container\" data-e-type=\"container\">\n\t\t\t\t<div class=\"elementor-element elementor-element-80719c8 elementor-widget elementor-widget-image\" data-id=\"80719c8\" data-element_type=\"widget\" data-e-type=\"widget\" data-widget_type=\"image.default\">\n\t\t\t\t<div class=\"elementor-widget-container\">\n\t\t\t\t\t\t\t\t\t\t\t\t\t\t\t<img fetchpriority=\"high\" decoding=\"async\" width=\"1920\" height=\"1080\" src=\"https:\/\/conciergemedicine.cz\/wp-content\/uploads\/2026\/01\/dep-ultrazvuk-razova-vlna-hero.webp\" class=\"attachment-full size-full wp-image-11963\" alt=\"Dep ultrazvuk razova vlna hero\" srcset=\"https:\/\/conciergemedicine.cz\/wp-content\/uploads\/2026\/01\/dep-ultrazvuk-razova-vlna-hero.webp 1920w, https:\/\/conciergemedicine.cz\/wp-content\/uploads\/2026\/01\/dep-ultrazvuk-razova-vlna-hero-300x169.webp 300w, https:\/\/conciergemedicine.cz\/wp-content\/uploads\/2026\/01\/dep-ultrazvuk-razova-vlna-hero-1024x576.webp 1024w, https:\/\/conciergemedicine.cz\/wp-content\/uploads\/2026\/01\/dep-ultrazvuk-razova-vlna-hero-768x432.webp 768w, https:\/\/conciergemedicine.cz\/wp-content\/uploads\/2026\/01\/dep-ultrazvuk-razova-vlna-hero-1536x864.webp 1536w, https:\/\/conciergemedicine.cz\/wp-content\/uploads\/2026\/01\/dep-ultrazvuk-razova-vlna-hero-18x10.webp 18w, https:\/\/conciergemedicine.cz\/wp-content\/uploads\/2026\/01\/dep-ultrazvuk-razova-vlna-hero-800x450.webp 800w, https:\/\/conciergemedicine.cz\/wp-content\/uploads\/2026\/01\/dep-ultrazvuk-razova-vlna-hero-24x14.webp 24w, https:\/\/conciergemedicine.cz\/wp-content\/uploads\/2026\/01\/dep-ultrazvuk-razova-vlna-hero-36x20.webp 36w, https:\/\/conciergemedicine.cz\/wp-content\/uploads\/2026\/01\/dep-ultrazvuk-razova-vlna-hero-48x27.webp 48w\" sizes=\"(max-width: 1920px) 100vw, 1920px\" \/>\t\t\t\t\t\t\t\t\t\t\t\t\t\t\t<\/div>\n\t\t\t\t<\/div>\n\t\t\t\t<\/div>\n\t\t\t\t\t<\/div>\n\t\t\t\t<\/div>\n\t\t<div class=\"elementor-element elementor-element-2881c8a e-flex e-con-boxed e-con e-parent\" data-id=\"2881c8a\" data-element_type=\"container\" data-e-type=\"container\">\n\t\t\t\t\t<div class=\"e-con-inner\">\n\t\t<div class=\"elementor-element elementor-element-32273ef e-con-full e-flex e-con e-child\" data-id=\"32273ef\" data-element_type=\"container\" data-e-type=\"container\">\n\t\t\t\t<div class=\"elementor-element elementor-element-a78ec94 elementor-widget elementor-widget-text-editor\" data-id=\"a78ec94\" data-element_type=\"widget\" data-e-type=\"widget\" data-widget_type=\"text-editor.default\">\n\t\t\t\t<div class=\"elementor-widget-container\">\n\t\t\t\t\t\t\t\t\t<div class=\"col-12 col-md-10 col-lg-8\"><p>V na\u0161\u00ed klinice nab\u00edz\u00edme komplexn\u00ed fyzioterapeutick\u00e9 slu\u017eby zam\u011b\u0159en\u00e9 na \u00falevu od bolesti, obnovu pohyblivosti a podporu dlouhodob\u00e9 regenerace. A\u0165 u\u017e se zotavujete po \u00farazu, bojujete s chronickou bolest\u00ed nebo se chcete v\u00fdkonnostn\u011b zlep\u0161it, p\u0159iprav\u00edme v\u00e1m individu\u00e1ln\u00ed l\u00e9\u010debn\u00fd pl\u00e1n p\u0159esn\u011b podle va\u0161ich pot\u0159eb.<\/p><\/div>\t\t\t\t\t\t\t\t<\/div>\n\t\t\t\t<\/div>\n\t\t\t\t<\/div>\n\t\t<div class=\"elementor-element elementor-element-71873c0 e-con-full e-flex e-con e-child\" data-id=\"71873c0\" data-element_type=\"container\" data-e-type=\"container\">\n\t\t\t\t<div class=\"elementor-element elementor-element-cd68c9e elementor-align-right elementor-mobile-align-left elementor-widget elementor-widget-button\" data-id=\"cd68c9e\" data-element_type=\"widget\" data-e-type=\"widget\" data-widget_type=\"button.default\">\n\t\t\t\t<div class=\"elementor-widget-container\">\n\t\t\t\t\t\t\t\t\t<div class=\"elementor-button-wrapper\">\n\t\t\t\t\t<a class=\"elementor-button elementor-button-link elementor-size-sm\" href=\"https:\/\/conciergemedicine.cz\/cs\/contact\/\" target=\"_blank\">\n\t\t\t\t\t\t<span class=\"elementor-button-content-wrapper\">\n\t\t\t\t\t\t\t\t\t<span class=\"elementor-button-text\">OBJEDNAT SE K L\u00c9KA\u0158I<\/span>\n\t\t\t\t\t<\/span>\n\t\t\t\t\t<\/a>\n\t\t\t\t<\/div>\n\t\t\t\t\t\t\t\t<\/div>\n\t\t\t\t<\/div>\n\t\t\t\t<\/div>\n\t\t\t\t\t<\/div>\n\t\t\t\t<\/div>\n\t\t<div class=\"elementor-element elementor-element-b63ba18 e-flex e-con-boxed e-con e-parent\" data-id=\"b63ba18\" data-element_type=\"container\" data-e-type=\"container\" data-settings=\"{&quot;background_background&quot;:&quot;classic&quot;}\">\n\t\t\t\t\t<div class=\"e-con-inner\">\n\t\t<div class=\"elementor-element elementor-element-823e33a e-con-full e-flex e-con e-child\" data-id=\"823e33a\" data-element_type=\"container\" data-e-type=\"container\">\n\t\t\t\t<div class=\"elementor-element elementor-element-480c70f elementor-widget elementor-widget-text-editor\" data-id=\"480c70f\" data-element_type=\"widget\" data-e-type=\"widget\" data-widget_type=\"text-editor.default\">\n\t\t\t\t<div class=\"elementor-widget-container\">\n\t\t\t\t\t\t\t\t\t<p style=\"text-align: center;\">V p\u00e9\u010di odborn\u00edka: Tom\u00e1\u0161 Oppl<\/p>\t\t\t\t\t\t\t\t<\/div>\n\t\t\t\t<\/div>\n\t\t\t\t<div class=\"elementor-element elementor-element-89ef4f7 elementor-widget elementor-widget-text-editor\" data-id=\"89ef4f7\" data-element_type=\"widget\" data-e-type=\"widget\" data-widget_type=\"text-editor.default\">\n\t\t\t\t<div class=\"elementor-widget-container\">\n\t\t\t\t\t\t\t\t\t<p>Ve\u0161kerou terapii prov\u00e1d\u00ed nebo dohl\u00ed\u017e\u00ed Tom\u00e1\u0161 Oppl, renomovan\u00fd fyzioterapeut s bohatou prax\u00ed v Praze. D\u00edky sv\u00e9mu odborn\u00e9mu p\u0159\u00edstupu a vyu\u017eit\u00ed nejmodern\u011bj\u0161\u00edch metod v\u00e1m Tom\u00e1\u0161 pom\u016f\u017ee dos\u00e1hnout skute\u010dn\u00fdch v\u00fdsledk\u016f.<\/p>\t\t\t\t\t\t\t\t<\/div>\n\t\t\t\t<\/div>\n\t\t\t\t<\/div>\n\t\t\t\t\t<\/div>\n\t\t\t\t<\/div>\n\t\t<div class=\"elementor-element elementor-element-5666ac1 e-flex e-con-boxed e-con e-parent\" data-id=\"5666ac1\" data-element_type=\"container\" data-e-type=\"container\" data-settings=\"{&quot;background_background&quot;:&quot;classic&quot;}\">\n\t\t\t\t\t<div class=\"e-con-inner\">\n\t\t<div class=\"elementor-element elementor-element-efe825e e-con-full e-flex e-con e-child\" data-id=\"efe825e\" data-element_type=\"container\" data-e-type=\"container\">\n\t\t\t\t<div class=\"elementor-element elementor-element-d78f128 elementor-widget elementor-widget-image\" data-id=\"d78f128\" data-element_type=\"widget\" data-e-type=\"widget\" data-widget_type=\"image.default\">\n\t\t\t\t<div class=\"elementor-widget-container\">\n\t\t\t\t\t\t\t\t\t\t\t\t\t\t\t<img decoding=\"async\" width=\"1024\" height=\"576\" src=\"https:\/\/conciergemedicine.cz\/wp-content\/uploads\/2026\/01\/dep-ultrazvuk-razova-vlna-tym-1024x576.webp\" class=\"attachment-large size-large wp-image-11973\" alt=\"Dep ultrazvuk razova vlna tym\" srcset=\"https:\/\/conciergemedicine.cz\/wp-content\/uploads\/2026\/01\/dep-ultrazvuk-razova-vlna-tym-1024x576.webp 1024w, https:\/\/conciergemedicine.cz\/wp-content\/uploads\/2026\/01\/dep-ultrazvuk-razova-vlna-tym-300x169.webp 300w, https:\/\/conciergemedicine.cz\/wp-content\/uploads\/2026\/01\/dep-ultrazvuk-razova-vlna-tym-768x432.webp 768w, https:\/\/conciergemedicine.cz\/wp-content\/uploads\/2026\/01\/dep-ultrazvuk-razova-vlna-tym-1536x864.webp 1536w, https:\/\/conciergemedicine.cz\/wp-content\/uploads\/2026\/01\/dep-ultrazvuk-razova-vlna-tym-18x10.webp 18w, https:\/\/conciergemedicine.cz\/wp-content\/uploads\/2026\/01\/dep-ultrazvuk-razova-vlna-tym-800x450.webp 800w, https:\/\/conciergemedicine.cz\/wp-content\/uploads\/2026\/01\/dep-ultrazvuk-razova-vlna-tym-24x14.webp 24w, https:\/\/conciergemedicine.cz\/wp-content\/uploads\/2026\/01\/dep-ultrazvuk-razova-vlna-tym-36x20.webp 36w, https:\/\/conciergemedicine.cz\/wp-content\/uploads\/2026\/01\/dep-ultrazvuk-razova-vlna-tym-48x27.webp 48w, https:\/\/conciergemedicine.cz\/wp-content\/uploads\/2026\/01\/dep-ultrazvuk-razova-vlna-tym.webp 1920w\" sizes=\"(max-width: 1024px) 100vw, 1024px\" \/>\t\t\t\t\t\t\t\t\t\t\t\t\t\t\t<\/div>\n\t\t\t\t<\/div>\n\t\t\t\t<\/div>\n\t\t<div class=\"elementor-element elementor-element-6b6a5ef e-con-full e-flex e-con e-child\" data-id=\"6b6a5ef\" data-element_type=\"container\" data-e-type=\"container\">\n\t\t\t\t<div class=\"elementor-element elementor-element-3c6df4d elementor-widget elementor-widget-text-editor\" data-id=\"3c6df4d\" data-element_type=\"widget\" data-e-type=\"widget\" data-widget_type=\"text-editor.default\">\n\t\t\t\t<div class=\"elementor-widget-container\">\n\t\t\t\t\t\t\t\t\t<span style=\"color: #009b9f; font-weight: bold;\">N\u00e1\u0161 fyzioterapeut se t\u011b\u0161\u00ed <\/span><br>na Va\u0161i n\u00e1v\u0161t\u011bvu!\t\t\t\t\t\t\t\t<\/div>\n\t\t\t\t<\/div>\n\t\t\t\t<div class=\"elementor-element elementor-element-f6411bc elementor-widget elementor-widget-text-editor\" data-id=\"f6411bc\" data-element_type=\"widget\" data-e-type=\"widget\" data-widget_type=\"text-editor.default\">\n\t\t\t\t<div class=\"elementor-widget-container\">\n\t\t\t\t\t\t\t\t\t<p>\u27a5 Tom\u00e1\u0161 Oppl<br \/><br \/>Term\u00edn vy\u0161et\u0159en\u00ed na na\u0161\u00ed klinice v Praze 5 z\u00edsk\u00e1te t\u00e9m\u011b\u0159 okam\u017eit\u011b!<\/p>\t\t\t\t\t\t\t\t<\/div>\n\t\t\t\t<\/div>\n\t\t\t\t<\/div>\n\t\t\t\t\t<\/div>\n\t\t\t\t<\/div>\n\t\t<div class=\"elementor-element elementor-element-efc3656 e-flex e-con-boxed e-con e-parent\" data-id=\"efc3656\" data-element_type=\"container\" data-e-type=\"container\">\n\t\t\t\t\t<div class=\"e-con-inner\">\n\t\t<div class=\"elementor-element elementor-element-fb3a42f e-con-full e-flex e-con e-child\" data-id=\"fb3a42f\" data-element_type=\"container\" data-e-type=\"container\">\n\t\t\t\t<div class=\"elementor-element elementor-element-039fc3f elementor-widget elementor-widget-text-editor\" data-id=\"039fc3f\" data-element_type=\"widget\" data-e-type=\"widget\" data-widget_type=\"text-editor.default\">\n\t\t\t\t<div class=\"elementor-widget-container\">\n\t\t\t\t\t\t\t\t\t<span style=\"color: #009b9f;\">Nab\u00edz\u00edme tyto<\/span><br>\nfyzioterapeutick\u00e9 slu\u017eby:\t\t\t\t\t\t\t\t<\/div>\n\t\t\t\t<\/div>\n\t\t\t\t<div class=\"elementor-element elementor-element-89514b0 elementor-widget elementor-widget-text-editor\" data-id=\"89514b0\" data-element_type=\"widget\" data-e-type=\"widget\" data-widget_type=\"text-editor.default\">\n\t\t\t\t<div class=\"elementor-widget-container\">\n\t\t\t\t\t\t\t\t\t<p>Terapie s p\u0159\u00edstrojem BTL-4825 SL Premium<\/p>\t\t\t\t\t\t\t\t<\/div>\n\t\t\t\t<\/div>\n\t\t\t\t<div class=\"elementor-element elementor-element-bdc3855 elementor-widget elementor-widget-text-editor\" data-id=\"bdc3855\" data-element_type=\"widget\" data-e-type=\"widget\" data-widget_type=\"text-editor.default\">\n\t\t\t\t<div class=\"elementor-widget-container\">\n\t\t\t\t\t\t\t\t\t<p>Jsme hrd\u00ed na to, \u017ee pou\u017e\u00edv\u00e1me sdru\u017een\u00fd, kombinovan\u00fd p\u0159\u00edstroj  BTL-4825 SL Premium , kter\u00fd disponuje nejvysp\u011blej\u0161\u00ed technologii a kombinuje elektroterapii, ultrazvuk a laserovou terapii v jednom za\u0159\u00edzen\u00ed. D\u00edky tomu m\u016f\u017eeme nab\u00eddnout vysoce \u00fa\u010dinnou, p\u0159esnou a neinvazivn\u00ed l\u00e9\u010dbu bolesti, hojen\u00ed tk\u00e1n\u00ed a urychlenou rehabilitaci.<br \/><br \/>D\u00e1le disponujeme fyzioterapeutick\u00fdm p\u0159\u00edstrojem BTL 6000 SWT Top line power k l\u00e9\u010db\u011b bolest\u00ed pomoc\u00ed radi\u00e1ln\u00ed r\u00e1zov\u00e9 vlny.<br \/><br \/>\u2714\ufe0f C\u00edlen\u00e1 \u00faleva od bolesti pomoc\u00ed dvoukan\u00e1lov\u00e9 elektroterapie<br \/>\u2714\ufe0f Rychlej\u0161\u00ed hojen\u00ed a sn\u00ed\u017een\u00ed z\u00e1n\u011btu d\u00edky ultrazvuku<br \/>\u2714\ufe0f Laserov\u00e1 terapie pro neinvazivn\u00ed regeneraci tk\u00e1n\u00ed a urychlen\u00ed hojen\u00ed<br \/>\u2714\ufe0f Odborn\u011b nastaven\u00e9 protokoly s garantovan\u00fdmi v\u00fdsledky<br \/>\u2714\ufe0f \u0160etrn\u00e1 a efektivn\u00ed terapie bez nutnosti vlekl\u00e9 rekonvalescence<\/p>\t\t\t\t\t\t\t\t<\/div>\n\t\t\t\t<\/div>\n\t\t\t\t<div class=\"elementor-element elementor-element-5146c5b elementor-widget elementor-widget-text-editor\" data-id=\"5146c5b\" data-element_type=\"widget\" data-e-type=\"widget\" data-widget_type=\"text-editor.default\">\n\t\t\t\t<div class=\"elementor-widget-container\">\n\t\t\t\t\t\t\t\t\t<p>Pro\u010d si vybrat pr\u00e1v\u011b n\u00e1s?<\/p>\t\t\t\t\t\t\t\t<\/div>\n\t\t\t\t<\/div>\n\t\t\t\t<div class=\"elementor-element elementor-element-ca5f2c8 elementor-widget elementor-widget-text-editor\" data-id=\"ca5f2c8\" data-element_type=\"widget\" data-e-type=\"widget\" data-widget_type=\"text-editor.default\">\n\t\t\t\t<div class=\"elementor-widget-container\">\n\t\t\t\t\t\t\t\t\t<p>\ud83d\udc9a Individu\u00e1ln\u00ed p\u0159\u00edstup a terapie p\u0159izp\u016fsoben\u00e9 va\u0161emu zdravotn\u00edmu stavu a c\u00edl\u016fm<br \/>\ud83d\udc9a Odborn\u00e9 veden\u00ed fyzioterapeuta Tom\u00e1\u0161e Oppla, uzn\u00e1van\u00e9ho specialisty v Praze<br \/>\ud83d\udc9a Pokro\u010dil\u00e9 technologie v\u010detn\u011b p\u0159\u00edstroje BTL-4825 SL Premium<br \/>\ud83d\udc9a Modern\u00ed a pohodln\u00e9 prost\u0159ed\u00ed pro va\u0161i terapii<br \/>\ud83d\udc9a Osv\u011bd\u010den\u00e9 metody pro l\u00e9\u010dbu pohybov\u00e9ho apar\u00e1tu, neurologick\u00fdch i poopera\u010dn\u00edch pot\u00ed\u017e\u00ed<\/p>\t\t\t\t\t\t\t\t<\/div>\n\t\t\t\t<\/div>\n\t\t\t\t<div class=\"elementor-element elementor-element-33138df elementor-widget elementor-widget-text-editor\" data-id=\"33138df\" data-element_type=\"widget\" data-e-type=\"widget\" data-widget_type=\"text-editor.default\">\n\t\t\t\t<div class=\"elementor-widget-container\">\n\t\t\t\t\t\t\t\t\t<p>Seznamte se s na\u0161\u00edm fyzioterapeutem<\/p>\t\t\t\t\t\t\t\t<\/div>\n\t\t\t\t<\/div>\n\t\t\t\t<div class=\"elementor-element elementor-element-492755b elementor-widget elementor-widget-text-editor\" data-id=\"492755b\" data-element_type=\"widget\" data-e-type=\"widget\" data-widget_type=\"text-editor.default\">\n\t\t\t\t<div class=\"elementor-widget-container\">\n\t\t\t\t\t\t\t\t\t<p id=\"e020031\" class=\"mb-5\"><b>Tom\u00e1\u0161 Oppl DiS.<br \/><\/b><br \/>Tom\u00e1\u0161 Oppl je p\u0159edn\u00ed odborn\u00edk v oblasti fyzioterapie, kter\u00fd se specializuje na urychlenou regeneraci pomoc\u00ed pokro\u010dil\u00fdch technologi\u00ed. Do sv\u00e9 praxe integruje nejmodern\u011bj\u0161\u00ed modality, v\u010detn\u011b elektroterapie, ultrazvuku a laserov\u00e9 terapie a r\u00e1zov\u00e9 vlny, kter\u00e9 kombinuje s komplexn\u00ed diagnostikou a c\u00edlen\u00fdmi manu\u00e1ln\u00edmi technikami. Tento specifick\u00fd p\u0159\u00edstup mu umo\u017e\u0148uje p\u0159esn\u011b c\u00edlit na bolest a z\u00e1n\u011bt a nab\u00eddnout tak klient\u016fm modern\u00ed a efektivn\u00ed cestu k trval\u00e9 \u00falev\u011b. Jako absolvent Akademie t\u011blesn\u00e9 v\u00fdchovy a sportu p\u0159in\u00e1\u0161\u00ed Tom\u00e1\u0161 i celostn\u00ed pohled kvalifikovan\u00e9ho nutri\u010dn\u00edho poradce, \u010d\u00edm\u017e zaji\u0161\u0165uje komplexn\u00ed l\u00e9\u010debn\u00fd pl\u00e1n.<br \/><br \/>Jako kl\u00ed\u010dov\u00fd \u010dlen fyzioterapeutick\u00e9ho t\u00fdmu Concierge Medicine Europe p\u0159in\u00e1\u0161\u00ed Tom\u00e1\u0161 bohat\u00e9 zku\u0161enosti ze sv\u00e9 v\u00fdjime\u010dn\u00e9 kari\u00e9ry trvaj\u00edc\u00ed v\u00edce ne\u017e dv\u011b dek\u00e1dy, b\u011bhem nich\u017e zdokonaloval sv\u00e9 dovednosti na renomovan\u00e9 klinice Canadian Medical (2003\u20132021), a tak\u00e9 p\u016fsoben\u00ed jako d\u016fv\u011bryhodn\u00fd l\u00e9ka\u0159sk\u00fd konzultant pro Velvyslanectv\u00ed USA v Praze v letech 2012 a\u017e 2018. D\u00edky t\u011bmto rozs\u00e1hl\u00fdm zku\u0161enostem m\u00e1 hlubok\u00e9 znalosti i v komplexn\u00edch p\u0159\u00edpadech rehabilitace, co\u017e z n\u011bj \u010din\u00ed vyhled\u00e1van\u00e9ho specialistu pro klienty, kte\u0159\u00ed hledaj\u00ed jist\u00fd n\u00e1vrat k aktivn\u00edmu \u017eivotu bez bolesti.<\/p>\t\t\t\t\t\t\t\t<\/div>\n\t\t\t\t<\/div>\n\t\t\t\t<\/div>\n\t\t\t\t\t<\/div>\n\t\t\t\t<\/div>\n\t\t<div class=\"elementor-element elementor-element-c4d911a e-flex e-con-boxed e-con e-parent\" data-id=\"c4d911a\" data-element_type=\"container\" data-e-type=\"container\" data-settings=\"{&quot;background_background&quot;:&quot;classic&quot;}\">\n\t\t\t\t\t<div class=\"e-con-inner\">\n\t\t<div class=\"elementor-element elementor-element-3fe63d8 e-con-full e-flex e-con e-child\" data-id=\"3fe63d8\" data-element_type=\"container\" data-e-type=\"container\">\n\t\t\t\t<div class=\"elementor-element elementor-element-d207205 elementor-widget elementor-widget-image\" data-id=\"d207205\" data-element_type=\"widget\" data-e-type=\"widget\" data-widget_type=\"image.default\">\n\t\t\t\t<div class=\"elementor-widget-container\">\n\t\t\t\t\t\t\t\t\t\t\t\t\t\t\t<img decoding=\"async\" width=\"1024\" height=\"576\" src=\"https:\/\/conciergemedicine.cz\/wp-content\/uploads\/2026\/01\/dep-ultrazvuk-razova-vlna-1024x576.webp\" class=\"attachment-large size-large wp-image-11983\" alt=\"Dep ultrazvuk razova vlna\" srcset=\"https:\/\/conciergemedicine.cz\/wp-content\/uploads\/2026\/01\/dep-ultrazvuk-razova-vlna-1024x576.webp 1024w, https:\/\/conciergemedicine.cz\/wp-content\/uploads\/2026\/01\/dep-ultrazvuk-razova-vlna-300x169.webp 300w, https:\/\/conciergemedicine.cz\/wp-content\/uploads\/2026\/01\/dep-ultrazvuk-razova-vlna-768x432.webp 768w, https:\/\/conciergemedicine.cz\/wp-content\/uploads\/2026\/01\/dep-ultrazvuk-razova-vlna-1536x864.webp 1536w, https:\/\/conciergemedicine.cz\/wp-content\/uploads\/2026\/01\/dep-ultrazvuk-razova-vlna-18x10.webp 18w, https:\/\/conciergemedicine.cz\/wp-content\/uploads\/2026\/01\/dep-ultrazvuk-razova-vlna-800x450.webp 800w, https:\/\/conciergemedicine.cz\/wp-content\/uploads\/2026\/01\/dep-ultrazvuk-razova-vlna-24x14.webp 24w, https:\/\/conciergemedicine.cz\/wp-content\/uploads\/2026\/01\/dep-ultrazvuk-razova-vlna-36x20.webp 36w, https:\/\/conciergemedicine.cz\/wp-content\/uploads\/2026\/01\/dep-ultrazvuk-razova-vlna-48x27.webp 48w, https:\/\/conciergemedicine.cz\/wp-content\/uploads\/2026\/01\/dep-ultrazvuk-razova-vlna.webp 1920w\" sizes=\"(max-width: 1024px) 100vw, 1024px\" \/>\t\t\t\t\t\t\t\t\t\t\t\t\t\t\t<\/div>\n\t\t\t\t<\/div>\n\t\t\t\t<\/div>\n\t\t<div class=\"elementor-element elementor-element-a86f5c8 e-con-full e-flex e-con e-child\" data-id=\"a86f5c8\" data-element_type=\"container\" data-e-type=\"container\">\n\t\t\t\t<div class=\"elementor-element elementor-element-11a9785 elementor-widget elementor-widget-text-editor\" data-id=\"11a9785\" data-element_type=\"widget\" data-e-type=\"widget\" data-widget_type=\"text-editor.default\">\n\t\t\t\t<div class=\"elementor-widget-container\">\n\t\t\t\t\t\t\t\t\t<span style=\"color: #009b9f; font-weight: bold;\">Fyzioterapeutick\u00e1 p\u00e9\u010de<\/span><br> Tom\u00e1\u0161e Oppla\t\t\t\t\t\t\t\t<\/div>\n\t\t\t\t<\/div>\n\t\t\t\t<div class=\"elementor-element elementor-element-e9c7650 elementor-widget elementor-widget-text-editor\" data-id=\"e9c7650\" data-element_type=\"widget\" data-e-type=\"widget\" data-widget_type=\"text-editor.default\">\n\t\t\t\t<div class=\"elementor-widget-container\">\n\t\t\t\t\t\t\t\t\t<p>Za\u010dn\u011bte svou cestu k uzdraven\u00ed s osobn\u00ed a vysoce kvalitn\u00ed fyzioterapi\u00ed. A\u0165 u\u017e v\u00e1s tr\u00e1p\u00ed bolest kloub\u016f, sportovn\u00ed \u00faraz nebo chronick\u00fd probl\u00e9m, jsme tu pro v\u00e1s.<\/p>\t\t\t\t\t\t\t\t<\/div>\n\t\t\t\t<\/div>\n\t\t\t\t<div class=\"elementor-element elementor-element-310892b elementor-align-left elementor-widget elementor-widget-button\" data-id=\"310892b\" data-element_type=\"widget\" data-e-type=\"widget\" data-widget_type=\"button.default\">\n\t\t\t\t<div class=\"elementor-widget-container\">\n\t\t\t\t\t\t\t\t\t<div class=\"elementor-button-wrapper\">\n\t\t\t\t\t<a class=\"elementor-button elementor-button-link elementor-size-sm\" href=\"https:\/\/conciergemedicine.cz\/cs\/contact\/\">\n\t\t\t\t\t\t<span class=\"elementor-button-content-wrapper\">\n\t\t\t\t\t\t\t\t\t<span class=\"elementor-button-text\">KONTAKTUJTE N\u00c1S<\/span>\n\t\t\t\t\t<\/span>\n\t\t\t\t\t<\/a>\n\t\t\t\t<\/div>\n\t\t\t\t\t\t\t\t<\/div>\n\t\t\t\t<\/div>\n\t\t\t\t<\/div>\n\t\t\t\t\t<\/div>\n\t\t\t\t<\/div>\n\t\t\t\t<\/div>","protected":false},"excerpt":{"rendered":"<p>Ultrasound and Shockwave Therapy Advanced Physiotherapy with Tom\u00e1\u0161 Oppl in Prague 5 At our clinic, we offer comprehensive physiotherapy services designed to relieve pain, restore mobility, and support long-term recovery. Whether you\u2019re recovering from injury, managing chronic pain, or looking to improve physical performance, we provide personalized treatment plans tailored to your specific needs. MAKE [&hellip;]<\/p>\n","protected":false},"author":7,"featured_media":0,"parent":0,"menu_order":0,"comment_status":"closed","ping_status":"closed","template":"","meta":{"inline_featured_image":false,"slim_seo":{"title":"Terapie ultrazvukem a r\u00e1zovou vlnou - Concierge Medicine Europe","description":"Modern\u00ed fyzioterapie v Praze vyu\u017e\u00edvaj\u00edc\u00ed r\u00e1zovou vlnu a laser pro rychlou \u00falevu od bolesti a efektivn\u00ed rehabilitaci bez \u010dek\u00e1n\u00ed."},"footnotes":""},"class_list":["post-12066","page","type-page","status-publish","hentry","entry"],"_links":{"self":[{"href":"https:\/\/conciergemedicine.cz\/cs\/wp-json\/wp\/v2\/pages\/12066","targetHints":{"allow":["GET"]}}],"collection":[{"href":"https:\/\/conciergemedicine.cz\/cs\/wp-json\/wp\/v2\/pages"}],"about":[{"href":"https:\/\/conciergemedicine.cz\/cs\/wp-json\/wp\/v2\/types\/page"}],"author":[{"embeddable":true,"href":"https:\/\/conciergemedicine.cz\/cs\/wp-json\/wp\/v2\/users\/7"}],"replies":[{"embeddable":true,"href":"https:\/\/conciergemedicine.cz\/cs\/wp-json\/wp\/v2\/comments?post=12066"}],"version-history":[{"count":0,"href":"https:\/\/conciergemedicine.cz\/cs\/wp-json\/wp\/v2\/pages\/12066\/revisions"}],"wp:attachment":[{"href":"https:\/\/conciergemedicine.cz\/cs\/wp-json\/wp\/v2\/media?parent=12066"}],"curies":[{"name":"wp","href":"https:\/\/api.w.org\/{rel}","templated":true}]}}