{"id":11905,"date":"2026-01-16T17:00:31","date_gmt":"2026-01-16T17:00:31","guid":{"rendered":"https:\/\/staging.conciergemedicine.cz\/?page_id=11905"},"modified":"2026-04-22T11:07:13","modified_gmt":"2026-04-22T09:07:13","slug":"oftalmologie","status":"publish","type":"page","link":"https:\/\/conciergemedicine.cz\/cs\/ophthalmology\/","title":{"rendered":"Oftalmologie"},"content":{"rendered":"<div data-elementor-type=\"wp-page\" data-elementor-id=\"11905\" class=\"elementor elementor-11905\" data-elementor-post-type=\"page\">\n\t\t\t\t<div class=\"elementor-element elementor-element-bafdc28 e-flex e-con-boxed e-con e-parent\" data-id=\"bafdc28\" data-element_type=\"container\" data-e-type=\"container\" data-settings=\"{&quot;background_background&quot;:&quot;classic&quot;}\">\n\t\t\t\t\t<div class=\"e-con-inner\">\n\t\t\t\t<div class=\"elementor-element elementor-element-264c8d3 elementor-widget elementor-widget-heading\" data-id=\"264c8d3\" data-element_type=\"widget\" data-e-type=\"widget\" data-widget_type=\"heading.default\">\n\t\t\t\t<div class=\"elementor-widget-container\">\n\t\t\t\t\t<h1 class=\"elementor-heading-title elementor-size-default\">Oftalmologie<\/h1>\t\t\t\t<\/div>\n\t\t\t\t<\/div>\n\t\t\t\t<div class=\"elementor-element elementor-element-70682b7 elementor-widget elementor-widget-text-editor\" data-id=\"70682b7\" data-element_type=\"widget\" data-e-type=\"widget\" data-widget_type=\"text-editor.default\">\n\t\t\t\t<div class=\"elementor-widget-container\">\n\t\t\t\t\t\t\t\t\t<p style=\"text-align: center;\">Concierge o\u010dn\u00ed klinika v Praze<\/p>\t\t\t\t\t\t\t\t<\/div>\n\t\t\t\t<\/div>\n\t\t\t\t\t<\/div>\n\t\t\t\t<\/div>\n\t\t<div class=\"elementor-element elementor-element-d680f8d e-flex e-con-boxed e-con e-parent\" data-id=\"d680f8d\" data-element_type=\"container\" data-e-type=\"container\">\n\t\t\t\t\t<div class=\"e-con-inner\">\n\t\t\t\t<div class=\"elementor-element elementor-element-4aa1d6a elementor-widget elementor-widget-image\" data-id=\"4aa1d6a\" data-element_type=\"widget\" data-e-type=\"widget\" data-widget_type=\"image.default\">\n\t\t\t\t<div class=\"elementor-widget-container\">\n\t\t\t\t\t\t\t\t\t\t\t\t\t\t\t<img fetchpriority=\"high\" decoding=\"async\" width=\"1920\" height=\"1080\" src=\"https:\/\/conciergemedicine.cz\/wp-content\/uploads\/2026\/01\/dep-oftalmologie-hero.webp\" class=\"attachment-full size-full wp-image-11879\" alt=\"Dep oftalmologie hero\" srcset=\"https:\/\/conciergemedicine.cz\/wp-content\/uploads\/2026\/01\/dep-oftalmologie-hero.webp 1920w, https:\/\/conciergemedicine.cz\/wp-content\/uploads\/2026\/01\/dep-oftalmologie-hero-300x169.webp 300w, https:\/\/conciergemedicine.cz\/wp-content\/uploads\/2026\/01\/dep-oftalmologie-hero-1024x576.webp 1024w, https:\/\/conciergemedicine.cz\/wp-content\/uploads\/2026\/01\/dep-oftalmologie-hero-768x432.webp 768w, https:\/\/conciergemedicine.cz\/wp-content\/uploads\/2026\/01\/dep-oftalmologie-hero-1536x864.webp 1536w, https:\/\/conciergemedicine.cz\/wp-content\/uploads\/2026\/01\/dep-oftalmologie-hero-18x10.webp 18w, https:\/\/conciergemedicine.cz\/wp-content\/uploads\/2026\/01\/dep-oftalmologie-hero-800x450.webp 800w, https:\/\/conciergemedicine.cz\/wp-content\/uploads\/2026\/01\/dep-oftalmologie-hero-24x14.webp 24w, https:\/\/conciergemedicine.cz\/wp-content\/uploads\/2026\/01\/dep-oftalmologie-hero-36x20.webp 36w, https:\/\/conciergemedicine.cz\/wp-content\/uploads\/2026\/01\/dep-oftalmologie-hero-48x27.webp 48w\" sizes=\"(max-width: 1920px) 100vw, 1920px\" \/>\t\t\t\t\t\t\t\t\t\t\t\t\t\t\t<\/div>\n\t\t\t\t<\/div>\n\t\t\t\t\t<\/div>\n\t\t\t\t<\/div>\n\t\t<div class=\"elementor-element elementor-element-523b1b5 e-flex e-con-boxed e-con e-parent\" data-id=\"523b1b5\" data-element_type=\"container\" data-e-type=\"container\">\n\t\t\t\t\t<div class=\"e-con-inner\">\n\t\t<div class=\"elementor-element elementor-element-a93a58f e-con-full e-flex e-con e-child\" data-id=\"a93a58f\" data-element_type=\"container\" data-e-type=\"container\">\n\t\t\t\t<div class=\"elementor-element elementor-element-261deb2 elementor-widget elementor-widget-text-editor\" data-id=\"261deb2\" data-element_type=\"widget\" data-e-type=\"widget\" data-widget_type=\"text-editor.default\">\n\t\t\t\t<div class=\"elementor-widget-container\">\n\t\t\t\t\t\t\t\t\t<div class=\"col-12 col-md-10 col-lg-8\"><p>V Concierge Medicine Europe v\u011b\u0159\u00edme, \u017ee dobr\u00fd zrak nen\u00ed jen o \u010dten\u00ed drobn\u00fdch p\u00edsmen\u2014je to o hlubok\u00e9m porozum\u011bn\u00ed zdrav\u00ed va\u0161ich o\u010d\u00ed, jejich ochran\u011b do budoucna a p\u00e9\u010di, kter\u00e1 je p\u0159izp\u016fsoben\u00e1 va\u0161im pot\u0159eb\u00e1m, bez zbyte\u010dn\u00e9ho \u010dek\u00e1n\u00ed.<br \/><br \/>Jako Centrum excelence pro Lifestyle Medicine &amp; Healthy Longevity se zam\u011b\u0159ujeme tak\u00e9 na propojen\u00ed zraku se syst\u00e9mov\u00fdm zdrav\u00edm a \u017eivotn\u00edm stylem \u2013 proto\u017ee zdrav\u00ed va\u0161ich o\u010d\u00ed souvis\u00ed se zdrav\u00edm cel\u00e9ho t\u011bla. Diagnostikujeme a l\u00e9\u010d\u00edme \u0161irok\u00e9 spektrum pot\u00ed\u017e\u00ed v\u010detn\u011b syndromu such\u00e9ho oka, \u0161ed\u00e9ho z\u00e1kalu, zelen\u00e9ho z\u00e1kalu, makul\u00e1rn\u00ed degenerace, refrak\u010dn\u00edch vad a diabetick\u00e9 retinopatie.<\/p><\/div>\t\t\t\t\t\t\t\t<\/div>\n\t\t\t\t<\/div>\n\t\t\t\t<\/div>\n\t\t<div class=\"elementor-element elementor-element-be77b2b e-con-full e-flex e-con e-child\" data-id=\"be77b2b\" data-element_type=\"container\" data-e-type=\"container\">\n\t\t\t\t<div class=\"elementor-element elementor-element-d7ac58d elementor-align-right elementor-mobile-align-left elementor-widget elementor-widget-button\" data-id=\"d7ac58d\" data-element_type=\"widget\" data-e-type=\"widget\" data-widget_type=\"button.default\">\n\t\t\t\t<div class=\"elementor-widget-container\">\n\t\t\t\t\t\t\t\t\t<div class=\"elementor-button-wrapper\">\n\t\t\t\t\t<a class=\"elementor-button elementor-button-link elementor-size-sm\" href=\"https:\/\/conciergemedicine.cz\/cs\/contact\/\" target=\"_blank\">\n\t\t\t\t\t\t<span class=\"elementor-button-content-wrapper\">\n\t\t\t\t\t\t\t\t\t<span class=\"elementor-button-text\">OBJEDNAT SE K L\u00c9KA\u0158I<\/span>\n\t\t\t\t\t<\/span>\n\t\t\t\t\t<\/a>\n\t\t\t\t<\/div>\n\t\t\t\t\t\t\t\t<\/div>\n\t\t\t\t<\/div>\n\t\t\t\t<\/div>\n\t\t\t\t\t<\/div>\n\t\t\t\t<\/div>\n\t\t<div class=\"elementor-element elementor-element-acb8dd0 e-flex e-con-boxed e-con e-parent\" data-id=\"acb8dd0\" data-element_type=\"container\" data-e-type=\"container\" data-settings=\"{&quot;background_background&quot;:&quot;classic&quot;}\">\n\t\t\t\t\t<div class=\"e-con-inner\">\n\t\t\t\t<div class=\"elementor-element elementor-element-96c66d9 elementor-widget elementor-widget-text-editor\" data-id=\"96c66d9\" data-element_type=\"widget\" data-e-type=\"widget\" data-widget_type=\"text-editor.default\">\n\t\t\t\t<div class=\"elementor-widget-container\">\n\t\t\t\t\t\t\t\t\t<p>V\u00e1\u0161 zrak je na\u0161\u00ed prioritou \u2013 s d\u016frazem na preciznost, prevenci a lidsk\u00fd p\u0159\u00edstup<\/p>\t\t\t\t\t\t\t\t<\/div>\n\t\t\t\t<\/div>\n\t\t\t\t<div class=\"elementor-element elementor-element-2686efc elementor-widget elementor-widget-text-editor\" data-id=\"2686efc\" data-element_type=\"widget\" data-e-type=\"widget\" data-widget_type=\"text-editor.default\">\n\t\t\t\t<div class=\"elementor-widget-container\">\n\t\t\t\t\t\t\t\t\t<p>Na\u0161e concierge oftalmologick\u00e1 p\u00e9\u010de nab\u00edz\u00ed komplexn\u00ed a \u0161pi\u010dkovou diagnostiku i l\u00e9\u010dbu v klidn\u00e9m a respektuj\u00edc\u00edm prost\u0159ed\u00ed. A\u0165 u\u017e p\u0159ich\u00e1z\u00edte na preventivn\u00ed prohl\u00eddku, \u0159e\u0161\u00edte konkr\u00e9tn\u00ed obt\u00ed\u017ee nebo hled\u00e1te mo\u017enosti jak zlep\u0161it zrak, m\u016f\u017eete se spolehnout na odborn\u00fd a lidsk\u00fd p\u0159\u00edstup.<\/p>\t\t\t\t\t\t\t\t<\/div>\n\t\t\t\t<\/div>\n\t\t\t\t\t<\/div>\n\t\t\t\t<\/div>\n\t\t<div class=\"elementor-element elementor-element-b6d6ba3 e-flex e-con-boxed e-con e-parent\" data-id=\"b6d6ba3\" data-element_type=\"container\" data-e-type=\"container\">\n\t\t\t\t\t<div class=\"e-con-inner\">\n\t\t<div class=\"elementor-element elementor-element-fa74b82 e-con-full e-flex e-con e-child\" data-id=\"fa74b82\" data-element_type=\"container\" data-e-type=\"container\">\n\t\t\t\t<div class=\"elementor-element elementor-element-4da5a36 elementor-widget elementor-widget-image\" data-id=\"4da5a36\" data-element_type=\"widget\" data-e-type=\"widget\" data-widget_type=\"image.default\">\n\t\t\t\t<div class=\"elementor-widget-container\">\n\t\t\t\t\t\t\t\t\t\t\t\t\t\t\t<img decoding=\"async\" width=\"1024\" height=\"576\" src=\"https:\/\/conciergemedicine.cz\/wp-content\/uploads\/2026\/01\/dep-oftalmologie-tym-1024x576.webp\" class=\"attachment-large size-large wp-image-11886\" alt=\"Dep oftalmologie tym\" srcset=\"https:\/\/conciergemedicine.cz\/wp-content\/uploads\/2026\/01\/dep-oftalmologie-tym-1024x576.webp 1024w, https:\/\/conciergemedicine.cz\/wp-content\/uploads\/2026\/01\/dep-oftalmologie-tym-300x169.webp 300w, https:\/\/conciergemedicine.cz\/wp-content\/uploads\/2026\/01\/dep-oftalmologie-tym-768x432.webp 768w, https:\/\/conciergemedicine.cz\/wp-content\/uploads\/2026\/01\/dep-oftalmologie-tym-1536x864.webp 1536w, https:\/\/conciergemedicine.cz\/wp-content\/uploads\/2026\/01\/dep-oftalmologie-tym-18x10.webp 18w, https:\/\/conciergemedicine.cz\/wp-content\/uploads\/2026\/01\/dep-oftalmologie-tym-800x450.webp 800w, https:\/\/conciergemedicine.cz\/wp-content\/uploads\/2026\/01\/dep-oftalmologie-tym-24x14.webp 24w, https:\/\/conciergemedicine.cz\/wp-content\/uploads\/2026\/01\/dep-oftalmologie-tym-36x20.webp 36w, https:\/\/conciergemedicine.cz\/wp-content\/uploads\/2026\/01\/dep-oftalmologie-tym-48x27.webp 48w, https:\/\/conciergemedicine.cz\/wp-content\/uploads\/2026\/01\/dep-oftalmologie-tym.webp 1920w\" sizes=\"(max-width: 1024px) 100vw, 1024px\" \/>\t\t\t\t\t\t\t\t\t\t\t\t\t\t\t<\/div>\n\t\t\t\t<\/div>\n\t\t\t\t<\/div>\n\t\t<div class=\"elementor-element elementor-element-66b6458 e-con-full e-flex e-con e-child\" data-id=\"66b6458\" data-element_type=\"container\" data-e-type=\"container\">\n\t\t\t\t<div class=\"elementor-element elementor-element-231c989 elementor-widget elementor-widget-text-editor\" data-id=\"231c989\" data-element_type=\"widget\" data-e-type=\"widget\" data-widget_type=\"text-editor.default\">\n\t\t\t\t<div class=\"elementor-widget-container\">\n\t\t\t\t\t\t\t\t\t<p><span style=\"color: #009b9f; font-weight: bold;\">Na\u0161i o\u010dn\u00ed l\u00e9ka\u0159i<br \/>se t\u011b\u0161\u00ed<\/span><br \/>na Va\u0161i n\u00e1v\u0161t\u011bvu!<\/p>\t\t\t\t\t\t\t\t<\/div>\n\t\t\t\t<\/div>\n\t\t\t\t<div class=\"elementor-element elementor-element-26212c5 elementor-widget elementor-widget-text-editor\" data-id=\"26212c5\" data-element_type=\"widget\" data-e-type=\"widget\" data-widget_type=\"text-editor.default\">\n\t\t\t\t<div class=\"elementor-widget-container\">\n\t\t\t\t\t\t\t\t\t<p>\u27a5 MUDr. Andrea Havl\u00edkov\u00e1<br \/>\u27a5 MUDr. Zuzana Hendrickson<br \/><br \/>Term\u00edn vy\u0161et\u0159en\u00ed na na\u0161ich pra\u017esk\u00fdch klinik\u00e1ch z\u00edsk\u00e1te t\u00e9m\u011b\u0159 okam\u017eit\u011b!<\/p>\t\t\t\t\t\t\t\t<\/div>\n\t\t\t\t<\/div>\n\t\t\t\t<\/div>\n\t\t\t\t\t<\/div>\n\t\t\t\t<\/div>\n\t\t<div class=\"elementor-element elementor-element-b6a4093 e-flex e-con-boxed e-con e-parent\" data-id=\"b6a4093\" data-element_type=\"container\" data-e-type=\"container\">\n\t\t\t\t\t<div class=\"e-con-inner\">\n\t\t\t\t<div class=\"elementor-element elementor-element-8303755 elementor-widget elementor-widget-text-editor\" data-id=\"8303755\" data-element_type=\"widget\" data-e-type=\"widget\" data-widget_type=\"text-editor.default\">\n\t\t\t\t<div class=\"elementor-widget-container\">\n\t\t\t\t\t\t\t\t\t<p><span style=\"color: #009b9f;\">Nab\u00edz\u00edme tyto<br \/><\/span> oftalmologick\u00e9 slu\u017eby:<\/p>\t\t\t\t\t\t\t\t<\/div>\n\t\t\t\t<\/div>\n\t\t\t\t<div class=\"elementor-element elementor-element-75e828e elementor-widget elementor-widget-text-editor\" data-id=\"75e828e\" data-element_type=\"widget\" data-e-type=\"widget\" data-widget_type=\"text-editor.default\">\n\t\t\t\t<div class=\"elementor-widget-container\">\n\t\t\t\t\t\t\t\t\tN\u00e1\u0161 p\u0159\u00edstup k o\u010dn\u00ed p\u00e9\u010di\t\t\t\t\t\t\t\t<\/div>\n\t\t\t\t<\/div>\n\t\t\t\t<div class=\"elementor-element elementor-element-b5b05b5 elementor-widget elementor-widget-text-editor\" data-id=\"b5b05b5\" data-element_type=\"widget\" data-e-type=\"widget\" data-widget_type=\"text-editor.default\">\n\t\t\t\t<div class=\"elementor-widget-container\">\n\t\t\t\t\t\t\t\t\t<p>Zdrav\u00ed o\u010d\u00ed nen\u00ed jen ot\u00e1zkou zraku \u2013 \u00fazce souvis\u00ed s nervov\u00fdm, c\u00e9vn\u00edm i metabolick\u00fdm syst\u00e9mem. D\u00edky modelu Concierge Medicine m\u00e1te p\u0159\u00edstup k modern\u00ed technologii, individu\u00e1ln\u00ed p\u00e9\u010di a odborn\u00e9mu veden\u00ed bez sp\u011bchu a \u010dek\u00e1n\u00ed.<\/p><p>Zam\u011b\u0159ujeme se na:<\/p><p>\u2714\ufe0f Komplexn\u00ed o\u010dn\u00ed vy\u0161et\u0159en\u00ed v\u010detn\u011b sn\u00edmkov\u00e1n\u00ed s\u00edtnice a zrakov\u00e9ho nervu<br \/>\u2714\ufe0f V\u010dasnou diagnostiku a l\u00e9\u010dbu glaukomu, katarakty a makul\u00e1rn\u00ed degenerace<br \/>\u2714\ufe0f P\u00e9\u010di o pacienty s diabetem a monitorov\u00e1n\u00ed o\u010dn\u00edch komplikac\u00ed<br \/>\u2714\ufe0f Diagnostiku a l\u00e9\u010dbu syndromu such\u00e9ho oka<br \/>\u2714\ufe0f Strategie prevence zrakov\u00e9ho po\u0161kozen\u00ed souvisej\u00edc\u00edho s v\u011bkem a \u017eivotn\u00edm stylem<br \/>\u2714\ufe0f Spolupr\u00e1ci s neurologi\u00ed, internou, endokrinologi\u00ed a dal\u0161\u00edmi obory<br \/>\u2714\ufe0f Dostupnost bez \u010dek\u00e1n\u00ed a jasn\u00e9 n\u00e1vazn\u00e9 kroky v l\u00e9\u010db\u011b<\/p><p>Jako Centrum excelence pro Lifestyle Medicine &amp; Healthy Longevity vn\u00edm\u00e1me o\u010di jako okno do celkov\u00e9ho zdrav\u00ed.<\/p>\t\t\t\t\t\t\t\t<\/div>\n\t\t\t\t<\/div>\n\t\t\t\t<div class=\"elementor-element elementor-element-221646b elementor-widget elementor-widget-text-editor\" data-id=\"221646b\" data-element_type=\"widget\" data-e-type=\"widget\" data-widget_type=\"text-editor.default\">\n\t\t\t\t<div class=\"elementor-widget-container\">\n\t\t\t\t\t\t\t\t\t<p>Pro koho je na\u0161e p\u00e9\u010de ur\u010dena<\/p>\t\t\t\t\t\t\t\t<\/div>\n\t\t\t\t<\/div>\n\t\t\t\t<div class=\"elementor-element elementor-element-e6e4037 elementor-widget elementor-widget-text-editor\" data-id=\"e6e4037\" data-element_type=\"widget\" data-e-type=\"widget\" data-widget_type=\"text-editor.default\">\n\t\t\t\t<div class=\"elementor-widget-container\">\n\t\t\t\t\t\t\t\t\t<p>Na\u0161e oftalmologick\u00e1 p\u00e9\u010de je ide\u00e1ln\u00ed pro:<br \/><br \/>\ud83d\udc9a Dosp\u011bl\u00e9 pacienty, kte\u0159\u00ed cht\u011bj\u00ed kvalitn\u00ed a pravideln\u00e9 o\u010dn\u00ed vy\u0161et\u0159en\u00ed<br \/>\ud83d\udc9a Osoby s chronick\u00fdmi pot\u00ed\u017eemi jako je glaukom, makul\u00e1rn\u00ed degenerace \u010di such\u00e9 oko<br \/>\ud83d\udc9a Diabetiky a pacienty s hypertenz\u00ed vy\u017eaduj\u00edc\u00ed pravideln\u00e9 m\u011b\u0159en\u00ed zraku<br \/>\ud83d\udc9a Klienty zam\u011b\u0159en\u00e9 na prevenci a ochranu zraku ve st\u0159edn\u00edm a vy\u0161\u0161\u00edm v\u011bku<br \/>\ud83d\udc9a Cizince a mezin\u00e1rodn\u00ed klienty hledaj\u00edc\u00ed anglicky mluv\u00edc\u00edho oftalmologa v Praze<br \/>\ud83d\udc9a Ka\u017ed\u00e9ho, kdo hled\u00e1 modern\u00ed a personalizovan\u00fd p\u0159\u00edstup k o\u010dn\u00edmu zdrav\u00ed<\/p>\t\t\t\t\t\t\t\t<\/div>\n\t\t\t\t<\/div>\n\t\t\t\t<div class=\"elementor-element elementor-element-1f243ad elementor-widget elementor-widget-text-editor\" data-id=\"1f243ad\" data-element_type=\"widget\" data-e-type=\"widget\" data-widget_type=\"text-editor.default\">\n\t\t\t\t<div class=\"elementor-widget-container\">\n\t\t\t\t\t\t\t\t\t<p>Seznamte se s na\u0161imi o\u010dn\u00edmi l\u00e9ka\u0159i<\/p>\t\t\t\t\t\t\t\t<\/div>\n\t\t\t\t<\/div>\n\t\t\t\t<div class=\"elementor-element elementor-element-967d029 elementor-widget elementor-widget-text-editor\" data-id=\"967d029\" data-element_type=\"widget\" data-e-type=\"widget\" data-widget_type=\"text-editor.default\">\n\t\t\t\t<div class=\"elementor-widget-container\">\n\t\t\t\t\t\t\t\t\t<p id=\"e020031\" class=\"mb-5\"><b>MUDr. Andrea Havl\u00edkov\u00e1<\/b><b><br \/><\/b><br \/>MUDr. Andrea Havl\u00edkov\u00e1 je zku\u0161en\u00e1 specialistka v oboru oftalmologie s bohat\u00fdmi pracovn\u00edmi zku\u0161enostmi. Absolvovala 1. l\u00e9ka\u0159skou fakultu Univerzity Karlovy v Praze, v\u010detn\u011b studijn\u00edho pobytu na Lund University ve \u0160v\u00e9dsku v r\u00e1mci programu Erasmus. Je dr\u017eitelkou atestace z oftalmologie a diplomu celo\u017eivotn\u00edho vzd\u011bl\u00e1v\u00e1n\u00ed v tomto oboru.<\/p><p>MUDr. Havl\u00edkov\u00e1 je \u010dlenkou t\u00fdmu oftalmolog\u016f Concierge Medicine Europe. Sou\u010dasn\u011b p\u016fsob\u00ed ve spole\u010dnosti Teamprevent Sant\u00e9 a na O\u010dn\u00ed klinice V\u0161eobecn\u00e9 fakultn\u00ed nemocnice v Praze, kde se v\u011bnuje ambulantn\u00ed i l\u016f\u017ekov\u00e9 p\u00e9\u010di. D\u0159\u00edve p\u016fsobila tak\u00e9 na O\u010dn\u00edm odd\u011blen\u00ed Nemocnice P\u0159\u00edbram. Sv\u00e9 odborn\u00e9 znalosti si roz\u0161\u00ed\u0159ila \u010detn\u00fdmi mezin\u00e1rodn\u00edmi st\u00e1\u017eemi (nap\u0159. Anglie, \u0160pan\u011blsko, \u0160v\u00fdcarsko), v\u011bnuje se pedagogick\u00e9 \u010dinnosti a je \u010dlenkou \u010cesk\u00e9 oftalmologick\u00e9 spole\u010dnosti J. E. Purkyn\u011b.<\/p><p><b>MUDr. Zuzana Hendrickson<br \/><\/b><br \/>MUDr. Zuzana Hendrickson je uzn\u00e1vanou odbornic\u00ed v oblasti oftalmologie s bohatou klinickou prax\u00ed. Absolvovala 1. l\u00e9ka\u0159skou fakultu Univerzity Karlovy v Praze. Sv\u00e9 rozs\u00e1hl\u00e9 zku\u0161enosti z\u00edskala tak\u00e9 na presti\u017en\u00edch zahrani\u010dn\u00edch pracovi\u0161t\u00edch, jako jsou Univerzitn\u00ed o\u010dn\u00ed klinika v Basileji a Moorfields Eye Hospital v Lond\u00fdn\u011b. Je dr\u017eitelkou specializovan\u00e9 zp\u016fsobilosti a atestace 1. stupn\u011b v oboru oftalmologie, dopln\u011bn\u00e9 licenc\u00ed \u010cesk\u00e9 l\u00e9ka\u0159sk\u00e9 komory pro soukromou praxi.<\/p><p>MUDr. Hendrickson je \u010dlenkou t\u00fdmu oftalmolog\u016f Concierge Medicine Europe. Mimo tuto pozici p\u016fsob\u00ed jako l\u00e9ka\u0159sk\u00fd konzultant pro Velvyslanectv\u00ed USA v Praze a na O\u010dn\u00ed klinice 1. LF UK a V\u0161eobecn\u00e9 fakultn\u00ed nemocnice. D\u0159\u00edve pracovala na O\u010dn\u00ed klinice 3. LF UK a FN Kr\u00e1lovsk\u00e9 Vinohrady a v Canadian Medical. Je autorkou publikac\u00ed v mezin\u00e1rodn\u00edch \u010dasopisech, pravideln\u011b p\u0159edn\u00e1\u0161\u00ed na kongresech, aktivn\u011b se pod\u00edl\u00ed na pregradu\u00e1ln\u00ed i postgradu\u00e1ln\u00ed v\u00fduce medik\u016f a je \u010dlenkou odborn\u00fdch l\u00e9ka\u0159sk\u00fdch spole\u010dnost\u00ed.<\/p>\t\t\t\t\t\t\t\t<\/div>\n\t\t\t\t<\/div>\n\t\t\t\t<div class=\"elementor-element elementor-element-37c020d elementor-widget elementor-widget-text-editor\" data-id=\"37c020d\" data-element_type=\"widget\" data-e-type=\"widget\" data-widget_type=\"text-editor.default\">\n\t\t\t\t<div class=\"elementor-widget-container\">\n\t\t\t\t\t\t\t\t\t<p>Zku\u0161enosti na\u0161ich klient\u016f<\/p>\t\t\t\t\t\t\t\t<\/div>\n\t\t\t\t<\/div>\n\t\t\t\t<div class=\"elementor-element elementor-element-a85c468 elementor-widget elementor-widget-text-editor\" data-id=\"a85c468\" data-element_type=\"widget\" data-e-type=\"widget\" data-widget_type=\"text-editor.default\">\n\t\t\t\t<div class=\"elementor-widget-container\">\n\t\t\t\t\t\t\t\t\t<p>\u2b50\u00a0<i>\"Dr. Havl\u00edkov\u00e1 na m\u011b zap\u016fsobila jako znal\u00e1 a zku\u0161en\u00e1 oftalmolo\u017eka a ordinace byla bezvadn\u011b \u010dist\u00e1.\"<\/i><i><br \/><\/i><i><br \/><\/i>\u2b50\u00a0<i>\"Byla jsem velmi ohromena oftalmolo\u017ekou Dr. Havl\u00edkovou. Cel\u00fd t\u00fdm na recepci byl tak\u00e9 nesm\u00edrn\u011b vst\u0159\u00edcn\u00fd, p\u0159\u00edjemn\u00fd a p\u0159\u00e1telsk\u00fd.\"<\/i><i><br \/><\/i><i><br \/><\/i>\u2b50\u00a0<i>\"M\u011bl jsem velmi nabit\u00fd program vy\u0161et\u0159en\u00ed po cel\u00fd den. L\u00e9ka\u0159i byli nesm\u00edrn\u011b d\u016fkladn\u00ed, zejm\u00e9na o\u010dn\u00ed l\u00e9ka\u0159ka.\"<\/i><\/p>\t\t\t\t\t\t\t\t<\/div>\n\t\t\t\t<\/div>\n\t\t\t\t\t<\/div>\n\t\t\t\t<\/div>\n\t\t<div class=\"elementor-element elementor-element-11267c3 e-flex e-con-boxed e-con e-parent\" data-id=\"11267c3\" data-element_type=\"container\" data-e-type=\"container\">\n\t\t\t\t\t<div class=\"e-con-inner\">\n\t\t<div class=\"elementor-element elementor-element-a4d4637 e-con-full e-flex e-con e-child\" data-id=\"a4d4637\" data-element_type=\"container\" data-e-type=\"container\">\n\t\t\t\t<div class=\"elementor-element elementor-element-0ce18b3 elementor-widget elementor-widget-image\" data-id=\"0ce18b3\" data-element_type=\"widget\" data-e-type=\"widget\" data-widget_type=\"image.default\">\n\t\t\t\t<div class=\"elementor-widget-container\">\n\t\t\t\t\t\t\t\t\t\t\t\t\t\t\t<img decoding=\"async\" width=\"1024\" height=\"576\" src=\"https:\/\/conciergemedicine.cz\/wp-content\/uploads\/2026\/01\/dep-oftalmologie-1024x576.webp\" class=\"attachment-large size-large wp-image-11899\" alt=\"Dep oftalmologie\" srcset=\"https:\/\/conciergemedicine.cz\/wp-content\/uploads\/2026\/01\/dep-oftalmologie-1024x576.webp 1024w, https:\/\/conciergemedicine.cz\/wp-content\/uploads\/2026\/01\/dep-oftalmologie-300x169.webp 300w, https:\/\/conciergemedicine.cz\/wp-content\/uploads\/2026\/01\/dep-oftalmologie-768x432.webp 768w, https:\/\/conciergemedicine.cz\/wp-content\/uploads\/2026\/01\/dep-oftalmologie-1536x864.webp 1536w, https:\/\/conciergemedicine.cz\/wp-content\/uploads\/2026\/01\/dep-oftalmologie-18x10.webp 18w, https:\/\/conciergemedicine.cz\/wp-content\/uploads\/2026\/01\/dep-oftalmologie-800x450.webp 800w, https:\/\/conciergemedicine.cz\/wp-content\/uploads\/2026\/01\/dep-oftalmologie-24x14.webp 24w, https:\/\/conciergemedicine.cz\/wp-content\/uploads\/2026\/01\/dep-oftalmologie-36x20.webp 36w, https:\/\/conciergemedicine.cz\/wp-content\/uploads\/2026\/01\/dep-oftalmologie-48x27.webp 48w, https:\/\/conciergemedicine.cz\/wp-content\/uploads\/2026\/01\/dep-oftalmologie.webp 1920w\" sizes=\"(max-width: 1024px) 100vw, 1024px\" \/>\t\t\t\t\t\t\t\t\t\t\t\t\t\t\t<\/div>\n\t\t\t\t<\/div>\n\t\t\t\t<\/div>\n\t\t<div class=\"elementor-element elementor-element-d5b7877 e-con-full e-flex e-con e-child\" data-id=\"d5b7877\" data-element_type=\"container\" data-e-type=\"container\">\n\t\t\t\t<div class=\"elementor-element elementor-element-1fc1e73 elementor-widget elementor-widget-text-editor\" data-id=\"1fc1e73\" data-element_type=\"widget\" data-e-type=\"widget\" data-widget_type=\"text-editor.default\">\n\t\t\t\t<div class=\"elementor-widget-container\">\n\t\t\t\t\t\t\t\t\t<p><span style=\"color: #009b9f; font-weight: bold;\">Oftalmologick\u00e1 p\u00e9\u010de v<\/span><br \/>Concierge Medicine Europe<\/p>\t\t\t\t\t\t\t\t<\/div>\n\t\t\t\t<\/div>\n\t\t\t\t<div class=\"elementor-element elementor-element-41326a4 elementor-widget elementor-widget-text-editor\" data-id=\"41326a4\" data-element_type=\"widget\" data-e-type=\"widget\" data-widget_type=\"text-editor.default\">\n\t\t\t\t<div class=\"elementor-widget-container\">\n\t\t\t\t\t\t\t\t\t<p>Nenechte zrakov\u00e9 pot\u00ed\u017ee ovliv\u0148ovat v\u00e1\u0161 ka\u017edodenn\u00ed \u017eivot. Dop\u0159ejte si profesion\u00e1ln\u00ed, klidnou a individu\u00e1ln\u00ed p\u00e9\u010di o o\u010di bez \u010dek\u00e1n\u00ed a bez kompromis\u016f.<\/p><p>Objevte rozd\u00edl Concierge oftalmologie v r\u00e1mci Centra excelence pro Lifestyle Medicine &amp; Healthy Longevity v Praze.<\/p>\t\t\t\t\t\t\t\t<\/div>\n\t\t\t\t<\/div>\n\t\t\t\t<div class=\"elementor-element elementor-element-fdaf073 elementor-align-left elementor-widget elementor-widget-button\" data-id=\"fdaf073\" data-element_type=\"widget\" data-e-type=\"widget\" data-widget_type=\"button.default\">\n\t\t\t\t<div class=\"elementor-widget-container\">\n\t\t\t\t\t\t\t\t\t<div class=\"elementor-button-wrapper\">\n\t\t\t\t\t<a class=\"elementor-button elementor-button-link elementor-size-sm\" href=\"https:\/\/conciergemedicine.cz\/cs\/contact\/\">\n\t\t\t\t\t\t<span class=\"elementor-button-content-wrapper\">\n\t\t\t\t\t\t\t\t\t<span class=\"elementor-button-text\">KONTAKTUJTE N\u00c1S<\/span>\n\t\t\t\t\t<\/span>\n\t\t\t\t\t<\/a>\n\t\t\t\t<\/div>\n\t\t\t\t\t\t\t\t<\/div>\n\t\t\t\t<\/div>\n\t\t\t\t<\/div>\n\t\t\t\t\t<\/div>\n\t\t\t\t<\/div>\n\t\t\t\t<\/div>","protected":false},"excerpt":{"rendered":"<p>Ophthalmology Concierge Eye Doctor in Prague At Concierge Medicine Europe, we believe that seeing clearly means more than just 20\/20 vision\u2014it means understanding your eye health, protecting it for life, and receiving care that respects your time and individual needs. As a Center of Excellence for Lifestyle Medicine &amp; Healthy Longevity, we also focus on [&hellip;]<\/p>\n","protected":false},"author":8,"featured_media":0,"parent":0,"menu_order":0,"comment_status":"closed","ping_status":"closed","template":"","meta":{"slim_seo":{"title":"Concierge o\u010dn\u00ed klinika v Praze - Concierge Medicine Europe","description":"Na\u0161e o\u010dn\u00ed klinika v Praze nab\u00edz\u00ed prvot\u0159\u00eddn\u00ed o\u010dn\u00ed p\u00e9\u010di, prevenci a l\u00e9\u010dbu o\u010dn\u00edch onemocn\u011bn\u00ed. Sv\u011b\u0159te sv\u016fj zrak zku\u0161en\u00fdm oftalmolog\u016fm v Concierge Medicine Europe."},"footnotes":""},"class_list":["post-11905","page","type-page","status-publish","hentry","entry"],"_links":{"self":[{"href":"https:\/\/conciergemedicine.cz\/cs\/wp-json\/wp\/v2\/pages\/11905","targetHints":{"allow":["GET"]}}],"collection":[{"href":"https:\/\/conciergemedicine.cz\/cs\/wp-json\/wp\/v2\/pages"}],"about":[{"href":"https:\/\/conciergemedicine.cz\/cs\/wp-json\/wp\/v2\/types\/page"}],"author":[{"embeddable":true,"href":"https:\/\/conciergemedicine.cz\/cs\/wp-json\/wp\/v2\/users\/8"}],"replies":[{"embeddable":true,"href":"https:\/\/conciergemedicine.cz\/cs\/wp-json\/wp\/v2\/comments?post=11905"}],"version-history":[{"count":0,"href":"https:\/\/conciergemedicine.cz\/cs\/wp-json\/wp\/v2\/pages\/11905\/revisions"}],"wp:attachment":[{"href":"https:\/\/conciergemedicine.cz\/cs\/wp-json\/wp\/v2\/media?parent=11905"}],"curies":[{"name":"wp","href":"https:\/\/api.w.org\/{rel}","templated":true}]}}