{"id":11840,"date":"2026-01-16T16:40:25","date_gmt":"2026-01-16T16:40:25","guid":{"rendered":"https:\/\/staging.conciergemedicine.cz\/?page_id=11840"},"modified":"2026-04-18T20:11:44","modified_gmt":"2026-04-18T18:11:44","slug":"neurologie","status":"publish","type":"page","link":"https:\/\/conciergemedicine.cz\/cs\/neurology\/","title":{"rendered":"Neurologie"},"content":{"rendered":"<div data-elementor-type=\"wp-page\" data-elementor-id=\"11840\" class=\"elementor elementor-11840\" data-elementor-post-type=\"page\">\n\t\t\t\t<div class=\"elementor-element elementor-element-8f3c796 e-flex e-con-boxed e-con e-parent\" data-id=\"8f3c796\" data-element_type=\"container\" data-e-type=\"container\" data-settings=\"{&quot;background_background&quot;:&quot;classic&quot;}\">\n\t\t\t\t\t<div class=\"e-con-inner\">\n\t\t<div class=\"elementor-element elementor-element-f614531 e-con-full e-flex e-con e-child\" data-id=\"f614531\" data-element_type=\"container\" data-e-type=\"container\">\n\t\t\t\t<div class=\"elementor-element elementor-element-1f2aaa8 elementor-widget elementor-widget-heading\" data-id=\"1f2aaa8\" data-element_type=\"widget\" data-e-type=\"widget\" data-widget_type=\"heading.default\">\n\t\t\t\t<div class=\"elementor-widget-container\">\n\t\t\t\t\t<h1 class=\"elementor-heading-title elementor-size-default\">Neurologie<\/h1>\t\t\t\t<\/div>\n\t\t\t\t<\/div>\n\t\t\t\t<div class=\"elementor-element elementor-element-d214e0a elementor-widget elementor-widget-text-editor\" data-id=\"d214e0a\" data-element_type=\"widget\" data-e-type=\"widget\" data-widget_type=\"text-editor.default\">\n\t\t\t\t<div class=\"elementor-widget-container\">\n\t\t\t\t\t\t\t\t\t<p style=\"text-align: center;\">Neurologick\u00e1 p\u00e9\u010de v r\u00e1mci Concierge Medicine v Praze<\/p>\t\t\t\t\t\t\t\t<\/div>\n\t\t\t\t<\/div>\n\t\t\t\t<\/div>\n\t\t\t\t\t<\/div>\n\t\t\t\t<\/div>\n\t\t<div class=\"elementor-element elementor-element-721f417 e-flex e-con-boxed e-con e-parent\" data-id=\"721f417\" data-element_type=\"container\" data-e-type=\"container\">\n\t\t\t\t\t<div class=\"e-con-inner\">\n\t\t<div class=\"elementor-element elementor-element-496bb69 e-con-full e-flex e-con e-child\" data-id=\"496bb69\" data-element_type=\"container\" data-e-type=\"container\">\n\t\t\t\t<div class=\"elementor-element elementor-element-4482aad elementor-widget elementor-widget-image\" data-id=\"4482aad\" data-element_type=\"widget\" data-e-type=\"widget\" data-widget_type=\"image.default\">\n\t\t\t\t<div class=\"elementor-widget-container\">\n\t\t\t\t\t\t\t\t\t\t\t\t\t\t\t<img fetchpriority=\"high\" decoding=\"async\" width=\"1920\" height=\"1080\" src=\"https:\/\/conciergemedicine.cz\/wp-content\/uploads\/2026\/01\/dep-neurologie-hero.webp\" class=\"attachment-full size-full wp-image-11842\" alt=\"Dep neurologie hero\" srcset=\"https:\/\/conciergemedicine.cz\/wp-content\/uploads\/2026\/01\/dep-neurologie-hero.webp 1920w, https:\/\/conciergemedicine.cz\/wp-content\/uploads\/2026\/01\/dep-neurologie-hero-300x169.webp 300w, https:\/\/conciergemedicine.cz\/wp-content\/uploads\/2026\/01\/dep-neurologie-hero-1024x576.webp 1024w, https:\/\/conciergemedicine.cz\/wp-content\/uploads\/2026\/01\/dep-neurologie-hero-768x432.webp 768w, https:\/\/conciergemedicine.cz\/wp-content\/uploads\/2026\/01\/dep-neurologie-hero-1536x864.webp 1536w, https:\/\/conciergemedicine.cz\/wp-content\/uploads\/2026\/01\/dep-neurologie-hero-18x10.webp 18w, https:\/\/conciergemedicine.cz\/wp-content\/uploads\/2026\/01\/dep-neurologie-hero-800x450.webp 800w, https:\/\/conciergemedicine.cz\/wp-content\/uploads\/2026\/01\/dep-neurologie-hero-24x14.webp 24w, https:\/\/conciergemedicine.cz\/wp-content\/uploads\/2026\/01\/dep-neurologie-hero-36x20.webp 36w, https:\/\/conciergemedicine.cz\/wp-content\/uploads\/2026\/01\/dep-neurologie-hero-48x27.webp 48w\" sizes=\"(max-width: 1920px) 100vw, 1920px\" \/>\t\t\t\t\t\t\t\t\t\t\t\t\t\t\t<\/div>\n\t\t\t\t<\/div>\n\t\t\t\t<\/div>\n\t\t\t\t\t<\/div>\n\t\t\t\t<\/div>\n\t\t<div class=\"elementor-element elementor-element-5e7f511 e-flex e-con-boxed e-con e-parent\" data-id=\"5e7f511\" data-element_type=\"container\" data-e-type=\"container\">\n\t\t\t\t\t<div class=\"e-con-inner\">\n\t\t<div class=\"elementor-element elementor-element-f2f846c e-con-full e-flex e-con e-child\" data-id=\"f2f846c\" data-element_type=\"container\" data-e-type=\"container\">\n\t\t\t\t<div class=\"elementor-element elementor-element-04f8b12 elementor-widget elementor-widget-text-editor\" data-id=\"04f8b12\" data-element_type=\"widget\" data-e-type=\"widget\" data-widget_type=\"text-editor.default\">\n\t\t\t\t<div class=\"elementor-widget-container\">\n\t\t\t\t\t\t\t\t\tV Concierge Medicine Europe v\u011b\u0159\u00edme, \u017ee neurologick\u00e1 p\u00e9\u010de by m\u011bla b\u00fdt stejn\u011b precizn\u00ed, promy\u0161len\u00e1 a individu\u00e1ln\u00ed jako samotn\u00fd lidsk\u00fd mozek a cel\u00fd nervov\u00fd syst\u00e9m. D\u00edky modelu Concierge Medicine z\u00edsk\u00e1te osobn\u00ed a nesp\u011bchaj\u00edc\u00ed p\u00e9\u010di od \u0161pi\u010dkov\u00fdch specialist\u016f \u2013 s empati\u00ed a bez zbyte\u010dn\u00e9ho \u010dek\u00e1n\u00ed.\n<br><br>\nJako Centrum excelence pro Lifestyle Medicine &amp; Healthy Longevity propojujeme nejmodern\u011bj\u0161\u00ed medic\u00ednsk\u00e9 poznatky s ov\u011b\u0159en\u00fdmi zm\u011bnami \u017eivotn\u00edho stylu. A\u0165 u\u017e \u0159e\u0161\u00edte slo\u017eit\u00e9 neurologick\u00e9 onemocn\u011bn\u00ed, \u010dast\u00e9 bolesti hlavy, nebo se zam\u011b\u0159ujete na prevenci a dlouhodob\u00e9 zdrav\u00ed mozku, jsme tu pro v\u00e1s s odbornou a lidskou podporou.\t\t\t\t\t\t\t\t<\/div>\n\t\t\t\t<\/div>\n\t\t\t\t<\/div>\n\t\t<div class=\"elementor-element elementor-element-6d3846c e-con-full e-flex e-con e-child\" data-id=\"6d3846c\" data-element_type=\"container\" data-e-type=\"container\">\n\t\t\t\t<div class=\"elementor-element elementor-element-14fb025 elementor-align-right elementor-mobile-align-left elementor-widget elementor-widget-button\" data-id=\"14fb025\" data-element_type=\"widget\" data-e-type=\"widget\" data-widget_type=\"button.default\">\n\t\t\t\t<div class=\"elementor-widget-container\">\n\t\t\t\t\t\t\t\t\t<div class=\"elementor-button-wrapper\">\n\t\t\t\t\t<a class=\"elementor-button elementor-button-link elementor-size-sm\" href=\"https:\/\/conciergemedicine.cz\/cs\/contact\/\" target=\"_blank\">\n\t\t\t\t\t\t<span class=\"elementor-button-content-wrapper\">\n\t\t\t\t\t\t\t\t\t<span class=\"elementor-button-text\">OBJEDNAT SE K L\u00c9KA\u0158I<\/span>\n\t\t\t\t\t<\/span>\n\t\t\t\t\t<\/a>\n\t\t\t\t<\/div>\n\t\t\t\t\t\t\t\t<\/div>\n\t\t\t\t<\/div>\n\t\t\t\t<\/div>\n\t\t\t\t\t<\/div>\n\t\t\t\t<\/div>\n\t\t<div class=\"elementor-element elementor-element-6916bf7 e-flex e-con-boxed e-con e-parent\" data-id=\"6916bf7\" data-element_type=\"container\" data-e-type=\"container\" data-settings=\"{&quot;background_background&quot;:&quot;classic&quot;}\">\n\t\t\t\t\t<div class=\"e-con-inner\">\n\t\t<div class=\"elementor-element elementor-element-cb6e3b3 e-con-full e-flex e-con e-child\" data-id=\"cb6e3b3\" data-element_type=\"container\" data-e-type=\"container\">\n\t\t\t\t<div class=\"elementor-element elementor-element-999734a elementor-widget elementor-widget-text-editor\" data-id=\"999734a\" data-element_type=\"widget\" data-e-type=\"widget\" data-widget_type=\"text-editor.default\">\n\t\t\t\t<div class=\"elementor-widget-container\">\n\t\t\t\t\t\t\t\t\t<p>V Concierge Medicine Europe nen\u00ed p\u00e9\u010de o mozek nikdy univerz\u00e1ln\u00ed<\/p>\t\t\t\t\t\t\t\t<\/div>\n\t\t\t\t<\/div>\n\t\t\t\t<div class=\"elementor-element elementor-element-5882670 elementor-widget elementor-widget-text-editor\" data-id=\"5882670\" data-element_type=\"widget\" data-e-type=\"widget\" data-widget_type=\"text-editor.default\">\n\t\t\t\t<div class=\"elementor-widget-container\">\n\t\t\t\t\t\t\t\t\t<p>Na\u0161i neurologov\u00e9 l\u00e9\u010d\u00ed \u0161irok\u00e9 spektrum pot\u00ed\u017e\u00ed v\u010detn\u011b migr\u00e9n, Parkinsonovy nemoci, poruch pam\u011bti, neuropatie a dal\u0161\u00edch \u2013 v\u017edy s ohledem na va\u0161e individu\u00e1ln\u00ed pot\u0159eby a \u017eivotn\u00ed styl.<\/p>\t\t\t\t\t\t\t\t<\/div>\n\t\t\t\t<\/div>\n\t\t\t\t<\/div>\n\t\t\t\t\t<\/div>\n\t\t\t\t<\/div>\n\t\t<div class=\"elementor-element elementor-element-15a21ca e-flex e-con-boxed e-con e-parent\" data-id=\"15a21ca\" data-element_type=\"container\" data-e-type=\"container\" data-settings=\"{&quot;background_background&quot;:&quot;classic&quot;}\">\n\t\t\t\t\t<div class=\"e-con-inner\">\n\t\t<div class=\"elementor-element elementor-element-13d43db e-con-full e-flex e-con e-child\" data-id=\"13d43db\" data-element_type=\"container\" data-e-type=\"container\">\n\t\t\t\t<div class=\"elementor-element elementor-element-e00484c elementor-widget elementor-widget-image\" data-id=\"e00484c\" data-element_type=\"widget\" data-e-type=\"widget\" data-widget_type=\"image.default\">\n\t\t\t\t<div class=\"elementor-widget-container\">\n\t\t\t\t\t\t\t\t\t\t\t\t\t\t\t<img decoding=\"async\" width=\"1024\" height=\"576\" src=\"https:\/\/conciergemedicine.cz\/wp-content\/uploads\/2026\/01\/dep-neurologie-tym-1024x576.webp\" class=\"attachment-large size-large wp-image-11852\" alt=\"Dep neurologie tym\" srcset=\"https:\/\/conciergemedicine.cz\/wp-content\/uploads\/2026\/01\/dep-neurologie-tym-1024x576.webp 1024w, https:\/\/conciergemedicine.cz\/wp-content\/uploads\/2026\/01\/dep-neurologie-tym-300x169.webp 300w, https:\/\/conciergemedicine.cz\/wp-content\/uploads\/2026\/01\/dep-neurologie-tym-768x432.webp 768w, https:\/\/conciergemedicine.cz\/wp-content\/uploads\/2026\/01\/dep-neurologie-tym-1536x864.webp 1536w, https:\/\/conciergemedicine.cz\/wp-content\/uploads\/2026\/01\/dep-neurologie-tym-18x10.webp 18w, https:\/\/conciergemedicine.cz\/wp-content\/uploads\/2026\/01\/dep-neurologie-tym-800x450.webp 800w, https:\/\/conciergemedicine.cz\/wp-content\/uploads\/2026\/01\/dep-neurologie-tym-24x14.webp 24w, https:\/\/conciergemedicine.cz\/wp-content\/uploads\/2026\/01\/dep-neurologie-tym-36x20.webp 36w, https:\/\/conciergemedicine.cz\/wp-content\/uploads\/2026\/01\/dep-neurologie-tym-48x27.webp 48w, https:\/\/conciergemedicine.cz\/wp-content\/uploads\/2026\/01\/dep-neurologie-tym.webp 1920w\" sizes=\"(max-width: 1024px) 100vw, 1024px\" \/>\t\t\t\t\t\t\t\t\t\t\t\t\t\t\t<\/div>\n\t\t\t\t<\/div>\n\t\t\t\t<\/div>\n\t\t<div class=\"elementor-element elementor-element-31f458b e-con-full e-flex e-con e-child\" data-id=\"31f458b\" data-element_type=\"container\" data-e-type=\"container\">\n\t\t\t\t<div class=\"elementor-element elementor-element-1cddc27 elementor-widget elementor-widget-text-editor\" data-id=\"1cddc27\" data-element_type=\"widget\" data-e-type=\"widget\" data-widget_type=\"text-editor.default\">\n\t\t\t\t<div class=\"elementor-widget-container\">\n\t\t\t\t\t\t\t\t\t<span style=\"color: #009b9f; font-weight: bold;\">Na\u0161i neurologov\u00e9 se t\u011b\u0161\u00ed<\/span><br>\nna Va\u0161i n\u00e1v\u0161t\u011bvu!\t\t\t\t\t\t\t\t<\/div>\n\t\t\t\t<\/div>\n\t\t\t\t<div class=\"elementor-element elementor-element-0941c9c elementor-widget elementor-widget-text-editor\" data-id=\"0941c9c\" data-element_type=\"widget\" data-e-type=\"widget\" data-widget_type=\"text-editor.default\">\n\t\t\t\t<div class=\"elementor-widget-container\">\n\t\t\t\t\t\t\t\t\t<p>\u27a5 MUDr. Peter Vas\u030cko, Ph.D.<br \/><br \/>Term\u00edn vy\u0161et\u0159en\u00ed na na\u0161ich pra\u017esk\u00fdch klinik\u00e1ch z\u00edsk\u00e1te t\u00e9m\u011b\u0159 okam\u017eit\u011b!<\/p>\t\t\t\t\t\t\t\t<\/div>\n\t\t\t\t<\/div>\n\t\t\t\t<\/div>\n\t\t\t\t\t<\/div>\n\t\t\t\t<\/div>\n\t\t<div class=\"elementor-element elementor-element-d042ea3 e-flex e-con-boxed e-con e-parent\" data-id=\"d042ea3\" data-element_type=\"container\" data-e-type=\"container\">\n\t\t\t\t\t<div class=\"e-con-inner\">\n\t\t<div class=\"elementor-element elementor-element-0653984 e-con-full e-flex e-con e-child\" data-id=\"0653984\" data-element_type=\"container\" data-e-type=\"container\">\n\t\t\t\t<div class=\"elementor-element elementor-element-86d4db5 elementor-widget elementor-widget-text-editor\" data-id=\"86d4db5\" data-element_type=\"widget\" data-e-type=\"widget\" data-widget_type=\"text-editor.default\">\n\t\t\t\t<div class=\"elementor-widget-container\">\n\t\t\t\t\t\t\t\t\t<span style=\"color: #009b9f;\">Nab\u00edz\u00edme tyto<br>\n<\/span> neurologick\u00e9 slu\u017eby:\t\t\t\t\t\t\t\t<\/div>\n\t\t\t\t<\/div>\n\t\t\t\t<div class=\"elementor-element elementor-element-6235604 elementor-widget elementor-widget-text-editor\" data-id=\"6235604\" data-element_type=\"widget\" data-e-type=\"widget\" data-widget_type=\"text-editor.default\">\n\t\t\t\t<div class=\"elementor-widget-container\">\n\t\t\t\t\t\t\t\t\tN\u00e1\u0161 p\u0159\u00edstup k neurologii\t\t\t\t\t\t\t\t<\/div>\n\t\t\t\t<\/div>\n\t\t\t\t<div class=\"elementor-element elementor-element-18c8aa0 elementor-widget elementor-widget-text-editor\" data-id=\"18c8aa0\" data-element_type=\"widget\" data-e-type=\"widget\" data-widget_type=\"text-editor.default\">\n\t\t\t\t<div class=\"elementor-widget-container\">\n\t\t\t\t\t\t\t\t\t<p>V r\u00e1mci na\u0161eho modelu Concierge Medicine nejste \u010d\u00edslem \u2013 jste \u010dlov\u011bkem s jedine\u010dn\u00fdmi zdravotn\u00edmi pot\u0159ebami. Proto kombinujeme pokro\u010dil\u00e9 neurologick\u00e9 poznatky s p\u0159\u00edstupnou a podporuj\u00edc\u00ed p\u00e9\u010d\u00ed.<br \/><br \/>Zam\u011b\u0159ujeme se na dlouhodob\u00e9 zdrav\u00ed mozku prost\u0159ednictv\u00edm:<br \/><br \/>\u2714\ufe0f \u00fapravy \u017eivotn\u00edho stylu pro podporu kognitivn\u00edch funkc\u00ed<br \/>\u2714\ufe0f \u0159\u00edzen\u00ed stresu a optimalizace sp\u00e1nku pro neurologickou rovnov\u00e1hu<br \/>\u2714\ufe0f nutri\u010dn\u00edch strategi\u00ed zam\u011b\u0159en\u00fdch na neuroz\u00e1n\u011bty<br \/>\u2714\ufe0f koordinace p\u00e9\u010de s psychologi\u00ed, kardiologi\u00ed a intern\u00ed medic\u00ednou<br \/>\u2714\ufe0f pe\u010dliv\u00e9ho sledov\u00e1n\u00ed a dlouhodob\u00e9 dostupnosti<br \/><br \/>Jako Centrum excelence pro Lifestyle Medicine &amp; Healthy Longevity vn\u00edm\u00e1me ka\u017ed\u00e9 setk\u00e1n\u00ed s pacientem jako p\u0159\u00edle\u017eitost nejen l\u00e9\u010dit, ale i zlep\u0161it neurologickou pohodu.<\/p>\t\t\t\t\t\t\t\t<\/div>\n\t\t\t\t<\/div>\n\t\t\t\t<div class=\"elementor-element elementor-element-55ccb4b elementor-widget elementor-widget-text-editor\" data-id=\"55ccb4b\" data-element_type=\"widget\" data-e-type=\"widget\" data-widget_type=\"text-editor.default\">\n\t\t\t\t<div class=\"elementor-widget-container\">\n\t\t\t\t\t\t\t\t\t<p>Pro koho je na\u0161e p\u00e9\u010de ur\u010dena<\/p>\t\t\t\t\t\t\t\t<\/div>\n\t\t\t\t<\/div>\n\t\t\t\t<div class=\"elementor-element elementor-element-96cc34b elementor-widget elementor-widget-text-editor\" data-id=\"96cc34b\" data-element_type=\"widget\" data-e-type=\"widget\" data-widget_type=\"text-editor.default\">\n\t\t\t\t<div class=\"elementor-widget-container\">\n\t\t\t\t\t\t\t\t\t<p>Na\u0161e neurologick\u00e1 p\u00e9\u010de je ide\u00e1ln\u00ed pro:<br \/><br \/>\ud83d\udc9a osoby s poruchami pam\u011bti nebo \u010dasn\u00fdmi p\u0159\u00edznaky kognitivn\u00edho oslaben\u00ed<br \/>\ud83d\udc9a pacienty s Parkinsonovou nemoc\u00ed nebo jin\u00fdmi pohybov\u00fdmi poruchami<br \/>\ud83d\udc9a lidi trp\u00edc\u00ed migr\u00e9nami, chronick\u00fdmi bolestmi hlavy nebo nevysv\u011btlen\u00fdmi neurologick\u00fdmi obt\u00ed\u017eemi<br \/>\ud83d\udc9a cizince a mezin\u00e1rodn\u00ed klienty hledaj\u00edc\u00ed neurologickou p\u00e9\u010di v angli\u010dtin\u011b v Praze<br \/>\ud83d\udc9a ka\u017ed\u00e9ho, kdo hled\u00e1 komplexn\u00ed a preventivn\u00ed p\u0159\u00edstup ke zdrav\u00ed mozku<\/p>\t\t\t\t\t\t\t\t<\/div>\n\t\t\t\t<\/div>\n\t\t\t\t<div class=\"elementor-element elementor-element-902dbba elementor-widget elementor-widget-text-editor\" data-id=\"902dbba\" data-element_type=\"widget\" data-e-type=\"widget\" data-widget_type=\"text-editor.default\">\n\t\t\t\t<div class=\"elementor-widget-container\">\n\t\t\t\t\t\t\t\t\t<p>Seznamte se s na\u0161imi neurology<\/p>\t\t\t\t\t\t\t\t<\/div>\n\t\t\t\t<\/div>\n\t\t\t\t<div class=\"elementor-element elementor-element-eae1165 elementor-widget elementor-widget-text-editor\" data-id=\"eae1165\" data-element_type=\"widget\" data-e-type=\"widget\" data-widget_type=\"text-editor.default\">\n\t\t\t\t<div class=\"elementor-widget-container\">\n\t\t\t\t\t\t\t\t\t<p id=\"e020031\" class=\"mb-5\"><b>MUDr. Peter Va\u0161ko, Ph.D.<br \/><\/b><br \/>MUDr. Peter Va\u0161ko, Ph.D., je zku\u0161en\u00fd neurolog s rozs\u00e1hl\u00fdmi pracovn\u00edmi zku\u0161enostmi z renomovan\u00fdch zdravotnick\u00fdch za\u0159\u00edzen\u00ed. Absolvoval L\u00e9ka\u0159skou fakultu Univerzity P.J. \u0160af\u00e1rika v Ko\u0161ic\u00edch, kde promoval s \u010destn\u00fdm uzn\u00e1n\u00edm d\u011bkana za vynikaj\u00edc\u00ed prosp\u011bch a v\u011bdeckou \u010dinnost. Sv\u00e9 postgradu\u00e1ln\u00ed doktorsk\u00e9 studium v oboru Neurov\u011bdy \u00fasp\u011b\u0161n\u011b zakon\u010dil na 3. l\u00e9ka\u0159sk\u00e9 fakult\u011b Univerzity Karlovy v Praze, kde z\u00edskal titul Ph.D. Je dr\u017eitelem specializovan\u00e9 zp\u016fsobilosti k v\u00fdkonu povol\u00e1n\u00ed l\u00e9ka\u0159e v oboru neurologie a certifik\u00e1t\u016f pro funk\u010dn\u00ed licenci v EMG a funk\u010dn\u00ed zp\u016fsobilost v Neurosonologii.<br \/><br \/>MUDr. Va\u0161ko, Ph.D. je kl\u00ed\u010dov\u00fdm \u010dlenem neurologick\u00e9ho t\u00fdmu Concierge Medicine Europe. Sou\u010dasn\u011b p\u016fsob\u00ed jako vedouc\u00ed l\u00e9ka\u0159 JIP a Komplexn\u00edho cerebrovaskul\u00e1rn\u00edho centra (KCC) na Neurologick\u00e9 klinice Fakultn\u00ed nemocnice Kr\u00e1lovsk\u00e9 Vinohrady v Praze a jako asistent na 3. l\u00e9ka\u0159sk\u00e9 fakult\u011b Univerzity Karlovy. D\u0159\u00edve pracoval na neurologick\u00fdch odd\u011blen\u00edch Fakultn\u00ed nemocnice Bulovka v Praze a \u017delezni\u010dnej nemocnice s poliklinikou v Ko\u0161ic\u00edch. Aktivn\u011b se v\u011bnuje v\u011bdeck\u00e9 a v\u00fdzkumn\u00e9 \u010dinnosti, je autorem a spoluautorem mnoha v\u011bdeck\u00fdch \u010dl\u00e1nk\u016f a pravideln\u011b p\u0159edn\u00e1\u0161\u00ed na dom\u00e1c\u00edch i zahrani\u010dn\u00edch neurologick\u00fdch kongresech. Je \u010dlenem \u010cesk\u00e9 neurologick\u00e9 spole\u010dnosti J.E. Purkyn\u011b, \u010cesk\u00e9 spole\u010dnosti klinick\u00e9 Neurofyziologie a \u010cesk\u00e9 l\u00e9ka\u0159sk\u00e9 komory.<\/p>\t\t\t\t\t\t\t\t<\/div>\n\t\t\t\t<\/div>\n\t\t\t\t<div class=\"elementor-element elementor-element-5d72020 elementor-widget elementor-widget-text-editor\" data-id=\"5d72020\" data-element_type=\"widget\" data-e-type=\"widget\" data-widget_type=\"text-editor.default\">\n\t\t\t\t<div class=\"elementor-widget-container\">\n\t\t\t\t\t\t\t\t\t<p>Zku\u0161enosti na\u0161ich klient\u016f<\/p>\t\t\t\t\t\t\t\t<\/div>\n\t\t\t\t<\/div>\n\t\t\t\t<div class=\"elementor-element elementor-element-6de3fc9 elementor-widget elementor-widget-text-editor\" data-id=\"6de3fc9\" data-element_type=\"widget\" data-e-type=\"widget\" data-widget_type=\"text-editor.default\">\n\t\t\t\t<div class=\"elementor-widget-container\">\n\t\t\t\t\t\t\t\t\t<p>\u2b50\u00a0<i>\"Na klinice jsem se c\u00edtil velmi bezpe\u010dn\u011b a neurolog Peter Va\u0161ko m\u011b uklidnil a pomohl mi pochopit, co se skute\u010dn\u011b d\u011bje a jak m\u016fj probl\u00e9m vy\u0159e\u0161it.\"<\/i><i><br \/><\/i><br \/>\u2b50\u00a0<i>\"Byla to moje prvn\u00ed n\u00e1v\u0161t\u011bva u neurologa v CM. Byl p\u0159\u00e1telsk\u00fd, velmi znal\u00fd a up\u0159\u00edmn\u011b se zaj\u00edmal o probl\u00e9m, kter\u00fd m\u011b znepokojoval.\"<\/i><\/p>\t\t\t\t\t\t\t\t<\/div>\n\t\t\t\t<\/div>\n\t\t\t\t<\/div>\n\t\t\t\t\t<\/div>\n\t\t\t\t<\/div>\n\t\t<div class=\"elementor-element elementor-element-2214173 e-flex e-con-boxed e-con e-parent\" data-id=\"2214173\" data-element_type=\"container\" data-e-type=\"container\" data-settings=\"{&quot;background_background&quot;:&quot;classic&quot;}\">\n\t\t\t\t\t<div class=\"e-con-inner\">\n\t\t<div class=\"elementor-element elementor-element-c4cee62 e-con-full e-flex e-con e-child\" data-id=\"c4cee62\" data-element_type=\"container\" data-e-type=\"container\">\n\t\t\t\t<div class=\"elementor-element elementor-element-53abe6e elementor-widget elementor-widget-image\" data-id=\"53abe6e\" data-element_type=\"widget\" data-e-type=\"widget\" data-widget_type=\"image.default\">\n\t\t\t\t<div class=\"elementor-widget-container\">\n\t\t\t\t\t\t\t\t\t\t\t\t\t\t\t<img decoding=\"async\" width=\"1024\" height=\"576\" src=\"https:\/\/conciergemedicine.cz\/wp-content\/uploads\/2026\/01\/dep-neurologie-1024x576.webp\" class=\"attachment-large size-large wp-image-11857\" alt=\"Dep neurologie\" srcset=\"https:\/\/conciergemedicine.cz\/wp-content\/uploads\/2026\/01\/dep-neurologie-1024x576.webp 1024w, https:\/\/conciergemedicine.cz\/wp-content\/uploads\/2026\/01\/dep-neurologie-300x169.webp 300w, https:\/\/conciergemedicine.cz\/wp-content\/uploads\/2026\/01\/dep-neurologie-768x432.webp 768w, https:\/\/conciergemedicine.cz\/wp-content\/uploads\/2026\/01\/dep-neurologie-1536x864.webp 1536w, https:\/\/conciergemedicine.cz\/wp-content\/uploads\/2026\/01\/dep-neurologie-18x10.webp 18w, https:\/\/conciergemedicine.cz\/wp-content\/uploads\/2026\/01\/dep-neurologie-800x450.webp 800w, https:\/\/conciergemedicine.cz\/wp-content\/uploads\/2026\/01\/dep-neurologie-24x14.webp 24w, https:\/\/conciergemedicine.cz\/wp-content\/uploads\/2026\/01\/dep-neurologie-36x20.webp 36w, https:\/\/conciergemedicine.cz\/wp-content\/uploads\/2026\/01\/dep-neurologie-48x27.webp 48w, https:\/\/conciergemedicine.cz\/wp-content\/uploads\/2026\/01\/dep-neurologie.webp 1920w\" sizes=\"(max-width: 1024px) 100vw, 1024px\" \/>\t\t\t\t\t\t\t\t\t\t\t\t\t\t\t<\/div>\n\t\t\t\t<\/div>\n\t\t\t\t<\/div>\n\t\t<div class=\"elementor-element elementor-element-d88e6e9 e-con-full e-flex e-con e-child\" data-id=\"d88e6e9\" data-element_type=\"container\" data-e-type=\"container\">\n\t\t\t\t<div class=\"elementor-element elementor-element-9440da1 elementor-widget elementor-widget-text-editor\" data-id=\"9440da1\" data-element_type=\"widget\" data-e-type=\"widget\" data-widget_type=\"text-editor.default\">\n\t\t\t\t<div class=\"elementor-widget-container\">\n\t\t\t\t\t\t\t\t\t<span style=\"color: #009b9f; font-weight: bold;\">Neurologick\u00e1 p\u00e9\u010de v<\/span><br>\nConcierge Medicine Europe\t\t\t\t\t\t\t\t<\/div>\n\t\t\t\t<\/div>\n\t\t\t\t<div class=\"elementor-element elementor-element-ca001e1 elementor-widget elementor-widget-text-editor\" data-id=\"ca001e1\" data-element_type=\"widget\" data-e-type=\"widget\" data-widget_type=\"text-editor.default\">\n\t\t\t\t<div class=\"elementor-widget-container\">\n\t\t\t\t\t\t\t\t\t<p>Objevte rozd\u00edl neurologie v r\u00e1mci Concierge Medicine v d\u016fv\u011bryhodn\u00e9m Centru excelence pro Lifestyle Medicine &amp; Healthy Longevity.<\/p><p>\u017d\u00e1dn\u00e9 dlouh\u00e9 \u010dekac\u00ed lh\u016fty. \u017d\u00e1dn\u00e9 usp\u011bchan\u00e9 n\u00e1v\u0161t\u011bvy. Jen soust\u0159ed\u011bn\u00e1 p\u00e9\u010de, kter\u00e1 stav\u00ed v\u00e1\u0161 mozek \u2013 a v\u00e1\u0161 \u017eivot \u2013 do centra pozornosti.<\/p>\t\t\t\t\t\t\t\t<\/div>\n\t\t\t\t<\/div>\n\t\t\t\t<div class=\"elementor-element elementor-element-67de8ab elementor-align-left elementor-widget elementor-widget-button\" data-id=\"67de8ab\" data-element_type=\"widget\" data-e-type=\"widget\" data-widget_type=\"button.default\">\n\t\t\t\t<div class=\"elementor-widget-container\">\n\t\t\t\t\t\t\t\t\t<div class=\"elementor-button-wrapper\">\n\t\t\t\t\t<a class=\"elementor-button elementor-button-link elementor-size-sm\" href=\"https:\/\/conciergemedicine.cz\/cs\/contact\/\">\n\t\t\t\t\t\t<span class=\"elementor-button-content-wrapper\">\n\t\t\t\t\t\t\t\t\t<span class=\"elementor-button-text\">KONTAKTUJTE N\u00c1S<\/span>\n\t\t\t\t\t<\/span>\n\t\t\t\t\t<\/a>\n\t\t\t\t<\/div>\n\t\t\t\t\t\t\t\t<\/div>\n\t\t\t\t<\/div>\n\t\t\t\t<\/div>\n\t\t\t\t\t<\/div>\n\t\t\t\t<\/div>\n\t\t\t\t<\/div>","protected":false},"excerpt":{"rendered":"<p>Neurology Concierge Medicine Neurology Care in Prague At Concierge Medicine Europe, we believe that neurological care should be as precise, thoughtful, and personalized as the human brain itself. Through our Concierge Medicine model, you receive individualized, unhurried attention from leading specialists\u2014delivered with compassion and without delay. As a Center of Excellence for Lifestyle Medicine &amp; [&hellip;]<\/p>\n","protected":false},"author":1,"featured_media":0,"parent":0,"menu_order":0,"comment_status":"closed","ping_status":"closed","template":"","meta":{"inline_featured_image":false,"slim_seo":{"title":"Individu\u00e1ln\u00ed neurologick\u00e1 p\u00e9\u010de - Concierge Medicine Europe","description":"Z\u00edskejte prvot\u0159\u00eddn\u00ed neurologickou p\u00e9\u010di a individu\u00e1ln\u00ed p\u0159\u00edstup bez \u010dek\u00e1n\u00ed v Praze a objednejte se na konzultaci."},"footnotes":""},"class_list":["post-11840","page","type-page","status-publish","hentry","entry"],"_links":{"self":[{"href":"https:\/\/conciergemedicine.cz\/cs\/wp-json\/wp\/v2\/pages\/11840","targetHints":{"allow":["GET"]}}],"collection":[{"href":"https:\/\/conciergemedicine.cz\/cs\/wp-json\/wp\/v2\/pages"}],"about":[{"href":"https:\/\/conciergemedicine.cz\/cs\/wp-json\/wp\/v2\/types\/page"}],"author":[{"embeddable":true,"href":"https:\/\/conciergemedicine.cz\/cs\/wp-json\/wp\/v2\/users\/1"}],"replies":[{"embeddable":true,"href":"https:\/\/conciergemedicine.cz\/cs\/wp-json\/wp\/v2\/comments?post=11840"}],"version-history":[{"count":0,"href":"https:\/\/conciergemedicine.cz\/cs\/wp-json\/wp\/v2\/pages\/11840\/revisions"}],"wp:attachment":[{"href":"https:\/\/conciergemedicine.cz\/cs\/wp-json\/wp\/v2\/media?parent=11840"}],"curies":[{"name":"wp","href":"https:\/\/api.w.org\/{rel}","templated":true}]}}