{"id":11814,"date":"2026-01-16T16:35:47","date_gmt":"2026-01-16T16:35:47","guid":{"rendered":"https:\/\/staging.conciergemedicine.cz\/?page_id=11814"},"modified":"2026-04-18T20:08:34","modified_gmt":"2026-04-18T18:08:34","slug":"fyzioterapie","status":"publish","type":"page","link":"https:\/\/conciergemedicine.cz\/cs\/physiotherapy\/","title":{"rendered":"Fyzioterapie"},"content":{"rendered":"<div data-elementor-type=\"wp-page\" data-elementor-id=\"11814\" class=\"elementor elementor-11814\" data-elementor-post-type=\"page\">\n\t\t\t\t<div class=\"elementor-element elementor-element-6d0738c e-flex e-con-boxed e-con e-parent\" data-id=\"6d0738c\" data-element_type=\"container\" data-e-type=\"container\" data-settings=\"{&quot;background_background&quot;:&quot;classic&quot;}\">\n\t\t\t\t\t<div class=\"e-con-inner\">\n\t\t<div class=\"elementor-element elementor-element-d26d089 e-con-full e-flex e-con e-child\" data-id=\"d26d089\" data-element_type=\"container\" data-e-type=\"container\">\n\t\t\t\t<div class=\"elementor-element elementor-element-4e8e55f elementor-widget elementor-widget-heading\" data-id=\"4e8e55f\" data-element_type=\"widget\" data-e-type=\"widget\" data-widget_type=\"heading.default\">\n\t\t\t\t<div class=\"elementor-widget-container\">\n\t\t\t\t\t<h1 class=\"elementor-heading-title elementor-size-default\">Fyzioterapie<\/h1>\t\t\t\t<\/div>\n\t\t\t\t<\/div>\n\t\t\t\t<div class=\"elementor-element elementor-element-422fd48 elementor-widget elementor-widget-text-editor\" data-id=\"422fd48\" data-element_type=\"widget\" data-e-type=\"widget\" data-widget_type=\"text-editor.default\">\n\t\t\t\t<div class=\"elementor-widget-container\">\n\t\t\t\t\t\t\t\t\t<p style=\"text-align: center;\">Concierge fyzioterapie v Praze<\/p>\t\t\t\t\t\t\t\t<\/div>\n\t\t\t\t<\/div>\n\t\t\t\t<\/div>\n\t\t\t\t\t<\/div>\n\t\t\t\t<\/div>\n\t\t<div class=\"elementor-element elementor-element-63b5f11 e-flex e-con-boxed e-con e-parent\" data-id=\"63b5f11\" data-element_type=\"container\" data-e-type=\"container\">\n\t\t\t\t\t<div class=\"e-con-inner\">\n\t\t<div class=\"elementor-element elementor-element-65b2e88 e-con-full e-flex e-con e-child\" data-id=\"65b2e88\" data-element_type=\"container\" data-e-type=\"container\">\n\t\t\t\t<div class=\"elementor-element elementor-element-e5f851d elementor-widget elementor-widget-image\" data-id=\"e5f851d\" data-element_type=\"widget\" data-e-type=\"widget\" data-widget_type=\"image.default\">\n\t\t\t\t<div class=\"elementor-widget-container\">\n\t\t\t\t\t\t\t\t\t\t\t\t\t\t\t<img fetchpriority=\"high\" decoding=\"async\" width=\"1920\" height=\"1080\" src=\"https:\/\/conciergemedicine.cz\/wp-content\/uploads\/2026\/01\/dep-fyzioterapie-hero.webp\" class=\"attachment-full size-full wp-image-11816\" alt=\"Dep fyzioterapie hero\" srcset=\"https:\/\/conciergemedicine.cz\/wp-content\/uploads\/2026\/01\/dep-fyzioterapie-hero.webp 1920w, https:\/\/conciergemedicine.cz\/wp-content\/uploads\/2026\/01\/dep-fyzioterapie-hero-300x169.webp 300w, https:\/\/conciergemedicine.cz\/wp-content\/uploads\/2026\/01\/dep-fyzioterapie-hero-1024x576.webp 1024w, https:\/\/conciergemedicine.cz\/wp-content\/uploads\/2026\/01\/dep-fyzioterapie-hero-768x432.webp 768w, https:\/\/conciergemedicine.cz\/wp-content\/uploads\/2026\/01\/dep-fyzioterapie-hero-1536x864.webp 1536w, https:\/\/conciergemedicine.cz\/wp-content\/uploads\/2026\/01\/dep-fyzioterapie-hero-18x10.webp 18w, https:\/\/conciergemedicine.cz\/wp-content\/uploads\/2026\/01\/dep-fyzioterapie-hero-800x450.webp 800w, https:\/\/conciergemedicine.cz\/wp-content\/uploads\/2026\/01\/dep-fyzioterapie-hero-24x14.webp 24w, https:\/\/conciergemedicine.cz\/wp-content\/uploads\/2026\/01\/dep-fyzioterapie-hero-36x20.webp 36w, https:\/\/conciergemedicine.cz\/wp-content\/uploads\/2026\/01\/dep-fyzioterapie-hero-48x27.webp 48w\" sizes=\"(max-width: 1920px) 100vw, 1920px\" \/>\t\t\t\t\t\t\t\t\t\t\t\t\t\t\t<\/div>\n\t\t\t\t<\/div>\n\t\t\t\t<\/div>\n\t\t\t\t\t<\/div>\n\t\t\t\t<\/div>\n\t\t<div class=\"elementor-element elementor-element-f931fb0 e-flex e-con-boxed e-con e-parent\" data-id=\"f931fb0\" data-element_type=\"container\" data-e-type=\"container\">\n\t\t\t\t\t<div class=\"e-con-inner\">\n\t\t<div class=\"elementor-element elementor-element-fc6c1a3 e-con-full e-flex e-con e-child\" data-id=\"fc6c1a3\" data-element_type=\"container\" data-e-type=\"container\">\n\t\t\t\t<div class=\"elementor-element elementor-element-0175020 elementor-widget elementor-widget-text-editor\" data-id=\"0175020\" data-element_type=\"widget\" data-e-type=\"widget\" data-widget_type=\"text-editor.default\">\n\t\t\t\t<div class=\"elementor-widget-container\">\n\t\t\t\t\t\t\t\t\t<div class=\"col-12 col-md-10 col-lg-8\"><p>V Concierge Medicine Europe vn\u00edm\u00e1me fyzioterapii nejen jako cestu k zotaven\u00ed, ale jako kl\u00ed\u010d k tomu, abyste mohli znovu \u017e\u00edt aktivn\u011b, bez bolesti a s jistotou ve vlastn\u00edm t\u011ble.<\/p><p>Jako Centrum excelence pro Lifestyle Medicine &amp; Healthy Longevity propojujeme klasick\u00e9 fyzioterapeutick\u00e9 metody s celostn\u00edm p\u0159\u00edstupem. V\u011bnujeme pozornost nejen konkr\u00e9tn\u00ed bolesti nebo omezen\u00ed, ale i p\u0159\u00ed\u010din\u00e1m - dr\u017een\u00ed t\u011bla, stresu, z\u00e1n\u011btu, pohybov\u00fdm n\u00e1vyk\u016fm \u010di \u017eivotn\u00edmu stylu.<\/p><\/div>\t\t\t\t\t\t\t\t<\/div>\n\t\t\t\t<\/div>\n\t\t\t\t<\/div>\n\t\t<div class=\"elementor-element elementor-element-aa5a8ab e-con-full e-flex e-con e-child\" data-id=\"aa5a8ab\" data-element_type=\"container\" data-e-type=\"container\">\n\t\t\t\t<div class=\"elementor-element elementor-element-23faf6f elementor-align-right elementor-mobile-align-left elementor-widget elementor-widget-button\" data-id=\"23faf6f\" data-element_type=\"widget\" data-e-type=\"widget\" data-widget_type=\"button.default\">\n\t\t\t\t<div class=\"elementor-widget-container\">\n\t\t\t\t\t\t\t\t\t<div class=\"elementor-button-wrapper\">\n\t\t\t\t\t<a class=\"elementor-button elementor-button-link elementor-size-sm\" href=\"https:\/\/conciergemedicine.cz\/cs\/contact\/\" target=\"_blank\">\n\t\t\t\t\t\t<span class=\"elementor-button-content-wrapper\">\n\t\t\t\t\t\t\t\t\t<span class=\"elementor-button-text\">OBJEDNAT SE K L\u00c9KA\u0158I<\/span>\n\t\t\t\t\t<\/span>\n\t\t\t\t\t<\/a>\n\t\t\t\t<\/div>\n\t\t\t\t\t\t\t\t<\/div>\n\t\t\t\t<\/div>\n\t\t\t\t<\/div>\n\t\t\t\t\t<\/div>\n\t\t\t\t<\/div>\n\t\t<div class=\"elementor-element elementor-element-6435f5b e-flex e-con-boxed e-con e-parent\" data-id=\"6435f5b\" data-element_type=\"container\" data-e-type=\"container\" data-settings=\"{&quot;background_background&quot;:&quot;classic&quot;}\">\n\t\t\t\t\t<div class=\"e-con-inner\">\n\t\t<div class=\"elementor-element elementor-element-c382270 e-con-full e-flex e-con e-child\" data-id=\"c382270\" data-element_type=\"container\" data-e-type=\"container\">\n\t\t\t\t<div class=\"elementor-element elementor-element-1e8c2f7 elementor-widget elementor-widget-text-editor\" data-id=\"1e8c2f7\" data-element_type=\"widget\" data-e-type=\"widget\" data-widget_type=\"text-editor.default\">\n\t\t\t\t<div class=\"elementor-widget-container\">\n\t\t\t\t\t\t\t\t\t<p>Provedeme v\u00e1s cestou obnovy<\/p>\t\t\t\t\t\t\t\t<\/div>\n\t\t\t\t<\/div>\n\t\t\t\t<div class=\"elementor-element elementor-element-eea996d elementor-widget elementor-widget-text-editor\" data-id=\"eea996d\" data-element_type=\"widget\" data-e-type=\"widget\" data-widget_type=\"text-editor.default\">\n\t\t\t\t<div class=\"elementor-widget-container\">\n\t\t\t\t\t\t\t\t\t<p>A\u0165 u\u017e proch\u00e1z\u00edte rekonvalescenc\u00ed po operaci, \u0159e\u0161\u00edte chronickou bolest, nebo se chcete vr\u00e1tit ke sportu, n\u00e1\u0161 t\u00fdm fyzioterapeut\u016f v\u00e1s provede cestou obnovy \u2013 krok za krokem, s jistotou a respektem k va\u0161emu t\u011blu.<\/p>\n<p>Na\u0161e concierge fyzioterapie v\u00e1m nab\u00edz\u00ed odbornou, individu\u00e1ln\u00ed a neru\u0161enou p\u00e9\u010di v na\u0161em modern\u00edm rehabilita\u010dn\u00edm pracovi\u0161ti. Ka\u017ed\u00e9 sezen\u00ed je v\u011bnov\u00e1no pouze v\u00e1m \u2013 bez sp\u011bchu, bez ru\u0161iv\u00fdch vliv\u016f, s pln\u00fdm soust\u0159ed\u011bn\u00edm na va\u0161i regeneraci a c\u00edle.<\/p>\t\t\t\t\t\t\t\t<\/div>\n\t\t\t\t<\/div>\n\t\t\t\t<\/div>\n\t\t\t\t\t<\/div>\n\t\t\t\t<\/div>\n\t\t<div class=\"elementor-element elementor-element-0c0b204 e-flex e-con-boxed e-con e-parent\" data-id=\"0c0b204\" data-element_type=\"container\" data-e-type=\"container\" data-settings=\"{&quot;background_background&quot;:&quot;classic&quot;}\">\n\t\t\t\t\t<div class=\"e-con-inner\">\n\t\t<div class=\"elementor-element elementor-element-b0650ea e-con-full e-flex e-con e-child\" data-id=\"b0650ea\" data-element_type=\"container\" data-e-type=\"container\">\n\t\t\t\t<div class=\"elementor-element elementor-element-fcaf908 elementor-widget elementor-widget-image\" data-id=\"fcaf908\" data-element_type=\"widget\" data-e-type=\"widget\" data-widget_type=\"image.default\">\n\t\t\t\t<div class=\"elementor-widget-container\">\n\t\t\t\t\t\t\t\t\t\t\t\t\t\t\t<img decoding=\"async\" width=\"1024\" height=\"576\" src=\"https:\/\/conciergemedicine.cz\/wp-content\/uploads\/2026\/01\/dep-fyzioterapie-tym-1024x576.webp\" class=\"attachment-large size-large wp-image-11826\" alt=\"Dep fyzioterapie tym\" srcset=\"https:\/\/conciergemedicine.cz\/wp-content\/uploads\/2026\/01\/dep-fyzioterapie-tym-1024x576.webp 1024w, https:\/\/conciergemedicine.cz\/wp-content\/uploads\/2026\/01\/dep-fyzioterapie-tym-300x169.webp 300w, https:\/\/conciergemedicine.cz\/wp-content\/uploads\/2026\/01\/dep-fyzioterapie-tym-768x432.webp 768w, https:\/\/conciergemedicine.cz\/wp-content\/uploads\/2026\/01\/dep-fyzioterapie-tym-1536x864.webp 1536w, https:\/\/conciergemedicine.cz\/wp-content\/uploads\/2026\/01\/dep-fyzioterapie-tym-18x10.webp 18w, https:\/\/conciergemedicine.cz\/wp-content\/uploads\/2026\/01\/dep-fyzioterapie-tym-800x450.webp 800w, https:\/\/conciergemedicine.cz\/wp-content\/uploads\/2026\/01\/dep-fyzioterapie-tym-24x14.webp 24w, https:\/\/conciergemedicine.cz\/wp-content\/uploads\/2026\/01\/dep-fyzioterapie-tym-36x20.webp 36w, https:\/\/conciergemedicine.cz\/wp-content\/uploads\/2026\/01\/dep-fyzioterapie-tym-48x27.webp 48w, https:\/\/conciergemedicine.cz\/wp-content\/uploads\/2026\/01\/dep-fyzioterapie-tym.webp 1920w\" sizes=\"(max-width: 1024px) 100vw, 1024px\" \/>\t\t\t\t\t\t\t\t\t\t\t\t\t\t\t<\/div>\n\t\t\t\t<\/div>\n\t\t\t\t<\/div>\n\t\t<div class=\"elementor-element elementor-element-2dc1e03 e-con-full e-flex e-con e-child\" data-id=\"2dc1e03\" data-element_type=\"container\" data-e-type=\"container\">\n\t\t\t\t<div class=\"elementor-element elementor-element-d1ccb54 elementor-widget elementor-widget-text-editor\" data-id=\"d1ccb54\" data-element_type=\"widget\" data-e-type=\"widget\" data-widget_type=\"text-editor.default\">\n\t\t\t\t<div class=\"elementor-widget-container\">\n\t\t\t\t\t\t\t\t\t<p><span style=\"color: #009b9f; font-weight: bold;\">Na\u0161i fyzioterapeuti se t\u011b\u0161\u00ed <br \/><\/span>na Va\u0161i n\u00e1v\u0161t\u011bvu!<\/p>\t\t\t\t\t\t\t\t<\/div>\n\t\t\t\t<\/div>\n\t\t\t\t<div class=\"elementor-element elementor-element-d282b6e elementor-widget elementor-widget-text-editor\" data-id=\"d282b6e\" data-element_type=\"widget\" data-e-type=\"widget\" data-widget_type=\"text-editor.default\">\n\t\t\t\t<div class=\"elementor-widget-container\">\n\t\t\t\t\t\t\t\t\t<p>\u27a5 Tom\u00e1\u0161 Oppl<br \/>\u27a5 Mgr. Petra Seidlov\u00e1, Cert. MDT<br \/><br \/>Term\u00edn vy\u0161et\u0159en\u00ed na na\u0161ich pra\u017esk\u00fdch klinik\u00e1ch z\u00edsk\u00e1te t\u00e9m\u011b\u0159 okam\u017eit\u011b!<\/p>\t\t\t\t\t\t\t\t<\/div>\n\t\t\t\t<\/div>\n\t\t\t\t<\/div>\n\t\t\t\t\t<\/div>\n\t\t\t\t<\/div>\n\t\t<div class=\"elementor-element elementor-element-55488b4 e-flex e-con-boxed e-con e-parent\" data-id=\"55488b4\" data-element_type=\"container\" data-e-type=\"container\">\n\t\t\t\t\t<div class=\"e-con-inner\">\n\t\t<div class=\"elementor-element elementor-element-17bb6ad e-con-full e-flex e-con e-child\" data-id=\"17bb6ad\" data-element_type=\"container\" data-e-type=\"container\">\n\t\t\t\t<div class=\"elementor-element elementor-element-748a271 elementor-widget elementor-widget-text-editor\" data-id=\"748a271\" data-element_type=\"widget\" data-e-type=\"widget\" data-widget_type=\"text-editor.default\">\n\t\t\t\t<div class=\"elementor-widget-container\">\n\t\t\t\t\t\t\t\t\t<p><span style=\"color: #009b9f;\">Nab\u00edz\u00edme tyto<br><\/span> fyzioterapeutick\u00e9 slu\u017eby:<\/p>\t\t\t\t\t\t\t\t<\/div>\n\t\t\t\t<\/div>\n\t\t\t\t<div class=\"elementor-element elementor-element-a5359cb elementor-widget elementor-widget-text-editor\" data-id=\"a5359cb\" data-element_type=\"widget\" data-e-type=\"widget\" data-widget_type=\"text-editor.default\">\n\t\t\t\t<div class=\"elementor-widget-container\">\n\t\t\t\t\t\t\t\t\t<p>N\u00e1\u0161 p\u0159\u00edstup k fyzioterapii<\/p>\t\t\t\t\t\t\t\t<\/div>\n\t\t\t\t<\/div>\n\t\t\t\t<div class=\"elementor-element elementor-element-4defc05 elementor-widget elementor-widget-text-editor\" data-id=\"4defc05\" data-element_type=\"widget\" data-e-type=\"widget\" data-widget_type=\"text-editor.default\">\n\t\t\t\t<div class=\"elementor-widget-container\">\n\t\t\t\t\t\t\t\t\t<p>V r\u00e1mci Concierge modelu je fyzioterapie skute\u010dn\u011b individu\u00e1ln\u00ed \u2013 bez zkratek, bez kompromis\u016f. Ka\u017ed\u00fd pl\u00e1n vych\u00e1z\u00ed z d\u016fkladn\u00e9ho vy\u0161et\u0159en\u00ed, va\u0161\u00ed aktu\u00e1ln\u00ed kondice i dlouhodob\u00fdch c\u00edl\u016f.<br \/><br \/>Zam\u011b\u0159ujeme se na:<br \/><br \/>\u2714\ufe0f Anal\u00fdzu dr\u017een\u00ed t\u011bla a pohybov\u00fdch vzorc\u016f<br \/>\u2714\ufe0f Manu\u00e1ln\u00ed techniky a mobilizace pro uvoln\u011bn\u00ed kloub\u016f a m\u011bkk\u00fdch tk\u00e1n\u00ed<br \/>\u2714\ufe0f Terapeutick\u00e9 cvi\u010den\u00ed a posilov\u00e1n\u00ed \u0161it\u00e9 na m\u00edru, v\u010detn\u011b specifick\u00fdch cvik\u016f na z\u00e1da<br \/>\u2714\ufe0f Neuromuskul\u00e1rn\u00ed reedukaci a stabiliza\u010dn\u00ed tr\u00e9nink<br \/>\u2714\ufe0f Rehabilitaci po operac\u00edch a sportovn\u00edch \u00farazech<br \/>\u2714\ufe0f Integraci v\u00fd\u017eivy, regenerace, sp\u00e1nku a psychick\u00e9ho stavu<br \/>\u2714\ufe0f Jasn\u00fd dom\u00e1c\u00ed pl\u00e1n a pr\u016fb\u011b\u017en\u00e9 sledov\u00e1n\u00ed pokroku<br \/>\u2714\ufe0f Metody a techniky na m\u00edru pro \u017eeny v t\u011bhotenstv\u00ed a po porodu<br \/>\u2714\ufe0f Diagnostika a l\u00e9\u010dba plochono\u017e\u00ed pro d\u011bti i dosp\u011bl\u00e9<br \/>\u2714\ufe0f Poskytujeme terapii ultrazvukem a r\u00e1zovou vlnou  (v Praze 5)<br \/><br \/>V na\u0161em Centru excelence pro Lifestyle Medicine &amp; Healthy Longevity pom\u00e1h\u00e1me nejen uzdravit \u2013 ale i p\u0159edch\u00e1zet n\u00e1vratu probl\u00e9m\u016f a budovat zdrav\u011bj\u0161\u00ed t\u011blo do budoucna.<\/p>\t\t\t\t\t\t\t\t<\/div>\n\t\t\t\t<\/div>\n\t\t\t\t<div class=\"elementor-element elementor-element-447cfb3 elementor-widget elementor-widget-text-editor\" data-id=\"447cfb3\" data-element_type=\"widget\" data-e-type=\"widget\" data-widget_type=\"text-editor.default\">\n\t\t\t\t<div class=\"elementor-widget-container\">\n\t\t\t\t\t\t\t\t\t<p>Pro koho je na\u0161e p\u00e9\u010de ur\u010dena<\/p>\t\t\t\t\t\t\t\t<\/div>\n\t\t\t\t<\/div>\n\t\t\t\t<div class=\"elementor-element elementor-element-75b4111 elementor-widget elementor-widget-text-editor\" data-id=\"75b4111\" data-element_type=\"widget\" data-e-type=\"widget\" data-widget_type=\"text-editor.default\">\n\t\t\t\t<div class=\"elementor-widget-container\">\n\t\t\t\t\t\t\t\t\t<p>Na\u0161e fyzioterapie je ide\u00e1ln\u00ed pro:<br \/><br \/>\ud83d\udc9a Dosp\u011bl\u00e9 b\u011bhem rekonvalescence po operac\u00edch pohybov\u00e9ho apar\u00e1tu nebo \u00farazech<br \/>\ud83d\udc9a Osoby s chronickou bolest\u00ed zad, ramen, ky\u010dl\u00ed \u010di kolen<br \/>\ud83d\udc9a Sportovce vracej\u00edc\u00ed se po zran\u011bn\u00ed k pln\u00e9 z\u00e1t\u011b\u017ei<br \/>\ud83d\udc9a Klienty s probl\u00e9my s dr\u017een\u00edm t\u011bla, bolestmi hlavy \u010di z\u00e1vrat\u011bmi<br \/>\ud83d\udc9a Cizince a mezin\u00e1rodn\u00ed klienty hledaj\u00edc\u00ed anglicky mluv\u00edc\u00edho fyzioterapeuta v Praze<br \/>\ud83d\udc9a Ka\u017ed\u00e9ho, kdo chce obnovit funkci, s\u00edlu a stabilitu t\u011bla pomoc\u00ed modern\u00ed, c\u00edlen\u00e9 rehabilitace v Praze<br \/>\ud83d\udc9a Teenage\u0159i s poruchou dr\u017een\u00ed t\u011bla<\/p>\t\t\t\t\t\t\t\t<\/div>\n\t\t\t\t<\/div>\n\t\t\t\t<div class=\"elementor-element elementor-element-f068e37 elementor-widget elementor-widget-text-editor\" data-id=\"f068e37\" data-element_type=\"widget\" data-e-type=\"widget\" data-widget_type=\"text-editor.default\">\n\t\t\t\t<div class=\"elementor-widget-container\">\n\t\t\t\t\t\t\t\t\t<p>Seznamte se s na\u0161imi fyzioterapeuty<\/p>\t\t\t\t\t\t\t\t<\/div>\n\t\t\t\t<\/div>\n\t\t\t\t<div class=\"elementor-element elementor-element-3427874 elementor-widget elementor-widget-text-editor\" data-id=\"3427874\" data-element_type=\"widget\" data-e-type=\"widget\" data-widget_type=\"text-editor.default\">\n\t\t\t\t<div class=\"elementor-widget-container\">\n\t\t\t\t\t\t\t\t\t<p id=\"e020031\" class=\"mb-5\"><b>Tom\u00e1\u0161 Oppl<br \/><\/b><br \/>Tom\u00e1\u0161 Oppl je zku\u0161en\u00fdm odborn\u00edkem v oblasti fyzioterapie a kvalifikovan\u00fdm poradcem pro v\u00fd\u017eivu. Absolvoval Akademii t\u011blesn\u00e9 v\u00fdchovy a sportu. Disponuje rozs\u00e1hl\u00fdmi znalostmi terapeutick\u00fdch metod a kontinu\u00e1ln\u011b se vzd\u011bl\u00e1v\u00e1 v nejnov\u011bj\u0161\u00edch postupech oboru, aby poskytoval co nejefektivn\u011bj\u0161\u00ed p\u00e9\u010di sv\u00fdm klient\u016fm.<br \/><br \/>Aktu\u00e1ln\u011b je \u010dlenem t\u00fdmu fyzioterapeut\u016f Concierge Medicine Europe. Sv\u00e9 bohat\u00e9 profesn\u00ed zku\u0161enosti z\u00edskal mimo jin\u00e9 b\u011bhem dlouholet\u00e9ho p\u016fsoben\u00ed (2003-2021) v Canadian Medical, kde se specializoval na rehabilitaci, fyzioterapii a nutri\u010dn\u00ed poradenstv\u00ed. V letech 2012 a\u017e 2018 p\u016fsobil tak\u00e9 jako l\u00e9ka\u0159sk\u00fd konzultant pro Velvyslanectv\u00ed USA v Praze. Ve sv\u00e9 praxi klade d\u016fraz na komplexn\u00ed diagnostiku, manu\u00e1ln\u00ed terapie, speci\u00e1ln\u00ed cvi\u010den\u00ed a fyzik\u00e1ln\u00ed terapii.<br \/><br \/><br \/><b>Mgr. Petra Seidlov\u00e1, Cert. MDT<br \/><\/b><br \/>Mgr. Petra Seidlov\u00e1, Cert. MDT, je zku\u0161en\u00e1 fyzioterapeutka, kter\u00e1 se specializuje na Mechanickou Diagnostiku a Terapii (MDT) dle Robina McKenzieho. Magistersk\u00fd titul v oboru fyzioterapie z\u00edskala na Fakult\u011b t\u011blesn\u00e9 v\u00fdchovy a sportu Univerzity Karlovy v Praze a n\u00e1sledn\u011b absolvovala certifika\u010dn\u00ed program McKenzie Institutu (Cert. MDT). Od roku 2011 se t\u00e9to metod\u011b intenzivn\u011b v\u011bnuje a kontinu\u00e1ln\u011b se v n\u00ed vzd\u011bl\u00e1v\u00e1.<br \/><br \/>Mgr. Seidlov\u00e1 je \u010dlenkou t\u00fdmu fyzioterapeut\u016f Concierge Medicine Europe a z\u00e1rove\u0148 p\u016fsob\u00ed na klinice Canadian Medical. Bohat\u00e9 profesn\u00ed zku\u0161enosti z\u00edskala mimo jin\u00e9 jako vedouc\u00ed fyzioterapeutka v centru Rehaland, p\u0159i pr\u00e1ci s d\u011btsk\u00fdmi pacienty a jako fyzioterapeutka \u010desk\u00fdch sportovn\u00edch reprezenta\u010dn\u00edch t\u00fdm\u016f (fotbal, volejbal). Ve sv\u00e9 praxi se zam\u011b\u0159uje p\u0159edev\u0161\u00edm na diagnostiku, l\u00e9\u010dbu a prevenci poruch pohybov\u00e9ho apar\u00e1tu pomoc\u00ed MDT, s d\u016frazem na aktivn\u00ed zapojen\u00ed pacienta.<\/p>\t\t\t\t\t\t\t\t<\/div>\n\t\t\t\t<\/div>\n\t\t\t\t<div class=\"elementor-element elementor-element-267dfab elementor-widget elementor-widget-text-editor\" data-id=\"267dfab\" data-element_type=\"widget\" data-e-type=\"widget\" data-widget_type=\"text-editor.default\">\n\t\t\t\t<div class=\"elementor-widget-container\">\n\t\t\t\t\t\t\t\t\t<p>Zku\u0161enosti na\u0161ich klient\u016f<\/p>\t\t\t\t\t\t\t\t<\/div>\n\t\t\t\t<\/div>\n\t\t\t\t<div class=\"elementor-element elementor-element-d45438c elementor-widget elementor-widget-text-editor\" data-id=\"d45438c\" data-element_type=\"widget\" data-e-type=\"widget\" data-widget_type=\"text-editor.default\">\n\t\t\t\t<div class=\"elementor-widget-container\">\n\t\t\t\t\t\t\t\t\t<p>\u2b50\u00a0<i>\"Tom\u00e1\u0161 je skv\u011bl\u00fd fyzioterapeut a jeden z nejlep\u0161\u00edch, kter\u00e9 jsem kdy potkal. Dok\u00e1\u017ee identifikovat probl\u00e9my a navrhnout vhodn\u00e1 rehabilita\u010dn\u00ed cvi\u010den\u00ed. Velmi mi pomohl s r\u016fzn\u00fdmi probl\u00e9my. V\u0159ele ho doporu\u010duji.\"<\/i><i><br \/><\/i><i><br \/><\/i>\u2b50\u00a0<i>\"P\u0159\u00edstup fyzioterapeuta Tom\u00e1\u0161e Oppla byl p\u0159\u00e1telsk\u00fd a naprosto profesion\u00e1ln\u00ed, m\u016f\u017eu v\u0159ele doporu\u010dit.\"<\/i><i><br \/><\/i><i><br \/><\/i>\u2b50\u00a0<i>\"Trp\u011bl jsem siln\u00fdmi bolestmi zad a l\u00e9ka\u0159i s fyzioterapeutem mi velmi pomohli - st\u00e1le jsem v terapii, ale situace se ji\u017e ohromn\u011b zlep\u0161ila! Mockr\u00e1t d\u011bkuji!\"<\/i><\/p>\t\t\t\t\t\t\t\t<\/div>\n\t\t\t\t<\/div>\n\t\t\t\t<\/div>\n\t\t\t\t\t<\/div>\n\t\t\t\t<\/div>\n\t\t<div class=\"elementor-element elementor-element-6fc71d7 e-flex e-con-boxed e-con e-parent\" data-id=\"6fc71d7\" data-element_type=\"container\" data-e-type=\"container\" data-settings=\"{&quot;background_background&quot;:&quot;classic&quot;}\">\n\t\t\t\t\t<div class=\"e-con-inner\">\n\t\t<div class=\"elementor-element elementor-element-70de1fd e-con-full e-flex e-con e-child\" data-id=\"70de1fd\" data-element_type=\"container\" data-e-type=\"container\">\n\t\t\t\t<div class=\"elementor-element elementor-element-cfcb2cd elementor-widget elementor-widget-image\" data-id=\"cfcb2cd\" data-element_type=\"widget\" data-e-type=\"widget\" data-widget_type=\"image.default\">\n\t\t\t\t<div class=\"elementor-widget-container\">\n\t\t\t\t\t\t\t\t\t\t\t\t\t\t\t<img decoding=\"async\" width=\"1024\" height=\"576\" src=\"https:\/\/conciergemedicine.cz\/wp-content\/uploads\/2026\/01\/dep-fyzioterapie-1024x576.webp\" class=\"attachment-large size-large wp-image-11830\" alt=\"Dep fyzioterapie\" srcset=\"https:\/\/conciergemedicine.cz\/wp-content\/uploads\/2026\/01\/dep-fyzioterapie-1024x576.webp 1024w, https:\/\/conciergemedicine.cz\/wp-content\/uploads\/2026\/01\/dep-fyzioterapie-300x169.webp 300w, https:\/\/conciergemedicine.cz\/wp-content\/uploads\/2026\/01\/dep-fyzioterapie-768x432.webp 768w, https:\/\/conciergemedicine.cz\/wp-content\/uploads\/2026\/01\/dep-fyzioterapie-1536x864.webp 1536w, https:\/\/conciergemedicine.cz\/wp-content\/uploads\/2026\/01\/dep-fyzioterapie-18x10.webp 18w, https:\/\/conciergemedicine.cz\/wp-content\/uploads\/2026\/01\/dep-fyzioterapie-800x450.webp 800w, https:\/\/conciergemedicine.cz\/wp-content\/uploads\/2026\/01\/dep-fyzioterapie-24x14.webp 24w, https:\/\/conciergemedicine.cz\/wp-content\/uploads\/2026\/01\/dep-fyzioterapie-36x20.webp 36w, https:\/\/conciergemedicine.cz\/wp-content\/uploads\/2026\/01\/dep-fyzioterapie-48x27.webp 48w, https:\/\/conciergemedicine.cz\/wp-content\/uploads\/2026\/01\/dep-fyzioterapie.webp 1920w\" sizes=\"(max-width: 1024px) 100vw, 1024px\" \/>\t\t\t\t\t\t\t\t\t\t\t\t\t\t\t<\/div>\n\t\t\t\t<\/div>\n\t\t\t\t<\/div>\n\t\t<div class=\"elementor-element elementor-element-4c0d706 e-con-full e-flex e-con e-child\" data-id=\"4c0d706\" data-element_type=\"container\" data-e-type=\"container\">\n\t\t\t\t<div class=\"elementor-element elementor-element-8846761 elementor-widget elementor-widget-text-editor\" data-id=\"8846761\" data-element_type=\"widget\" data-e-type=\"widget\" data-widget_type=\"text-editor.default\">\n\t\t\t\t<div class=\"elementor-widget-container\">\n\t\t\t\t\t\t\t\t\t<p><span style=\"color: #009b9f; font-weight: bold;\">Fyzioterapeutick\u00e1 p\u00e9\u010de v<\/span><br \/>Concierge Medicine Europe<\/p>\t\t\t\t\t\t\t\t<\/div>\n\t\t\t\t<\/div>\n\t\t\t\t<div class=\"elementor-element elementor-element-d082011 elementor-widget elementor-widget-text-editor\" data-id=\"d082011\" data-element_type=\"widget\" data-e-type=\"widget\" data-widget_type=\"text-editor.default\">\n\t\t\t\t<div class=\"elementor-widget-container\">\n\t\t\t\t\t\t\t\t\t<p>Z\u00edskejte zp\u011bt svobodu pohybu, sebev\u011bdom\u00ed a fyzickou pohodu.<br \/><br \/>Za\u017eijte Concierge fyzioterapii v na\u0161em Centru excelence pro Lifestyle Medicine &amp; Healthy Longevity - profesion\u00e1ln\u00ed p\u00e9\u010di, kter\u00e1 vych\u00e1z\u00ed z v\u00e1s.<\/p>\t\t\t\t\t\t\t\t<\/div>\n\t\t\t\t<\/div>\n\t\t\t\t<div class=\"elementor-element elementor-element-ede8edb elementor-align-left elementor-widget elementor-widget-button\" data-id=\"ede8edb\" data-element_type=\"widget\" data-e-type=\"widget\" data-widget_type=\"button.default\">\n\t\t\t\t<div class=\"elementor-widget-container\">\n\t\t\t\t\t\t\t\t\t<div class=\"elementor-button-wrapper\">\n\t\t\t\t\t<a class=\"elementor-button elementor-button-link elementor-size-sm\" href=\"https:\/\/conciergemedicine.cz\/cs\/contact\/\">\n\t\t\t\t\t\t<span class=\"elementor-button-content-wrapper\">\n\t\t\t\t\t\t\t\t\t<span class=\"elementor-button-text\">KONTAKTUJTE N\u00c1S<\/span>\n\t\t\t\t\t<\/span>\n\t\t\t\t\t<\/a>\n\t\t\t\t<\/div>\n\t\t\t\t\t\t\t\t<\/div>\n\t\t\t\t<\/div>\n\t\t\t\t<\/div>\n\t\t\t\t\t<\/div>\n\t\t\t\t<\/div>\n\t\t\t\t<\/div>","protected":false},"excerpt":{"rendered":"<p>Physiotherapy Concierge Physiotherapy in Prague At Concierge Medicine Europe, physiotherapy isn\u2019t just about recovery &#8211; it\u2019s about reclaiming your strength, improving function, and moving through life with confidence. As a Center of Excellence for Lifestyle Medicine &amp; Healthy Longevity, we go beyond isolated treatments to look at your whole-body health. We integrate manual therapy, therapeutic [&hellip;]<\/p>\n","protected":false},"author":8,"featured_media":0,"parent":0,"menu_order":0,"comment_status":"closed","ping_status":"closed","template":"","meta":{"slim_seo":{"title":"Komplexn\u00ed fyzioterapie pro v\u00e1\u0161 pohyb - Concierge Medicine Europe","description":"Obnovte sv\u016fj pohyb a zbavte se bolesti d\u00edky individu\u00e1ln\u00ed fyzioterapeutick\u00e9 p\u00e9\u010di v Praze. Objednejte se na konzultaci a za\u017eijte \u00falevu."},"footnotes":""},"class_list":["post-11814","page","type-page","status-publish","hentry","entry"],"_links":{"self":[{"href":"https:\/\/conciergemedicine.cz\/cs\/wp-json\/wp\/v2\/pages\/11814","targetHints":{"allow":["GET"]}}],"collection":[{"href":"https:\/\/conciergemedicine.cz\/cs\/wp-json\/wp\/v2\/pages"}],"about":[{"href":"https:\/\/conciergemedicine.cz\/cs\/wp-json\/wp\/v2\/types\/page"}],"author":[{"embeddable":true,"href":"https:\/\/conciergemedicine.cz\/cs\/wp-json\/wp\/v2\/users\/8"}],"replies":[{"embeddable":true,"href":"https:\/\/conciergemedicine.cz\/cs\/wp-json\/wp\/v2\/comments?post=11814"}],"version-history":[{"count":0,"href":"https:\/\/conciergemedicine.cz\/cs\/wp-json\/wp\/v2\/pages\/11814\/revisions"}],"wp:attachment":[{"href":"https:\/\/conciergemedicine.cz\/cs\/wp-json\/wp\/v2\/media?parent=11814"}],"curies":[{"name":"wp","href":"https:\/\/api.w.org\/{rel}","templated":true}]}}