{"id":11209,"date":"2025-12-15T15:28:43","date_gmt":"2025-12-15T15:28:43","guid":{"rendered":"https:\/\/staging.conciergemedicine.cz\/?page_id=11209"},"modified":"2026-04-07T14:48:33","modified_gmt":"2026-04-07T12:48:33","slug":"ludmila-homolova","status":"publish","type":"page","link":"https:\/\/conciergemedicine.cz\/cs\/doctors\/ludmila-homolova\/","title":{"rendered":"MUDr. \u013dudmila Hubov\u00e1 Homolov\u00e1"},"content":{"rendered":"<div data-elementor-type=\"wp-page\" data-elementor-id=\"11209\" class=\"elementor elementor-11209\" data-elementor-post-type=\"page\">\n\t\t\t\t<div class=\"elementor-element elementor-element-2533af5 e-flex e-con-boxed e-con e-parent\" data-id=\"2533af5\" data-element_type=\"container\" data-e-type=\"container\">\n\t\t\t\t\t<div class=\"e-con-inner\">\n\t\t<div class=\"elementor-element elementor-element-c48b5c2 e-con-full e-flex e-con e-child\" data-id=\"c48b5c2\" data-element_type=\"container\" data-e-type=\"container\">\n\t\t\t\t<div class=\"elementor-element elementor-element-9d39141 elementor-widget elementor-widget-image\" data-id=\"9d39141\" data-element_type=\"widget\" data-e-type=\"widget\" data-widget_type=\"image.default\">\n\t\t\t\t<div class=\"elementor-widget-container\">\n\t\t\t\t\t\t\t\t\t\t\t\t\t\t\t<img fetchpriority=\"high\" decoding=\"async\" width=\"771\" height=\"1024\" src=\"https:\/\/conciergemedicine.cz\/wp-content\/uploads\/2026\/04\/ludmila-homolova-771x1024.webp\" class=\"attachment-large size-large wp-image-17058\" alt=\"Ludmila homolova\" srcset=\"https:\/\/conciergemedicine.cz\/wp-content\/uploads\/2026\/04\/ludmila-homolova-771x1024.webp 771w, https:\/\/conciergemedicine.cz\/wp-content\/uploads\/2026\/04\/ludmila-homolova-226x300.webp 226w, https:\/\/conciergemedicine.cz\/wp-content\/uploads\/2026\/04\/ludmila-homolova-768x1019.webp 768w, https:\/\/conciergemedicine.cz\/wp-content\/uploads\/2026\/04\/ludmila-homolova-9x12.webp 9w, https:\/\/conciergemedicine.cz\/wp-content\/uploads\/2026\/04\/ludmila-homolova-18x24.webp 18w, https:\/\/conciergemedicine.cz\/wp-content\/uploads\/2026\/04\/ludmila-homolova-27x36.webp 27w, https:\/\/conciergemedicine.cz\/wp-content\/uploads\/2026\/04\/ludmila-homolova-36x48.webp 36w, https:\/\/conciergemedicine.cz\/wp-content\/uploads\/2026\/04\/ludmila-homolova.webp 1130w\" sizes=\"(max-width: 771px) 100vw, 771px\" \/>\t\t\t\t\t\t\t\t\t\t\t\t\t\t\t<\/div>\n\t\t\t\t<\/div>\n\t\t\t\t<\/div>\n\t\t<div class=\"elementor-element elementor-element-cb3f55e e-con-full e-flex e-con e-child\" data-id=\"cb3f55e\" data-element_type=\"container\" data-e-type=\"container\">\n\t\t\t\t<div class=\"elementor-element elementor-element-1948165 elementor-widget elementor-widget-heading\" data-id=\"1948165\" data-element_type=\"widget\" data-e-type=\"widget\" data-widget_type=\"heading.default\">\n\t\t\t\t<div class=\"elementor-widget-container\">\n\t\t\t\t\t<h1 class=\"elementor-heading-title elementor-size-default\">MUDr. \u013dudmila Hubov\u00e1 Homolov\u00e1<\/h1>\t\t\t\t<\/div>\n\t\t\t\t<\/div>\n\t\t\t\t<div class=\"elementor-element elementor-element-f3d43cc elementor-widget elementor-widget-text-editor\" data-id=\"f3d43cc\" data-element_type=\"widget\" data-e-type=\"widget\" data-widget_type=\"text-editor.default\">\n\t\t\t\t<div class=\"elementor-widget-container\">\n\t\t\t\t\t\t\t\t\t<p>PRAKTICK\u00dd L\u00c9KA\u0158, KLINICK\u00dd ONKOLOG<\/p>\t\t\t\t\t\t\t\t<\/div>\n\t\t\t\t<\/div>\n\t\t\t\t<div class=\"elementor-element elementor-element-ce2d16e elementor-widget-divider--view-line elementor-widget elementor-widget-divider\" data-id=\"ce2d16e\" data-element_type=\"widget\" data-e-type=\"widget\" data-widget_type=\"divider.default\">\n\t\t\t\t<div class=\"elementor-widget-container\">\n\t\t\t\t\t\t\t<div class=\"elementor-divider\">\n\t\t\t<span class=\"elementor-divider-separator\">\n\t\t\t\t\t\t<\/span>\n\t\t<\/div>\n\t\t\t\t\t\t<\/div>\n\t\t\t\t<\/div>\n\t\t\t\t<div class=\"elementor-element elementor-element-0b77c4e elementor-widget elementor-widget-text-editor\" data-id=\"0b77c4e\" data-element_type=\"widget\" data-e-type=\"widget\" data-widget_type=\"text-editor.default\">\n\t\t\t\t<div class=\"elementor-widget-container\">\n\t\t\t\t\t\t\t\t\t<p>L\u00e9ka\u0159ka s v\u00edce ne\u017e desetiletou prax\u00ed v klinick\u00e9 onkologii a v\u00edce ne\u017e dvouletou zku\u0161enost\u00ed jako v\u0161eobecn\u00e1 praktick\u00e1 l\u00e9ka\u0159ka.<\/p>\t\t\t\t\t\t\t\t<\/div>\n\t\t\t\t<\/div>\n\t\t\t\t<div class=\"elementor-element elementor-element-75cadd7 elementor-widget elementor-widget-text-editor\" data-id=\"75cadd7\" data-element_type=\"widget\" data-e-type=\"widget\" data-widget_type=\"text-editor.default\">\n\t\t\t\t<div class=\"elementor-widget-container\">\n\t\t\t\t\t\t\t\t\t<p><span style=\"color: #003a5d;\"><a style=\"color: #003a5d;\" href=\"#eva\">Dozv\u011bd\u011bt se v\u00edce <strong>\u2193<\/strong><\/a><\/span><\/p>\t\t\t\t\t\t\t\t<\/div>\n\t\t\t\t<\/div>\n\t\t\t\t<\/div>\n\t\t\t\t\t<\/div>\n\t\t\t\t<\/div>\n\t\t<div class=\"elementor-element elementor-element-3db6265 e-flex e-con-boxed e-con e-parent\" data-id=\"3db6265\" data-element_type=\"container\" data-e-type=\"container\" id=\"eva\">\n\t\t\t\t\t<div class=\"e-con-inner\">\n\t\t<div class=\"elementor-element elementor-element-7b87799 e-con-full e-flex e-con e-child\" data-id=\"7b87799\" data-element_type=\"container\" data-e-type=\"container\">\n\t\t\t\t<div class=\"elementor-element elementor-element-a1b416c elementor-widget elementor-widget-heading\" data-id=\"a1b416c\" data-element_type=\"widget\" data-e-type=\"widget\" data-widget_type=\"heading.default\">\n\t\t\t\t<div class=\"elementor-widget-container\">\n\t\t\t\t\t<h2 class=\"elementor-heading-title elementor-size-default\">Osobn\u00ed \u00fadaje<\/h2>\t\t\t\t<\/div>\n\t\t\t\t<\/div>\n\t\t\t\t<div class=\"elementor-element elementor-element-330bc5d elementor-widget elementor-widget-text-editor\" data-id=\"330bc5d\" data-element_type=\"widget\" data-e-type=\"widget\" data-widget_type=\"text-editor.default\">\n\t\t\t\t<div class=\"elementor-widget-container\">\n\t\t\t\t\t\t\t\t\t<p>Datum narozen\u00ed<\/p>\t\t\t\t\t\t\t\t<\/div>\n\t\t\t\t<\/div>\n\t\t\t\t<\/div>\n\t\t\t\t\t<\/div>\n\t\t\t\t<\/div>\n\t\t<div class=\"elementor-element elementor-element-f8d63d5 e-flex e-con-boxed e-con e-parent\" data-id=\"f8d63d5\" data-element_type=\"container\" data-e-type=\"container\">\n\t\t\t\t\t<div class=\"e-con-inner\">\n\t\t<div class=\"elementor-element elementor-element-510fead e-con-full e-flex e-con e-child\" data-id=\"510fead\" data-element_type=\"container\" data-e-type=\"container\">\n\t\t\t\t<div class=\"elementor-element elementor-element-aa8a51a elementor-widget elementor-widget-heading\" data-id=\"aa8a51a\" data-element_type=\"widget\" data-e-type=\"widget\" data-widget_type=\"heading.default\">\n\t\t\t\t<div class=\"elementor-widget-container\">\n\t\t\t\t\t<h2 class=\"elementor-heading-title elementor-size-default\">Pracovn\u00ed zku\u0161enosti<\/h2>\t\t\t\t<\/div>\n\t\t\t\t<\/div>\n\t\t\t\t<\/div>\n\t\t\t\t\t<\/div>\n\t\t\t\t<\/div>\n\t\t<div class=\"elementor-element elementor-element-9cc3286 e-flex e-con-boxed e-con e-parent\" data-id=\"9cc3286\" data-element_type=\"container\" data-e-type=\"container\">\n\t\t\t\t\t<div class=\"e-con-inner\">\n\t\t<div class=\"elementor-element elementor-element-79ad74f e-con-full e-flex e-con e-child\" data-id=\"79ad74f\" data-element_type=\"container\" data-e-type=\"container\">\n\t\t\t\t<div class=\"elementor-element elementor-element-11e42c7 elementor-widget elementor-widget-text-editor\" data-id=\"11e42c7\" data-element_type=\"widget\" data-e-type=\"widget\" data-widget_type=\"text-editor.default\">\n\t\t\t\t<div class=\"elementor-widget-container\">\n\t\t\t\t\t\t\t\t\t<div class=\"col-12 col-md-4 col-lg-3 color-light-green\">2026 - SOU\u010cASNOST<\/div>\t\t\t\t\t\t\t\t<\/div>\n\t\t\t\t<\/div>\n\t\t\t\t<\/div>\n\t\t<div class=\"elementor-element elementor-element-fb064b4 e-con-full e-flex e-con e-child\" data-id=\"fb064b4\" data-element_type=\"container\" data-e-type=\"container\">\n\t\t\t\t<div class=\"elementor-element elementor-element-833e84f elementor-widget elementor-widget-text-editor\" data-id=\"833e84f\" data-element_type=\"widget\" data-e-type=\"widget\" data-widget_type=\"text-editor.default\">\n\t\t\t\t<div class=\"elementor-widget-container\">\n\t\t\t\t\t\t\t\t\t<div class=\"col-12 col-md-8 col-lg-9\"><div class=\"col-12 col-md-8 col-lg-9\"><div class=\"col-12 col-md-8 col-lg-9\">Concierge Medicine Europe s.r.o., Praha \u2013 V\u0161eobecn\u00fd praktick\u00fd l\u00e9ka\u0159<\/div><\/div><\/div>\t\t\t\t\t\t\t\t<\/div>\n\t\t\t\t<\/div>\n\t\t\t\t<\/div>\n\t\t\t\t\t<\/div>\n\t\t\t\t<\/div>\n\t\t<div class=\"elementor-element elementor-element-7b0c7fd e-flex e-con-boxed e-con e-parent\" data-id=\"7b0c7fd\" data-element_type=\"container\" data-e-type=\"container\">\n\t\t\t\t\t<div class=\"e-con-inner\">\n\t\t<div class=\"elementor-element elementor-element-b126d70 e-con-full e-flex e-con e-child\" data-id=\"b126d70\" data-element_type=\"container\" data-e-type=\"container\">\n\t\t\t\t<div class=\"elementor-element elementor-element-f2e0d15 elementor-widget elementor-widget-text-editor\" data-id=\"f2e0d15\" data-element_type=\"widget\" data-e-type=\"widget\" data-widget_type=\"text-editor.default\">\n\t\t\t\t<div class=\"elementor-widget-container\">\n\t\t\t\t\t\t\t\t\t<div class=\"col-12 col-md-4 col-lg-3 color-light-green\"><div class=\"col-12 col-md-4 col-lg-3 color-light-green\"><div class=\"col-12 col-md-4 col-lg-3 color-light-green\">2022 &#8211; 2024<\/div><\/div><\/div>\t\t\t\t\t\t\t\t<\/div>\n\t\t\t\t<\/div>\n\t\t\t\t<\/div>\n\t\t<div class=\"elementor-element elementor-element-e94d64a e-con-full e-flex e-con e-child\" data-id=\"e94d64a\" data-element_type=\"container\" data-e-type=\"container\">\n\t\t\t\t<div class=\"elementor-element elementor-element-b977557 elementor-widget elementor-widget-text-editor\" data-id=\"b977557\" data-element_type=\"widget\" data-e-type=\"widget\" data-widget_type=\"text-editor.default\">\n\t\t\t\t<div class=\"elementor-widget-container\">\n\t\t\t\t\t\t\t\t\t<div class=\"col-12 col-md-8 col-lg-9\">V\u0161eobecn\u00fd praktick\u00fd l\u00e9ka\u0159, Poliklinika Bezru\u010dova, Bratislava, Slovensko<\/div>\t\t\t\t\t\t\t\t<\/div>\n\t\t\t\t<\/div>\n\t\t\t\t<\/div>\n\t\t\t\t\t<\/div>\n\t\t\t\t<\/div>\n\t\t<div class=\"elementor-element elementor-element-65e29d1 e-flex e-con-boxed e-con e-parent\" data-id=\"65e29d1\" data-element_type=\"container\" data-e-type=\"container\">\n\t\t\t\t\t<div class=\"e-con-inner\">\n\t\t<div class=\"elementor-element elementor-element-995d8f9 e-con-full e-flex e-con e-child\" data-id=\"995d8f9\" data-element_type=\"container\" data-e-type=\"container\">\n\t\t\t\t<div class=\"elementor-element elementor-element-44e643e elementor-widget elementor-widget-text-editor\" data-id=\"44e643e\" data-element_type=\"widget\" data-e-type=\"widget\" data-widget_type=\"text-editor.default\">\n\t\t\t\t<div class=\"elementor-widget-container\">\n\t\t\t\t\t\t\t\t\t<div class=\"col-12 col-md-4 col-lg-3 color-light-green\"><div class=\"col-12 col-md-4 col-lg-3 color-light-green\"><div class=\"col-12 col-md-4 col-lg-3 color-light-green\">2022<\/div><\/div><\/div>\t\t\t\t\t\t\t\t<\/div>\n\t\t\t\t<\/div>\n\t\t\t\t<\/div>\n\t\t<div class=\"elementor-element elementor-element-57e1ef5 e-con-full e-flex e-con e-child\" data-id=\"57e1ef5\" data-element_type=\"container\" data-e-type=\"container\">\n\t\t\t\t<div class=\"elementor-element elementor-element-d3c14bf elementor-widget elementor-widget-text-editor\" data-id=\"d3c14bf\" data-element_type=\"widget\" data-e-type=\"widget\" data-widget_type=\"text-editor.default\">\n\t\t\t\t<div class=\"elementor-widget-container\">\n\t\t\t\t\t\t\t\t\t<div class=\"row g-4\"><div class=\"col-12 col-md-8 col-lg-9\"><div class=\"col-12 col-md-8 col-lg-9\"><div class=\"col-12 col-md-8 col-lg-9\">V\u0161eobecn\u00fd praktick\u00fd l\u00e9ka\u0159, Medirect, Bratislava, Slovensko<\/div><\/div><\/div><\/div>\t\t\t\t\t\t\t\t<\/div>\n\t\t\t\t<\/div>\n\t\t\t\t<\/div>\n\t\t\t\t\t<\/div>\n\t\t\t\t<\/div>\n\t\t<div class=\"elementor-element elementor-element-30a9d4b e-flex e-con-boxed e-con e-parent\" data-id=\"30a9d4b\" data-element_type=\"container\" data-e-type=\"container\">\n\t\t\t\t\t<div class=\"e-con-inner\">\n\t\t<div class=\"elementor-element elementor-element-cc4782e e-con-full e-flex e-con e-child\" data-id=\"cc4782e\" data-element_type=\"container\" data-e-type=\"container\">\n\t\t\t\t<div class=\"elementor-element elementor-element-67cd6f7 elementor-widget elementor-widget-text-editor\" data-id=\"67cd6f7\" data-element_type=\"widget\" data-e-type=\"widget\" data-widget_type=\"text-editor.default\">\n\t\t\t\t<div class=\"elementor-widget-container\">\n\t\t\t\t\t\t\t\t\t<div class=\"col-12 col-md-4 col-lg-3 color-light-green\"><div class=\"col-12 col-md-4 col-lg-3 color-light-green\"><div class=\"col-12 col-md-4 col-lg-3 color-light-green\">2007 &#8211; 2022<\/div><\/div><\/div>\t\t\t\t\t\t\t\t<\/div>\n\t\t\t\t<\/div>\n\t\t\t\t<\/div>\n\t\t<div class=\"elementor-element elementor-element-69e5786 e-con-full e-flex e-con e-child\" data-id=\"69e5786\" data-element_type=\"container\" data-e-type=\"container\">\n\t\t\t\t<div class=\"elementor-element elementor-element-3c740b3 elementor-widget elementor-widget-text-editor\" data-id=\"3c740b3\" data-element_type=\"widget\" data-e-type=\"widget\" data-widget_type=\"text-editor.default\">\n\t\t\t\t<div class=\"elementor-widget-container\">\n\t\t\t\t\t\t\t\t\t<div class=\"row g-4\"><div class=\"col-12 col-md-8 col-lg-9\"><div class=\"col-12 col-md-8 col-lg-9\"><div class=\"col-12 col-md-8 col-lg-9\"><div class=\"col-12 col-md-8 col-lg-9\">Klinick\u00fd onkolog, N\u00e1rodn\u00ed onkologick\u00fd \u00fastav, Bratislava, Slovakia<\/div><\/div><\/div><\/div><\/div>\t\t\t\t\t\t\t\t<\/div>\n\t\t\t\t<\/div>\n\t\t\t\t<\/div>\n\t\t\t\t\t<\/div>\n\t\t\t\t<\/div>\n\t\t<div class=\"elementor-element elementor-element-1b4a832 e-flex e-con-boxed e-con e-parent\" data-id=\"1b4a832\" data-element_type=\"container\" data-e-type=\"container\">\n\t\t\t\t\t<div class=\"e-con-inner\">\n\t\t<div class=\"elementor-element elementor-element-f7dae60 e-con-full e-flex e-con e-child\" data-id=\"f7dae60\" data-element_type=\"container\" data-e-type=\"container\">\n\t\t\t\t<div class=\"elementor-element elementor-element-d1489bf elementor-widget elementor-widget-heading\" data-id=\"d1489bf\" data-element_type=\"widget\" data-e-type=\"widget\" data-widget_type=\"heading.default\">\n\t\t\t\t<div class=\"elementor-widget-container\">\n\t\t\t\t\t<h2 class=\"elementor-heading-title elementor-size-default\">Vzd\u011bl\u00e1n\u00ed a kvalifikace\n<\/h2>\t\t\t\t<\/div>\n\t\t\t\t<\/div>\n\t\t\t\t<\/div>\n\t\t\t\t\t<\/div>\n\t\t\t\t<\/div>\n\t\t<div class=\"elementor-element elementor-element-dea011f e-flex e-con-boxed e-con e-parent\" data-id=\"dea011f\" data-element_type=\"container\" data-e-type=\"container\">\n\t\t\t\t\t<div class=\"e-con-inner\">\n\t\t<div class=\"elementor-element elementor-element-0e06b40 e-con-full e-flex e-con e-child\" data-id=\"0e06b40\" data-element_type=\"container\" data-e-type=\"container\">\n\t\t\t\t<div class=\"elementor-element elementor-element-2659341 elementor-widget elementor-widget-text-editor\" data-id=\"2659341\" data-element_type=\"widget\" data-e-type=\"widget\" data-widget_type=\"text-editor.default\">\n\t\t\t\t<div class=\"elementor-widget-container\">\n\t\t\t\t\t\t\t\t\t<div class=\"col-12 col-md-4 col-lg-3 color-light-green\">2022 &#8211; 2023<\/div>\t\t\t\t\t\t\t\t<\/div>\n\t\t\t\t<\/div>\n\t\t\t\t<\/div>\n\t\t<div class=\"elementor-element elementor-element-1eb71a1 e-con-full e-flex e-con e-child\" data-id=\"1eb71a1\" data-element_type=\"container\" data-e-type=\"container\">\n\t\t\t\t<div class=\"elementor-element elementor-element-53cac0c elementor-widget elementor-widget-text-editor\" data-id=\"53cac0c\" data-element_type=\"widget\" data-e-type=\"widget\" data-widget_type=\"text-editor.default\">\n\t\t\t\t<div class=\"elementor-widget-container\">\n\t\t\t\t\t\t\t\t\t<div class=\"col-12 col-md-8 col-lg-9\"><div class=\"col-12 col-md-8 col-lg-9\"><div class=\"col-12 col-md-8 col-lg-9\">Praktick\u00fd l\u00e9ka\u0159<br \/>Jesseniova l\u00e9ka\u0159sk\u00e1 fakulta Univerzity Komensk\u00e9ho, Martin, Slovensko<\/div><\/div><\/div>\t\t\t\t\t\t\t\t<\/div>\n\t\t\t\t<\/div>\n\t\t\t\t<\/div>\n\t\t\t\t\t<\/div>\n\t\t\t\t<\/div>\n\t\t<div class=\"elementor-element elementor-element-f864488 e-flex e-con-boxed e-con e-parent\" data-id=\"f864488\" data-element_type=\"container\" data-e-type=\"container\">\n\t\t\t\t\t<div class=\"e-con-inner\">\n\t\t<div class=\"elementor-element elementor-element-4659d8b e-con-full e-flex e-con e-child\" data-id=\"4659d8b\" data-element_type=\"container\" data-e-type=\"container\">\n\t\t\t\t<div class=\"elementor-element elementor-element-1606db6 elementor-widget elementor-widget-text-editor\" data-id=\"1606db6\" data-element_type=\"widget\" data-e-type=\"widget\" data-widget_type=\"text-editor.default\">\n\t\t\t\t<div class=\"elementor-widget-container\">\n\t\t\t\t\t\t\t\t\t<p>2007 &#8211; 2012<\/p>\t\t\t\t\t\t\t\t<\/div>\n\t\t\t\t<\/div>\n\t\t\t\t<\/div>\n\t\t<div class=\"elementor-element elementor-element-485562b e-con-full e-flex e-con e-child\" data-id=\"485562b\" data-element_type=\"container\" data-e-type=\"container\">\n\t\t\t\t<div class=\"elementor-element elementor-element-f2e54d4 elementor-widget elementor-widget-text-editor\" data-id=\"f2e54d4\" data-element_type=\"widget\" data-e-type=\"widget\" data-widget_type=\"text-editor.default\">\n\t\t\t\t<div class=\"elementor-widget-container\">\n\t\t\t\t\t\t\t\t\t<div class=\"col-12 col-md-8 col-lg-9\"><div class=\"col-12 col-md-8 col-lg-9\"><div class=\"col-12 col-md-8 col-lg-9\">Specializace v oboru klinick\u00e1 onkologie<br \/>Lek\u00e1rska fakulta Univerzity Komensk\u00e9ho, Bratislava, Slovensko<\/div><\/div><\/div>\t\t\t\t\t\t\t\t<\/div>\n\t\t\t\t<\/div>\n\t\t\t\t<\/div>\n\t\t\t\t\t<\/div>\n\t\t\t\t<\/div>\n\t\t<div class=\"elementor-element elementor-element-e8b8407 e-flex e-con-boxed e-con e-parent\" data-id=\"e8b8407\" data-element_type=\"container\" data-e-type=\"container\">\n\t\t\t\t\t<div class=\"e-con-inner\">\n\t\t<div class=\"elementor-element elementor-element-9ce4194 e-con-full e-flex e-con e-child\" data-id=\"9ce4194\" data-element_type=\"container\" data-e-type=\"container\">\n\t\t\t\t<div class=\"elementor-element elementor-element-bad411e elementor-widget elementor-widget-text-editor\" data-id=\"bad411e\" data-element_type=\"widget\" data-e-type=\"widget\" data-widget_type=\"text-editor.default\">\n\t\t\t\t<div class=\"elementor-widget-container\">\n\t\t\t\t\t\t\t\t\t<div class=\"col-12 col-md-4 col-lg-3 color-light-green\">1998 &#8211; 2005<\/div>\t\t\t\t\t\t\t\t<\/div>\n\t\t\t\t<\/div>\n\t\t\t\t<\/div>\n\t\t<div class=\"elementor-element elementor-element-1e98ddf e-con-full e-flex e-con e-child\" data-id=\"1e98ddf\" data-element_type=\"container\" data-e-type=\"container\">\n\t\t\t\t<div class=\"elementor-element elementor-element-5995741 elementor-widget elementor-widget-text-editor\" data-id=\"5995741\" data-element_type=\"widget\" data-e-type=\"widget\" data-widget_type=\"text-editor.default\">\n\t\t\t\t<div class=\"elementor-widget-container\">\n\t\t\t\t\t\t\t\t\t<div class=\"col-12 col-md-8 col-lg-9\"><div class=\"col-12 col-md-8 col-lg-9\"><div class=\"col-12 col-md-8 col-lg-9\">Ukon\u010den\u00ed studia v oboru v\u0161eobecn\u00fd l\u00e9ka\u0159<br \/>Lek\u00e1rska fakulta Univerzity Komensk\u00e9ho, Bratislava, Slovensko<\/div><\/div><\/div>\t\t\t\t\t\t\t\t<\/div>\n\t\t\t\t<\/div>\n\t\t\t\t<\/div>\n\t\t\t\t\t<\/div>\n\t\t\t\t<\/div>\n\t\t<div class=\"elementor-element elementor-element-0662f68 e-flex e-con-boxed e-con e-parent\" data-id=\"0662f68\" data-element_type=\"container\" data-e-type=\"container\">\n\t\t\t\t\t<div class=\"e-con-inner\">\n\t\t<div class=\"elementor-element elementor-element-f0af3aa e-con-full e-flex e-con e-child\" data-id=\"f0af3aa\" data-element_type=\"container\" data-e-type=\"container\">\n\t\t\t\t<div class=\"elementor-element elementor-element-d6135de elementor-widget elementor-widget-heading\" data-id=\"d6135de\" data-element_type=\"widget\" data-e-type=\"widget\" data-widget_type=\"heading.default\">\n\t\t\t\t<div class=\"elementor-widget-container\">\n\t\t\t\t\t<h2 class=\"elementor-heading-title elementor-size-default\">\u010clenstv\u00ed v l\u00e9ka\u0159sk\u00fdch spole\u010dnostech<\/h2>\t\t\t\t<\/div>\n\t\t\t\t<\/div>\n\t\t\t\t<\/div>\n\t\t\t\t\t<\/div>\n\t\t\t\t<\/div>\n\t\t<div class=\"elementor-element elementor-element-fe2ba7d e-flex e-con-boxed e-con e-parent\" data-id=\"fe2ba7d\" data-element_type=\"container\" data-e-type=\"container\">\n\t\t\t\t\t<div class=\"e-con-inner\">\n\t\t<div class=\"elementor-element elementor-element-bf0558f e-con-full e-flex e-con e-child\" data-id=\"bf0558f\" data-element_type=\"container\" data-e-type=\"container\">\n\t\t\t\t<div class=\"elementor-element elementor-element-53b362d elementor-widget elementor-widget-text-editor\" data-id=\"53b362d\" data-element_type=\"widget\" data-e-type=\"widget\" data-widget_type=\"text-editor.default\">\n\t\t\t\t<div class=\"elementor-widget-container\">\n\t\t\t\t\t\t\t\t\t<div class=\"col-12 col-md-4 col-lg-3 color-light-green\"><div class=\"col-12 col-md-4 col-lg-3 color-light-green\">2025 - SOU\u010cASNOST<\/div><\/div>\t\t\t\t\t\t\t\t<\/div>\n\t\t\t\t<\/div>\n\t\t\t\t<\/div>\n\t\t<div class=\"elementor-element elementor-element-19b25b0 e-con-full e-flex e-con e-child\" data-id=\"19b25b0\" data-element_type=\"container\" data-e-type=\"container\">\n\t\t\t\t<div class=\"elementor-element elementor-element-1d6071a elementor-widget elementor-widget-text-editor\" data-id=\"1d6071a\" data-element_type=\"widget\" data-e-type=\"widget\" data-widget_type=\"text-editor.default\">\n\t\t\t\t<div class=\"elementor-widget-container\">\n\t\t\t\t\t\t\t\t\t<div class=\"row g-4\"><div class=\"col-12 col-md-8 col-lg-9\"><div class=\"row g-4\"><div class=\"col-12 col-md-8 col-lg-9\"><div class=\"row g-4\"><div class=\"col-12 col-md-8 col-lg-9\"><div class=\"col-12 col-md-8 col-lg-9\">Slovensk\u00e1 l\u00e9ka\u0159sk\u00e1 komora, Bratislava<\/div><\/div><\/div><\/div><\/div><\/div><\/div>\t\t\t\t\t\t\t\t<\/div>\n\t\t\t\t<\/div>\n\t\t\t\t<\/div>\n\t\t\t\t\t<\/div>\n\t\t\t\t<\/div>\n\t\t<div class=\"elementor-element elementor-element-a59e9ff e-flex e-con-boxed e-con e-parent\" data-id=\"a59e9ff\" data-element_type=\"container\" data-e-type=\"container\">\n\t\t\t\t\t<div class=\"e-con-inner\">\n\t\t<div class=\"elementor-element elementor-element-6c4aac1 e-con-full e-flex e-con e-child\" data-id=\"6c4aac1\" data-element_type=\"container\" data-e-type=\"container\">\n\t\t\t\t<div class=\"elementor-element elementor-element-b1eb65c elementor-widget elementor-widget-heading\" data-id=\"b1eb65c\" data-element_type=\"widget\" data-e-type=\"widget\" data-widget_type=\"heading.default\">\n\t\t\t\t<div class=\"elementor-widget-container\">\n\t\t\t\t\t<h2 class=\"elementor-heading-title elementor-size-default\">Jazyky<\/h2>\t\t\t\t<\/div>\n\t\t\t\t<\/div>\n\t\t\t\t<\/div>\n\t\t\t\t\t<\/div>\n\t\t\t\t<\/div>\n\t\t<div class=\"elementor-element elementor-element-3f03b60 e-flex e-con-boxed e-con e-parent\" data-id=\"3f03b60\" data-element_type=\"container\" data-e-type=\"container\">\n\t\t\t\t\t<div class=\"e-con-inner\">\n\t\t<div class=\"elementor-element elementor-element-0a7fdb1 e-con-full e-flex e-con e-child\" data-id=\"0a7fdb1\" data-element_type=\"container\" data-e-type=\"container\">\n\t\t\t\t<div class=\"elementor-element elementor-element-7030775 elementor-widget elementor-widget-text-editor\" data-id=\"7030775\" data-element_type=\"widget\" data-e-type=\"widget\" data-widget_type=\"text-editor.default\">\n\t\t\t\t<div class=\"elementor-widget-container\">\n\t\t\t\t\t\t\t\t\t<div class=\"row g-4\"><div class=\"col-12 col-md-8 col-lg-9\"><p>Mate\u0159sk\u00fd jazyk: slovensk\u00fd<br \/>Dal\u0161\u00ed jazyky:<br \/>\u2022 \u010de\u0161tina: B2\u2013C1<br \/>\u2022 angli\u010dtina: B2\u2013C1<br \/>\u2022 n\u011bm\u010dina: A2<\/p><\/div><\/div>\t\t\t\t\t\t\t\t<\/div>\n\t\t\t\t<\/div>\n\t\t\t\t<\/div>\n\t\t\t\t\t<\/div>\n\t\t\t\t<\/div>\n\t\t\t\t<\/div>","protected":false},"excerpt":{"rendered":"<p>Ludmila Hubova Homolova, MD GENERAL PRACTITIONER &amp; CLINICAL ONCOLOGIST Medical doctor with more than 10 years of experience in clinical oncology and more than 2 years of experience working as general practitioner. Learn more \u2193 Personal Information Date of birth Medical Employment 2026 &#8211; PRESENTConcierge Medicine Europe s.r.o., Prague \u2013 General Practitioner2022 &#8211; 2024General practitioner, [&hellip;]<\/p>\n","protected":false},"author":1,"featured_media":0,"parent":13730,"menu_order":0,"comment_status":"closed","ping_status":"closed","template":"","meta":{"inline_featured_image":false,"slim_seo":{"title":"MUDr. \u013dudmila Hubov\u00e1 Homolov\u00e1","description":"L\u00e9ka\u0159ka s v\u00edce ne\u017e desetiletou prax\u00ed v klinick\u00e9 onkologii a v\u00edce ne\u017e dvouletou zku\u0161enost\u00ed jako v\u0161eobecn\u00e1 praktick\u00e1 l\u00e9ka\u0159ka."},"footnotes":""},"class_list":["post-11209","page","type-page","status-publish","hentry","entry"],"_links":{"self":[{"href":"https:\/\/conciergemedicine.cz\/cs\/wp-json\/wp\/v2\/pages\/11209","targetHints":{"allow":["GET"]}}],"collection":[{"href":"https:\/\/conciergemedicine.cz\/cs\/wp-json\/wp\/v2\/pages"}],"about":[{"href":"https:\/\/conciergemedicine.cz\/cs\/wp-json\/wp\/v2\/types\/page"}],"author":[{"embeddable":true,"href":"https:\/\/conciergemedicine.cz\/cs\/wp-json\/wp\/v2\/users\/1"}],"replies":[{"embeddable":true,"href":"https:\/\/conciergemedicine.cz\/cs\/wp-json\/wp\/v2\/comments?post=11209"}],"version-history":[{"count":38,"href":"https:\/\/conciergemedicine.cz\/cs\/wp-json\/wp\/v2\/pages\/11209\/revisions"}],"predecessor-version":[{"id":17082,"href":"https:\/\/conciergemedicine.cz\/cs\/wp-json\/wp\/v2\/pages\/11209\/revisions\/17082"}],"up":[{"embeddable":true,"href":"https:\/\/conciergemedicine.cz\/cs\/wp-json\/wp\/v2\/pages\/13730"}],"wp:attachment":[{"href":"https:\/\/conciergemedicine.cz\/cs\/wp-json\/wp\/v2\/media?parent=11209"}],"curies":[{"name":"wp","href":"https:\/\/api.w.org\/{rel}","templated":true}]}}