{"id":10784,"date":"2025-04-14T13:20:29","date_gmt":"2025-04-14T13:20:29","guid":{"rendered":"https:\/\/staging.conciergemedicine.cz\/?page_id=10784"},"modified":"2026-04-18T19:35:24","modified_gmt":"2026-04-18T17:35:24","slug":"alergologie","status":"publish","type":"page","link":"https:\/\/conciergemedicine.cz\/cs\/allergology\/","title":{"rendered":"Alergologie"},"content":{"rendered":"<div data-elementor-type=\"wp-page\" data-elementor-id=\"10784\" class=\"elementor elementor-10784\" data-elementor-post-type=\"page\">\n\t\t\t\t<div class=\"elementor-element elementor-element-202cf26 e-flex e-con-boxed e-con e-parent\" data-id=\"202cf26\" data-element_type=\"container\" data-e-type=\"container\" data-settings=\"{&quot;background_background&quot;:&quot;classic&quot;}\">\n\t\t\t\t\t<div class=\"e-con-inner\">\n\t\t\t\t<div class=\"elementor-element elementor-element-7c47ef1 elementor-widget elementor-widget-heading\" data-id=\"7c47ef1\" data-element_type=\"widget\" data-e-type=\"widget\" data-widget_type=\"heading.default\">\n\t\t\t\t<div class=\"elementor-widget-container\">\n\t\t\t\t\t<h1 class=\"elementor-heading-title elementor-size-default\">Alergologie<\/h1>\t\t\t\t<\/div>\n\t\t\t\t<\/div>\n\t\t\t\t<div class=\"elementor-element elementor-element-28505c3 elementor-widget elementor-widget-text-editor\" data-id=\"28505c3\" data-element_type=\"widget\" data-e-type=\"widget\" data-widget_type=\"text-editor.default\">\n\t\t\t\t<div class=\"elementor-widget-container\">\n\t\t\t\t\t\t\t\t\t<p style=\"text-align: center;\">Concierge p\u00e9\u010de v oblasti alergologie a klinick\u00e9 imunologie v Praze<\/p>\t\t\t\t\t\t\t\t<\/div>\n\t\t\t\t<\/div>\n\t\t\t\t\t<\/div>\n\t\t\t\t<\/div>\n\t\t<div class=\"elementor-element elementor-element-cafce57 e-flex e-con-boxed e-con e-parent\" data-id=\"cafce57\" data-element_type=\"container\" data-e-type=\"container\">\n\t\t\t\t\t<div class=\"e-con-inner\">\n\t\t\t\t<div class=\"elementor-element elementor-element-cf5c08d elementor-widget elementor-widget-image\" data-id=\"cf5c08d\" data-element_type=\"widget\" data-e-type=\"widget\" data-widget_type=\"image.default\">\n\t\t\t\t<div class=\"elementor-widget-container\">\n\t\t\t\t\t\t\t\t\t\t\t\t\t\t\t<img fetchpriority=\"high\" decoding=\"async\" width=\"1920\" height=\"1080\" src=\"https:\/\/conciergemedicine.cz\/wp-content\/uploads\/2025\/04\/dep-alergologie-hero.webp\" class=\"attachment-full size-full wp-image-10786\" alt=\"Dep alergologie hero\" srcset=\"https:\/\/conciergemedicine.cz\/wp-content\/uploads\/2025\/04\/dep-alergologie-hero.webp 1920w, https:\/\/conciergemedicine.cz\/wp-content\/uploads\/2025\/04\/dep-alergologie-hero-300x169.webp 300w, https:\/\/conciergemedicine.cz\/wp-content\/uploads\/2025\/04\/dep-alergologie-hero-1024x576.webp 1024w, https:\/\/conciergemedicine.cz\/wp-content\/uploads\/2025\/04\/dep-alergologie-hero-768x432.webp 768w, https:\/\/conciergemedicine.cz\/wp-content\/uploads\/2025\/04\/dep-alergologie-hero-1536x864.webp 1536w, https:\/\/conciergemedicine.cz\/wp-content\/uploads\/2025\/04\/dep-alergologie-hero-18x10.webp 18w, https:\/\/conciergemedicine.cz\/wp-content\/uploads\/2025\/04\/dep-alergologie-hero-800x450.webp 800w, https:\/\/conciergemedicine.cz\/wp-content\/uploads\/2025\/04\/dep-alergologie-hero-24x14.webp 24w, https:\/\/conciergemedicine.cz\/wp-content\/uploads\/2025\/04\/dep-alergologie-hero-36x20.webp 36w, https:\/\/conciergemedicine.cz\/wp-content\/uploads\/2025\/04\/dep-alergologie-hero-48x27.webp 48w\" sizes=\"(max-width: 1920px) 100vw, 1920px\" \/>\t\t\t\t\t\t\t\t\t\t\t\t\t\t\t<\/div>\n\t\t\t\t<\/div>\n\t\t\t\t\t<\/div>\n\t\t\t\t<\/div>\n\t\t<div class=\"elementor-element elementor-element-4872808 e-flex e-con-boxed e-con e-parent\" data-id=\"4872808\" data-element_type=\"container\" data-e-type=\"container\">\n\t\t\t\t\t<div class=\"e-con-inner\">\n\t\t<div class=\"elementor-element elementor-element-2a30664 e-con-full e-flex e-con e-child\" data-id=\"2a30664\" data-element_type=\"container\" data-e-type=\"container\">\n\t\t\t\t<div class=\"elementor-element elementor-element-4ad2b82 elementor-widget elementor-widget-text-editor\" data-id=\"4ad2b82\" data-element_type=\"widget\" data-e-type=\"widget\" data-widget_type=\"text-editor.default\">\n\t\t\t\t<div class=\"elementor-widget-container\">\n\t\t\t\t\t\t\t\t\t<div class=\"col-12 col-md-10 col-lg-8\"><p>V Concierge Medicine Europe v\u00edme, \u017ee alergie a poruchy imunity mohou v\u00fdrazn\u011b ovlivnit kvalitu \u017eivota. Proto nab\u00edz\u00edme modern\u00ed alergologickou p\u00e9\u010di bez \u010dek\u00e1n\u00ed, bez stresu a s d\u016frazem na individu\u00e1ln\u00ed p\u0159\u00edstup.<\/p><p>Jako Centrum excelence v oblasti lifestyle medic\u00edny spojujeme nejnov\u011bj\u0161\u00ed l\u00e9ka\u0159sk\u00e9 poznatky s ov\u011b\u0159en\u00fdmi zm\u011bnami \u017eivotn\u00edho stylu \u2013 pro \u00fa\u010dinnou identifikaci spou\u0161t\u011b\u010d\u016f, sn\u00ed\u017een\u00ed z\u00e1n\u011btu a pos\u00edlen\u00ed obranyschopnosti organismu. A\u0165 u\u017e \u0159e\u0161\u00edte chronick\u00e9 alergick\u00e9 reakce nebo hled\u00e1te prevenci, nab\u00edz\u00edme v\u00e1m p\u00e9\u010di s jasnost\u00ed, d\u016fslednost\u00ed a lidsk\u00fdm p\u0159\u00edstupem.<\/p><\/div>\t\t\t\t\t\t\t\t<\/div>\n\t\t\t\t<\/div>\n\t\t\t\t<\/div>\n\t\t<div class=\"elementor-element elementor-element-d0ea75d e-con-full e-flex e-con e-child\" data-id=\"d0ea75d\" data-element_type=\"container\" data-e-type=\"container\">\n\t\t\t\t<div class=\"elementor-element elementor-element-8d2c06f elementor-align-right elementor-mobile-align-left elementor-widget elementor-widget-button\" data-id=\"8d2c06f\" data-element_type=\"widget\" data-e-type=\"widget\" data-widget_type=\"button.default\">\n\t\t\t\t<div class=\"elementor-widget-container\">\n\t\t\t\t\t\t\t\t\t<div class=\"elementor-button-wrapper\">\n\t\t\t\t\t<a class=\"elementor-button elementor-button-link elementor-size-sm\" href=\"https:\/\/conciergemedicine.cz\/cs\/contact\/\" target=\"_blank\">\n\t\t\t\t\t\t<span class=\"elementor-button-content-wrapper\">\n\t\t\t\t\t\t\t\t\t<span class=\"elementor-button-text\">OBJEDNAT SE K L\u00c9KA\u0158I<\/span>\n\t\t\t\t\t<\/span>\n\t\t\t\t\t<\/a>\n\t\t\t\t<\/div>\n\t\t\t\t\t\t\t\t<\/div>\n\t\t\t\t<\/div>\n\t\t\t\t<\/div>\n\t\t\t\t\t<\/div>\n\t\t\t\t<\/div>\n\t\t<div class=\"elementor-element elementor-element-1ec8108 e-flex e-con-boxed e-con e-parent\" data-id=\"1ec8108\" data-element_type=\"container\" data-e-type=\"container\" data-settings=\"{&quot;background_background&quot;:&quot;classic&quot;}\">\n\t\t\t\t\t<div class=\"e-con-inner\">\n\t\t\t\t<div class=\"elementor-element elementor-element-a93ee36 elementor-widget elementor-widget-text-editor\" data-id=\"a93ee36\" data-element_type=\"widget\" data-e-type=\"widget\" data-widget_type=\"text-editor.default\">\n\t\t\t\t<div class=\"elementor-widget-container\">\n\t\t\t\t\t\t\t\t\t<p style=\"text-align: center;\">Zdrav\u00ed va\u0161eho imunitn\u00edho syst\u00e9mu na\u0161\u00ed<br> prioritou<\/p>\t\t\t\t\t\t\t\t<\/div>\n\t\t\t\t<\/div>\n\t\t\t\t<div class=\"elementor-element elementor-element-9344e8d elementor-widget elementor-widget-text-editor\" data-id=\"9344e8d\" data-element_type=\"widget\" data-e-type=\"widget\" data-widget_type=\"text-editor.default\">\n\t\t\t\t<div class=\"elementor-widget-container\">\n\t\t\t\t\t\t\t\t\t<p>L\u00e9\u010d\u00edme \u0161irok\u00e9 spektrum alergologick\u00fdch a imunologick\u00fdch pot\u00ed\u017e\u00ed v\u010detn\u011b pylov\u00fdch alergi\u00ed, potravinov\u00fdch intoleranc\u00ed,<br \/>astmatu, ekz\u00e9m\u016f, chronick\u00e9 r\u00fdmy a poruch imunity \u2013 v\u017edy s respektem k va\u0161im pot\u0159eb\u00e1m a \u017eivotn\u00edmu stylu.<\/p>\t\t\t\t\t\t\t\t<\/div>\n\t\t\t\t<\/div>\n\t\t\t\t\t<\/div>\n\t\t\t\t<\/div>\n\t\t<div class=\"elementor-element elementor-element-f372a89 e-flex e-con-boxed e-con e-parent\" data-id=\"f372a89\" data-element_type=\"container\" data-e-type=\"container\">\n\t\t\t\t\t<div class=\"e-con-inner\">\n\t\t<div class=\"elementor-element elementor-element-32a87f9 e-con-full e-flex e-con e-child\" data-id=\"32a87f9\" data-element_type=\"container\" data-e-type=\"container\">\n\t\t\t\t<div class=\"elementor-element elementor-element-ccb3fd4 elementor-widget elementor-widget-image\" data-id=\"ccb3fd4\" data-element_type=\"widget\" data-e-type=\"widget\" data-widget_type=\"image.default\">\n\t\t\t\t<div class=\"elementor-widget-container\">\n\t\t\t\t\t\t\t\t\t\t\t\t\t\t\t<img decoding=\"async\" width=\"1024\" height=\"576\" src=\"https:\/\/conciergemedicine.cz\/wp-content\/uploads\/2026\/04\/dep-alergologie-tym-2-1024x576.webp\" class=\"attachment-large size-large wp-image-17388\" alt=\"Dep alergologie tym\" srcset=\"https:\/\/conciergemedicine.cz\/wp-content\/uploads\/2026\/04\/dep-alergologie-tym-2-1024x576.webp 1024w, https:\/\/conciergemedicine.cz\/wp-content\/uploads\/2026\/04\/dep-alergologie-tym-2-300x169.webp 300w, https:\/\/conciergemedicine.cz\/wp-content\/uploads\/2026\/04\/dep-alergologie-tym-2-768x432.webp 768w, https:\/\/conciergemedicine.cz\/wp-content\/uploads\/2026\/04\/dep-alergologie-tym-2-1536x864.webp 1536w, https:\/\/conciergemedicine.cz\/wp-content\/uploads\/2026\/04\/dep-alergologie-tym-2-18x10.webp 18w, https:\/\/conciergemedicine.cz\/wp-content\/uploads\/2026\/04\/dep-alergologie-tym-2-800x450.webp 800w, https:\/\/conciergemedicine.cz\/wp-content\/uploads\/2026\/04\/dep-alergologie-tym-2-24x14.webp 24w, https:\/\/conciergemedicine.cz\/wp-content\/uploads\/2026\/04\/dep-alergologie-tym-2-36x20.webp 36w, https:\/\/conciergemedicine.cz\/wp-content\/uploads\/2026\/04\/dep-alergologie-tym-2-48x27.webp 48w, https:\/\/conciergemedicine.cz\/wp-content\/uploads\/2026\/04\/dep-alergologie-tym-2.webp 1920w\" sizes=\"(max-width: 1024px) 100vw, 1024px\" \/>\t\t\t\t\t\t\t\t\t\t\t\t\t\t\t<\/div>\n\t\t\t\t<\/div>\n\t\t\t\t<\/div>\n\t\t<div class=\"elementor-element elementor-element-353750e e-con-full e-flex e-con e-child\" data-id=\"353750e\" data-element_type=\"container\" data-e-type=\"container\">\n\t\t\t\t<div class=\"elementor-element elementor-element-db415b9 elementor-widget elementor-widget-text-editor\" data-id=\"db415b9\" data-element_type=\"widget\" data-e-type=\"widget\" data-widget_type=\"text-editor.default\">\n\t\t\t\t<div class=\"elementor-widget-container\">\n\t\t\t\t\t\t\t\t\t<p><span style=\"color: #009b9f; font-weight: bold;\">Na\u0161i alergologov\u00e9 se t\u011b\u0161\u00ed <br \/><\/span>na Va\u0161i n\u00e1v\u0161t\u011bvu!<\/p>\t\t\t\t\t\t\t\t<\/div>\n\t\t\t\t<\/div>\n\t\t\t\t<div class=\"elementor-element elementor-element-65efda8 elementor-widget elementor-widget-text-editor\" data-id=\"65efda8\" data-element_type=\"widget\" data-e-type=\"widget\" data-widget_type=\"text-editor.default\">\n\t\t\t\t<div class=\"elementor-widget-container\">\n\t\t\t\t\t\t\t\t\t<p>\u27a5 MUDr. Monika \u010cerm\u00e1kov\u00e1<br \/>\u27a5 MUDr. Tom\u00e1\u0161 Slisz<br \/>\u27a5 MUDr. Jakub \u0160t\u00e1dler<br \/><br \/>Term\u00edn vy\u0161et\u0159en\u00ed na na\u0161ich pra\u017esk\u00fdch klinik\u00e1ch z\u00edsk\u00e1te t\u00e9m\u011b\u0159 okam\u017eit\u011b!<\/p><section class=\"bg-white\"><div class=\"container\"><div class=\"row g-5\"><div class=\"col-12 col-lg-9 col-xl-8\">\u00a0<\/div><\/div><\/div><\/section>\t\t\t\t\t\t\t\t<\/div>\n\t\t\t\t<\/div>\n\t\t\t\t<\/div>\n\t\t\t\t\t<\/div>\n\t\t\t\t<\/div>\n\t\t<div class=\"elementor-element elementor-element-ee65280 e-flex e-con-boxed e-con e-parent\" data-id=\"ee65280\" data-element_type=\"container\" data-e-type=\"container\">\n\t\t\t\t\t<div class=\"e-con-inner\">\n\t\t\t\t<div class=\"elementor-element elementor-element-9c18e3d elementor-widget elementor-widget-text-editor\" data-id=\"9c18e3d\" data-element_type=\"widget\" data-e-type=\"widget\" data-widget_type=\"text-editor.default\">\n\t\t\t\t<div class=\"elementor-widget-container\">\n\t\t\t\t\t\t\t\t\t<p><span style=\"color: #009b9f;\">Nab\u00edz\u00edme tyto<\/span><br \/>alergologick\u00e9 slu\u017eby:<\/p>\t\t\t\t\t\t\t\t<\/div>\n\t\t\t\t<\/div>\n\t\t\t\t<div class=\"elementor-element elementor-element-fe530df elementor-widget elementor-widget-text-editor\" data-id=\"fe530df\" data-element_type=\"widget\" data-e-type=\"widget\" data-widget_type=\"text-editor.default\">\n\t\t\t\t<div class=\"elementor-widget-container\">\n\t\t\t\t\t\t\t\t\t<p>N\u00e1\u0161 p\u0159\u00edstup k alergologii<\/p>\t\t\t\t\t\t\t\t<\/div>\n\t\t\t\t<\/div>\n\t\t\t\t<div class=\"elementor-element elementor-element-ffe6f9d elementor-widget elementor-widget-text-editor\" data-id=\"ffe6f9d\" data-element_type=\"widget\" data-e-type=\"widget\" data-widget_type=\"text-editor.default\">\n\t\t\t\t<div class=\"elementor-widget-container\">\n\t\t\t\t\t\t\t\t\t<p>D\u00edky modelu Concierge Medicine m\u00e1te v\u00edce \u010dasu, hlub\u0161\u00ed porozum\u011bn\u00ed a snadn\u00fd p\u0159\u00edstup k p\u00e9\u010di, kter\u00e1 se vyv\u00edj\u00ed spolu s va\u0161imi pot\u0159ebami. Zam\u011b\u0159ujeme se na dlouhodobou \u00falevu od alergi\u00ed a rovnov\u00e1hu imunitn\u00edho syst\u00e9mu prost\u0159ednictv\u00edm:<br \/><br \/>\u2714\ufe0f Pokro\u010dil\u00e9ho alergologick\u00e9ho testov\u00e1n\u00ed a jeho odborn\u00e9 interpretace<br \/>\u2714\ufe0f Elimina\u010dn\u00edch dietn\u00edch protokol\u016f a c\u00edlen\u00e9ho navracen\u00ed potravin<br \/>\u2714\ufe0f Imunoterapie (alergenov\u00e9 vakc\u00edny, kapky)<br \/>\u2714\ufe0f Podpory zdrav\u00e9ho mikrobiomu a st\u0159evn\u00ed imunity<br \/>\u2714\ufe0f \u0158\u00edzen\u00ed stresu, sp\u00e1nku a z\u00e1n\u011btliv\u00fdch proces\u016f<br \/>\u2714\ufe0f Personalizovan\u00fdch doporu\u010den\u00ed ohledn\u011b dopl\u0148k\u016f stravy a medikace<br \/>\u2714\ufe0f Dlouhodob\u00e9ho sledov\u00e1n\u00ed a dostupnosti<br \/><br \/>Jako Centrum excelence v oblasti lifestyle medic\u00edny nevn\u00edm\u00e1me p\u00e9\u010di jen jako l\u00e9\u010dbu p\u0159\u00edznak\u016f, ale jako cestu ke skute\u010dn\u00e9mu \u0159e\u0161en\u00ed.<\/p>\t\t\t\t\t\t\t\t<\/div>\n\t\t\t\t<\/div>\n\t\t\t\t<div class=\"elementor-element elementor-element-764718b elementor-widget elementor-widget-text-editor\" data-id=\"764718b\" data-element_type=\"widget\" data-e-type=\"widget\" data-widget_type=\"text-editor.default\">\n\t\t\t\t<div class=\"elementor-widget-container\">\n\t\t\t\t\t\t\t\t\t<p><span style=\"color: #009b9f;\">Pro koho je na\u0161e p\u00e9\u010de ur\u010dena<\/span><\/p>\t\t\t\t\t\t\t\t<\/div>\n\t\t\t\t<\/div>\n\t\t\t\t<div class=\"elementor-element elementor-element-3506737 elementor-widget elementor-widget-text-editor\" data-id=\"3506737\" data-element_type=\"widget\" data-e-type=\"widget\" data-widget_type=\"text-editor.default\">\n\t\t\t\t<div class=\"elementor-widget-container\">\n\t\t\t\t\t\t\t\t\t<p>Na\u0161e alergologick\u00e1 a imunologick\u00e1 p\u00e9\u010de je vhodn\u00e1 pro:<\/p><p>\ud83d\udc9a Dosp\u011bl\u00e9 a d\u011bti s pylov\u00fdmi, potravinov\u00fdmi nebo kontaktn\u00edmi alergiemi<br \/>\ud83d\udc9a Osoby s astmatem, ekz\u00e9mem nebo chronickou r\u00fdmou<br \/>\ud83d\udc9a Klienty s nevysv\u011btliteln\u00fdmi vyr\u00e1\u017ekami, \u00fanavou nebo st\u0159evn\u00edmi imunitn\u00edmi probl\u00e9my<br \/>\ud83d\udc9a Pacienty s \u010dast\u00fdmi infekcemi nebo z\u00e1n\u011bty po virov\u00fdch onemocn\u011bn\u00edch<br \/>\ud83d\udc9a Cizince a mezin\u00e1rodn\u00ed klienty hledaj\u00edc\u00ed anglicky mluv\u00edc\u00ed alergologii v Praze<br \/>\ud83d\udc9a Ka\u017ed\u00e9ho, kdo hled\u00e1 komplexn\u00ed, preventivn\u00ed a modern\u00ed p\u0159\u00edstup ke zdrav\u00ed imunity<\/p>\t\t\t\t\t\t\t\t<\/div>\n\t\t\t\t<\/div>\n\t\t\t\t<div class=\"elementor-element elementor-element-0cf0ba7 elementor-widget elementor-widget-text-editor\" data-id=\"0cf0ba7\" data-element_type=\"widget\" data-e-type=\"widget\" data-widget_type=\"text-editor.default\">\n\t\t\t\t<div class=\"elementor-widget-container\">\n\t\t\t\t\t\t\t\t\t<p>Seznamte se s na\u0161imi alergology<\/p>\t\t\t\t\t\t\t\t<\/div>\n\t\t\t\t<\/div>\n\t\t\t\t<div class=\"elementor-element elementor-element-a44e73a elementor-widget elementor-widget-text-editor\" data-id=\"a44e73a\" data-element_type=\"widget\" data-e-type=\"widget\" data-widget_type=\"text-editor.default\">\n\t\t\t\t<div class=\"elementor-widget-container\">\n\t\t\t\t\t\t\t\t\t<p id=\"e020031\" class=\"mb-5\"><b>MUDr. Monika \u010cerm\u00e1kov\u00e1<br \/><\/b><br \/>MUDr. \u010cerm\u00e1kov\u00e1 je l\u00e9ka\u0159ka specializuj\u00edc\u00ed se na komplexn\u00ed p\u00e9\u010di v oborech alergologie a klinick\u00e9 imunologie. Jako expertka na diagnostiku a l\u00e9\u010dbu alergick\u00fdch a imunitn\u00edch onemocn\u011bn\u00ed je sou\u010d\u00e1st\u00ed odborn\u00e9ho t\u00fdmu Concierge Medicine Europe.<\/p><h3 id=\"e110032\" class=\"fw-bold color-light-green\">\u00a0<\/h3><p id=\"e020032\" class=\"mb-5\"><b>Tom\u00e1\u0161 Slisz, M.D.<\/b><b><br \/><\/b><br \/>MUDr. Tom\u00e1\u0161 Slisz je vysoce kvalifikovan\u00fd alergolog s bohatou prax\u00ed v oboru z mnoha zdravotnick\u00fdch za\u0159\u00edzen\u00ed. Mimo jin\u00e9 je tak\u00e9 \u010dlenem \u010cesk\u00e9 pneumologick\u00e9 a ftizeologick\u00e9 spole\u010dnosti.<\/p><h3 id=\"e110033\" class=\"fw-bold\">\u00a0<\/h3><p id=\"e020033\" class=\"mb-5\"><b>MUDr. Jakub \u0160t\u00e1dler<br \/><\/b><br \/>MUDr. \u0160t\u00e1dler je zku\u0161en\u00fd specialista v oborech alergologie a klinick\u00e9 imunologie a d\u011btsk\u00e9ho l\u00e9ka\u0159stv\u00ed s t\u00e9m\u011b\u0159 20 lety praxe. Sv\u00e9 zku\u0161enosti z\u00edskal ve fakultn\u00edch nemocnic\u00edch (FN Bulovka) i ve specializovan\u00fdch soukrom\u00fdch ambulanc\u00edch. V Concierge Medicine Europe p\u016fsob\u00ed od roku 2023.<\/p><p>Absolvoval 2. l\u00e9ka\u0159skou fakultu Univerzity Karlovy v Praze (2006). Postupn\u011b z\u00edskal atestace z d\u011btsk\u00e9ho l\u00e9ka\u0159stv\u00ed (2012), praktick\u00e9ho l\u00e9ka\u0159stv\u00ed pro d\u011bti a dorost (2013) a alergologie a klinick\u00e9 imunologie (2019). Aktivn\u011b publikuje v odborn\u00fdch \u010dasopisech a pod\u00edl\u00ed se na v\u00fduce student\u016f medic\u00edny.<\/p>\t\t\t\t\t\t\t\t<\/div>\n\t\t\t\t<\/div>\n\t\t\t\t<div class=\"elementor-element elementor-element-b1e1e04 elementor-widget elementor-widget-text-editor\" data-id=\"b1e1e04\" data-element_type=\"widget\" data-e-type=\"widget\" data-widget_type=\"text-editor.default\">\n\t\t\t\t<div class=\"elementor-widget-container\">\n\t\t\t\t\t\t\t\t\t<p>Zku\u0161enosti na\u0161ich klient\u016f<\/p>\t\t\t\t\t\t\t\t<\/div>\n\t\t\t\t<\/div>\n\t\t\t\t<div class=\"elementor-element elementor-element-2168495 elementor-widget elementor-widget-text-editor\" data-id=\"2168495\" data-element_type=\"widget\" data-e-type=\"widget\" data-widget_type=\"text-editor.default\">\n\t\t\t\t<div class=\"elementor-widget-container\">\n\t\t\t\t\t\t\t\t\t<p>\u2b50\u00a0<i>\"S p\u00e9\u010d\u00ed l\u00e9ka\u0159\u016f jsme velmi spokojeni. Stejn\u011b tak oce\u0148uji i p\u00e9\u010di sest\u0159i\u010dek a v\u0161ech na recepci. V\u017edy n\u00e1m vyjdou vst\u0159\u00edc, sna\u017e\u00ed se naj\u00edt pro n\u00e1s \u0159e\u0161en\u00ed, co\u017e se 4 d\u011btmi nen\u00ed v\u017edy jednoduch\u00e9.\"<\/i><i><br \/><\/i><i><br \/><\/i>\u2b50\u00a0<i>\"Hned napoprv\u00e9 mi byla stanovena (doufejme) spr\u00e1vn\u00e1 diagn\u00f3za pot\u00e9, co se to \u017e\u00e1dn\u00fdm jin\u00fdm l\u00e9ka\u0159\u016fm nepoda\u0159ilo.\"<\/i><i><br \/><\/i><i><br \/><\/i>\u2b50\u00a0<i>\"Pan\u00ed doktorka m\u00e1 velk\u00fd z\u00e1jem naj\u00edt p\u0159\u00ed\u010dinu pot\u00ed\u017e\u00ed.\"<\/i><\/p>\t\t\t\t\t\t\t\t<\/div>\n\t\t\t\t<\/div>\n\t\t\t\t\t<\/div>\n\t\t\t\t<\/div>\n\t\t<div class=\"elementor-element elementor-element-3f0bc20 e-flex e-con-boxed e-con e-parent\" data-id=\"3f0bc20\" data-element_type=\"container\" data-e-type=\"container\">\n\t\t\t\t\t<div class=\"e-con-inner\">\n\t\t<div class=\"elementor-element elementor-element-d8cb5a2 e-con-full e-flex e-con e-child\" data-id=\"d8cb5a2\" data-element_type=\"container\" data-e-type=\"container\">\n\t\t\t\t<div class=\"elementor-element elementor-element-69f20d2 elementor-widget elementor-widget-image\" data-id=\"69f20d2\" data-element_type=\"widget\" data-e-type=\"widget\" data-widget_type=\"image.default\">\n\t\t\t\t<div class=\"elementor-widget-container\">\n\t\t\t\t\t\t\t\t\t\t\t\t\t\t\t<img decoding=\"async\" width=\"1024\" height=\"576\" src=\"https:\/\/conciergemedicine.cz\/wp-content\/uploads\/2025\/04\/dep-alergologie-1024x576.webp\" class=\"attachment-large size-large wp-image-10818\" alt=\"Dep alergologie\" srcset=\"https:\/\/conciergemedicine.cz\/wp-content\/uploads\/2025\/04\/dep-alergologie-1024x576.webp 1024w, https:\/\/conciergemedicine.cz\/wp-content\/uploads\/2025\/04\/dep-alergologie-300x169.webp 300w, https:\/\/conciergemedicine.cz\/wp-content\/uploads\/2025\/04\/dep-alergologie-768x432.webp 768w, https:\/\/conciergemedicine.cz\/wp-content\/uploads\/2025\/04\/dep-alergologie-1536x864.webp 1536w, https:\/\/conciergemedicine.cz\/wp-content\/uploads\/2025\/04\/dep-alergologie-18x10.webp 18w, https:\/\/conciergemedicine.cz\/wp-content\/uploads\/2025\/04\/dep-alergologie-800x450.webp 800w, https:\/\/conciergemedicine.cz\/wp-content\/uploads\/2025\/04\/dep-alergologie-24x14.webp 24w, https:\/\/conciergemedicine.cz\/wp-content\/uploads\/2025\/04\/dep-alergologie-36x20.webp 36w, https:\/\/conciergemedicine.cz\/wp-content\/uploads\/2025\/04\/dep-alergologie-48x27.webp 48w, https:\/\/conciergemedicine.cz\/wp-content\/uploads\/2025\/04\/dep-alergologie.webp 1920w\" sizes=\"(max-width: 1024px) 100vw, 1024px\" \/>\t\t\t\t\t\t\t\t\t\t\t\t\t\t\t<\/div>\n\t\t\t\t<\/div>\n\t\t\t\t<\/div>\n\t\t<div class=\"elementor-element elementor-element-7f302fd e-con-full e-flex e-con e-child\" data-id=\"7f302fd\" data-element_type=\"container\" data-e-type=\"container\">\n\t\t\t\t<div class=\"elementor-element elementor-element-b7fd60f elementor-widget elementor-widget-text-editor\" data-id=\"b7fd60f\" data-element_type=\"widget\" data-e-type=\"widget\" data-widget_type=\"text-editor.default\">\n\t\t\t\t<div class=\"elementor-widget-container\">\n\t\t\t\t\t\t\t\t\t<p><span style=\"color: #009b9f; font-weight: bold;\">Alergologick\u00e1 p\u00e9\u010de v<\/span><br \/>Concierge Medicine Europe<\/p>\t\t\t\t\t\t\t\t<\/div>\n\t\t\t\t<\/div>\n\t\t\t\t<div class=\"elementor-element elementor-element-1fee0d3 elementor-widget elementor-widget-text-editor\" data-id=\"1fee0d3\" data-element_type=\"widget\" data-e-type=\"widget\" data-widget_type=\"text-editor.default\">\n\t\t\t\t<div class=\"elementor-widget-container\">\n\t\t\t\t\t\t\t\t\t<p>Za\u017eijte rozd\u00edl v alergologick\u00e9 p\u00e9\u010di v r\u00e1mci Concierge Medicine \u2013 v d\u016fv\u011bryhodn\u00e9m Centru excelence pro lifestyle medic\u00ednu.<\/p><p>\u017d\u00e1dn\u00e9 dlouh\u00e9 \u010dek\u00e1n\u00ed. \u017d\u00e1dn\u00fd stres. Jen odborn\u00e1 p\u00e9\u010de zam\u011b\u0159en\u00e1 na v\u00e1s, v\u00e1\u0161 imunitn\u00ed syst\u00e9m a v\u00e1\u0161 \u017eivot.<\/p>\t\t\t\t\t\t\t\t<\/div>\n\t\t\t\t<\/div>\n\t\t\t\t<div class=\"elementor-element elementor-element-1825fba elementor-align-left elementor-widget elementor-widget-button\" data-id=\"1825fba\" data-element_type=\"widget\" data-e-type=\"widget\" data-widget_type=\"button.default\">\n\t\t\t\t<div class=\"elementor-widget-container\">\n\t\t\t\t\t\t\t\t\t<div class=\"elementor-button-wrapper\">\n\t\t\t\t\t<a class=\"elementor-button elementor-button-link elementor-size-sm\" href=\"https:\/\/conciergemedicine.cz\/cs\/contact\/\">\n\t\t\t\t\t\t<span class=\"elementor-button-content-wrapper\">\n\t\t\t\t\t\t\t\t\t<span class=\"elementor-button-text\">KONTAKTUJTE N\u00c1S<\/span>\n\t\t\t\t\t<\/span>\n\t\t\t\t\t<\/a>\n\t\t\t\t<\/div>\n\t\t\t\t\t\t\t\t<\/div>\n\t\t\t\t<\/div>\n\t\t\t\t<\/div>\n\t\t\t\t\t<\/div>\n\t\t\t\t<\/div>\n\t\t\t\t<\/div>","protected":false},"excerpt":{"rendered":"<p>Allergology Concierge Allergy &amp; Immunology Care in Prague At Concierge Medicine Europe, we understand that allergies and immune-related conditions are deeply personal\u2014and often life-disrupting. That\u2019s why our Concierge Allergology service offers thorough, expert evaluation and long-term care without delays, confusion, or rushed appointments. As a Lifestyle Medicine Center of Excellence, we integrate advanced diagnostics with [&hellip;]<\/p>\n","protected":false},"author":8,"featured_media":0,"parent":0,"menu_order":0,"comment_status":"closed","ping_status":"closed","template":"","meta":{"slim_seo":{"title":"Individu\u00e1ln\u00ed p\u00e9\u010de o imunitn\u00ed syst\u00e9m - Concierge Medicine Europe","description":"\u0160pi\u010dkov\u00e1 alergologick\u00e1 p\u00e9\u010de v Praze bez \u010dek\u00e1n\u00ed. N\u00e1\u0161 model concierge p\u00e9\u010de zaji\u0161\u0165uje pokro\u010dil\u00e9 alergologick\u00e9 testov\u00e1n\u00ed, l\u00e9\u010dbu a podporu imunitn\u00edho syst\u00e9mu."},"footnotes":""},"class_list":["post-10784","page","type-page","status-publish","hentry","entry"],"_links":{"self":[{"href":"https:\/\/conciergemedicine.cz\/cs\/wp-json\/wp\/v2\/pages\/10784","targetHints":{"allow":["GET"]}}],"collection":[{"href":"https:\/\/conciergemedicine.cz\/cs\/wp-json\/wp\/v2\/pages"}],"about":[{"href":"https:\/\/conciergemedicine.cz\/cs\/wp-json\/wp\/v2\/types\/page"}],"author":[{"embeddable":true,"href":"https:\/\/conciergemedicine.cz\/cs\/wp-json\/wp\/v2\/users\/8"}],"replies":[{"embeddable":true,"href":"https:\/\/conciergemedicine.cz\/cs\/wp-json\/wp\/v2\/comments?post=10784"}],"version-history":[{"count":0,"href":"https:\/\/conciergemedicine.cz\/cs\/wp-json\/wp\/v2\/pages\/10784\/revisions"}],"wp:attachment":[{"href":"https:\/\/conciergemedicine.cz\/cs\/wp-json\/wp\/v2\/media?parent=10784"}],"curies":[{"name":"wp","href":"https:\/\/api.w.org\/{rel}","templated":true}]}}